{"id":985,"date":"2022-06-09T16:08:47","date_gmt":"2022-06-09T16:08:47","guid":{"rendered":"https:\/\/www.api-capacitors.com\/es\/?page_id=985"},"modified":"2023-04-28T13:15:37","modified_gmt":"2023-04-28T13:15:37","slug":"propulsion-marina","status":"publish","type":"page","link":"https:\/\/www.api-capacitors.com\/es\/propulsion-marina\/","title":{"rendered":"Propulsi\u00f3n Marina"},"content":{"rendered":"\t\t<div data-elementor-type=\"wp-page\" data-elementor-id=\"985\" class=\"elementor elementor-985\">\n\t\t\t\t\t\t<section class=\"elementor-section elementor-top-section elementor-element elementor-element-0538103 elementor-section-boxed elementor-section-height-default elementor-section-height-default\" data-id=\"0538103\" data-element_type=\"section\" data-e-type=\"section\">\n\t\t\t\t\t\t<div class=\"elementor-container elementor-column-gap-default\">\n\t\t\t\t\t<div class=\"elementor-column elementor-col-50 elementor-top-column elementor-element elementor-element-90e0ef4\" data-id=\"90e0ef4\" data-element_type=\"column\" data-e-type=\"column\">\n\t\t\t<div class=\"elementor-widget-wrap elementor-element-populated\">\n\t\t\t\t\t\t<div class=\"elementor-element elementor-element-b897845 elementor-widget elementor-widget-text-editor\" data-id=\"b897845\" data-element_type=\"widget\" data-e-type=\"widget\" data-widget_type=\"text-editor.default\">\n\t\t\t\t<div class=\"elementor-widget-container\">\n\t\t\t\t\t\t\t\t\t<p><strong>API Capacitors Limited (APIC) ha suministrado condensadores para su uso en una gran variedad de aplicaciones marinas exigentes desde sus inicios en la d\u00e9cada de 1980.<\/strong><\/p><p>Tenemos clientes tanto en el sector privado como en el p\u00fablico y nuestros productos se encuentran en muchos sistemas de propulsi\u00f3n de buques mercantes y navales que operan en pa\u00edses de todo el mundo.<\/p>\t\t\t\t\t\t\t\t<\/div>\n\t\t\t\t<\/div>\n\t\t\t\t\t<\/div>\n\t\t<\/div>\n\t\t\t\t<div class=\"elementor-column elementor-col-50 elementor-top-column elementor-element elementor-element-597ea0e\" data-id=\"597ea0e\" data-element_type=\"column\" data-e-type=\"column\" data-settings=\"{&quot;background_background&quot;:&quot;classic&quot;}\">\n\t\t\t<div class=\"elementor-widget-wrap elementor-element-populated\">\n\t\t\t\t\t\t<div class=\"elementor-element elementor-element-8a8eb8d elementor-widget elementor-widget-image\" data-id=\"8a8eb8d\" data-element_type=\"widget\" data-e-type=\"widget\" data-widget_type=\"image.default\">\n\t\t\t\t<div class=\"elementor-widget-container\">\n\t\t\t\t\t\t\t\t\t\t\t\t\t\t\t<img fetchpriority=\"high\" decoding=\"async\" width=\"300\" height=\"200\" src=\"https:\/\/www.api-capacitors.com\/es\/wp-content\/uploads\/sites\/4\/2022\/06\/marine2-300x200.jpg\" class=\"attachment-medium size-medium wp-image-987\" alt=\"Capacitors for Marine Propulsion\" srcset=\"https:\/\/www.api-capacitors.com\/es\/wp-content\/uploads\/sites\/4\/2022\/06\/marine2-300x200.jpg 300w, https:\/\/www.api-capacitors.com\/es\/wp-content\/uploads\/sites\/4\/2022\/06\/marine2.jpg 600w\" sizes=\"(max-width: 300px) 100vw, 300px\" \/>\t\t\t\t\t\t\t\t\t\t\t\t\t\t\t<\/div>\n\t\t\t\t<\/div>\n\t\t\t\t\t<\/div>\n\t\t<\/div>\n\t\t\t\t\t<\/div>\n\t\t<\/section>\n\t\t\t\t<section class=\"elementor-section elementor-top-section elementor-element elementor-element-5636724 elementor-section-boxed elementor-section-height-default elementor-section-height-default\" data-id=\"5636724\" data-element_type=\"section\" data-e-type=\"section\">\n\t\t\t\t\t\t<div class=\"elementor-container elementor-column-gap-default\">\n\t\t\t\t\t<div class=\"elementor-column elementor-col-100 elementor-top-column elementor-element elementor-element-3926308\" data-id=\"3926308\" data-element_type=\"column\" data-e-type=\"column\">\n\t\t\t<div class=\"elementor-widget-wrap elementor-element-populated\">\n\t\t\t\t\t\t<div class=\"elementor-element elementor-element-230107c elementor-widget elementor-widget-text-editor\" data-id=\"230107c\" data-element_type=\"widget\" data-e-type=\"widget\" data-widget_type=\"text-editor.default\">\n\t\t\t\t<div class=\"elementor-widget-container\">\n\t\t\t\t\t\t\t\t\t<p>Nuestra referencia m\u00e1s prestigiosa es que nuestros condensadores forman parte esencial de los principales sistemas de propulsi\u00f3n del HMS Queen Elizabeth y el HMS Prince of Wales, la \u00faltima generaci\u00f3n de portaaviones brit\u00e1nicos. Tambi\u00e9n podemos reclamar el reconocimiento por tener nuestros productos en los muy avanzados destructores brit\u00e1nicos de tipo 45. HMS Bulwark &#8211; el buque insignia de la Royal Navy, RMS Wave Ruler, y tambi\u00e9n la flota de submarinos Trident del Reino Unido.<\/p><p>La gama de condensadores fabricados en nuestras instalaciones del Reino Unido se utiliza principalmente en inversores de tipo PWM (modulaci\u00f3n de anchura de impulsos), aunque tambi\u00e9n suministramos condensadores para otros tipos de inversores marinos. En estos sistemas de propulsi\u00f3n marinos se utilizan muchas variantes de condensadores, como amortiguadores, filtros de arm\u00f3nicos de CA, filtros de enlace de CC y filtros sintonizados de CC. Todos nuestros condensadores para la industria naval est\u00e1n disponibles en una variedad de estilos de caja con terminaciones que se adaptan a los requisitos de los clientes.<\/p><p>En nuestra f\u00e1brica se han llevado a cabo numerosos trabajos de investigaci\u00f3n y desarrollo en relaci\u00f3n con los efectos de las descargas parciales en los condensadores utilizados en un entorno marino y el efecto que dichas descargas pueden tener en la esperanza de vida de los condensadores. En ciertos escenarios, la caja del condensador tiene un potencial diferente al de los devanados internos del condensador, por lo que minimizar el efecto de la descarga parcial es absolutamente primordial. Este trabajo ha llevado a API ser capaz de afinar los procesos y t\u00e9cnicas de fabricaci\u00f3n para casi eliminar PD de nuestros condensadores utilizados en este tipo de aplicaciones.<\/p><p>API Capacitors trabaja en estrecha colaboraci\u00f3n con nuestros clientes, tanto a nivel comercial como t\u00e9cnico, para producir dise\u00f1os de condensadores que sean t\u00e9cnicamente avanzados y satisfagan las onerosas exigencias que les impone el entorno marino.<\/p>\t\t\t\t\t\t\t\t<\/div>\n\t\t\t\t<\/div>\n\t\t\t\t\t<\/div>\n\t\t<\/div>\n\t\t\t\t\t<\/div>\n\t\t<\/section>\n\t\t\t\t<\/div>\n\t\t","protected":false},"excerpt":{"rendered":"<p>API Capacitors Limited (APIC) ha suministrado condensadores para su uso en una gran variedad de aplicaciones marinas exigentes desde sus inicios en la d\u00e9cada de 1980. Tenemos clientes tanto en el sector privado como en el p\u00fablico y nuestros productos se encuentran en muchos sistemas de propulsi\u00f3n de buques mercantes y navales que operan en [&hellip;]<\/p>\n","protected":false},"author":1,"featured_media":2034,"parent":0,"menu_order":0,"comment_status":"closed","ping_status":"closed","template":"","meta":{"site-sidebar-layout":"right-sidebar","site-content-layout":"default","ast-site-content-layout":"default","site-content-style":"default","site-sidebar-style":"default","ast-global-header-display":"","ast-banner-title-visibility":"","ast-main-header-display":"","ast-hfb-above-header-display":"","ast-hfb-below-header-display":"","ast-hfb-mobile-header-display":"","site-post-title":"disabled","ast-breadcrumbs-content":"","ast-featured-img":"disabled","footer-sml-layout":"","ast-disable-related-posts":"","theme-transparent-header-meta":"","adv-header-id-meta":"","stick-header-meta":"","header-above-stick-meta":"","header-main-stick-meta":"","header-below-stick-meta":"","astra-migrate-meta-layouts":"default","ast-page-background-enabled":"default","ast-page-background-meta":{"desktop":{"background-color":"","background-image":"","background-repeat":"repeat","background-position":"center center","background-size":"auto","background-attachment":"scroll","background-type":"","background-media":"","overlay-type":"","overlay-color":"","overlay-opacity":"","overlay-gradient":""},"tablet":{"background-color":"","background-image":"","background-repeat":"repeat","background-position":"center center","background-size":"auto","background-attachment":"scroll","background-type":"","background-media":"","overlay-type":"","overlay-color":"","overlay-opacity":"","overlay-gradient":""},"mobile":{"background-color":"","background-image":"","background-repeat":"repeat","background-position":"center center","background-size":"auto","background-attachment":"scroll","background-type":"","background-media":"","overlay-type":"","overlay-color":"","overlay-opacity":"","overlay-gradient":""}},"ast-content-background-meta":{"desktop":{"background-color":"var(--ast-global-color-5)","background-image":"","background-repeat":"repeat","background-position":"center center","background-size":"auto","background-attachment":"scroll","background-type":"","background-media":"","overlay-type":"","overlay-color":"","overlay-opacity":"","overlay-gradient":""},"tablet":{"background-color":"var(--ast-global-color-5)","background-image":"","background-repeat":"repeat","background-position":"center center","background-size":"auto","background-attachment":"scroll","background-type":"","background-media":"","overlay-type":"","overlay-color":"","overlay-opacity":"","overlay-gradient":""},"mobile":{"background-color":"var(--ast-global-color-5)","background-image":"","background-repeat":"repeat","background-position":"center center","background-size":"auto","background-attachment":"scroll","background-type":"","background-media":"","overlay-type":"","overlay-color":"","overlay-opacity":"","overlay-gradient":""}},"footnotes":""},"class_list":["post-985","page","type-page","status-publish","has-post-thumbnail","hentry"],"yoast_head":"<!-- This site is optimized with the Yoast SEO plugin v27.4 - https:\/\/yoast.com\/product\/yoast-seo-wordpress\/ -->\n<title>Propulsi\u00f3n Marina - API Capacitors es<\/title>\n<meta name=\"description\" content=\"Proporcionamos una variedad de soluciones de capacitores para sistemas de propulsi\u00f3n marina, incluyendo capacitores dise\u00f1ados a medida con terminales y carcasas adecuadas para diversas aplicaciones, garantizando un servicio confiable y un excelente rendimiento.\" \/>\n<meta name=\"robots\" content=\"index, follow, max-snippet:-1, max-image-preview:large, max-video-preview:-1\" \/>\n<link rel=\"canonical\" href=\"https:\/\/www.api-capacitors.com\/es\/propulsion-marina\/\" \/>\n<meta property=\"og:locale\" content=\"es_ES\" \/>\n<meta property=\"og:type\" content=\"article\" \/>\n<meta property=\"og:title\" content=\"Propulsi\u00f3n Marina - API Capacitors es\" \/>\n<meta property=\"og:description\" content=\"Proporcionamos una variedad de soluciones de capacitores para sistemas de propulsi\u00f3n marina, incluyendo capacitores dise\u00f1ados a medida con terminales y carcasas adecuadas para diversas aplicaciones, garantizando un servicio confiable y un excelente rendimiento.\" \/>\n<meta property=\"og:url\" content=\"https:\/\/www.api-capacitors.com\/es\/propulsion-marina\/\" \/>\n<meta property=\"og:site_name\" content=\"API Capacitors es\" \/>\n<meta property=\"article:modified_time\" content=\"2023-04-28T13:15:37+00:00\" \/>\n<meta property=\"og:image\" content=\"https:\/\/www.api-capacitors.com\/es\/wp-content\/uploads\/sites\/4\/2023\/03\/marine-propulsion-1.png\" \/>\n\t<meta property=\"og:image:width\" content=\"1887\" \/>\n\t<meta property=\"og:image:height\" content=\"358\" \/>\n\t<meta property=\"og:image:type\" content=\"image\/png\" \/>\n<meta name=\"twitter:card\" content=\"summary_large_image\" \/>\n<meta name=\"twitter:label1\" content=\"Tiempo de lectura\" \/>\n\t<meta name=\"twitter:data1\" content=\"2 minutos\" \/>\n<script type=\"application\/ld+json\" class=\"yoast-schema-graph\">{\"@context\":\"https:\\\/\\\/schema.org\",\"@graph\":[{\"@type\":\"WebPage\",\"@id\":\"https:\\\/\\\/www.api-capacitors.com\\\/es\\\/propulsion-marina\\\/\",\"url\":\"https:\\\/\\\/www.api-capacitors.com\\\/es\\\/propulsion-marina\\\/\",\"name\":\"Propulsi\u00f3n Marina - API Capacitors es\",\"isPartOf\":{\"@id\":\"https:\\\/\\\/www.api-capacitors.com\\\/es\\\/#website\"},\"primaryImageOfPage\":{\"@id\":\"https:\\\/\\\/www.api-capacitors.com\\\/es\\\/propulsion-marina\\\/#primaryimage\"},\"image\":{\"@id\":\"https:\\\/\\\/www.api-capacitors.com\\\/es\\\/propulsion-marina\\\/#primaryimage\"},\"thumbnailUrl\":\"https:\\\/\\\/www.api-capacitors.com\\\/es\\\/wp-content\\\/uploads\\\/sites\\\/4\\\/2023\\\/03\\\/marine-propulsion-1.png\",\"datePublished\":\"2022-06-09T16:08:47+00:00\",\"dateModified\":\"2023-04-28T13:15:37+00:00\",\"description\":\"Proporcionamos una variedad de soluciones de capacitores para sistemas de propulsi\u00f3n marina, incluyendo capacitores dise\u00f1ados a medida con terminales y carcasas adecuadas para diversas aplicaciones, garantizando un servicio confiable y un excelente rendimiento.\",\"breadcrumb\":{\"@id\":\"https:\\\/\\\/www.api-capacitors.com\\\/es\\\/propulsion-marina\\\/#breadcrumb\"},\"inLanguage\":\"es\",\"potentialAction\":[{\"@type\":\"ReadAction\",\"target\":[\"https:\\\/\\\/www.api-capacitors.com\\\/es\\\/propulsion-marina\\\/\"]}]},{\"@type\":\"ImageObject\",\"inLanguage\":\"es\",\"@id\":\"https:\\\/\\\/www.api-capacitors.com\\\/es\\\/propulsion-marina\\\/#primaryimage\",\"url\":\"https:\\\/\\\/www.api-capacitors.com\\\/es\\\/wp-content\\\/uploads\\\/sites\\\/4\\\/2023\\\/03\\\/marine-propulsion-1.png\",\"contentUrl\":\"https:\\\/\\\/www.api-capacitors.com\\\/es\\\/wp-content\\\/uploads\\\/sites\\\/4\\\/2023\\\/03\\\/marine-propulsion-1.png\",\"width\":1887,\"height\":358,\"caption\":\"marine propulsion capacitors\"},{\"@type\":\"BreadcrumbList\",\"@id\":\"https:\\\/\\\/www.api-capacitors.com\\\/es\\\/propulsion-marina\\\/#breadcrumb\",\"itemListElement\":[{\"@type\":\"ListItem\",\"position\":1,\"name\":\"Home\",\"item\":\"https:\\\/\\\/www.api-capacitors.com\\\/es\\\/\"},{\"@type\":\"ListItem\",\"position\":2,\"name\":\"Propulsi\u00f3n Marina\"}]},{\"@type\":\"WebSite\",\"@id\":\"https:\\\/\\\/www.api-capacitors.com\\\/es\\\/#website\",\"url\":\"https:\\\/\\\/www.api-capacitors.com\\\/es\\\/\",\"name\":\"API Capacitors es\",\"description\":\"DC Capacitors, AC Capacitors, Snubber Capacitors , Track Circuit Capacitors, Pulse Power Capacitors and Custom Capacitors\",\"publisher\":{\"@id\":\"https:\\\/\\\/www.api-capacitors.com\\\/es\\\/#organization\"},\"potentialAction\":[{\"@type\":\"SearchAction\",\"target\":{\"@type\":\"EntryPoint\",\"urlTemplate\":\"https:\\\/\\\/www.api-capacitors.com\\\/es\\\/?s={search_term_string}\"},\"query-input\":{\"@type\":\"PropertyValueSpecification\",\"valueRequired\":true,\"valueName\":\"search_term_string\"}}],\"inLanguage\":\"es\"},{\"@type\":\"Organization\",\"@id\":\"https:\\\/\\\/www.api-capacitors.com\\\/es\\\/#organization\",\"name\":\"API Capacitors es\",\"url\":\"https:\\\/\\\/www.api-capacitors.com\\\/es\\\/\",\"logo\":{\"@type\":\"ImageObject\",\"inLanguage\":\"es\",\"@id\":\"https:\\\/\\\/www.api-capacitors.com\\\/es\\\/#\\\/schema\\\/logo\\\/image\\\/\",\"url\":\"https:\\\/\\\/www.api-capacitors.com\\\/es\\\/wp-content\\\/uploads\\\/sites\\\/4\\\/2022\\\/05\\\/cropped-NewLogos-06-e1653513321928.png\",\"contentUrl\":\"https:\\\/\\\/www.api-capacitors.com\\\/es\\\/wp-content\\\/uploads\\\/sites\\\/4\\\/2022\\\/05\\\/cropped-NewLogos-06-e1653513321928.png\",\"width\":1404,\"height\":222,\"caption\":\"API Capacitors es\"},\"image\":{\"@id\":\"https:\\\/\\\/www.api-capacitors.com\\\/es\\\/#\\\/schema\\\/logo\\\/image\\\/\"}}]}<\/script>\n<!-- \/ Yoast SEO plugin. -->","yoast_head_json":{"title":"Propulsi\u00f3n Marina - API Capacitors es","description":"Proporcionamos una variedad de soluciones de capacitores para sistemas de propulsi\u00f3n marina, incluyendo capacitores dise\u00f1ados a medida con terminales y carcasas adecuadas para diversas aplicaciones, garantizando un servicio confiable y un excelente rendimiento.","robots":{"index":"index","follow":"follow","max-snippet":"max-snippet:-1","max-image-preview":"max-image-preview:large","max-video-preview":"max-video-preview:-1"},"canonical":"https:\/\/www.api-capacitors.com\/es\/propulsion-marina\/","og_locale":"es_ES","og_type":"article","og_title":"Propulsi\u00f3n Marina - API Capacitors es","og_description":"Proporcionamos una variedad de soluciones de capacitores para sistemas de propulsi\u00f3n marina, incluyendo capacitores dise\u00f1ados a medida con terminales y carcasas adecuadas para diversas aplicaciones, garantizando un servicio confiable y un excelente rendimiento.","og_url":"https:\/\/www.api-capacitors.com\/es\/propulsion-marina\/","og_site_name":"API Capacitors es","article_modified_time":"2023-04-28T13:15:37+00:00","og_image":[{"width":1887,"height":358,"url":"https:\/\/www.api-capacitors.com\/es\/wp-content\/uploads\/sites\/4\/2023\/03\/marine-propulsion-1.png","type":"image\/png"}],"twitter_card":"summary_large_image","twitter_misc":{"Tiempo de lectura":"2 minutos"},"schema":{"@context":"https:\/\/schema.org","@graph":[{"@type":"WebPage","@id":"https:\/\/www.api-capacitors.com\/es\/propulsion-marina\/","url":"https:\/\/www.api-capacitors.com\/es\/propulsion-marina\/","name":"Propulsi\u00f3n Marina - API Capacitors es","isPartOf":{"@id":"https:\/\/www.api-capacitors.com\/es\/#website"},"primaryImageOfPage":{"@id":"https:\/\/www.api-capacitors.com\/es\/propulsion-marina\/#primaryimage"},"image":{"@id":"https:\/\/www.api-capacitors.com\/es\/propulsion-marina\/#primaryimage"},"thumbnailUrl":"https:\/\/www.api-capacitors.com\/es\/wp-content\/uploads\/sites\/4\/2023\/03\/marine-propulsion-1.png","datePublished":"2022-06-09T16:08:47+00:00","dateModified":"2023-04-28T13:15:37+00:00","description":"Proporcionamos una variedad de soluciones de capacitores para sistemas de propulsi\u00f3n marina, incluyendo capacitores dise\u00f1ados a medida con terminales y carcasas adecuadas para diversas aplicaciones, garantizando un servicio confiable y un excelente rendimiento.","breadcrumb":{"@id":"https:\/\/www.api-capacitors.com\/es\/propulsion-marina\/#breadcrumb"},"inLanguage":"es","potentialAction":[{"@type":"ReadAction","target":["https:\/\/www.api-capacitors.com\/es\/propulsion-marina\/"]}]},{"@type":"ImageObject","inLanguage":"es","@id":"https:\/\/www.api-capacitors.com\/es\/propulsion-marina\/#primaryimage","url":"https:\/\/www.api-capacitors.com\/es\/wp-content\/uploads\/sites\/4\/2023\/03\/marine-propulsion-1.png","contentUrl":"https:\/\/www.api-capacitors.com\/es\/wp-content\/uploads\/sites\/4\/2023\/03\/marine-propulsion-1.png","width":1887,"height":358,"caption":"marine propulsion capacitors"},{"@type":"BreadcrumbList","@id":"https:\/\/www.api-capacitors.com\/es\/propulsion-marina\/#breadcrumb","itemListElement":[{"@type":"ListItem","position":1,"name":"Home","item":"https:\/\/www.api-capacitors.com\/es\/"},{"@type":"ListItem","position":2,"name":"Propulsi\u00f3n Marina"}]},{"@type":"WebSite","@id":"https:\/\/www.api-capacitors.com\/es\/#website","url":"https:\/\/www.api-capacitors.com\/es\/","name":"API Capacitors es","description":"DC Capacitors, AC Capacitors, Snubber Capacitors , Track Circuit Capacitors, Pulse Power Capacitors and Custom Capacitors","publisher":{"@id":"https:\/\/www.api-capacitors.com\/es\/#organization"},"potentialAction":[{"@type":"SearchAction","target":{"@type":"EntryPoint","urlTemplate":"https:\/\/www.api-capacitors.com\/es\/?s={search_term_string}"},"query-input":{"@type":"PropertyValueSpecification","valueRequired":true,"valueName":"search_term_string"}}],"inLanguage":"es"},{"@type":"Organization","@id":"https:\/\/www.api-capacitors.com\/es\/#organization","name":"API Capacitors es","url":"https:\/\/www.api-capacitors.com\/es\/","logo":{"@type":"ImageObject","inLanguage":"es","@id":"https:\/\/www.api-capacitors.com\/es\/#\/schema\/logo\/image\/","url":"https:\/\/www.api-capacitors.com\/es\/wp-content\/uploads\/sites\/4\/2022\/05\/cropped-NewLogos-06-e1653513321928.png","contentUrl":"https:\/\/www.api-capacitors.com\/es\/wp-content\/uploads\/sites\/4\/2022\/05\/cropped-NewLogos-06-e1653513321928.png","width":1404,"height":222,"caption":"API Capacitors es"},"image":{"@id":"https:\/\/www.api-capacitors.com\/es\/#\/schema\/logo\/image\/"}}]}},"_links":{"self":[{"href":"https:\/\/www.api-capacitors.com\/es\/wp-json\/wp\/v2\/pages\/985","targetHints":{"allow":["GET"]}}],"collection":[{"href":"https:\/\/www.api-capacitors.com\/es\/wp-json\/wp\/v2\/pages"}],"about":[{"href":"https:\/\/www.api-capacitors.com\/es\/wp-json\/wp\/v2\/types\/page"}],"author":[{"embeddable":true,"href":"https:\/\/www.api-capacitors.com\/es\/wp-json\/wp\/v2\/users\/1"}],"replies":[{"embeddable":true,"href":"https:\/\/www.api-capacitors.com\/es\/wp-json\/wp\/v2\/comments?post=985"}],"version-history":[{"count":40,"href":"https:\/\/www.api-capacitors.com\/es\/wp-json\/wp\/v2\/pages\/985\/revisions"}],"predecessor-version":[{"id":2679,"href":"https:\/\/www.api-capacitors.com\/es\/wp-json\/wp\/v2\/pages\/985\/revisions\/2679"}],"wp:featuredmedia":[{"embeddable":true,"href":"https:\/\/www.api-capacitors.com\/es\/wp-json\/wp\/v2\/media\/2034"}],"wp:attachment":[{"href":"https:\/\/www.api-capacitors.com\/es\/wp-json\/wp\/v2\/media?parent=985"}],"curies":[{"name":"wp","href":"https:\/\/api.w.org\/{rel}","templated":true}]}}