{"id":964,"date":"2022-06-09T15:59:33","date_gmt":"2022-06-09T15:59:33","guid":{"rendered":"https:\/\/www.api-capacitors.com\/es\/?page_id=964"},"modified":"2023-05-03T11:34:10","modified_gmt":"2023-05-03T11:34:10","slug":"nuestros-sectores","status":"publish","type":"page","link":"https:\/\/www.api-capacitors.com\/es\/nuestros-sectores\/","title":{"rendered":"Nuestros sectores"},"content":{"rendered":"\t\t<div data-elementor-type=\"wp-page\" data-elementor-id=\"964\" class=\"elementor elementor-964\">\n\t\t\t\t\t\t<section class=\"elementor-section elementor-top-section elementor-element elementor-element-85d53f6 elementor-section-boxed elementor-section-height-default elementor-section-height-default\" data-id=\"85d53f6\" data-element_type=\"section\" data-e-type=\"section\">\n\t\t\t\t\t\t<div class=\"elementor-container elementor-column-gap-default\">\n\t\t\t\t\t<div class=\"elementor-column elementor-col-100 elementor-top-column elementor-element elementor-element-f7cc118\" data-id=\"f7cc118\" data-element_type=\"column\" data-e-type=\"column\">\n\t\t\t<div class=\"elementor-widget-wrap elementor-element-populated\">\n\t\t\t\t\t\t<div class=\"elementor-element elementor-element-6e2b563 elementor-widget elementor-widget-text-editor\" data-id=\"6e2b563\" data-element_type=\"widget\" data-e-type=\"widget\" data-widget_type=\"text-editor.default\">\n\t\t\t\t<div class=\"elementor-widget-container\">\n\t\t\t\t\t\t\t\t\t<h3>APIC ha proporcionado soluciones personalizadas tanto para la aviaci\u00f3n civil y militar como para la industria automotriz y deportiva del motor.<\/h3><p>Nuestra extensa capacidad de investigaci\u00f3n y desarrollo y nuestro laboratorio de pruebas de alta tensi\u00f3n y alta corriente han sido utilizados por varios contratistas de aviaci\u00f3n para prototipar y probar capacitores de alta temperatura con envases personalizados tanto para aplicaciones aeroespaciales en el avi\u00f3n como en tierra. Tenemos la capacidad de realizar an\u00e1lisis FMEA y de fiabilidad, as\u00ed como modelado mec\u00e1nico, electromagn\u00e9tico y electrost\u00e1tico avanzado.<\/p><p>APIC tiene experiencia en unidades de alta densidad de energ\u00eda para aplicaciones automotrices y unidades de densidad extremadamente alta y corta vida \u00fatil para su uso en deportes de motor. No somos un proveedor de productos est\u00e1ndar de alto volumen y tenemos la capacidad de producir muestras para prototipos y estamos familiarizados con los sistemas de aprobaci\u00f3n PPAP automotrices.<\/p>\t\t\t\t\t\t\t\t<\/div>\n\t\t\t\t<\/div>\n\t\t\t\t\t<\/div>\n\t\t<\/div>\n\t\t\t\t\t<\/div>\n\t\t<\/section>\n\t\t\t\t<section class=\"elementor-section elementor-top-section elementor-element elementor-element-8820ce0 elementor-section-boxed elementor-section-height-default elementor-section-height-default\" data-id=\"8820ce0\" data-element_type=\"section\" data-e-type=\"section\">\n\t\t\t\t\t\t<div class=\"elementor-container elementor-column-gap-default\">\n\t\t\t\t\t<div class=\"elementor-column elementor-col-50 elementor-top-column elementor-element elementor-element-c58edd0\" data-id=\"c58edd0\" data-element_type=\"column\" data-e-type=\"column\">\n\t\t\t<div class=\"elementor-widget-wrap\">\n\t\t\t\t\t\t\t<\/div>\n\t\t<\/div>\n\t\t\t\t<div class=\"elementor-column elementor-col-50 elementor-top-column elementor-element elementor-element-f62e9dd\" data-id=\"f62e9dd\" data-element_type=\"column\" data-e-type=\"column\">\n\t\t\t<div class=\"elementor-widget-wrap\">\n\t\t\t\t\t\t\t<\/div>\n\t\t<\/div>\n\t\t\t\t\t<\/div>\n\t\t<\/section>\n\t\t\t\t<section class=\"elementor-section elementor-top-section elementor-element elementor-element-78c23d9 elementor-section-boxed elementor-section-height-default elementor-section-height-default\" data-id=\"78c23d9\" data-element_type=\"section\" data-e-type=\"section\">\n\t\t\t\t\t\t<div class=\"elementor-container elementor-column-gap-default\">\n\t\t\t\t\t<div class=\"elementor-column elementor-col-50 elementor-top-column elementor-element elementor-element-afd3e85\" data-id=\"afd3e85\" data-element_type=\"column\" data-e-type=\"column\">\n\t\t\t<div class=\"elementor-widget-wrap\">\n\t\t\t\t\t\t\t<\/div>\n\t\t<\/div>\n\t\t\t\t<div class=\"elementor-column elementor-col-50 elementor-top-column elementor-element elementor-element-90e2391\" data-id=\"90e2391\" data-element_type=\"column\" data-e-type=\"column\">\n\t\t\t<div class=\"elementor-widget-wrap\">\n\t\t\t\t\t\t\t<\/div>\n\t\t<\/div>\n\t\t\t\t\t<\/div>\n\t\t<\/section>\n\t\t\t\t<section class=\"elementor-section elementor-top-section elementor-element elementor-element-d0ad0d3 elementor-section-boxed elementor-section-height-default elementor-section-height-default\" data-id=\"d0ad0d3\" data-element_type=\"section\" data-e-type=\"section\">\n\t\t\t\t\t\t<div class=\"elementor-container elementor-column-gap-default\">\n\t\t\t\t\t<div class=\"elementor-column elementor-col-50 elementor-top-column elementor-element elementor-element-646d888\" data-id=\"646d888\" data-element_type=\"column\" data-e-type=\"column\">\n\t\t\t<div class=\"elementor-widget-wrap\">\n\t\t\t\t\t\t\t<\/div>\n\t\t<\/div>\n\t\t\t\t<div class=\"elementor-column elementor-col-50 elementor-top-column elementor-element elementor-element-2bf0b75\" data-id=\"2bf0b75\" data-element_type=\"column\" data-e-type=\"column\">\n\t\t\t<div class=\"elementor-widget-wrap\">\n\t\t\t\t\t\t\t<\/div>\n\t\t<\/div>\n\t\t\t\t\t<\/div>\n\t\t<\/section>\n\t\t\t\t<\/div>\n\t\t","protected":false},"excerpt":{"rendered":"<p>APIC ha proporcionado soluciones personalizadas tanto para la aviaci\u00f3n civil y militar como para la industria automotriz y deportiva del motor. Nuestra extensa capacidad de investigaci\u00f3n y desarrollo y nuestro laboratorio de pruebas de alta tensi\u00f3n y alta corriente han sido utilizados por varios contratistas de aviaci\u00f3n para prototipar y probar capacitores de alta temperatura [&hellip;]<\/p>\n","protected":false},"author":1,"featured_media":969,"parent":0,"menu_order":0,"comment_status":"closed","ping_status":"closed","template":"","meta":{"site-sidebar-layout":"no-sidebar","site-content-layout":"page-builder","ast-site-content-layout":"default","site-content-style":"default","site-sidebar-style":"default","ast-global-header-display":"","ast-banner-title-visibility":"","ast-main-header-display":"","ast-hfb-above-header-display":"","ast-hfb-below-header-display":"","ast-hfb-mobile-header-display":"","site-post-title":"disabled","ast-breadcrumbs-content":"","ast-featured-img":"disabled","footer-sml-layout":"","ast-disable-related-posts":"","theme-transparent-header-meta":"default","adv-header-id-meta":"","stick-header-meta":"","header-above-stick-meta":"","header-main-stick-meta":"","header-below-stick-meta":"","astra-migrate-meta-layouts":"default","ast-page-background-enabled":"default","ast-page-background-meta":{"desktop":{"background-color":"","background-image":"","background-repeat":"repeat","background-position":"center center","background-size":"auto","background-attachment":"scroll","background-type":"","background-media":"","overlay-type":"","overlay-color":"","overlay-opacity":"","overlay-gradient":""},"tablet":{"background-color":"","background-image":"","background-repeat":"repeat","background-position":"center center","background-size":"auto","background-attachment":"scroll","background-type":"","background-media":"","overlay-type":"","overlay-color":"","overlay-opacity":"","overlay-gradient":""},"mobile":{"background-color":"","background-image":"","background-repeat":"repeat","background-position":"center center","background-size":"auto","background-attachment":"scroll","background-type":"","background-media":"","overlay-type":"","overlay-color":"","overlay-opacity":"","overlay-gradient":""}},"ast-content-background-meta":{"desktop":{"background-color":"var(--ast-global-color-5)","background-image":"","background-repeat":"repeat","background-position":"center center","background-size":"auto","background-attachment":"scroll","background-type":"","background-media":"","overlay-type":"","overlay-color":"","overlay-opacity":"","overlay-gradient":""},"tablet":{"background-color":"var(--ast-global-color-5)","background-image":"","background-repeat":"repeat","background-position":"center center","background-size":"auto","background-attachment":"scroll","background-type":"","background-media":"","overlay-type":"","overlay-color":"","overlay-opacity":"","overlay-gradient":""},"mobile":{"background-color":"var(--ast-global-color-5)","background-image":"","background-repeat":"repeat","background-position":"center center","background-size":"auto","background-attachment":"scroll","background-type":"","background-media":"","overlay-type":"","overlay-color":"","overlay-opacity":"","overlay-gradient":""}},"footnotes":""},"class_list":["post-964","page","type-page","status-publish","has-post-thumbnail","hentry"],"yoast_head":"<!-- This site is optimized with the Yoast SEO plugin v27.4 - https:\/\/yoast.com\/product\/yoast-seo-wordpress\/ -->\n<title>Nuestros sectores - API Capacitors es<\/title>\n<meta name=\"description\" content=\"Descubra c\u00f3mo API Capacitors proporciona soluciones de condensadores innovadoras y fiables para una amplia gama de sectores, desde sistemas de propulsi\u00f3n ferroviarios y marinos hasta campos industriales est\u00e1ticos.\" \/>\n<meta name=\"robots\" content=\"index, follow, max-snippet:-1, max-image-preview:large, max-video-preview:-1\" \/>\n<link rel=\"canonical\" href=\"https:\/\/www.api-capacitors.com\/es\/nuestros-sectores\/\" \/>\n<meta property=\"og:locale\" content=\"es_ES\" \/>\n<meta property=\"og:type\" content=\"article\" \/>\n<meta property=\"og:title\" content=\"Nuestros sectores - API Capacitors es\" \/>\n<meta property=\"og:description\" content=\"Descubra c\u00f3mo API Capacitors proporciona soluciones de condensadores innovadoras y fiables para una amplia gama de sectores, desde sistemas de propulsi\u00f3n ferroviarios y marinos hasta campos industriales est\u00e1ticos.\" \/>\n<meta property=\"og:url\" content=\"https:\/\/www.api-capacitors.com\/es\/nuestros-sectores\/\" \/>\n<meta property=\"og:site_name\" content=\"API Capacitors es\" \/>\n<meta property=\"article:modified_time\" content=\"2023-05-03T11:34:10+00:00\" \/>\n<meta property=\"og:image\" content=\"https:\/\/www.api-capacitors.com\/es\/wp-content\/uploads\/sites\/4\/2022\/06\/sectors.jpg\" \/>\n\t<meta property=\"og:image:width\" content=\"1500\" \/>\n\t<meta property=\"og:image:height\" content=\"884\" \/>\n\t<meta property=\"og:image:type\" content=\"image\/jpeg\" \/>\n<meta name=\"twitter:card\" content=\"summary_large_image\" \/>\n<meta name=\"twitter:label1\" content=\"Tiempo de lectura\" \/>\n\t<meta name=\"twitter:data1\" content=\"3 minutos\" \/>\n<script type=\"application\/ld+json\" class=\"yoast-schema-graph\">{\"@context\":\"https:\\\/\\\/schema.org\",\"@graph\":[{\"@type\":\"WebPage\",\"@id\":\"https:\\\/\\\/www.api-capacitors.com\\\/es\\\/nuestros-sectores\\\/\",\"url\":\"https:\\\/\\\/www.api-capacitors.com\\\/es\\\/nuestros-sectores\\\/\",\"name\":\"Nuestros sectores - API Capacitors es\",\"isPartOf\":{\"@id\":\"https:\\\/\\\/www.api-capacitors.com\\\/es\\\/#website\"},\"primaryImageOfPage\":{\"@id\":\"https:\\\/\\\/www.api-capacitors.com\\\/es\\\/nuestros-sectores\\\/#primaryimage\"},\"image\":{\"@id\":\"https:\\\/\\\/www.api-capacitors.com\\\/es\\\/nuestros-sectores\\\/#primaryimage\"},\"thumbnailUrl\":\"https:\\\/\\\/www.api-capacitors.com\\\/es\\\/wp-content\\\/uploads\\\/sites\\\/4\\\/2022\\\/06\\\/sectors.jpg\",\"datePublished\":\"2022-06-09T15:59:33+00:00\",\"dateModified\":\"2023-05-03T11:34:10+00:00\",\"description\":\"Descubra c\u00f3mo API Capacitors proporciona soluciones de condensadores innovadoras y fiables para una amplia gama de sectores, desde sistemas de propulsi\u00f3n ferroviarios y marinos hasta campos industriales est\u00e1ticos.\",\"breadcrumb\":{\"@id\":\"https:\\\/\\\/www.api-capacitors.com\\\/es\\\/nuestros-sectores\\\/#breadcrumb\"},\"inLanguage\":\"es\",\"potentialAction\":[{\"@type\":\"ReadAction\",\"target\":[\"https:\\\/\\\/www.api-capacitors.com\\\/es\\\/nuestros-sectores\\\/\"]}]},{\"@type\":\"ImageObject\",\"inLanguage\":\"es\",\"@id\":\"https:\\\/\\\/www.api-capacitors.com\\\/es\\\/nuestros-sectores\\\/#primaryimage\",\"url\":\"https:\\\/\\\/www.api-capacitors.com\\\/es\\\/wp-content\\\/uploads\\\/sites\\\/4\\\/2022\\\/06\\\/sectors.jpg\",\"contentUrl\":\"https:\\\/\\\/www.api-capacitors.com\\\/es\\\/wp-content\\\/uploads\\\/sites\\\/4\\\/2022\\\/06\\\/sectors.jpg\",\"width\":1500,\"height\":884,\"caption\":\"Capacitors for a wide variety of sectors\"},{\"@type\":\"BreadcrumbList\",\"@id\":\"https:\\\/\\\/www.api-capacitors.com\\\/es\\\/nuestros-sectores\\\/#breadcrumb\",\"itemListElement\":[{\"@type\":\"ListItem\",\"position\":1,\"name\":\"Home\",\"item\":\"https:\\\/\\\/www.api-capacitors.com\\\/es\\\/\"},{\"@type\":\"ListItem\",\"position\":2,\"name\":\"Nuestros sectores\"}]},{\"@type\":\"WebSite\",\"@id\":\"https:\\\/\\\/www.api-capacitors.com\\\/es\\\/#website\",\"url\":\"https:\\\/\\\/www.api-capacitors.com\\\/es\\\/\",\"name\":\"API Capacitors es\",\"description\":\"DC Capacitors, AC Capacitors, Snubber Capacitors , Track Circuit Capacitors, Pulse Power Capacitors and Custom Capacitors\",\"publisher\":{\"@id\":\"https:\\\/\\\/www.api-capacitors.com\\\/es\\\/#organization\"},\"potentialAction\":[{\"@type\":\"SearchAction\",\"target\":{\"@type\":\"EntryPoint\",\"urlTemplate\":\"https:\\\/\\\/www.api-capacitors.com\\\/es\\\/?s={search_term_string}\"},\"query-input\":{\"@type\":\"PropertyValueSpecification\",\"valueRequired\":true,\"valueName\":\"search_term_string\"}}],\"inLanguage\":\"es\"},{\"@type\":\"Organization\",\"@id\":\"https:\\\/\\\/www.api-capacitors.com\\\/es\\\/#organization\",\"name\":\"API Capacitors es\",\"url\":\"https:\\\/\\\/www.api-capacitors.com\\\/es\\\/\",\"logo\":{\"@type\":\"ImageObject\",\"inLanguage\":\"es\",\"@id\":\"https:\\\/\\\/www.api-capacitors.com\\\/es\\\/#\\\/schema\\\/logo\\\/image\\\/\",\"url\":\"https:\\\/\\\/www.api-capacitors.com\\\/es\\\/wp-content\\\/uploads\\\/sites\\\/4\\\/2022\\\/05\\\/cropped-NewLogos-06-e1653513321928.png\",\"contentUrl\":\"https:\\\/\\\/www.api-capacitors.com\\\/es\\\/wp-content\\\/uploads\\\/sites\\\/4\\\/2022\\\/05\\\/cropped-NewLogos-06-e1653513321928.png\",\"width\":1404,\"height\":222,\"caption\":\"API Capacitors es\"},\"image\":{\"@id\":\"https:\\\/\\\/www.api-capacitors.com\\\/es\\\/#\\\/schema\\\/logo\\\/image\\\/\"}}]}<\/script>\n<!-- \/ Yoast SEO plugin. -->","yoast_head_json":{"title":"Nuestros sectores - API Capacitors es","description":"Descubra c\u00f3mo API Capacitors proporciona soluciones de condensadores innovadoras y fiables para una amplia gama de sectores, desde sistemas de propulsi\u00f3n ferroviarios y marinos hasta campos industriales est\u00e1ticos.","robots":{"index":"index","follow":"follow","max-snippet":"max-snippet:-1","max-image-preview":"max-image-preview:large","max-video-preview":"max-video-preview:-1"},"canonical":"https:\/\/www.api-capacitors.com\/es\/nuestros-sectores\/","og_locale":"es_ES","og_type":"article","og_title":"Nuestros sectores - API Capacitors es","og_description":"Descubra c\u00f3mo API Capacitors proporciona soluciones de condensadores innovadoras y fiables para una amplia gama de sectores, desde sistemas de propulsi\u00f3n ferroviarios y marinos hasta campos industriales est\u00e1ticos.","og_url":"https:\/\/www.api-capacitors.com\/es\/nuestros-sectores\/","og_site_name":"API Capacitors es","article_modified_time":"2023-05-03T11:34:10+00:00","og_image":[{"width":1500,"height":884,"url":"https:\/\/www.api-capacitors.com\/es\/wp-content\/uploads\/sites\/4\/2022\/06\/sectors.jpg","type":"image\/jpeg"}],"twitter_card":"summary_large_image","twitter_misc":{"Tiempo de lectura":"3 minutos"},"schema":{"@context":"https:\/\/schema.org","@graph":[{"@type":"WebPage","@id":"https:\/\/www.api-capacitors.com\/es\/nuestros-sectores\/","url":"https:\/\/www.api-capacitors.com\/es\/nuestros-sectores\/","name":"Nuestros sectores - API Capacitors es","isPartOf":{"@id":"https:\/\/www.api-capacitors.com\/es\/#website"},"primaryImageOfPage":{"@id":"https:\/\/www.api-capacitors.com\/es\/nuestros-sectores\/#primaryimage"},"image":{"@id":"https:\/\/www.api-capacitors.com\/es\/nuestros-sectores\/#primaryimage"},"thumbnailUrl":"https:\/\/www.api-capacitors.com\/es\/wp-content\/uploads\/sites\/4\/2022\/06\/sectors.jpg","datePublished":"2022-06-09T15:59:33+00:00","dateModified":"2023-05-03T11:34:10+00:00","description":"Descubra c\u00f3mo API Capacitors proporciona soluciones de condensadores innovadoras y fiables para una amplia gama de sectores, desde sistemas de propulsi\u00f3n ferroviarios y marinos hasta campos industriales est\u00e1ticos.","breadcrumb":{"@id":"https:\/\/www.api-capacitors.com\/es\/nuestros-sectores\/#breadcrumb"},"inLanguage":"es","potentialAction":[{"@type":"ReadAction","target":["https:\/\/www.api-capacitors.com\/es\/nuestros-sectores\/"]}]},{"@type":"ImageObject","inLanguage":"es","@id":"https:\/\/www.api-capacitors.com\/es\/nuestros-sectores\/#primaryimage","url":"https:\/\/www.api-capacitors.com\/es\/wp-content\/uploads\/sites\/4\/2022\/06\/sectors.jpg","contentUrl":"https:\/\/www.api-capacitors.com\/es\/wp-content\/uploads\/sites\/4\/2022\/06\/sectors.jpg","width":1500,"height":884,"caption":"Capacitors for a wide variety of sectors"},{"@type":"BreadcrumbList","@id":"https:\/\/www.api-capacitors.com\/es\/nuestros-sectores\/#breadcrumb","itemListElement":[{"@type":"ListItem","position":1,"name":"Home","item":"https:\/\/www.api-capacitors.com\/es\/"},{"@type":"ListItem","position":2,"name":"Nuestros sectores"}]},{"@type":"WebSite","@id":"https:\/\/www.api-capacitors.com\/es\/#website","url":"https:\/\/www.api-capacitors.com\/es\/","name":"API Capacitors es","description":"DC Capacitors, AC Capacitors, Snubber Capacitors , Track Circuit Capacitors, Pulse Power Capacitors and Custom Capacitors","publisher":{"@id":"https:\/\/www.api-capacitors.com\/es\/#organization"},"potentialAction":[{"@type":"SearchAction","target":{"@type":"EntryPoint","urlTemplate":"https:\/\/www.api-capacitors.com\/es\/?s={search_term_string}"},"query-input":{"@type":"PropertyValueSpecification","valueRequired":true,"valueName":"search_term_string"}}],"inLanguage":"es"},{"@type":"Organization","@id":"https:\/\/www.api-capacitors.com\/es\/#organization","name":"API Capacitors es","url":"https:\/\/www.api-capacitors.com\/es\/","logo":{"@type":"ImageObject","inLanguage":"es","@id":"https:\/\/www.api-capacitors.com\/es\/#\/schema\/logo\/image\/","url":"https:\/\/www.api-capacitors.com\/es\/wp-content\/uploads\/sites\/4\/2022\/05\/cropped-NewLogos-06-e1653513321928.png","contentUrl":"https:\/\/www.api-capacitors.com\/es\/wp-content\/uploads\/sites\/4\/2022\/05\/cropped-NewLogos-06-e1653513321928.png","width":1404,"height":222,"caption":"API Capacitors es"},"image":{"@id":"https:\/\/www.api-capacitors.com\/es\/#\/schema\/logo\/image\/"}}]}},"_links":{"self":[{"href":"https:\/\/www.api-capacitors.com\/es\/wp-json\/wp\/v2\/pages\/964","targetHints":{"allow":["GET"]}}],"collection":[{"href":"https:\/\/www.api-capacitors.com\/es\/wp-json\/wp\/v2\/pages"}],"about":[{"href":"https:\/\/www.api-capacitors.com\/es\/wp-json\/wp\/v2\/types\/page"}],"author":[{"embeddable":true,"href":"https:\/\/www.api-capacitors.com\/es\/wp-json\/wp\/v2\/users\/1"}],"replies":[{"embeddable":true,"href":"https:\/\/www.api-capacitors.com\/es\/wp-json\/wp\/v2\/comments?post=964"}],"version-history":[{"count":41,"href":"https:\/\/www.api-capacitors.com\/es\/wp-json\/wp\/v2\/pages\/964\/revisions"}],"predecessor-version":[{"id":2752,"href":"https:\/\/www.api-capacitors.com\/es\/wp-json\/wp\/v2\/pages\/964\/revisions\/2752"}],"wp:featuredmedia":[{"embeddable":true,"href":"https:\/\/www.api-capacitors.com\/es\/wp-json\/wp\/v2\/media\/969"}],"wp:attachment":[{"href":"https:\/\/www.api-capacitors.com\/es\/wp-json\/wp\/v2\/media?parent=964"}],"curies":[{"name":"wp","href":"https:\/\/api.w.org\/{rel}","templated":true}]}}