{"id":922,"date":"2022-06-09T10:47:54","date_gmt":"2022-06-09T10:47:54","guid":{"rendered":"https:\/\/www.api-capacitors.com\/es\/?page_id=922"},"modified":"2023-05-03T12:03:54","modified_gmt":"2023-05-03T12:03:54","slug":"energia-pulsada-plasma-y-fusion","status":"publish","type":"page","link":"https:\/\/www.api-capacitors.com\/es\/energia-pulsada-plasma-y-fusion\/","title":{"rendered":"Energ\u00eda pulsada, plasma y fusi\u00f3n"},"content":{"rendered":"\t\t<div data-elementor-type=\"wp-page\" data-elementor-id=\"922\" class=\"elementor elementor-922\">\n\t\t\t\t\t\t<section class=\"elementor-section elementor-top-section elementor-element elementor-element-e162128 elementor-section-boxed elementor-section-height-default elementor-section-height-default\" data-id=\"e162128\" data-element_type=\"section\" data-e-type=\"section\">\n\t\t\t\t\t\t<div class=\"elementor-container elementor-column-gap-default\">\n\t\t\t\t\t<div class=\"elementor-column elementor-col-50 elementor-top-column elementor-element elementor-element-5dbe2bb\" data-id=\"5dbe2bb\" data-element_type=\"column\" data-e-type=\"column\">\n\t\t\t<div class=\"elementor-widget-wrap elementor-element-populated\">\n\t\t\t\t\t\t<div class=\"elementor-element elementor-element-f7481e9 elementor-widget elementor-widget-text-editor\" data-id=\"f7481e9\" data-element_type=\"widget\" data-e-type=\"widget\" data-widget_type=\"text-editor.default\">\n\t\t\t\t<div class=\"elementor-widget-container\">\n\t\t\t\t\t\t\t\t\t<h3><strong>Condensadores de Grado de Pulso \/ Condensadores de Descarga de Energ\u00eda<br \/><\/strong><\/h3><p>API Capacitors es el principal dise\u00f1ador y fabricante brit\u00e1nico de capacitores de alta tensi\u00f3n avanzados y personalizados para sistemas DC, pulsados y especializados. Hemos suministrado a empresas de todo el mundo durante muchos a\u00f1os en aplicaciones de transporte, defensa, m\u00e9dicas, de investigaci\u00f3n e industriales.<\/p><p>Esperamos con inter\u00e9s trabajar con nuevos clientes para satisfacer sus requisitos de capacitores de potencia.<\/p>\t\t\t\t\t\t\t\t<\/div>\n\t\t\t\t<\/div>\n\t\t\t\t\t<\/div>\n\t\t<\/div>\n\t\t\t\t<div class=\"elementor-column elementor-col-50 elementor-top-column elementor-element elementor-element-3255cb3\" data-id=\"3255cb3\" data-element_type=\"column\" data-e-type=\"column\" data-settings=\"{&quot;background_background&quot;:&quot;classic&quot;}\">\n\t\t\t<div class=\"elementor-widget-wrap elementor-element-populated\">\n\t\t\t\t\t\t<div class=\"elementor-element elementor-element-21d895c elementor-widget elementor-widget-image\" data-id=\"21d895c\" data-element_type=\"widget\" data-e-type=\"widget\" data-widget_type=\"image.default\">\n\t\t\t\t<div class=\"elementor-widget-container\">\n\t\t\t\t\t\t\t\t\t\t\t\t\t\t\t<img fetchpriority=\"high\" decoding=\"async\" width=\"300\" height=\"204\" src=\"https:\/\/www.api-capacitors.com\/es\/wp-content\/uploads\/sites\/4\/2022\/06\/power-300x204-1.jpg\" class=\"attachment-full size-full wp-image-924\" alt=\"Pulse Grade Capacitors \/ Energy Discharge Capacitors\" \/>\t\t\t\t\t\t\t\t\t\t\t\t\t\t\t<\/div>\n\t\t\t\t<\/div>\n\t\t\t\t\t<\/div>\n\t\t<\/div>\n\t\t\t\t\t<\/div>\n\t\t<\/section>\n\t\t\t\t<section class=\"elementor-section elementor-top-section elementor-element elementor-element-72663b1 elementor-section-boxed elementor-section-height-default elementor-section-height-default\" data-id=\"72663b1\" data-element_type=\"section\" data-e-type=\"section\">\n\t\t\t\t\t\t<div class=\"elementor-container elementor-column-gap-default\">\n\t\t\t\t\t<div class=\"elementor-column elementor-col-100 elementor-top-column elementor-element elementor-element-857c2e5\" data-id=\"857c2e5\" data-element_type=\"column\" data-e-type=\"column\">\n\t\t\t<div class=\"elementor-widget-wrap elementor-element-populated\">\n\t\t\t\t\t\t<div class=\"elementor-element elementor-element-bdc2c88 elementor-widget elementor-widget-text-editor\" data-id=\"bdc2c88\" data-element_type=\"widget\" data-e-type=\"widget\" data-widget_type=\"text-editor.default\">\n\t\t\t\t<div class=\"elementor-widget-container\">\n\t\t\t\t\t\t\t\t\t<p>La tecnolog\u00eda de API ofrece una amplia gama de soluciones que incluyen electrodos de l\u00e1mina extendida y metalizada, y dise\u00f1os de diel\u00e9ctrico de pel\u00edcula polim\u00e9rica y papel en todo tipo de materiales. Estos componentes est\u00e1n impregnados al vac\u00edo con una variedad de fluidos diel\u00e9ctricos, o son secos.<\/p><p>Una amplia gama de opciones de envasado est\u00e1 disponible en cajas soldadas de polipropileno, cajas de metal soldadas o estampadas.<\/p><div class=\"group w-full text-gray-800 dark:text-gray-100 border-b border-black\/10 dark:border-gray-900\/50 bg-gray-50 dark:bg-[#444654]\"><div class=\"text-base gap-4 md:gap-6 md:max-w-2xl lg:max-w-xl xl:max-w-3xl p-4 md:py-6 flex lg:px-0 m-auto\"><div class=\"relative flex w-[calc(100%-50px)] flex-col gap-1 md:gap-3 lg:w-[calc(100%-115px)]\"><div class=\"flex flex-grow flex-col gap-3\"><div class=\"min-h-[20px] flex flex-col items-start gap-4 whitespace-pre-wrap break-words\"><div class=\"markdown prose w-full break-words dark:prose-invert light\"><p>Dise\u00f1ado para satisfacer sus demandas en:<\/p><\/div><\/div><\/div><\/div><\/div><\/div><ul><li>Alta corriente de descarga de pico<\/li><li>Alta densidad de energ\u00eda<\/li><li>Baja inductancia y baja resistencia en serie.<\/li><li>Fiabilidad<\/li><\/ul><div class=\"group w-full text-gray-800 dark:text-gray-100 border-b border-black\/10 dark:border-gray-900\/50 bg-gray-50 dark:bg-[#444654]\"><div class=\"text-base gap-4 md:gap-6 md:max-w-2xl lg:max-w-xl xl:max-w-3xl p-4 md:py-6 flex lg:px-0 m-auto\"><div class=\"relative flex w-[calc(100%-50px)] flex-col gap-1 md:gap-3 lg:w-[calc(100%-115px)]\"><div class=\"flex flex-grow flex-col gap-3\"><div class=\"min-h-[20px] flex flex-col items-start gap-4 whitespace-pre-wrap break-words\"><div class=\"markdown prose w-full break-words dark:prose-invert light\"><p><strong>APLICACIONES INCLUYEN<\/strong><\/p><\/div><\/div><\/div><\/div><\/div><\/div><table><tbody><tr><td width=\"301\">\u00b7\u00a0 \u00a0 \u00a0 \u00a0 \u00a0Descarga r\u00e1pida.<\/td><td width=\"301\">\u00b7\u00a0 \u00a0 \u00a0 \u00a0 Investigaci\u00f3n de Plasma y F\u00edsica<\/td><\/tr><tr><td width=\"301\">\u00b7\u00a0\u00a0\u00a0\u00a0\u00a0\u00a0\u00a0\u00a0 Soldadura Energizadora<\/td><td width=\"301\">\u00b7\u00a0 \u00a0 \u00a0 \u00a0 L\u00e1ser<\/td><\/tr><tr><td width=\"301\">\u00b7\u00a0 \u00a0 \u00a0 \u00a0 \u00a0Equipos de magnetizaci\u00f3n<\/td><td width=\"301\">\u00b7\u00a0 \u00a0 \u00a0 \u00a0 Defibrilador<\/td><\/tr><tr><td width=\"301\">\u00b7\u00a0 \u00a0 \u00a0 \u00a0 Redes de formaci\u00f3n de pulsos \/ Generadores de impulsos<\/td><td width=\"301\"><p>\u00b7\u00a0 \u00a0 \u00a0 \u00a0Equipo de rayos X<\/p><div class=\"group w-full text-gray-800 dark:text-gray-100 border-b border-black\/10 dark:border-gray-900\/50 bg-gray-50 dark:bg-[#444654]\"><div class=\"text-base gap-4 md:gap-6 md:max-w-2xl lg:max-w-xl xl:max-w-3xl p-4 md:py-6 flex lg:px-0 m-auto\"><div class=\"relative flex w-[calc(100%-50px)] flex-col gap-1 md:gap-3 lg:w-[calc(100%-115px)]\"><div class=\"flex justify-between lg:block\"><div class=\"text-gray-400 flex self-end lg:self-center justify-center mt-2 gap-2 md:gap-3 lg:gap-1 lg:absolute lg:top-0 lg:translate-x-full lg:right-0 lg:mt-0 lg:pl-2 visible\">\u00a0<\/div><\/div><\/div><\/div><\/div><\/td><\/tr><tr><td width=\"301\">\u00b7\u00a0\u00a0\u00a0\u00a0\u00a0\u00a0\u00a0\u00a0 Radar<\/td><td width=\"301\">\u00b7\u00a0\u00a0\u00a0\u00a0\u00a0\u00a0\u00a0\u00a0 Lightning simulators<\/td><\/tr><\/tbody><\/table><p><strong>CARCASAS MET\u00c1LICAS<\/strong><\/p><p>Los capacitores de pulso ofrecen una amplia gama de capacidades para la descarga de microsegundos de alta corriente de pico hasta aplicaciones de alta densidad de energ\u00eda y larga vida \u00fatil.<\/p><p>Capacidades<\/p><ul><li>1kV to 100kV<\/li><li>2uF to 50,000 uF<\/li><\/ul><p><strong>CAJAS DE PL\u00c1STICO<\/strong><\/p><p>Soluciones de almacenamiento de energ\u00eda pulsada compactas de extremo simple y doble para requisitos de baja inductancia y alto voltaje.<\/p><p>Capacidades<\/p><ul><li>5kV to 100kV<\/li><li>5nF to 2 uF<\/li><\/ul><p><strong>ESPECIALIZADA<\/strong><\/p><p>Capacitores de pel\u00edcula metalizada en cajas de acero estirado con corrientes pico de hasta 300A para descargas de milisegundos de baja frecuencia de repetici\u00f3n, por debajo de 1 Hz.<\/p><ul><li>2kV to 3kV<\/li><li>100uF to 195 uF<\/li><\/ul>\t\t\t\t\t\t\t\t<\/div>\n\t\t\t\t<\/div>\n\t\t\t\t\t<\/div>\n\t\t<\/div>\n\t\t\t\t\t<\/div>\n\t\t<\/section>\n\t\t\t\t<\/div>\n\t\t","protected":false},"excerpt":{"rendered":"<p>Condensadores de Grado de Pulso \/ Condensadores de Descarga de Energ\u00eda API Capacitors es el principal dise\u00f1ador y fabricante brit\u00e1nico de capacitores de alta tensi\u00f3n avanzados y personalizados para sistemas DC, pulsados y especializados. Hemos suministrado a empresas de todo el mundo durante muchos a\u00f1os en aplicaciones de transporte, defensa, m\u00e9dicas, de investigaci\u00f3n e industriales. [&hellip;]<\/p>\n","protected":false},"author":1,"featured_media":0,"parent":0,"menu_order":0,"comment_status":"closed","ping_status":"closed","template":"","meta":{"site-sidebar-layout":"right-sidebar","site-content-layout":"default","ast-site-content-layout":"default","site-content-style":"default","site-sidebar-style":"default","ast-global-header-display":"","ast-banner-title-visibility":"","ast-main-header-display":"","ast-hfb-above-header-display":"","ast-hfb-below-header-display":"","ast-hfb-mobile-header-display":"","site-post-title":"disabled","ast-breadcrumbs-content":"","ast-featured-img":"disabled","footer-sml-layout":"","ast-disable-related-posts":"","theme-transparent-header-meta":"default","adv-header-id-meta":"","stick-header-meta":"","header-above-stick-meta":"","header-main-stick-meta":"","header-below-stick-meta":"","astra-migrate-meta-layouts":"default","ast-page-background-enabled":"default","ast-page-background-meta":{"desktop":{"background-color":"","background-image":"","background-repeat":"repeat","background-position":"center center","background-size":"auto","background-attachment":"scroll","background-type":"","background-media":"","overlay-type":"","overlay-color":"","overlay-opacity":"","overlay-gradient":""},"tablet":{"background-color":"","background-image":"","background-repeat":"repeat","background-position":"center center","background-size":"auto","background-attachment":"scroll","background-type":"","background-media":"","overlay-type":"","overlay-color":"","overlay-opacity":"","overlay-gradient":""},"mobile":{"background-color":"","background-image":"","background-repeat":"repeat","background-position":"center center","background-size":"auto","background-attachment":"scroll","background-type":"","background-media":"","overlay-type":"","overlay-color":"","overlay-opacity":"","overlay-gradient":""}},"ast-content-background-meta":{"desktop":{"background-color":"var(--ast-global-color-5)","background-image":"","background-repeat":"repeat","background-position":"center center","background-size":"auto","background-attachment":"scroll","background-type":"","background-media":"","overlay-type":"","overlay-color":"","overlay-opacity":"","overlay-gradient":""},"tablet":{"background-color":"var(--ast-global-color-5)","background-image":"","background-repeat":"repeat","background-position":"center center","background-size":"auto","background-attachment":"scroll","background-type":"","background-media":"","overlay-type":"","overlay-color":"","overlay-opacity":"","overlay-gradient":""},"mobile":{"background-color":"var(--ast-global-color-5)","background-image":"","background-repeat":"repeat","background-position":"center center","background-size":"auto","background-attachment":"scroll","background-type":"","background-media":"","overlay-type":"","overlay-color":"","overlay-opacity":"","overlay-gradient":""}},"footnotes":""},"class_list":["post-922","page","type-page","status-publish","hentry"],"yoast_head":"<!-- This site is optimized with the Yoast SEO plugin v27.5 - https:\/\/yoast.com\/product\/yoast-seo-wordpress\/ -->\n<title>Energ\u00eda pulsada, plasma y fusi\u00f3n - API Capacitors es<\/title>\n<meta name=\"description\" content=\"Descubre los capacitores de alto rendimiento de API Capacitors dise\u00f1ados para aplicaciones de energ\u00eda pulsada, plasma y fusi\u00f3n. Nuestras soluciones personalizadas ofrecen un servicio confiable y un rendimiento excelente.\" \/>\n<meta name=\"robots\" content=\"index, follow, max-snippet:-1, max-image-preview:large, max-video-preview:-1\" \/>\n<link rel=\"canonical\" href=\"https:\/\/www.api-capacitors.com\/es\/energia-pulsada-plasma-y-fusion\/\" \/>\n<meta property=\"og:locale\" content=\"es_ES\" \/>\n<meta property=\"og:type\" content=\"article\" \/>\n<meta property=\"og:title\" content=\"Energ\u00eda pulsada, plasma y fusi\u00f3n - API Capacitors es\" \/>\n<meta property=\"og:description\" content=\"Descubre los capacitores de alto rendimiento de API Capacitors dise\u00f1ados para aplicaciones de energ\u00eda pulsada, plasma y fusi\u00f3n. Nuestras soluciones personalizadas ofrecen un servicio confiable y un rendimiento excelente.\" \/>\n<meta property=\"og:url\" content=\"https:\/\/www.api-capacitors.com\/es\/energia-pulsada-plasma-y-fusion\/\" \/>\n<meta property=\"og:site_name\" content=\"API Capacitors es\" \/>\n<meta property=\"article:modified_time\" content=\"2023-05-03T12:03:54+00:00\" \/>\n<meta property=\"og:image\" content=\"https:\/\/www.api-capacitors.com\/es\/wp-content\/uploads\/sites\/4\/2022\/06\/power-300x204-1.jpg\" \/>\n<meta name=\"twitter:card\" content=\"summary_large_image\" \/>\n<meta name=\"twitter:label1\" content=\"Tiempo de lectura\" \/>\n\t<meta name=\"twitter:data1\" content=\"2 minutos\" \/>\n<script type=\"application\/ld+json\" class=\"yoast-schema-graph\">{\"@context\":\"https:\\\/\\\/schema.org\",\"@graph\":[{\"@type\":\"WebPage\",\"@id\":\"https:\\\/\\\/www.api-capacitors.com\\\/es\\\/energia-pulsada-plasma-y-fusion\\\/\",\"url\":\"https:\\\/\\\/www.api-capacitors.com\\\/es\\\/energia-pulsada-plasma-y-fusion\\\/\",\"name\":\"Energ\u00eda pulsada, plasma y fusi\u00f3n - API Capacitors es\",\"isPartOf\":{\"@id\":\"https:\\\/\\\/www.api-capacitors.com\\\/es\\\/#website\"},\"primaryImageOfPage\":{\"@id\":\"https:\\\/\\\/www.api-capacitors.com\\\/es\\\/energia-pulsada-plasma-y-fusion\\\/#primaryimage\"},\"image\":{\"@id\":\"https:\\\/\\\/www.api-capacitors.com\\\/es\\\/energia-pulsada-plasma-y-fusion\\\/#primaryimage\"},\"thumbnailUrl\":\"https:\\\/\\\/www.api-capacitors.com\\\/es\\\/wp-content\\\/uploads\\\/sites\\\/4\\\/2022\\\/06\\\/power-300x204-1.jpg\",\"datePublished\":\"2022-06-09T10:47:54+00:00\",\"dateModified\":\"2023-05-03T12:03:54+00:00\",\"description\":\"Descubre los capacitores de alto rendimiento de API Capacitors dise\u00f1ados para aplicaciones de energ\u00eda pulsada, plasma y fusi\u00f3n. Nuestras soluciones personalizadas ofrecen un servicio confiable y un rendimiento excelente.\",\"breadcrumb\":{\"@id\":\"https:\\\/\\\/www.api-capacitors.com\\\/es\\\/energia-pulsada-plasma-y-fusion\\\/#breadcrumb\"},\"inLanguage\":\"es\",\"potentialAction\":[{\"@type\":\"ReadAction\",\"target\":[\"https:\\\/\\\/www.api-capacitors.com\\\/es\\\/energia-pulsada-plasma-y-fusion\\\/\"]}]},{\"@type\":\"ImageObject\",\"inLanguage\":\"es\",\"@id\":\"https:\\\/\\\/www.api-capacitors.com\\\/es\\\/energia-pulsada-plasma-y-fusion\\\/#primaryimage\",\"url\":\"https:\\\/\\\/www.api-capacitors.com\\\/es\\\/wp-content\\\/uploads\\\/sites\\\/4\\\/2022\\\/06\\\/power-300x204-1.jpg\",\"contentUrl\":\"https:\\\/\\\/www.api-capacitors.com\\\/es\\\/wp-content\\\/uploads\\\/sites\\\/4\\\/2022\\\/06\\\/power-300x204-1.jpg\",\"width\":300,\"height\":204,\"caption\":\"Pulse Grade Capacitors \\\/ Energy Discharge Capacitors\"},{\"@type\":\"BreadcrumbList\",\"@id\":\"https:\\\/\\\/www.api-capacitors.com\\\/es\\\/energia-pulsada-plasma-y-fusion\\\/#breadcrumb\",\"itemListElement\":[{\"@type\":\"ListItem\",\"position\":1,\"name\":\"Home\",\"item\":\"https:\\\/\\\/www.api-capacitors.com\\\/es\\\/\"},{\"@type\":\"ListItem\",\"position\":2,\"name\":\"Energ\u00eda pulsada, plasma y fusi\u00f3n\"}]},{\"@type\":\"WebSite\",\"@id\":\"https:\\\/\\\/www.api-capacitors.com\\\/es\\\/#website\",\"url\":\"https:\\\/\\\/www.api-capacitors.com\\\/es\\\/\",\"name\":\"API Capacitors es\",\"description\":\"DC Capacitors, AC Capacitors, Snubber Capacitors , Track Circuit Capacitors, Pulse Power Capacitors and Custom Capacitors\",\"publisher\":{\"@id\":\"https:\\\/\\\/www.api-capacitors.com\\\/es\\\/#organization\"},\"potentialAction\":[{\"@type\":\"SearchAction\",\"target\":{\"@type\":\"EntryPoint\",\"urlTemplate\":\"https:\\\/\\\/www.api-capacitors.com\\\/es\\\/?s={search_term_string}\"},\"query-input\":{\"@type\":\"PropertyValueSpecification\",\"valueRequired\":true,\"valueName\":\"search_term_string\"}}],\"inLanguage\":\"es\"},{\"@type\":\"Organization\",\"@id\":\"https:\\\/\\\/www.api-capacitors.com\\\/es\\\/#organization\",\"name\":\"API Capacitors es\",\"url\":\"https:\\\/\\\/www.api-capacitors.com\\\/es\\\/\",\"logo\":{\"@type\":\"ImageObject\",\"inLanguage\":\"es\",\"@id\":\"https:\\\/\\\/www.api-capacitors.com\\\/es\\\/#\\\/schema\\\/logo\\\/image\\\/\",\"url\":\"https:\\\/\\\/www.api-capacitors.com\\\/es\\\/wp-content\\\/uploads\\\/sites\\\/4\\\/2022\\\/05\\\/cropped-NewLogos-06-e1653513321928.png\",\"contentUrl\":\"https:\\\/\\\/www.api-capacitors.com\\\/es\\\/wp-content\\\/uploads\\\/sites\\\/4\\\/2022\\\/05\\\/cropped-NewLogos-06-e1653513321928.png\",\"width\":1404,\"height\":222,\"caption\":\"API Capacitors es\"},\"image\":{\"@id\":\"https:\\\/\\\/www.api-capacitors.com\\\/es\\\/#\\\/schema\\\/logo\\\/image\\\/\"}}]}<\/script>\n<!-- \/ Yoast SEO plugin. -->","yoast_head_json":{"title":"Energ\u00eda pulsada, plasma y fusi\u00f3n - API Capacitors es","description":"Descubre los capacitores de alto rendimiento de API Capacitors dise\u00f1ados para aplicaciones de energ\u00eda pulsada, plasma y fusi\u00f3n. Nuestras soluciones personalizadas ofrecen un servicio confiable y un rendimiento excelente.","robots":{"index":"index","follow":"follow","max-snippet":"max-snippet:-1","max-image-preview":"max-image-preview:large","max-video-preview":"max-video-preview:-1"},"canonical":"https:\/\/www.api-capacitors.com\/es\/energia-pulsada-plasma-y-fusion\/","og_locale":"es_ES","og_type":"article","og_title":"Energ\u00eda pulsada, plasma y fusi\u00f3n - API Capacitors es","og_description":"Descubre los capacitores de alto rendimiento de API Capacitors dise\u00f1ados para aplicaciones de energ\u00eda pulsada, plasma y fusi\u00f3n. Nuestras soluciones personalizadas ofrecen un servicio confiable y un rendimiento excelente.","og_url":"https:\/\/www.api-capacitors.com\/es\/energia-pulsada-plasma-y-fusion\/","og_site_name":"API Capacitors es","article_modified_time":"2023-05-03T12:03:54+00:00","og_image":[{"url":"https:\/\/www.api-capacitors.com\/es\/wp-content\/uploads\/sites\/4\/2022\/06\/power-300x204-1.jpg","type":"","width":"","height":""}],"twitter_card":"summary_large_image","twitter_misc":{"Tiempo de lectura":"2 minutos"},"schema":{"@context":"https:\/\/schema.org","@graph":[{"@type":"WebPage","@id":"https:\/\/www.api-capacitors.com\/es\/energia-pulsada-plasma-y-fusion\/","url":"https:\/\/www.api-capacitors.com\/es\/energia-pulsada-plasma-y-fusion\/","name":"Energ\u00eda pulsada, plasma y fusi\u00f3n - API Capacitors es","isPartOf":{"@id":"https:\/\/www.api-capacitors.com\/es\/#website"},"primaryImageOfPage":{"@id":"https:\/\/www.api-capacitors.com\/es\/energia-pulsada-plasma-y-fusion\/#primaryimage"},"image":{"@id":"https:\/\/www.api-capacitors.com\/es\/energia-pulsada-plasma-y-fusion\/#primaryimage"},"thumbnailUrl":"https:\/\/www.api-capacitors.com\/es\/wp-content\/uploads\/sites\/4\/2022\/06\/power-300x204-1.jpg","datePublished":"2022-06-09T10:47:54+00:00","dateModified":"2023-05-03T12:03:54+00:00","description":"Descubre los capacitores de alto rendimiento de API Capacitors dise\u00f1ados para aplicaciones de energ\u00eda pulsada, plasma y fusi\u00f3n. Nuestras soluciones personalizadas ofrecen un servicio confiable y un rendimiento excelente.","breadcrumb":{"@id":"https:\/\/www.api-capacitors.com\/es\/energia-pulsada-plasma-y-fusion\/#breadcrumb"},"inLanguage":"es","potentialAction":[{"@type":"ReadAction","target":["https:\/\/www.api-capacitors.com\/es\/energia-pulsada-plasma-y-fusion\/"]}]},{"@type":"ImageObject","inLanguage":"es","@id":"https:\/\/www.api-capacitors.com\/es\/energia-pulsada-plasma-y-fusion\/#primaryimage","url":"https:\/\/www.api-capacitors.com\/es\/wp-content\/uploads\/sites\/4\/2022\/06\/power-300x204-1.jpg","contentUrl":"https:\/\/www.api-capacitors.com\/es\/wp-content\/uploads\/sites\/4\/2022\/06\/power-300x204-1.jpg","width":300,"height":204,"caption":"Pulse Grade Capacitors \/ Energy Discharge Capacitors"},{"@type":"BreadcrumbList","@id":"https:\/\/www.api-capacitors.com\/es\/energia-pulsada-plasma-y-fusion\/#breadcrumb","itemListElement":[{"@type":"ListItem","position":1,"name":"Home","item":"https:\/\/www.api-capacitors.com\/es\/"},{"@type":"ListItem","position":2,"name":"Energ\u00eda pulsada, plasma y fusi\u00f3n"}]},{"@type":"WebSite","@id":"https:\/\/www.api-capacitors.com\/es\/#website","url":"https:\/\/www.api-capacitors.com\/es\/","name":"API Capacitors es","description":"DC Capacitors, AC Capacitors, Snubber Capacitors , Track Circuit Capacitors, Pulse Power Capacitors and Custom Capacitors","publisher":{"@id":"https:\/\/www.api-capacitors.com\/es\/#organization"},"potentialAction":[{"@type":"SearchAction","target":{"@type":"EntryPoint","urlTemplate":"https:\/\/www.api-capacitors.com\/es\/?s={search_term_string}"},"query-input":{"@type":"PropertyValueSpecification","valueRequired":true,"valueName":"search_term_string"}}],"inLanguage":"es"},{"@type":"Organization","@id":"https:\/\/www.api-capacitors.com\/es\/#organization","name":"API Capacitors es","url":"https:\/\/www.api-capacitors.com\/es\/","logo":{"@type":"ImageObject","inLanguage":"es","@id":"https:\/\/www.api-capacitors.com\/es\/#\/schema\/logo\/image\/","url":"https:\/\/www.api-capacitors.com\/es\/wp-content\/uploads\/sites\/4\/2022\/05\/cropped-NewLogos-06-e1653513321928.png","contentUrl":"https:\/\/www.api-capacitors.com\/es\/wp-content\/uploads\/sites\/4\/2022\/05\/cropped-NewLogos-06-e1653513321928.png","width":1404,"height":222,"caption":"API Capacitors es"},"image":{"@id":"https:\/\/www.api-capacitors.com\/es\/#\/schema\/logo\/image\/"}}]}},"_links":{"self":[{"href":"https:\/\/www.api-capacitors.com\/es\/wp-json\/wp\/v2\/pages\/922","targetHints":{"allow":["GET"]}}],"collection":[{"href":"https:\/\/www.api-capacitors.com\/es\/wp-json\/wp\/v2\/pages"}],"about":[{"href":"https:\/\/www.api-capacitors.com\/es\/wp-json\/wp\/v2\/types\/page"}],"author":[{"embeddable":true,"href":"https:\/\/www.api-capacitors.com\/es\/wp-json\/wp\/v2\/users\/1"}],"replies":[{"embeddable":true,"href":"https:\/\/www.api-capacitors.com\/es\/wp-json\/wp\/v2\/comments?post=922"}],"version-history":[{"count":33,"href":"https:\/\/www.api-capacitors.com\/es\/wp-json\/wp\/v2\/pages\/922\/revisions"}],"predecessor-version":[{"id":2788,"href":"https:\/\/www.api-capacitors.com\/es\/wp-json\/wp\/v2\/pages\/922\/revisions\/2788"}],"wp:attachment":[{"href":"https:\/\/www.api-capacitors.com\/es\/wp-json\/wp\/v2\/media?parent=922"}],"curies":[{"name":"wp","href":"https:\/\/api.w.org\/{rel}","templated":true}]}}