{"id":916,"date":"2022-06-09T10:45:41","date_gmt":"2022-06-09T10:45:41","guid":{"rendered":"https:\/\/www.api-capacitors.com\/es\/?page_id=916"},"modified":"2023-04-28T11:58:05","modified_gmt":"2023-04-28T11:58:05","slug":"automocion-y-avionica","status":"publish","type":"page","link":"https:\/\/www.api-capacitors.com\/es\/automocion-y-avionica\/","title":{"rendered":"Automoci\u00f3n y Avi\u00f3nica"},"content":{"rendered":"\t\t<div data-elementor-type=\"wp-page\" data-elementor-id=\"916\" class=\"elementor elementor-916\">\n\t\t\t\t\t\t<section class=\"elementor-section elementor-top-section elementor-element elementor-element-aa3d207 elementor-section-boxed elementor-section-height-default elementor-section-height-default\" data-id=\"aa3d207\" data-element_type=\"section\" data-e-type=\"section\">\n\t\t\t\t\t\t<div class=\"elementor-container elementor-column-gap-default\">\n\t\t\t\t\t<div class=\"elementor-column elementor-col-50 elementor-top-column elementor-element elementor-element-51ce063\" data-id=\"51ce063\" data-element_type=\"column\" data-e-type=\"column\">\n\t\t\t<div class=\"elementor-widget-wrap elementor-element-populated\">\n\t\t\t\t\t\t<div class=\"elementor-element elementor-element-93bbe8d elementor-widget elementor-widget-text-editor\" data-id=\"93bbe8d\" data-element_type=\"widget\" data-e-type=\"widget\" data-widget_type=\"text-editor.default\">\n\t\t\t\t<div class=\"elementor-widget-container\">\n\t\t\t\t\t\t\t\t\t<h3><strong>APIC ha proporcionado soluciones a medida para la industria aeroespacial civil y militar, as\u00ed como para la automoci\u00f3n y el deporte del motor.<\/strong><\/h3><p>Varios grandes contratistas del sector aeroespacial han utilizado nuestra amplia capacidad de I+D y nuestro laboratorio de pruebas de alta tensi\u00f3n y alta corriente para crear prototipos y realizar pruebas de tipo de condensadores de alta temperatura con embalajes personalizados para aplicaciones aeroespaciales tanto en plano como en tierra. Tenemos capacidad para realizar an\u00e1lisis FMEA y de fiabilidad, as\u00ed como modelos mec\u00e1nicos, electromagn\u00e9ticos y electrost\u00e1ticos avanzados.<\/p><p>APIC tiene experiencia con unidades de alta densidad energ\u00e9tica para aplicaciones de automoci\u00f3n y unidades de densidad extremadamente alta y baja vida \u00fatil para su uso en deportes de motor. No somos un proveedor de productos est\u00e1ndar de gran volumen, pero tenemos capacidad para producir muestras para prototipos y estamos familiarizados con los sistemas de aprobaci\u00f3n PPAP de automoci\u00f3n.<\/p>\t\t\t\t\t\t\t\t<\/div>\n\t\t\t\t<\/div>\n\t\t\t\t\t<\/div>\n\t\t<\/div>\n\t\t\t\t<div class=\"elementor-column elementor-col-50 elementor-top-column elementor-element elementor-element-949ff6a\" data-id=\"949ff6a\" data-element_type=\"column\" data-e-type=\"column\" data-settings=\"{&quot;background_background&quot;:&quot;classic&quot;}\">\n\t\t\t<div class=\"elementor-widget-wrap elementor-element-populated\">\n\t\t\t\t\t\t<div class=\"elementor-element elementor-element-d1c29ba elementor-widget elementor-widget-image\" data-id=\"d1c29ba\" data-element_type=\"widget\" data-e-type=\"widget\" data-widget_type=\"image.default\">\n\t\t\t\t<div class=\"elementor-widget-container\">\n\t\t\t\t\t\t\t\t\t\t\t\t\t\t\t<img fetchpriority=\"high\" decoding=\"async\" width=\"600\" height=\"400\" src=\"https:\/\/www.api-capacitors.com\/es\/wp-content\/uploads\/sites\/4\/2022\/06\/heli.jpg\" class=\"attachment-full size-full wp-image-918\" alt=\"Automotive and Avionic Capacitors\" srcset=\"https:\/\/www.api-capacitors.com\/es\/wp-content\/uploads\/sites\/4\/2022\/06\/heli.jpg 600w, https:\/\/www.api-capacitors.com\/es\/wp-content\/uploads\/sites\/4\/2022\/06\/heli-300x200.jpg 300w\" sizes=\"(max-width: 600px) 100vw, 600px\" \/>\t\t\t\t\t\t\t\t\t\t\t\t\t\t\t<\/div>\n\t\t\t\t<\/div>\n\t\t\t\t\t<\/div>\n\t\t<\/div>\n\t\t\t\t\t<\/div>\n\t\t<\/section>\n\t\t\t\t<\/div>\n\t\t","protected":false},"excerpt":{"rendered":"<p>APIC ha proporcionado soluciones a medida para la industria aeroespacial civil y militar, as\u00ed como para la automoci\u00f3n y el deporte del motor. Varios grandes contratistas del sector aeroespacial han utilizado nuestra amplia capacidad de I+D y nuestro laboratorio de pruebas de alta tensi\u00f3n y alta corriente para crear prototipos y realizar pruebas de tipo [&hellip;]<\/p>\n","protected":false},"author":1,"featured_media":583,"parent":0,"menu_order":0,"comment_status":"closed","ping_status":"closed","template":"","meta":{"site-sidebar-layout":"right-sidebar","site-content-layout":"default","ast-site-content-layout":"default","site-content-style":"default","site-sidebar-style":"default","ast-global-header-display":"","ast-banner-title-visibility":"","ast-main-header-display":"","ast-hfb-above-header-display":"","ast-hfb-below-header-display":"","ast-hfb-mobile-header-display":"","site-post-title":"disabled","ast-breadcrumbs-content":"","ast-featured-img":"disabled","footer-sml-layout":"","ast-disable-related-posts":"","theme-transparent-header-meta":"","adv-header-id-meta":"","stick-header-meta":"","header-above-stick-meta":"","header-main-stick-meta":"","header-below-stick-meta":"","astra-migrate-meta-layouts":"default","ast-page-background-enabled":"default","ast-page-background-meta":{"desktop":{"background-color":"","background-image":"","background-repeat":"repeat","background-position":"center center","background-size":"auto","background-attachment":"scroll","background-type":"","background-media":"","overlay-type":"","overlay-color":"","overlay-opacity":"","overlay-gradient":""},"tablet":{"background-color":"","background-image":"","background-repeat":"repeat","background-position":"center center","background-size":"auto","background-attachment":"scroll","background-type":"","background-media":"","overlay-type":"","overlay-color":"","overlay-opacity":"","overlay-gradient":""},"mobile":{"background-color":"","background-image":"","background-repeat":"repeat","background-position":"center center","background-size":"auto","background-attachment":"scroll","background-type":"","background-media":"","overlay-type":"","overlay-color":"","overlay-opacity":"","overlay-gradient":""}},"ast-content-background-meta":{"desktop":{"background-color":"var(--ast-global-color-5)","background-image":"","background-repeat":"repeat","background-position":"center center","background-size":"auto","background-attachment":"scroll","background-type":"","background-media":"","overlay-type":"","overlay-color":"","overlay-opacity":"","overlay-gradient":""},"tablet":{"background-color":"var(--ast-global-color-5)","background-image":"","background-repeat":"repeat","background-position":"center center","background-size":"auto","background-attachment":"scroll","background-type":"","background-media":"","overlay-type":"","overlay-color":"","overlay-opacity":"","overlay-gradient":""},"mobile":{"background-color":"var(--ast-global-color-5)","background-image":"","background-repeat":"repeat","background-position":"center center","background-size":"auto","background-attachment":"scroll","background-type":"","background-media":"","overlay-type":"","overlay-color":"","overlay-opacity":"","overlay-gradient":""}},"footnotes":""},"class_list":["post-916","page","type-page","status-publish","has-post-thumbnail","hentry"],"yoast_head":"<!-- This site is optimized with the Yoast SEO plugin v27.5 - https:\/\/yoast.com\/product\/yoast-seo-wordpress\/ -->\n<title>Condensadores para los mercados automotriz y de avi\u00f3nica - API Capacitors<\/title>\n<meta name=\"description\" content=\"API Capacitors dise\u00f1a y fabrica condensadores personalizados para su uso en los mercados automotriz y de avi\u00f3nica para cumplir con los requisitos del cliente.\" \/>\n<meta name=\"robots\" content=\"index, follow, max-snippet:-1, max-image-preview:large, max-video-preview:-1\" \/>\n<link rel=\"canonical\" href=\"https:\/\/www.api-capacitors.com\/es\/automocion-y-avionica\/\" \/>\n<meta property=\"og:locale\" content=\"es_ES\" \/>\n<meta property=\"og:type\" content=\"article\" \/>\n<meta property=\"og:title\" content=\"Condensadores para los mercados automotriz y de avi\u00f3nica - API Capacitors\" \/>\n<meta property=\"og:description\" content=\"API Capacitors dise\u00f1a y fabrica condensadores personalizados para su uso en los mercados automotriz y de avi\u00f3nica para cumplir con los requisitos del cliente.\" \/>\n<meta property=\"og:url\" content=\"https:\/\/www.api-capacitors.com\/es\/automocion-y-avionica\/\" \/>\n<meta property=\"og:site_name\" content=\"API Capacitors es\" \/>\n<meta property=\"article:modified_time\" content=\"2023-04-28T11:58:05+00:00\" \/>\n<meta property=\"og:image\" content=\"https:\/\/www.api-capacitors.com\/es\/wp-content\/uploads\/sites\/4\/2022\/05\/apiban1.jpg\" \/>\n\t<meta property=\"og:image:width\" content=\"1050\" \/>\n\t<meta property=\"og:image:height\" content=\"556\" \/>\n\t<meta property=\"og:image:type\" content=\"image\/jpeg\" \/>\n<meta name=\"twitter:card\" content=\"summary_large_image\" \/>\n<meta name=\"twitter:label1\" content=\"Tiempo de lectura\" \/>\n\t<meta name=\"twitter:data1\" content=\"1 minuto\" \/>\n<script type=\"application\/ld+json\" class=\"yoast-schema-graph\">{\"@context\":\"https:\\\/\\\/schema.org\",\"@graph\":[{\"@type\":\"WebPage\",\"@id\":\"https:\\\/\\\/www.api-capacitors.com\\\/es\\\/automocion-y-avionica\\\/\",\"url\":\"https:\\\/\\\/www.api-capacitors.com\\\/es\\\/automocion-y-avionica\\\/\",\"name\":\"Condensadores para los mercados automotriz y de avi\u00f3nica - API Capacitors\",\"isPartOf\":{\"@id\":\"https:\\\/\\\/www.api-capacitors.com\\\/es\\\/#website\"},\"primaryImageOfPage\":{\"@id\":\"https:\\\/\\\/www.api-capacitors.com\\\/es\\\/automocion-y-avionica\\\/#primaryimage\"},\"image\":{\"@id\":\"https:\\\/\\\/www.api-capacitors.com\\\/es\\\/automocion-y-avionica\\\/#primaryimage\"},\"thumbnailUrl\":\"https:\\\/\\\/www.api-capacitors.com\\\/es\\\/wp-content\\\/uploads\\\/sites\\\/4\\\/2022\\\/05\\\/apiban1.jpg\",\"datePublished\":\"2022-06-09T10:45:41+00:00\",\"dateModified\":\"2023-04-28T11:58:05+00:00\",\"description\":\"API Capacitors dise\u00f1a y fabrica condensadores personalizados para su uso en los mercados automotriz y de avi\u00f3nica para cumplir con los requisitos del cliente.\",\"breadcrumb\":{\"@id\":\"https:\\\/\\\/www.api-capacitors.com\\\/es\\\/automocion-y-avionica\\\/#breadcrumb\"},\"inLanguage\":\"es\",\"potentialAction\":[{\"@type\":\"ReadAction\",\"target\":[\"https:\\\/\\\/www.api-capacitors.com\\\/es\\\/automocion-y-avionica\\\/\"]}]},{\"@type\":\"ImageObject\",\"inLanguage\":\"es\",\"@id\":\"https:\\\/\\\/www.api-capacitors.com\\\/es\\\/automocion-y-avionica\\\/#primaryimage\",\"url\":\"https:\\\/\\\/www.api-capacitors.com\\\/es\\\/wp-content\\\/uploads\\\/sites\\\/4\\\/2022\\\/05\\\/apiban1.jpg\",\"contentUrl\":\"https:\\\/\\\/www.api-capacitors.com\\\/es\\\/wp-content\\\/uploads\\\/sites\\\/4\\\/2022\\\/05\\\/apiban1.jpg\",\"width\":1050,\"height\":556,\"caption\":\"Our capacitors have been used in F1 by Mercedes HPC.\"},{\"@type\":\"BreadcrumbList\",\"@id\":\"https:\\\/\\\/www.api-capacitors.com\\\/es\\\/automocion-y-avionica\\\/#breadcrumb\",\"itemListElement\":[{\"@type\":\"ListItem\",\"position\":1,\"name\":\"Home\",\"item\":\"https:\\\/\\\/www.api-capacitors.com\\\/es\\\/\"},{\"@type\":\"ListItem\",\"position\":2,\"name\":\"Automoci\u00f3n y Avi\u00f3nica\"}]},{\"@type\":\"WebSite\",\"@id\":\"https:\\\/\\\/www.api-capacitors.com\\\/es\\\/#website\",\"url\":\"https:\\\/\\\/www.api-capacitors.com\\\/es\\\/\",\"name\":\"API Capacitors es\",\"description\":\"DC Capacitors, AC Capacitors, Snubber Capacitors , Track Circuit Capacitors, Pulse Power Capacitors and Custom Capacitors\",\"publisher\":{\"@id\":\"https:\\\/\\\/www.api-capacitors.com\\\/es\\\/#organization\"},\"potentialAction\":[{\"@type\":\"SearchAction\",\"target\":{\"@type\":\"EntryPoint\",\"urlTemplate\":\"https:\\\/\\\/www.api-capacitors.com\\\/es\\\/?s={search_term_string}\"},\"query-input\":{\"@type\":\"PropertyValueSpecification\",\"valueRequired\":true,\"valueName\":\"search_term_string\"}}],\"inLanguage\":\"es\"},{\"@type\":\"Organization\",\"@id\":\"https:\\\/\\\/www.api-capacitors.com\\\/es\\\/#organization\",\"name\":\"API Capacitors es\",\"url\":\"https:\\\/\\\/www.api-capacitors.com\\\/es\\\/\",\"logo\":{\"@type\":\"ImageObject\",\"inLanguage\":\"es\",\"@id\":\"https:\\\/\\\/www.api-capacitors.com\\\/es\\\/#\\\/schema\\\/logo\\\/image\\\/\",\"url\":\"https:\\\/\\\/www.api-capacitors.com\\\/es\\\/wp-content\\\/uploads\\\/sites\\\/4\\\/2022\\\/05\\\/cropped-NewLogos-06-e1653513321928.png\",\"contentUrl\":\"https:\\\/\\\/www.api-capacitors.com\\\/es\\\/wp-content\\\/uploads\\\/sites\\\/4\\\/2022\\\/05\\\/cropped-NewLogos-06-e1653513321928.png\",\"width\":1404,\"height\":222,\"caption\":\"API Capacitors es\"},\"image\":{\"@id\":\"https:\\\/\\\/www.api-capacitors.com\\\/es\\\/#\\\/schema\\\/logo\\\/image\\\/\"}}]}<\/script>\n<!-- \/ Yoast SEO plugin. -->","yoast_head_json":{"title":"Condensadores para los mercados automotriz y de avi\u00f3nica - API Capacitors","description":"API Capacitors dise\u00f1a y fabrica condensadores personalizados para su uso en los mercados automotriz y de avi\u00f3nica para cumplir con los requisitos del cliente.","robots":{"index":"index","follow":"follow","max-snippet":"max-snippet:-1","max-image-preview":"max-image-preview:large","max-video-preview":"max-video-preview:-1"},"canonical":"https:\/\/www.api-capacitors.com\/es\/automocion-y-avionica\/","og_locale":"es_ES","og_type":"article","og_title":"Condensadores para los mercados automotriz y de avi\u00f3nica - API Capacitors","og_description":"API Capacitors dise\u00f1a y fabrica condensadores personalizados para su uso en los mercados automotriz y de avi\u00f3nica para cumplir con los requisitos del cliente.","og_url":"https:\/\/www.api-capacitors.com\/es\/automocion-y-avionica\/","og_site_name":"API Capacitors es","article_modified_time":"2023-04-28T11:58:05+00:00","og_image":[{"width":1050,"height":556,"url":"https:\/\/www.api-capacitors.com\/es\/wp-content\/uploads\/sites\/4\/2022\/05\/apiban1.jpg","type":"image\/jpeg"}],"twitter_card":"summary_large_image","twitter_misc":{"Tiempo de lectura":"1 minuto"},"schema":{"@context":"https:\/\/schema.org","@graph":[{"@type":"WebPage","@id":"https:\/\/www.api-capacitors.com\/es\/automocion-y-avionica\/","url":"https:\/\/www.api-capacitors.com\/es\/automocion-y-avionica\/","name":"Condensadores para los mercados automotriz y de avi\u00f3nica - API Capacitors","isPartOf":{"@id":"https:\/\/www.api-capacitors.com\/es\/#website"},"primaryImageOfPage":{"@id":"https:\/\/www.api-capacitors.com\/es\/automocion-y-avionica\/#primaryimage"},"image":{"@id":"https:\/\/www.api-capacitors.com\/es\/automocion-y-avionica\/#primaryimage"},"thumbnailUrl":"https:\/\/www.api-capacitors.com\/es\/wp-content\/uploads\/sites\/4\/2022\/05\/apiban1.jpg","datePublished":"2022-06-09T10:45:41+00:00","dateModified":"2023-04-28T11:58:05+00:00","description":"API Capacitors dise\u00f1a y fabrica condensadores personalizados para su uso en los mercados automotriz y de avi\u00f3nica para cumplir con los requisitos del cliente.","breadcrumb":{"@id":"https:\/\/www.api-capacitors.com\/es\/automocion-y-avionica\/#breadcrumb"},"inLanguage":"es","potentialAction":[{"@type":"ReadAction","target":["https:\/\/www.api-capacitors.com\/es\/automocion-y-avionica\/"]}]},{"@type":"ImageObject","inLanguage":"es","@id":"https:\/\/www.api-capacitors.com\/es\/automocion-y-avionica\/#primaryimage","url":"https:\/\/www.api-capacitors.com\/es\/wp-content\/uploads\/sites\/4\/2022\/05\/apiban1.jpg","contentUrl":"https:\/\/www.api-capacitors.com\/es\/wp-content\/uploads\/sites\/4\/2022\/05\/apiban1.jpg","width":1050,"height":556,"caption":"Our capacitors have been used in F1 by Mercedes HPC."},{"@type":"BreadcrumbList","@id":"https:\/\/www.api-capacitors.com\/es\/automocion-y-avionica\/#breadcrumb","itemListElement":[{"@type":"ListItem","position":1,"name":"Home","item":"https:\/\/www.api-capacitors.com\/es\/"},{"@type":"ListItem","position":2,"name":"Automoci\u00f3n y Avi\u00f3nica"}]},{"@type":"WebSite","@id":"https:\/\/www.api-capacitors.com\/es\/#website","url":"https:\/\/www.api-capacitors.com\/es\/","name":"API Capacitors es","description":"DC Capacitors, AC Capacitors, Snubber Capacitors , Track Circuit Capacitors, Pulse Power Capacitors and Custom Capacitors","publisher":{"@id":"https:\/\/www.api-capacitors.com\/es\/#organization"},"potentialAction":[{"@type":"SearchAction","target":{"@type":"EntryPoint","urlTemplate":"https:\/\/www.api-capacitors.com\/es\/?s={search_term_string}"},"query-input":{"@type":"PropertyValueSpecification","valueRequired":true,"valueName":"search_term_string"}}],"inLanguage":"es"},{"@type":"Organization","@id":"https:\/\/www.api-capacitors.com\/es\/#organization","name":"API Capacitors es","url":"https:\/\/www.api-capacitors.com\/es\/","logo":{"@type":"ImageObject","inLanguage":"es","@id":"https:\/\/www.api-capacitors.com\/es\/#\/schema\/logo\/image\/","url":"https:\/\/www.api-capacitors.com\/es\/wp-content\/uploads\/sites\/4\/2022\/05\/cropped-NewLogos-06-e1653513321928.png","contentUrl":"https:\/\/www.api-capacitors.com\/es\/wp-content\/uploads\/sites\/4\/2022\/05\/cropped-NewLogos-06-e1653513321928.png","width":1404,"height":222,"caption":"API Capacitors es"},"image":{"@id":"https:\/\/www.api-capacitors.com\/es\/#\/schema\/logo\/image\/"}}]}},"_links":{"self":[{"href":"https:\/\/www.api-capacitors.com\/es\/wp-json\/wp\/v2\/pages\/916","targetHints":{"allow":["GET"]}}],"collection":[{"href":"https:\/\/www.api-capacitors.com\/es\/wp-json\/wp\/v2\/pages"}],"about":[{"href":"https:\/\/www.api-capacitors.com\/es\/wp-json\/wp\/v2\/types\/page"}],"author":[{"embeddable":true,"href":"https:\/\/www.api-capacitors.com\/es\/wp-json\/wp\/v2\/users\/1"}],"replies":[{"embeddable":true,"href":"https:\/\/www.api-capacitors.com\/es\/wp-json\/wp\/v2\/comments?post=916"}],"version-history":[{"count":30,"href":"https:\/\/www.api-capacitors.com\/es\/wp-json\/wp\/v2\/pages\/916\/revisions"}],"predecessor-version":[{"id":2659,"href":"https:\/\/www.api-capacitors.com\/es\/wp-json\/wp\/v2\/pages\/916\/revisions\/2659"}],"wp:featuredmedia":[{"embeddable":true,"href":"https:\/\/www.api-capacitors.com\/es\/wp-json\/wp\/v2\/media\/583"}],"wp:attachment":[{"href":"https:\/\/www.api-capacitors.com\/es\/wp-json\/wp\/v2\/media?parent=916"}],"curies":[{"name":"wp","href":"https:\/\/api.w.org\/{rel}","templated":true}]}}