{"id":895,"date":"2022-06-09T10:18:17","date_gmt":"2022-06-09T10:18:17","guid":{"rendered":"https:\/\/www.api-capacitors.com\/es\/?page_id=895"},"modified":"2023-05-03T12:10:57","modified_gmt":"2023-05-03T12:10:57","slug":"traccion-ferroviaria","status":"publish","type":"page","link":"https:\/\/www.api-capacitors.com\/es\/traccion-ferroviaria\/","title":{"rendered":"Tracci\u00f3n Ferroviaria"},"content":{"rendered":"\t\t<div data-elementor-type=\"wp-page\" data-elementor-id=\"895\" class=\"elementor elementor-895\">\n\t\t\t\t\t\t<section class=\"elementor-section elementor-top-section elementor-element elementor-element-03b88f8 elementor-section-boxed elementor-section-height-default elementor-section-height-default\" data-id=\"03b88f8\" data-element_type=\"section\" data-e-type=\"section\">\n\t\t\t\t\t\t<div class=\"elementor-container elementor-column-gap-default\">\n\t\t\t\t\t<div class=\"elementor-column elementor-col-50 elementor-top-column elementor-element elementor-element-cce91c3\" data-id=\"cce91c3\" data-element_type=\"column\" data-e-type=\"column\">\n\t\t\t<div class=\"elementor-widget-wrap elementor-element-populated\">\n\t\t\t\t\t\t<div class=\"elementor-element elementor-element-0b6a918 elementor-widget elementor-widget-text-editor\" data-id=\"0b6a918\" data-element_type=\"widget\" data-e-type=\"widget\" data-widget_type=\"text-editor.default\">\n\t\t\t\t<div class=\"elementor-widget-container\">\n\t\t\t\t\t\t\t\t\t<h3><strong>API Capacitors Ltd se enorgullece de suministrar productos de capacitores a muchos fabricantes de trenes, operadores y talleres de mantenimiento en todo el mundo desde su creaci\u00f3n en la d\u00e9cada de 1980.<\/strong><\/h3><p>Nuestros productos de capacitores son utilizados en una variedad de aplicaciones a bordo de muchos locomotoras el\u00e9ctricas, diesel el\u00e9ctricas, unidades m\u00faltiples, sistemas de metro y tranv\u00edas.<\/p>\t\t\t\t\t\t\t\t<\/div>\n\t\t\t\t<\/div>\n\t\t\t\t\t<\/div>\n\t\t<\/div>\n\t\t\t\t<div class=\"elementor-column elementor-col-50 elementor-top-column elementor-element elementor-element-e292304\" data-id=\"e292304\" data-element_type=\"column\" data-e-type=\"column\" data-settings=\"{&quot;background_background&quot;:&quot;classic&quot;}\">\n\t\t\t<div class=\"elementor-widget-wrap elementor-element-populated\">\n\t\t\t\t\t\t<div class=\"elementor-element elementor-element-777b293 elementor-widget elementor-widget-image\" data-id=\"777b293\" data-element_type=\"widget\" data-e-type=\"widget\" data-widget_type=\"image.default\">\n\t\t\t\t<div class=\"elementor-widget-container\">\n\t\t\t\t\t\t\t\t\t\t\t\t\t\t\t<img fetchpriority=\"high\" decoding=\"async\" width=\"300\" height=\"200\" src=\"https:\/\/www.api-capacitors.com\/es\/wp-content\/uploads\/sites\/4\/2022\/06\/rail3-300x200.jpg\" class=\"attachment-medium size-medium wp-image-790\" alt=\"capacitors used for rail\" srcset=\"https:\/\/www.api-capacitors.com\/es\/wp-content\/uploads\/sites\/4\/2022\/06\/rail3-300x200.jpg 300w, https:\/\/www.api-capacitors.com\/es\/wp-content\/uploads\/sites\/4\/2022\/06\/rail3.jpg 600w\" sizes=\"(max-width: 300px) 100vw, 300px\" \/>\t\t\t\t\t\t\t\t\t\t\t\t\t\t\t<\/div>\n\t\t\t\t<\/div>\n\t\t\t\t\t<\/div>\n\t\t<\/div>\n\t\t\t\t\t<\/div>\n\t\t<\/section>\n\t\t\t\t<section class=\"elementor-section elementor-top-section elementor-element elementor-element-7c06c21 elementor-section-boxed elementor-section-height-default elementor-section-height-default\" data-id=\"7c06c21\" data-element_type=\"section\" data-e-type=\"section\">\n\t\t\t\t\t\t<div class=\"elementor-container elementor-column-gap-default\">\n\t\t\t\t\t<div class=\"elementor-column elementor-col-100 elementor-top-column elementor-element elementor-element-ecb26ca\" data-id=\"ecb26ca\" data-element_type=\"column\" data-e-type=\"column\">\n\t\t\t<div class=\"elementor-widget-wrap elementor-element-populated\">\n\t\t\t\t\t\t<div class=\"elementor-element elementor-element-7a2b1fd elementor-widget elementor-widget-text-editor\" data-id=\"7a2b1fd\" data-element_type=\"widget\" data-e-type=\"widget\" data-widget_type=\"text-editor.default\">\n\t\t\t\t<div class=\"elementor-widget-container\">\n\t\t\t\t\t\t\t\t\t<div>\n<p>API Capacitors ha acumulado una impresionante lista de referencias de proyectos que incluyen a todos los l\u00edderes del mercado en el campo de la tracci\u00f3n. Con el paso de los a\u00f1os, API ha aprovechado estas experiencias, lo que nos ha permitido dise\u00f1ar y fabricar productos de clase mundial en nuestra instalaci\u00f3n de fabricaci\u00f3n brit\u00e1nica, en el coraz\u00f3n del pintoresco condado de Norfolk, Inglaterra.<\/p>\n<p>Nuestras dise\u00f1os utilizan materias primas de alta calidad provenientes de especialistas l\u00edderes en sus respectivos campos, para producir capacitores de alta calidad para su uso en sistemas de tracci\u00f3n basados en GTO y los sistemas m\u00e1s modernos basados en IGBT, as\u00ed como muchos otros sistemas el\u00e9ctricos relacionados, incluyendo los convertidores\/inversores principales y auxiliares. La gama de tracci\u00f3n incluye productos como amortiguadores, filtros arm\u00f3nicos de CA, capacitores de conmutaci\u00f3n, enlaces de CC y otros productos de capacitores sintonizados y de filtrado. Todos estos productos est\u00e1n disponibles en una variedad de estilos y materiales de carcasa, con terminales de barra de bus o terminaciones m\u00e1s convencionales.<\/p>\n<p>APIC fabrica y dise\u00f1a todos nuestros productos e incorporamos el cumplimiento de las normas ferroviarias europeas y aplicables asociadas. Operamos nuestro negocio dentro de un marco ISO 9001, del cual hemos ampliado a\u00fan m\u00e1s con nuestra acreditaci\u00f3n IRIS, reforzando nuestro estatus como proveedor cre\u00edble de componentes de capacitores en el mercado ferroviario mundial.<\/p>\n<p>El mercado actual est\u00e1 imponiendo demandas cada vez mayores en los capacitores de potencia, y APIC ha sido capaz de responder proporcionando productos que tienen una larga vida \u00fatil, alta confiabilidad, dise\u00f1os libres de aceite que son resistentes a los rayos UV, libres de hal\u00f3genos, utilizando materiales retardantes de llama y de baja emisi\u00f3n de humo. Los capacitores est\u00e1n dise\u00f1ados para operar en una variedad de ambientes h\u00famedos y tambi\u00e9n en temperaturas ambientales m\u00e1s altas.<br><\/p>\n<p>Adem\u00e1s de la precalificaci\u00f3n para proyectos de tracci\u00f3n de nueva construcci\u00f3n, APIC tambi\u00e9n puede proporcionar productos dise\u00f1ados a medida adecuados para resolver problemas de obsolescencia y renovaci\u00f3n de mediana edad. \u00bfEst\u00e1 pensando en condensadores de tracci\u00f3n ferroviaria?<\/p><p><span style=\"font-style: inherit; font-weight: inherit; color: var(--ast-global-color-3);\">Piense en APIC, su ventanilla \u00fanica para capacitores para rieles.<\/span><br><\/p>\n<\/div>\n<div>\n<div>&nbsp;<\/div>\n<div>&nbsp;<\/div>\n<\/div>\t\t\t\t\t\t\t\t<\/div>\n\t\t\t\t<\/div>\n\t\t\t\t\t<\/div>\n\t\t<\/div>\n\t\t\t\t\t<\/div>\n\t\t<\/section>\n\t\t\t\t<\/div>\n\t\t","protected":false},"excerpt":{"rendered":"<p>API Capacitors Ltd se enorgullece de suministrar productos de capacitores a muchos fabricantes de trenes, operadores y talleres de mantenimiento en todo el mundo desde su creaci\u00f3n en la d\u00e9cada de 1980. Nuestros productos de capacitores son utilizados en una variedad de aplicaciones a bordo de muchos locomotoras el\u00e9ctricas, diesel el\u00e9ctricas, unidades m\u00faltiples, sistemas de [&hellip;]<\/p>\n","protected":false},"author":1,"featured_media":584,"parent":0,"menu_order":0,"comment_status":"closed","ping_status":"closed","template":"","meta":{"site-sidebar-layout":"right-sidebar","site-content-layout":"default","ast-site-content-layout":"default","site-content-style":"default","site-sidebar-style":"default","ast-global-header-display":"","ast-banner-title-visibility":"","ast-main-header-display":"","ast-hfb-above-header-display":"","ast-hfb-below-header-display":"","ast-hfb-mobile-header-display":"","site-post-title":"disabled","ast-breadcrumbs-content":"","ast-featured-img":"disabled","footer-sml-layout":"","ast-disable-related-posts":"","theme-transparent-header-meta":"default","adv-header-id-meta":"","stick-header-meta":"","header-above-stick-meta":"","header-main-stick-meta":"","header-below-stick-meta":"","astra-migrate-meta-layouts":"default","ast-page-background-enabled":"default","ast-page-background-meta":{"desktop":{"background-color":"","background-image":"","background-repeat":"repeat","background-position":"center center","background-size":"auto","background-attachment":"scroll","background-type":"","background-media":"","overlay-type":"","overlay-color":"","overlay-opacity":"","overlay-gradient":""},"tablet":{"background-color":"","background-image":"","background-repeat":"repeat","background-position":"center center","background-size":"auto","background-attachment":"scroll","background-type":"","background-media":"","overlay-type":"","overlay-color":"","overlay-opacity":"","overlay-gradient":""},"mobile":{"background-color":"","background-image":"","background-repeat":"repeat","background-position":"center center","background-size":"auto","background-attachment":"scroll","background-type":"","background-media":"","overlay-type":"","overlay-color":"","overlay-opacity":"","overlay-gradient":""}},"ast-content-background-meta":{"desktop":{"background-color":"var(--ast-global-color-5)","background-image":"","background-repeat":"repeat","background-position":"center center","background-size":"auto","background-attachment":"scroll","background-type":"","background-media":"","overlay-type":"","overlay-color":"","overlay-opacity":"","overlay-gradient":""},"tablet":{"background-color":"var(--ast-global-color-5)","background-image":"","background-repeat":"repeat","background-position":"center center","background-size":"auto","background-attachment":"scroll","background-type":"","background-media":"","overlay-type":"","overlay-color":"","overlay-opacity":"","overlay-gradient":""},"mobile":{"background-color":"var(--ast-global-color-5)","background-image":"","background-repeat":"repeat","background-position":"center center","background-size":"auto","background-attachment":"scroll","background-type":"","background-media":"","overlay-type":"","overlay-color":"","overlay-opacity":"","overlay-gradient":""}},"footnotes":""},"class_list":["post-895","page","type-page","status-publish","has-post-thumbnail","hentry"],"yoast_head":"<!-- This site is optimized with the Yoast SEO plugin v27.5 - https:\/\/yoast.com\/product\/yoast-seo-wordpress\/ -->\n<title>Tracci\u00f3n Ferroviaria - API Capacitors es<\/title>\n<meta name=\"description\" content=\"API Capacitors ofrece soluciones de capacitores para sistemas de tracci\u00f3n ferroviaria con una gama de soluciones de dise\u00f1o personalizadas y varias variantes de capacitores, incluidos capacitores secos y llenos de aceite.\" \/>\n<meta name=\"robots\" content=\"index, follow, max-snippet:-1, max-image-preview:large, max-video-preview:-1\" \/>\n<link rel=\"canonical\" href=\"https:\/\/www.api-capacitors.com\/es\/traccion-ferroviaria\/\" \/>\n<meta property=\"og:locale\" content=\"es_ES\" \/>\n<meta property=\"og:type\" content=\"article\" \/>\n<meta property=\"og:title\" content=\"Tracci\u00f3n Ferroviaria - API Capacitors es\" \/>\n<meta property=\"og:description\" content=\"API Capacitors ofrece soluciones de capacitores para sistemas de tracci\u00f3n ferroviaria con una gama de soluciones de dise\u00f1o personalizadas y varias variantes de capacitores, incluidos capacitores secos y llenos de aceite.\" \/>\n<meta property=\"og:url\" content=\"https:\/\/www.api-capacitors.com\/es\/traccion-ferroviaria\/\" \/>\n<meta property=\"og:site_name\" content=\"API Capacitors es\" \/>\n<meta property=\"article:modified_time\" content=\"2023-05-03T12:10:57+00:00\" \/>\n<meta property=\"og:image\" content=\"https:\/\/www.api-capacitors.com\/es\/wp-content\/uploads\/sites\/4\/2022\/05\/apiban5.jpg\" \/>\n\t<meta property=\"og:image:width\" content=\"1050\" \/>\n\t<meta property=\"og:image:height\" content=\"556\" \/>\n\t<meta property=\"og:image:type\" content=\"image\/jpeg\" \/>\n<meta name=\"twitter:card\" content=\"summary_large_image\" \/>\n<meta name=\"twitter:label1\" content=\"Tiempo de lectura\" \/>\n\t<meta name=\"twitter:data1\" content=\"2 minutos\" \/>\n<script type=\"application\/ld+json\" class=\"yoast-schema-graph\">{\"@context\":\"https:\\\/\\\/schema.org\",\"@graph\":[{\"@type\":\"WebPage\",\"@id\":\"https:\\\/\\\/www.api-capacitors.com\\\/es\\\/traccion-ferroviaria\\\/\",\"url\":\"https:\\\/\\\/www.api-capacitors.com\\\/es\\\/traccion-ferroviaria\\\/\",\"name\":\"Tracci\u00f3n Ferroviaria - API Capacitors es\",\"isPartOf\":{\"@id\":\"https:\\\/\\\/www.api-capacitors.com\\\/es\\\/#website\"},\"primaryImageOfPage\":{\"@id\":\"https:\\\/\\\/www.api-capacitors.com\\\/es\\\/traccion-ferroviaria\\\/#primaryimage\"},\"image\":{\"@id\":\"https:\\\/\\\/www.api-capacitors.com\\\/es\\\/traccion-ferroviaria\\\/#primaryimage\"},\"thumbnailUrl\":\"https:\\\/\\\/www.api-capacitors.com\\\/es\\\/wp-content\\\/uploads\\\/sites\\\/4\\\/2022\\\/05\\\/apiban5.jpg\",\"datePublished\":\"2022-06-09T10:18:17+00:00\",\"dateModified\":\"2023-05-03T12:10:57+00:00\",\"description\":\"API Capacitors ofrece soluciones de capacitores para sistemas de tracci\u00f3n ferroviaria con una gama de soluciones de dise\u00f1o personalizadas y varias variantes de capacitores, incluidos capacitores secos y llenos de aceite.\",\"breadcrumb\":{\"@id\":\"https:\\\/\\\/www.api-capacitors.com\\\/es\\\/traccion-ferroviaria\\\/#breadcrumb\"},\"inLanguage\":\"es\",\"potentialAction\":[{\"@type\":\"ReadAction\",\"target\":[\"https:\\\/\\\/www.api-capacitors.com\\\/es\\\/traccion-ferroviaria\\\/\"]}]},{\"@type\":\"ImageObject\",\"inLanguage\":\"es\",\"@id\":\"https:\\\/\\\/www.api-capacitors.com\\\/es\\\/traccion-ferroviaria\\\/#primaryimage\",\"url\":\"https:\\\/\\\/www.api-capacitors.com\\\/es\\\/wp-content\\\/uploads\\\/sites\\\/4\\\/2022\\\/05\\\/apiban5.jpg\",\"contentUrl\":\"https:\\\/\\\/www.api-capacitors.com\\\/es\\\/wp-content\\\/uploads\\\/sites\\\/4\\\/2022\\\/05\\\/apiban5.jpg\",\"width\":1050,\"height\":556,\"caption\":\"Our capacitors have kept trains running on London's Underground for 25 years.\"},{\"@type\":\"BreadcrumbList\",\"@id\":\"https:\\\/\\\/www.api-capacitors.com\\\/es\\\/traccion-ferroviaria\\\/#breadcrumb\",\"itemListElement\":[{\"@type\":\"ListItem\",\"position\":1,\"name\":\"Home\",\"item\":\"https:\\\/\\\/www.api-capacitors.com\\\/es\\\/\"},{\"@type\":\"ListItem\",\"position\":2,\"name\":\"Tracci\u00f3n Ferroviaria\"}]},{\"@type\":\"WebSite\",\"@id\":\"https:\\\/\\\/www.api-capacitors.com\\\/es\\\/#website\",\"url\":\"https:\\\/\\\/www.api-capacitors.com\\\/es\\\/\",\"name\":\"API Capacitors es\",\"description\":\"DC Capacitors, AC Capacitors, Snubber Capacitors , Track Circuit Capacitors, Pulse Power Capacitors and Custom Capacitors\",\"publisher\":{\"@id\":\"https:\\\/\\\/www.api-capacitors.com\\\/es\\\/#organization\"},\"potentialAction\":[{\"@type\":\"SearchAction\",\"target\":{\"@type\":\"EntryPoint\",\"urlTemplate\":\"https:\\\/\\\/www.api-capacitors.com\\\/es\\\/?s={search_term_string}\"},\"query-input\":{\"@type\":\"PropertyValueSpecification\",\"valueRequired\":true,\"valueName\":\"search_term_string\"}}],\"inLanguage\":\"es\"},{\"@type\":\"Organization\",\"@id\":\"https:\\\/\\\/www.api-capacitors.com\\\/es\\\/#organization\",\"name\":\"API Capacitors es\",\"url\":\"https:\\\/\\\/www.api-capacitors.com\\\/es\\\/\",\"logo\":{\"@type\":\"ImageObject\",\"inLanguage\":\"es\",\"@id\":\"https:\\\/\\\/www.api-capacitors.com\\\/es\\\/#\\\/schema\\\/logo\\\/image\\\/\",\"url\":\"https:\\\/\\\/www.api-capacitors.com\\\/es\\\/wp-content\\\/uploads\\\/sites\\\/4\\\/2022\\\/05\\\/cropped-NewLogos-06-e1653513321928.png\",\"contentUrl\":\"https:\\\/\\\/www.api-capacitors.com\\\/es\\\/wp-content\\\/uploads\\\/sites\\\/4\\\/2022\\\/05\\\/cropped-NewLogos-06-e1653513321928.png\",\"width\":1404,\"height\":222,\"caption\":\"API Capacitors es\"},\"image\":{\"@id\":\"https:\\\/\\\/www.api-capacitors.com\\\/es\\\/#\\\/schema\\\/logo\\\/image\\\/\"}}]}<\/script>\n<!-- \/ Yoast SEO plugin. -->","yoast_head_json":{"title":"Tracci\u00f3n Ferroviaria - API Capacitors es","description":"API Capacitors ofrece soluciones de capacitores para sistemas de tracci\u00f3n ferroviaria con una gama de soluciones de dise\u00f1o personalizadas y varias variantes de capacitores, incluidos capacitores secos y llenos de aceite.","robots":{"index":"index","follow":"follow","max-snippet":"max-snippet:-1","max-image-preview":"max-image-preview:large","max-video-preview":"max-video-preview:-1"},"canonical":"https:\/\/www.api-capacitors.com\/es\/traccion-ferroviaria\/","og_locale":"es_ES","og_type":"article","og_title":"Tracci\u00f3n Ferroviaria - API Capacitors es","og_description":"API Capacitors ofrece soluciones de capacitores para sistemas de tracci\u00f3n ferroviaria con una gama de soluciones de dise\u00f1o personalizadas y varias variantes de capacitores, incluidos capacitores secos y llenos de aceite.","og_url":"https:\/\/www.api-capacitors.com\/es\/traccion-ferroviaria\/","og_site_name":"API Capacitors es","article_modified_time":"2023-05-03T12:10:57+00:00","og_image":[{"width":1050,"height":556,"url":"https:\/\/www.api-capacitors.com\/es\/wp-content\/uploads\/sites\/4\/2022\/05\/apiban5.jpg","type":"image\/jpeg"}],"twitter_card":"summary_large_image","twitter_misc":{"Tiempo de lectura":"2 minutos"},"schema":{"@context":"https:\/\/schema.org","@graph":[{"@type":"WebPage","@id":"https:\/\/www.api-capacitors.com\/es\/traccion-ferroviaria\/","url":"https:\/\/www.api-capacitors.com\/es\/traccion-ferroviaria\/","name":"Tracci\u00f3n Ferroviaria - API Capacitors es","isPartOf":{"@id":"https:\/\/www.api-capacitors.com\/es\/#website"},"primaryImageOfPage":{"@id":"https:\/\/www.api-capacitors.com\/es\/traccion-ferroviaria\/#primaryimage"},"image":{"@id":"https:\/\/www.api-capacitors.com\/es\/traccion-ferroviaria\/#primaryimage"},"thumbnailUrl":"https:\/\/www.api-capacitors.com\/es\/wp-content\/uploads\/sites\/4\/2022\/05\/apiban5.jpg","datePublished":"2022-06-09T10:18:17+00:00","dateModified":"2023-05-03T12:10:57+00:00","description":"API Capacitors ofrece soluciones de capacitores para sistemas de tracci\u00f3n ferroviaria con una gama de soluciones de dise\u00f1o personalizadas y varias variantes de capacitores, incluidos capacitores secos y llenos de aceite.","breadcrumb":{"@id":"https:\/\/www.api-capacitors.com\/es\/traccion-ferroviaria\/#breadcrumb"},"inLanguage":"es","potentialAction":[{"@type":"ReadAction","target":["https:\/\/www.api-capacitors.com\/es\/traccion-ferroviaria\/"]}]},{"@type":"ImageObject","inLanguage":"es","@id":"https:\/\/www.api-capacitors.com\/es\/traccion-ferroviaria\/#primaryimage","url":"https:\/\/www.api-capacitors.com\/es\/wp-content\/uploads\/sites\/4\/2022\/05\/apiban5.jpg","contentUrl":"https:\/\/www.api-capacitors.com\/es\/wp-content\/uploads\/sites\/4\/2022\/05\/apiban5.jpg","width":1050,"height":556,"caption":"Our capacitors have kept trains running on London's Underground for 25 years."},{"@type":"BreadcrumbList","@id":"https:\/\/www.api-capacitors.com\/es\/traccion-ferroviaria\/#breadcrumb","itemListElement":[{"@type":"ListItem","position":1,"name":"Home","item":"https:\/\/www.api-capacitors.com\/es\/"},{"@type":"ListItem","position":2,"name":"Tracci\u00f3n Ferroviaria"}]},{"@type":"WebSite","@id":"https:\/\/www.api-capacitors.com\/es\/#website","url":"https:\/\/www.api-capacitors.com\/es\/","name":"API Capacitors es","description":"DC Capacitors, AC Capacitors, Snubber Capacitors , Track Circuit Capacitors, Pulse Power Capacitors and Custom Capacitors","publisher":{"@id":"https:\/\/www.api-capacitors.com\/es\/#organization"},"potentialAction":[{"@type":"SearchAction","target":{"@type":"EntryPoint","urlTemplate":"https:\/\/www.api-capacitors.com\/es\/?s={search_term_string}"},"query-input":{"@type":"PropertyValueSpecification","valueRequired":true,"valueName":"search_term_string"}}],"inLanguage":"es"},{"@type":"Organization","@id":"https:\/\/www.api-capacitors.com\/es\/#organization","name":"API Capacitors es","url":"https:\/\/www.api-capacitors.com\/es\/","logo":{"@type":"ImageObject","inLanguage":"es","@id":"https:\/\/www.api-capacitors.com\/es\/#\/schema\/logo\/image\/","url":"https:\/\/www.api-capacitors.com\/es\/wp-content\/uploads\/sites\/4\/2022\/05\/cropped-NewLogos-06-e1653513321928.png","contentUrl":"https:\/\/www.api-capacitors.com\/es\/wp-content\/uploads\/sites\/4\/2022\/05\/cropped-NewLogos-06-e1653513321928.png","width":1404,"height":222,"caption":"API Capacitors es"},"image":{"@id":"https:\/\/www.api-capacitors.com\/es\/#\/schema\/logo\/image\/"}}]}},"_links":{"self":[{"href":"https:\/\/www.api-capacitors.com\/es\/wp-json\/wp\/v2\/pages\/895","targetHints":{"allow":["GET"]}}],"collection":[{"href":"https:\/\/www.api-capacitors.com\/es\/wp-json\/wp\/v2\/pages"}],"about":[{"href":"https:\/\/www.api-capacitors.com\/es\/wp-json\/wp\/v2\/types\/page"}],"author":[{"embeddable":true,"href":"https:\/\/www.api-capacitors.com\/es\/wp-json\/wp\/v2\/users\/1"}],"replies":[{"embeddable":true,"href":"https:\/\/www.api-capacitors.com\/es\/wp-json\/wp\/v2\/comments?post=895"}],"version-history":[{"count":39,"href":"https:\/\/www.api-capacitors.com\/es\/wp-json\/wp\/v2\/pages\/895\/revisions"}],"predecessor-version":[{"id":2792,"href":"https:\/\/www.api-capacitors.com\/es\/wp-json\/wp\/v2\/pages\/895\/revisions\/2792"}],"wp:featuredmedia":[{"embeddable":true,"href":"https:\/\/www.api-capacitors.com\/es\/wp-json\/wp\/v2\/media\/584"}],"wp:attachment":[{"href":"https:\/\/www.api-capacitors.com\/es\/wp-json\/wp\/v2\/media?parent=895"}],"curies":[{"name":"wp","href":"https:\/\/api.w.org\/{rel}","templated":true}]}}