{"id":815,"date":"2022-06-09T09:20:13","date_gmt":"2022-06-09T09:20:13","guid":{"rendered":"https:\/\/www.api-capacitors.com\/es\/?page_id=815"},"modified":"2023-05-03T10:30:13","modified_gmt":"2023-05-03T10:30:13","slug":"condensadores-amortiguadores","status":"publish","type":"page","link":"https:\/\/www.api-capacitors.com\/es\/condensadores-amortiguadores\/","title":{"rendered":"Condensadores amortiguadores"},"content":{"rendered":"\t\t<div data-elementor-type=\"wp-page\" data-elementor-id=\"815\" class=\"elementor elementor-815\">\n\t\t\t\t\t\t<section class=\"elementor-section elementor-top-section elementor-element elementor-element-rxmdlrx elementor-section-boxed elementor-section-height-default elementor-section-height-default\" data-id=\"rxmdlrx\" data-element_type=\"section\" data-e-type=\"section\">\n\t\t\t\t\t\t<div class=\"elementor-container elementor-column-gap-default\">\n\t\t\t\t\t<div class=\"elementor-column elementor-col-50 elementor-top-column elementor-element elementor-element-f088365\" data-id=\"f088365\" data-element_type=\"column\" data-e-type=\"column\">\n\t\t\t<div class=\"elementor-widget-wrap elementor-element-populated\">\n\t\t\t\t\t\t<div class=\"elementor-element elementor-element-6e014a0 elementor-widget elementor-widget-text-editor\" data-id=\"6e014a0\" data-element_type=\"widget\" data-e-type=\"widget\" data-widget_type=\"text-editor.default\">\n\t\t\t\t<div class=\"elementor-widget-container\">\n\t\t\t\t\t\t\t\t\t<p>API Capacitors ofrece una amplia gama de condensadores amortiguadores para GTO, IGCT y otros dispositivos tiristores. La corriente, el voltaje, el tama\u00f1o, la masa y las terminaciones se adaptan a los requisitos y la aplicaci\u00f3n del cliente, algunos de los cuales se enumeran a continuaci\u00f3n.<\/p><p>La larga vida \u00fatil y la alta fiabilidad se consiguen utilizando una pel\u00edcula diel\u00e9ctrica de polipropileno metalizado, isot\u00e1ctico, de densidad de defectos ultrabaja, que incorpora un rango de temperatura de trabajo ampliado y capacidad de autocuraci\u00f3n. La alta capacidad de transporte de corriente se consigue utilizando electrodos de l\u00e1mina de baja resistencia. Los condensadores se impregnan con un aceite inocuo para el medio ambiente y luego se terminan en una carcasa de pol\u00edmero aislante o se encapsulan en resina.<\/p><p>Tambi\u00e9n hay disponibles soluciones secas sin fugas.<\/p>\t\t\t\t\t\t\t\t<\/div>\n\t\t\t\t<\/div>\n\t\t\t\t\t<\/div>\n\t\t<\/div>\n\t\t\t\t<div class=\"elementor-column elementor-col-50 elementor-top-column elementor-element elementor-element-9abba43\" data-id=\"9abba43\" data-element_type=\"column\" data-e-type=\"column\" data-settings=\"{&quot;background_background&quot;:&quot;classic&quot;}\">\n\t\t\t<div class=\"elementor-widget-wrap elementor-element-populated\">\n\t\t\t\t\t\t<div class=\"elementor-element elementor-element-4245b55 elementor-widget elementor-widget-image\" data-id=\"4245b55\" data-element_type=\"widget\" data-e-type=\"widget\" data-widget_type=\"image.default\">\n\t\t\t\t<div class=\"elementor-widget-container\">\n\t\t\t\t\t\t\t\t\t\t\t\t\t\t\t<img fetchpriority=\"high\" decoding=\"async\" width=\"426\" height=\"337\" src=\"https:\/\/www.api-capacitors.com\/es\/wp-content\/uploads\/sites\/4\/2022\/06\/APIC_Snubber-Capacitors.png\" class=\"attachment-full size-full wp-image-818\" alt=\"Snubber Capacitors\" srcset=\"https:\/\/www.api-capacitors.com\/es\/wp-content\/uploads\/sites\/4\/2022\/06\/APIC_Snubber-Capacitors.png 426w, https:\/\/www.api-capacitors.com\/es\/wp-content\/uploads\/sites\/4\/2022\/06\/APIC_Snubber-Capacitors-300x237.png 300w\" sizes=\"(max-width: 426px) 100vw, 426px\" \/>\t\t\t\t\t\t\t\t\t\t\t\t\t\t\t<\/div>\n\t\t\t\t<\/div>\n\t\t\t\t\t<\/div>\n\t\t<\/div>\n\t\t\t\t\t<\/div>\n\t\t<\/section>\n\t\t\t\t<section class=\"elementor-section elementor-top-section elementor-element elementor-element-7811152 elementor-section-boxed elementor-section-height-default elementor-section-height-default\" data-id=\"7811152\" data-element_type=\"section\" data-e-type=\"section\">\n\t\t\t\t\t\t<div class=\"elementor-container elementor-column-gap-default\">\n\t\t\t\t\t<div class=\"elementor-column elementor-col-100 elementor-top-column elementor-element elementor-element-5d16aa0\" data-id=\"5d16aa0\" data-element_type=\"column\" data-e-type=\"column\">\n\t\t\t<div class=\"elementor-widget-wrap elementor-element-populated\">\n\t\t\t\t\t\t<div class=\"elementor-element elementor-element-7735a00 elementor-widget elementor-widget-text-editor\" data-id=\"7735a00\" data-element_type=\"widget\" data-e-type=\"widget\" data-widget_type=\"text-editor.default\">\n\t\t\t\t<div class=\"elementor-widget-container\">\n\t\t\t\t\t\t\t\t\t<h3>Aplicaciones T\u00edpicas<\/h3><p>Se utiliza en los sectores del transporte, la marina, la automoci\u00f3n, el aeroespacial, el militar, el m\u00e9dico, las energ\u00edas renovables, la distribuci\u00f3n de energ\u00eda y otras aplicaciones industriales.<\/p><p><strong>Accionamientos est\u00e1ticos\/no est\u00e1ticos<\/strong> (Propulsi\u00f3n, Tracci\u00f3n, Ascensores, Escaleras mec\u00e1nicas,<br \/>Transportadores, Telef\u00e9ricos)<br \/><strong>Electr\u00f3nica de potencia<\/strong> (Soldadura, Hornos, Calentamiento por inducci\u00f3n, L\u00e1seres, Esc\u00e1neres, Detectores) <strong>Transmisi\u00f3n de<\/strong> potencia (Acondicionamiento, Desintonizaci\u00f3n, FACTS, STATCOM, SVC)<br \/><strong>Ferrocarril de pasajeros\/mercanc\u00edas<\/strong> (Circuitos auxiliares: iluminaci\u00f3n, calefacci\u00f3n, ventilaci\u00f3n, comunicaci\u00f3n)<br \/><strong>Veh\u00edculos el\u00e9ctricos\/h\u00edbridos (KERS) Filtros<\/strong> (Suavizado, Supresi\u00f3n, Arm\u00f3nicos)<br \/><strong>Convertidores<\/strong> (Inversores, Rectificadores, Choppers, Cicloconvertidores)<\/p><h3>Features<\/h3><ul><li>Long Life and High Reliability<\/li><li>Self-Healing Technology<\/li><li>Oil Filled or Dry<\/li><li>Insulated Cases<\/li><li>UV Resistance, Halogen Free, Low Smoke and Flame Retardant Materials<\/li><\/ul><h3>Custom Design Capacitors<\/h3><p>Dise\u00f1ados para cumplir especificaciones detalladas o breves. Nuestros representantes t\u00e9cnicos de ventas pueden trabajar estrechamente con su equipo de dise\u00f1o en la fase de concepto o en las fases posteriores de un proyecto cuando se necesite un dise\u00f1o con un tiempo cr\u00edtico. <a href=\"\/es\/piezas-obsoletas\/\">Alternativamente, se pueden ofrecer sustituciones similares para dise\u00f1os de retroadaptaci\u00f3n m\u00e1s antiguos.<\/a><\/p>\t\t\t\t\t\t\t\t<\/div>\n\t\t\t\t<\/div>\n\t\t\t\t\t<\/div>\n\t\t<\/div>\n\t\t\t\t\t<\/div>\n\t\t<\/section>\n\t\t\t\t<section class=\"elementor-section elementor-top-section elementor-element elementor-element-9dea2a7 elementor-section-boxed elementor-section-height-default elementor-section-height-default\" data-id=\"9dea2a7\" data-element_type=\"section\" data-e-type=\"section\">\n\t\t\t\t\t\t<div class=\"elementor-container elementor-column-gap-default\">\n\t\t\t\t\t<div class=\"elementor-column elementor-col-100 elementor-top-column elementor-element elementor-element-6b45434\" data-id=\"6b45434\" data-element_type=\"column\" data-e-type=\"column\">\n\t\t\t<div class=\"elementor-widget-wrap elementor-element-populated\">\n\t\t\t\t\t\t<div class=\"elementor-element elementor-element-fc97183 elementor-widget elementor-widget-spacer\" data-id=\"fc97183\" data-element_type=\"widget\" data-e-type=\"widget\" data-widget_type=\"spacer.default\">\n\t\t\t\t<div class=\"elementor-widget-container\">\n\t\t\t\t\t\t\t<div class=\"elementor-spacer\">\n\t\t\t<div class=\"elementor-spacer-inner\"><\/div>\n\t\t<\/div>\n\t\t\t\t\t\t<\/div>\n\t\t\t\t<\/div>\n\t\t\t\t\t<\/div>\n\t\t<\/div>\n\t\t\t\t\t<\/div>\n\t\t<\/section>\n\t\t\t\t<\/div>\n\t\t","protected":false},"excerpt":{"rendered":"<p>API Capacitors ofrece una amplia gama de condensadores amortiguadores para GTO, IGCT y otros dispositivos tiristores. La corriente, el voltaje, el tama\u00f1o, la masa y las terminaciones se adaptan a los requisitos y la aplicaci\u00f3n del cliente, algunos de los cuales se enumeran a continuaci\u00f3n. La larga vida \u00fatil y la alta fiabilidad se consiguen [&hellip;]<\/p>\n","protected":false},"author":1,"featured_media":0,"parent":0,"menu_order":0,"comment_status":"closed","ping_status":"closed","template":"","meta":{"site-sidebar-layout":"right-sidebar","site-content-layout":"default","ast-site-content-layout":"default","site-content-style":"default","site-sidebar-style":"default","ast-global-header-display":"","ast-banner-title-visibility":"","ast-main-header-display":"","ast-hfb-above-header-display":"","ast-hfb-below-header-display":"","ast-hfb-mobile-header-display":"","site-post-title":"disabled","ast-breadcrumbs-content":"","ast-featured-img":"disabled","footer-sml-layout":"","ast-disable-related-posts":"","theme-transparent-header-meta":"default","adv-header-id-meta":"","stick-header-meta":"","header-above-stick-meta":"","header-main-stick-meta":"","header-below-stick-meta":"","astra-migrate-meta-layouts":"default","ast-page-background-enabled":"default","ast-page-background-meta":{"desktop":{"background-color":"","background-image":"","background-repeat":"repeat","background-position":"center center","background-size":"auto","background-attachment":"scroll","background-type":"","background-media":"","overlay-type":"","overlay-color":"","overlay-opacity":"","overlay-gradient":""},"tablet":{"background-color":"","background-image":"","background-repeat":"repeat","background-position":"center center","background-size":"auto","background-attachment":"scroll","background-type":"","background-media":"","overlay-type":"","overlay-color":"","overlay-opacity":"","overlay-gradient":""},"mobile":{"background-color":"","background-image":"","background-repeat":"repeat","background-position":"center center","background-size":"auto","background-attachment":"scroll","background-type":"","background-media":"","overlay-type":"","overlay-color":"","overlay-opacity":"","overlay-gradient":""}},"ast-content-background-meta":{"desktop":{"background-color":"var(--ast-global-color-5)","background-image":"","background-repeat":"repeat","background-position":"center center","background-size":"auto","background-attachment":"scroll","background-type":"","background-media":"","overlay-type":"","overlay-color":"","overlay-opacity":"","overlay-gradient":""},"tablet":{"background-color":"var(--ast-global-color-5)","background-image":"","background-repeat":"repeat","background-position":"center center","background-size":"auto","background-attachment":"scroll","background-type":"","background-media":"","overlay-type":"","overlay-color":"","overlay-opacity":"","overlay-gradient":""},"mobile":{"background-color":"var(--ast-global-color-5)","background-image":"","background-repeat":"repeat","background-position":"center center","background-size":"auto","background-attachment":"scroll","background-type":"","background-media":"","overlay-type":"","overlay-color":"","overlay-opacity":"","overlay-gradient":""}},"footnotes":""},"class_list":["post-815","page","type-page","status-publish","hentry"],"yoast_head":"<!-- This site is optimized with the Yoast SEO plugin v27.4 - https:\/\/yoast.com\/product\/yoast-seo-wordpress\/ -->\n<title>Condensadores amortiguadores - API Capacitors es<\/title>\n<meta name=\"description\" content=\"Ofrecemos una gama de condensadores amortiguadores de alta calidad dise\u00f1ados para aplicaciones de alta tensi\u00f3n y alta corriente, que proporcionan un rendimiento fiable y eficiente para diversos usos industriales y comerciales.\" \/>\n<meta name=\"robots\" content=\"index, follow, max-snippet:-1, max-image-preview:large, max-video-preview:-1\" \/>\n<link rel=\"canonical\" href=\"https:\/\/www.api-capacitors.com\/es\/condensadores-amortiguadores\/\" \/>\n<meta property=\"og:locale\" content=\"es_ES\" \/>\n<meta property=\"og:type\" content=\"article\" \/>\n<meta property=\"og:title\" content=\"Condensadores amortiguadores - API Capacitors es\" \/>\n<meta property=\"og:description\" content=\"Ofrecemos una gama de condensadores amortiguadores de alta calidad dise\u00f1ados para aplicaciones de alta tensi\u00f3n y alta corriente, que proporcionan un rendimiento fiable y eficiente para diversos usos industriales y comerciales.\" \/>\n<meta property=\"og:url\" content=\"https:\/\/www.api-capacitors.com\/es\/condensadores-amortiguadores\/\" \/>\n<meta property=\"og:site_name\" content=\"API Capacitors es\" \/>\n<meta property=\"article:modified_time\" content=\"2023-05-03T10:30:13+00:00\" \/>\n<meta property=\"og:image\" content=\"https:\/\/www.api-capacitors.com\/es\/wp-content\/uploads\/sites\/4\/2022\/06\/APIC_Snubber-Capacitors.png\" \/>\n<meta name=\"twitter:card\" content=\"summary_large_image\" \/>\n<meta name=\"twitter:label1\" content=\"Tiempo de lectura\" \/>\n\t<meta name=\"twitter:data1\" content=\"2 minutos\" \/>\n<script type=\"application\/ld+json\" class=\"yoast-schema-graph\">{\"@context\":\"https:\\\/\\\/schema.org\",\"@graph\":[{\"@type\":\"WebPage\",\"@id\":\"https:\\\/\\\/www.api-capacitors.com\\\/es\\\/condensadores-amortiguadores\\\/\",\"url\":\"https:\\\/\\\/www.api-capacitors.com\\\/es\\\/condensadores-amortiguadores\\\/\",\"name\":\"Condensadores amortiguadores - API Capacitors es\",\"isPartOf\":{\"@id\":\"https:\\\/\\\/www.api-capacitors.com\\\/es\\\/#website\"},\"primaryImageOfPage\":{\"@id\":\"https:\\\/\\\/www.api-capacitors.com\\\/es\\\/condensadores-amortiguadores\\\/#primaryimage\"},\"image\":{\"@id\":\"https:\\\/\\\/www.api-capacitors.com\\\/es\\\/condensadores-amortiguadores\\\/#primaryimage\"},\"thumbnailUrl\":\"https:\\\/\\\/www.api-capacitors.com\\\/es\\\/wp-content\\\/uploads\\\/sites\\\/4\\\/2022\\\/06\\\/APIC_Snubber-Capacitors.png\",\"datePublished\":\"2022-06-09T09:20:13+00:00\",\"dateModified\":\"2023-05-03T10:30:13+00:00\",\"description\":\"Ofrecemos una gama de condensadores amortiguadores de alta calidad dise\u00f1ados para aplicaciones de alta tensi\u00f3n y alta corriente, que proporcionan un rendimiento fiable y eficiente para diversos usos industriales y comerciales.\",\"breadcrumb\":{\"@id\":\"https:\\\/\\\/www.api-capacitors.com\\\/es\\\/condensadores-amortiguadores\\\/#breadcrumb\"},\"inLanguage\":\"es\",\"potentialAction\":[{\"@type\":\"ReadAction\",\"target\":[\"https:\\\/\\\/www.api-capacitors.com\\\/es\\\/condensadores-amortiguadores\\\/\"]}]},{\"@type\":\"ImageObject\",\"inLanguage\":\"es\",\"@id\":\"https:\\\/\\\/www.api-capacitors.com\\\/es\\\/condensadores-amortiguadores\\\/#primaryimage\",\"url\":\"https:\\\/\\\/www.api-capacitors.com\\\/es\\\/wp-content\\\/uploads\\\/sites\\\/4\\\/2022\\\/06\\\/APIC_Snubber-Capacitors.png\",\"contentUrl\":\"https:\\\/\\\/www.api-capacitors.com\\\/es\\\/wp-content\\\/uploads\\\/sites\\\/4\\\/2022\\\/06\\\/APIC_Snubber-Capacitors.png\",\"width\":426,\"height\":337,\"caption\":\"Snubber Capacitors\"},{\"@type\":\"BreadcrumbList\",\"@id\":\"https:\\\/\\\/www.api-capacitors.com\\\/es\\\/condensadores-amortiguadores\\\/#breadcrumb\",\"itemListElement\":[{\"@type\":\"ListItem\",\"position\":1,\"name\":\"Home\",\"item\":\"https:\\\/\\\/www.api-capacitors.com\\\/es\\\/\"},{\"@type\":\"ListItem\",\"position\":2,\"name\":\"Condensadores amortiguadores\"}]},{\"@type\":\"WebSite\",\"@id\":\"https:\\\/\\\/www.api-capacitors.com\\\/es\\\/#website\",\"url\":\"https:\\\/\\\/www.api-capacitors.com\\\/es\\\/\",\"name\":\"API Capacitors es\",\"description\":\"DC Capacitors, AC Capacitors, Snubber Capacitors , Track Circuit Capacitors, Pulse Power Capacitors and Custom Capacitors\",\"publisher\":{\"@id\":\"https:\\\/\\\/www.api-capacitors.com\\\/es\\\/#organization\"},\"potentialAction\":[{\"@type\":\"SearchAction\",\"target\":{\"@type\":\"EntryPoint\",\"urlTemplate\":\"https:\\\/\\\/www.api-capacitors.com\\\/es\\\/?s={search_term_string}\"},\"query-input\":{\"@type\":\"PropertyValueSpecification\",\"valueRequired\":true,\"valueName\":\"search_term_string\"}}],\"inLanguage\":\"es\"},{\"@type\":\"Organization\",\"@id\":\"https:\\\/\\\/www.api-capacitors.com\\\/es\\\/#organization\",\"name\":\"API Capacitors es\",\"url\":\"https:\\\/\\\/www.api-capacitors.com\\\/es\\\/\",\"logo\":{\"@type\":\"ImageObject\",\"inLanguage\":\"es\",\"@id\":\"https:\\\/\\\/www.api-capacitors.com\\\/es\\\/#\\\/schema\\\/logo\\\/image\\\/\",\"url\":\"https:\\\/\\\/www.api-capacitors.com\\\/es\\\/wp-content\\\/uploads\\\/sites\\\/4\\\/2022\\\/05\\\/cropped-NewLogos-06-e1653513321928.png\",\"contentUrl\":\"https:\\\/\\\/www.api-capacitors.com\\\/es\\\/wp-content\\\/uploads\\\/sites\\\/4\\\/2022\\\/05\\\/cropped-NewLogos-06-e1653513321928.png\",\"width\":1404,\"height\":222,\"caption\":\"API Capacitors es\"},\"image\":{\"@id\":\"https:\\\/\\\/www.api-capacitors.com\\\/es\\\/#\\\/schema\\\/logo\\\/image\\\/\"}}]}<\/script>\n<!-- \/ Yoast SEO plugin. -->","yoast_head_json":{"title":"Condensadores amortiguadores - API Capacitors es","description":"Ofrecemos una gama de condensadores amortiguadores de alta calidad dise\u00f1ados para aplicaciones de alta tensi\u00f3n y alta corriente, que proporcionan un rendimiento fiable y eficiente para diversos usos industriales y comerciales.","robots":{"index":"index","follow":"follow","max-snippet":"max-snippet:-1","max-image-preview":"max-image-preview:large","max-video-preview":"max-video-preview:-1"},"canonical":"https:\/\/www.api-capacitors.com\/es\/condensadores-amortiguadores\/","og_locale":"es_ES","og_type":"article","og_title":"Condensadores amortiguadores - API Capacitors es","og_description":"Ofrecemos una gama de condensadores amortiguadores de alta calidad dise\u00f1ados para aplicaciones de alta tensi\u00f3n y alta corriente, que proporcionan un rendimiento fiable y eficiente para diversos usos industriales y comerciales.","og_url":"https:\/\/www.api-capacitors.com\/es\/condensadores-amortiguadores\/","og_site_name":"API Capacitors es","article_modified_time":"2023-05-03T10:30:13+00:00","og_image":[{"url":"https:\/\/www.api-capacitors.com\/es\/wp-content\/uploads\/sites\/4\/2022\/06\/APIC_Snubber-Capacitors.png","type":"","width":"","height":""}],"twitter_card":"summary_large_image","twitter_misc":{"Tiempo de lectura":"2 minutos"},"schema":{"@context":"https:\/\/schema.org","@graph":[{"@type":"WebPage","@id":"https:\/\/www.api-capacitors.com\/es\/condensadores-amortiguadores\/","url":"https:\/\/www.api-capacitors.com\/es\/condensadores-amortiguadores\/","name":"Condensadores amortiguadores - API Capacitors es","isPartOf":{"@id":"https:\/\/www.api-capacitors.com\/es\/#website"},"primaryImageOfPage":{"@id":"https:\/\/www.api-capacitors.com\/es\/condensadores-amortiguadores\/#primaryimage"},"image":{"@id":"https:\/\/www.api-capacitors.com\/es\/condensadores-amortiguadores\/#primaryimage"},"thumbnailUrl":"https:\/\/www.api-capacitors.com\/es\/wp-content\/uploads\/sites\/4\/2022\/06\/APIC_Snubber-Capacitors.png","datePublished":"2022-06-09T09:20:13+00:00","dateModified":"2023-05-03T10:30:13+00:00","description":"Ofrecemos una gama de condensadores amortiguadores de alta calidad dise\u00f1ados para aplicaciones de alta tensi\u00f3n y alta corriente, que proporcionan un rendimiento fiable y eficiente para diversos usos industriales y comerciales.","breadcrumb":{"@id":"https:\/\/www.api-capacitors.com\/es\/condensadores-amortiguadores\/#breadcrumb"},"inLanguage":"es","potentialAction":[{"@type":"ReadAction","target":["https:\/\/www.api-capacitors.com\/es\/condensadores-amortiguadores\/"]}]},{"@type":"ImageObject","inLanguage":"es","@id":"https:\/\/www.api-capacitors.com\/es\/condensadores-amortiguadores\/#primaryimage","url":"https:\/\/www.api-capacitors.com\/es\/wp-content\/uploads\/sites\/4\/2022\/06\/APIC_Snubber-Capacitors.png","contentUrl":"https:\/\/www.api-capacitors.com\/es\/wp-content\/uploads\/sites\/4\/2022\/06\/APIC_Snubber-Capacitors.png","width":426,"height":337,"caption":"Snubber Capacitors"},{"@type":"BreadcrumbList","@id":"https:\/\/www.api-capacitors.com\/es\/condensadores-amortiguadores\/#breadcrumb","itemListElement":[{"@type":"ListItem","position":1,"name":"Home","item":"https:\/\/www.api-capacitors.com\/es\/"},{"@type":"ListItem","position":2,"name":"Condensadores amortiguadores"}]},{"@type":"WebSite","@id":"https:\/\/www.api-capacitors.com\/es\/#website","url":"https:\/\/www.api-capacitors.com\/es\/","name":"API Capacitors es","description":"DC Capacitors, AC Capacitors, Snubber Capacitors , Track Circuit Capacitors, Pulse Power Capacitors and Custom Capacitors","publisher":{"@id":"https:\/\/www.api-capacitors.com\/es\/#organization"},"potentialAction":[{"@type":"SearchAction","target":{"@type":"EntryPoint","urlTemplate":"https:\/\/www.api-capacitors.com\/es\/?s={search_term_string}"},"query-input":{"@type":"PropertyValueSpecification","valueRequired":true,"valueName":"search_term_string"}}],"inLanguage":"es"},{"@type":"Organization","@id":"https:\/\/www.api-capacitors.com\/es\/#organization","name":"API Capacitors es","url":"https:\/\/www.api-capacitors.com\/es\/","logo":{"@type":"ImageObject","inLanguage":"es","@id":"https:\/\/www.api-capacitors.com\/es\/#\/schema\/logo\/image\/","url":"https:\/\/www.api-capacitors.com\/es\/wp-content\/uploads\/sites\/4\/2022\/05\/cropped-NewLogos-06-e1653513321928.png","contentUrl":"https:\/\/www.api-capacitors.com\/es\/wp-content\/uploads\/sites\/4\/2022\/05\/cropped-NewLogos-06-e1653513321928.png","width":1404,"height":222,"caption":"API Capacitors es"},"image":{"@id":"https:\/\/www.api-capacitors.com\/es\/#\/schema\/logo\/image\/"}}]}},"_links":{"self":[{"href":"https:\/\/www.api-capacitors.com\/es\/wp-json\/wp\/v2\/pages\/815","targetHints":{"allow":["GET"]}}],"collection":[{"href":"https:\/\/www.api-capacitors.com\/es\/wp-json\/wp\/v2\/pages"}],"about":[{"href":"https:\/\/www.api-capacitors.com\/es\/wp-json\/wp\/v2\/types\/page"}],"author":[{"embeddable":true,"href":"https:\/\/www.api-capacitors.com\/es\/wp-json\/wp\/v2\/users\/1"}],"replies":[{"embeddable":true,"href":"https:\/\/www.api-capacitors.com\/es\/wp-json\/wp\/v2\/comments?post=815"}],"version-history":[{"count":77,"href":"https:\/\/www.api-capacitors.com\/es\/wp-json\/wp\/v2\/pages\/815\/revisions"}],"predecessor-version":[{"id":2701,"href":"https:\/\/www.api-capacitors.com\/es\/wp-json\/wp\/v2\/pages\/815\/revisions\/2701"}],"wp:attachment":[{"href":"https:\/\/www.api-capacitors.com\/es\/wp-json\/wp\/v2\/media?parent=815"}],"curies":[{"name":"wp","href":"https:\/\/api.w.org\/{rel}","templated":true}]}}