{"id":718,"date":"2022-05-24T11:57:24","date_gmt":"2022-05-24T11:57:24","guid":{"rendered":"https:\/\/www.api-capacitors.com\/es\/?page_id=718"},"modified":"2023-04-28T13:12:23","modified_gmt":"2023-04-28T13:12:23","slug":"piezas-obsoletas","status":"publish","type":"page","link":"https:\/\/www.api-capacitors.com\/es\/piezas-obsoletas\/","title":{"rendered":"Piezas Obsoletas"},"content":{"rendered":"\t\t<div data-elementor-type=\"wp-page\" data-elementor-id=\"718\" class=\"elementor elementor-718\">\n\t\t\t\t\t\t<section class=\"elementor-section elementor-top-section elementor-element elementor-element-434d2b1c elementor-section-full_width elementor-section-stretched elementor-section-height-default elementor-section-height-default\" data-id=\"434d2b1c\" data-element_type=\"section\" data-e-type=\"section\" data-settings=\"{&quot;stretch_section&quot;:&quot;section-stretched&quot;}\">\n\t\t\t\t\t\t<div class=\"elementor-container elementor-column-gap-default\">\n\t\t\t\t\t<div class=\"elementor-column elementor-col-100 elementor-top-column elementor-element elementor-element-a3b80de\" data-id=\"a3b80de\" data-element_type=\"column\" data-e-type=\"column\">\n\t\t\t<div class=\"elementor-widget-wrap elementor-element-populated\">\n\t\t\t\t\t\t<div class=\"elementor-element elementor-element-3bac558 elementor-widget elementor-widget-text-editor\" data-id=\"3bac558\" data-element_type=\"widget\" data-e-type=\"widget\" data-widget_type=\"text-editor.default\">\n\t\t\t\t<div class=\"elementor-widget-container\">\n\t\t\t\t\t\t\t\t\t<p><\/p>\n<h2 class=\"wp-block-heading\">Equivalentes API a condensadores actuales y obsoletos<\/h2>\n<p><\/p>\n<p><\/p>\n<p>Los clientes que busquen condensadores de sustituci\u00f3n para condensadores de potencia actuales y descatalogados que utilicen tecnolog\u00eda de pel\u00edcula metalizada y pel\u00edcula\/hoja pueden abastecerse directamente en API Capacitors.<\/p>\n<p>En la mayor\u00eda de los casos se pueden proporcionar alternativas drop-in. API Capacitors se especializa en el dise\u00f1o y suministro de condensadores impregnados de pel\u00edcula seca y aceite de silicona utilizando los \u00faltimos principios de dise\u00f1o y tecnolog\u00eda de fabricaci\u00f3n.<\/p>\n<p>En muchas aplicaciones ser\u00e1 necesario sustituir los condensadores de potencia antes de que el conjunto del equipo llegue al final de su vida \u00fatil. Esto es especialmente cierto en las renovaciones a mitad de vida en las industrias de tracci\u00f3n ferroviaria y marina. Estas renovaciones suelen tener lugar despu\u00e9s de 20-30 a\u00f1os de funcionamiento y es habitual encontrarse con que los condensadores ya no son fabricados por el OEM original, lo que enfrenta al usuario a un grave problema de obsolescencia.<\/p>\n<p><\/p>\n<p><\/p>\n<h3 class=\"wp-block-heading\"><span style=\"color: #8f0213;\">API est\u00e1 especializada en el suministro de condensadores dise\u00f1ados espec\u00edficamente para satisfacer los requisitos de aplicaci\u00f3n del cliente. Esta capacidad permite a APIC ofrecer una soluci\u00f3n a la mayor\u00eda de las situaciones de obsolescencia.<\/span><\/h3>\n<p>\u00a0<\/p>\n<p><img fetchpriority=\"high\" decoding=\"async\" class=\"wp-image-2464 size-full aligncenter\" src=\"https:\/\/www.api-capacitors.com\/es\/wp-content\/uploads\/2023\/04\/reliable.jpg\" alt=\"\" width=\"600\" height=\"338\" srcset=\"https:\/\/www.api-capacitors.com\/es\/wp-content\/uploads\/sites\/4\/2023\/04\/reliable.jpg 600w, https:\/\/www.api-capacitors.com\/es\/wp-content\/uploads\/sites\/4\/2023\/04\/reliable-300x169.jpg 300w\" sizes=\"(max-width: 600px) 100vw, 600px\" \/><\/p>\n<p><\/p>\n<p><\/p>\n<p><strong>\u00a0<\/strong><\/p>\n<p><strong>Somos capaces de proporcionar recambios para la mayor\u00eda de las marcas de condensadores, entre las que se incluyen:<\/strong><\/p>\n<ul>\n<li>NWL<\/li>\n<li>EPCOS<\/li>\n<li>TDK<\/li>\n<li>Vishay<\/li>\n<li>Electronicon<\/li>\n<\/ul>\n<p>Si necesita alguna de estas marcas o alguna otra, p\u00f3ngase en contacto con un miembro de nuestro equipo de ventas.<\/p>\n<p>APIC ofrece una amplia gama de condensadores snubber para su uso en circuitos de tiristores de desconexi\u00f3n por compuerta de estilo antiguo y ha observado un aumento de la demanda de estos estilos de condensadores, ya que varios de los principales fabricantes est\u00e1n dejando de fabricar muchos de estos dise\u00f1os de condensadores.<\/p>\n<p>Condensadores API han proporcionado soluciones para muchos clientes que se enfrentan a problemas de obsolescencia con algunos ejemplos son:<\/p>\n<p>Locomotoras Eurostar International Clase 373 \u2013 API Capacitors emprendi\u00f3 con \u00e9xito el dise\u00f1o y la producci\u00f3n de un condensador de pel\u00edcula diel\u00e9ctrica totalmente delgado para sustituir un banco de condensadores electrol\u00edticos Siemens utilizados en los circuitos del convertidor auxiliar (convertidor de carga del hotel) de los trenes. Estos condensadores en particular proporcionan toda la iluminaci\u00f3n, calefacci\u00f3n, ventilaci\u00f3n y otras instalaciones hoteleras en los compartimentos de pasajeros.<\/p>\n<p>L\u00ednea Central del Metro de Londres \u2013 APIC complet\u00f3 recientemente el suministro de condensadores de filtro de repuesto en todo el material rodante 92TS como parte del programa de extensi\u00f3n de la vida \u00fatil y la revisi\u00f3n de los sistemas de tracci\u00f3n para garantizar que estos trenes puedan funcionar durante otros 15 \u2013 20 a\u00f1os.<\/p>\n<p>Tracci\u00f3n por escobillas \u2013 API Capacitors dise\u00f1\u00f3 y suministr\u00f3 una serie de dise\u00f1os obsoletos de condensadores de potencia para su uso en dos locomotoras el\u00e9ctricas de bater\u00eda totalmente nuevas construidas en el Reino Unido para MTR Corporation en Hong Kong basadas en dise\u00f1os de la d\u00e9cada de 1980. Se seleccion\u00f3 a API como fabricante especializado, ya que somos capaces de recrear dise\u00f1os de condensadores retroadaptables. El encargo consist\u00eda en mantener la compatibilidad con el material rodante existente.<\/p>\n<p>Todos los clientes de API Capacitors se benefician de un producto totalmente intercambiable con un rendimiento, eficiencia y fiabilidad superiores.<\/p>\n<p><\/p>\t\t\t\t\t\t\t\t<\/div>\n\t\t\t\t<\/div>\n\t\t\t\t\t<\/div>\n\t\t<\/div>\n\t\t\t\t\t<\/div>\n\t\t<\/section>\n\t\t\t\t<\/div>\n\t\t","protected":false},"excerpt":{"rendered":"<p>Equivalentes API a condensadores actuales y obsoletos Los clientes que busquen condensadores de sustituci\u00f3n para condensadores de potencia actuales y descatalogados que utilicen tecnolog\u00eda de pel\u00edcula metalizada y pel\u00edcula\/hoja pueden abastecerse directamente en API Capacitors. En la mayor\u00eda de los casos se pueden proporcionar alternativas drop-in. API Capacitors se especializa en el dise\u00f1o y suministro [&hellip;]<\/p>\n","protected":false},"author":1,"featured_media":1127,"parent":0,"menu_order":0,"comment_status":"closed","ping_status":"closed","template":"","meta":{"site-sidebar-layout":"right-sidebar","site-content-layout":"default","ast-site-content-layout":"default","site-content-style":"default","site-sidebar-style":"default","ast-global-header-display":"","ast-banner-title-visibility":"","ast-main-header-display":"","ast-hfb-above-header-display":"","ast-hfb-below-header-display":"","ast-hfb-mobile-header-display":"","site-post-title":"","ast-breadcrumbs-content":"","ast-featured-img":"","footer-sml-layout":"","ast-disable-related-posts":"","theme-transparent-header-meta":"default","adv-header-id-meta":"","stick-header-meta":"","header-above-stick-meta":"","header-main-stick-meta":"","header-below-stick-meta":"","astra-migrate-meta-layouts":"default","ast-page-background-enabled":"default","ast-page-background-meta":{"desktop":{"background-color":"","background-image":"","background-repeat":"repeat","background-position":"center center","background-size":"auto","background-attachment":"scroll","background-type":"","background-media":"","overlay-type":"","overlay-color":"","overlay-opacity":"","overlay-gradient":""},"tablet":{"background-color":"","background-image":"","background-repeat":"repeat","background-position":"center center","background-size":"auto","background-attachment":"scroll","background-type":"","background-media":"","overlay-type":"","overlay-color":"","overlay-opacity":"","overlay-gradient":""},"mobile":{"background-color":"","background-image":"","background-repeat":"repeat","background-position":"center center","background-size":"auto","background-attachment":"scroll","background-type":"","background-media":"","overlay-type":"","overlay-color":"","overlay-opacity":"","overlay-gradient":""}},"ast-content-background-meta":{"desktop":{"background-color":"var(--ast-global-color-5)","background-image":"","background-repeat":"repeat","background-position":"center center","background-size":"auto","background-attachment":"scroll","background-type":"","background-media":"","overlay-type":"","overlay-color":"","overlay-opacity":"","overlay-gradient":""},"tablet":{"background-color":"var(--ast-global-color-5)","background-image":"","background-repeat":"repeat","background-position":"center center","background-size":"auto","background-attachment":"scroll","background-type":"","background-media":"","overlay-type":"","overlay-color":"","overlay-opacity":"","overlay-gradient":""},"mobile":{"background-color":"var(--ast-global-color-5)","background-image":"","background-repeat":"repeat","background-position":"center center","background-size":"auto","background-attachment":"scroll","background-type":"","background-media":"","overlay-type":"","overlay-color":"","overlay-opacity":"","overlay-gradient":""}},"footnotes":""},"class_list":["post-718","page","type-page","status-publish","has-post-thumbnail","hentry"],"yoast_head":"<!-- This site is optimized with the Yoast SEO plugin v27.4 - https:\/\/yoast.com\/product\/yoast-seo-wordpress\/ -->\n<title>Piezas Obsoletas - API Capacitors es<\/title>\n<meta name=\"description\" content=\"Descubre c\u00f3mo API Capacitors puede ayudarte con la sustituci\u00f3n de piezas obsoletas. Nuestras soluciones de dise\u00f1o de capacitores personalizados pueden reemplazar capacitores descontinuados u obsoletos de otros fabricantes, asegurando que tus sistemas contin\u00faen funcionando con la m\u00e1xima eficiencia.\" \/>\n<meta name=\"robots\" content=\"index, follow, max-snippet:-1, max-image-preview:large, max-video-preview:-1\" \/>\n<link rel=\"canonical\" href=\"https:\/\/www.api-capacitors.com\/es\/piezas-obsoletas\/\" \/>\n<meta property=\"og:locale\" content=\"es_ES\" \/>\n<meta property=\"og:type\" content=\"article\" \/>\n<meta property=\"og:title\" content=\"Piezas Obsoletas - API Capacitors es\" \/>\n<meta property=\"og:description\" content=\"Descubre c\u00f3mo API Capacitors puede ayudarte con la sustituci\u00f3n de piezas obsoletas. Nuestras soluciones de dise\u00f1o de capacitores personalizados pueden reemplazar capacitores descontinuados u obsoletos de otros fabricantes, asegurando que tus sistemas contin\u00faen funcionando con la m\u00e1xima eficiencia.\" \/>\n<meta property=\"og:url\" content=\"https:\/\/www.api-capacitors.com\/es\/piezas-obsoletas\/\" \/>\n<meta property=\"og:site_name\" content=\"API Capacitors es\" \/>\n<meta property=\"article:modified_time\" content=\"2023-04-28T13:12:23+00:00\" \/>\n<meta property=\"og:image\" content=\"https:\/\/www.api-capacitors.com\/es\/wp-content\/uploads\/sites\/4\/2022\/06\/Obsolete-parts2-1.jpg\" \/>\n\t<meta property=\"og:image:width\" content=\"1600\" \/>\n\t<meta property=\"og:image:height\" content=\"657\" \/>\n\t<meta property=\"og:image:type\" content=\"image\/jpeg\" \/>\n<meta name=\"twitter:card\" content=\"summary_large_image\" \/>\n<meta name=\"twitter:label1\" content=\"Tiempo de lectura\" \/>\n\t<meta name=\"twitter:data1\" content=\"3 minutos\" \/>\n<script type=\"application\/ld+json\" class=\"yoast-schema-graph\">{\"@context\":\"https:\\\/\\\/schema.org\",\"@graph\":[{\"@type\":\"WebPage\",\"@id\":\"https:\\\/\\\/www.api-capacitors.com\\\/es\\\/piezas-obsoletas\\\/\",\"url\":\"https:\\\/\\\/www.api-capacitors.com\\\/es\\\/piezas-obsoletas\\\/\",\"name\":\"Piezas Obsoletas - API Capacitors es\",\"isPartOf\":{\"@id\":\"https:\\\/\\\/www.api-capacitors.com\\\/es\\\/#website\"},\"primaryImageOfPage\":{\"@id\":\"https:\\\/\\\/www.api-capacitors.com\\\/es\\\/piezas-obsoletas\\\/#primaryimage\"},\"image\":{\"@id\":\"https:\\\/\\\/www.api-capacitors.com\\\/es\\\/piezas-obsoletas\\\/#primaryimage\"},\"thumbnailUrl\":\"https:\\\/\\\/www.api-capacitors.com\\\/es\\\/wp-content\\\/uploads\\\/sites\\\/4\\\/2022\\\/06\\\/Obsolete-parts2-1.jpg\",\"datePublished\":\"2022-05-24T11:57:24+00:00\",\"dateModified\":\"2023-04-28T13:12:23+00:00\",\"description\":\"Descubre c\u00f3mo API Capacitors puede ayudarte con la sustituci\u00f3n de piezas obsoletas. Nuestras soluciones de dise\u00f1o de capacitores personalizados pueden reemplazar capacitores descontinuados u obsoletos de otros fabricantes, asegurando que tus sistemas contin\u00faen funcionando con la m\u00e1xima eficiencia.\",\"breadcrumb\":{\"@id\":\"https:\\\/\\\/www.api-capacitors.com\\\/es\\\/piezas-obsoletas\\\/#breadcrumb\"},\"inLanguage\":\"es\",\"potentialAction\":[{\"@type\":\"ReadAction\",\"target\":[\"https:\\\/\\\/www.api-capacitors.com\\\/es\\\/piezas-obsoletas\\\/\"]}]},{\"@type\":\"ImageObject\",\"inLanguage\":\"es\",\"@id\":\"https:\\\/\\\/www.api-capacitors.com\\\/es\\\/piezas-obsoletas\\\/#primaryimage\",\"url\":\"https:\\\/\\\/www.api-capacitors.com\\\/es\\\/wp-content\\\/uploads\\\/sites\\\/4\\\/2022\\\/06\\\/Obsolete-parts2-1.jpg\",\"contentUrl\":\"https:\\\/\\\/www.api-capacitors.com\\\/es\\\/wp-content\\\/uploads\\\/sites\\\/4\\\/2022\\\/06\\\/Obsolete-parts2-1.jpg\",\"width\":1600,\"height\":657,\"caption\":\"Obsolete Capacitors\"},{\"@type\":\"BreadcrumbList\",\"@id\":\"https:\\\/\\\/www.api-capacitors.com\\\/es\\\/piezas-obsoletas\\\/#breadcrumb\",\"itemListElement\":[{\"@type\":\"ListItem\",\"position\":1,\"name\":\"Home\",\"item\":\"https:\\\/\\\/www.api-capacitors.com\\\/es\\\/\"},{\"@type\":\"ListItem\",\"position\":2,\"name\":\"Piezas Obsoletas\"}]},{\"@type\":\"WebSite\",\"@id\":\"https:\\\/\\\/www.api-capacitors.com\\\/es\\\/#website\",\"url\":\"https:\\\/\\\/www.api-capacitors.com\\\/es\\\/\",\"name\":\"API Capacitors es\",\"description\":\"DC Capacitors, AC Capacitors, Snubber Capacitors , Track Circuit Capacitors, Pulse Power Capacitors and Custom Capacitors\",\"publisher\":{\"@id\":\"https:\\\/\\\/www.api-capacitors.com\\\/es\\\/#organization\"},\"potentialAction\":[{\"@type\":\"SearchAction\",\"target\":{\"@type\":\"EntryPoint\",\"urlTemplate\":\"https:\\\/\\\/www.api-capacitors.com\\\/es\\\/?s={search_term_string}\"},\"query-input\":{\"@type\":\"PropertyValueSpecification\",\"valueRequired\":true,\"valueName\":\"search_term_string\"}}],\"inLanguage\":\"es\"},{\"@type\":\"Organization\",\"@id\":\"https:\\\/\\\/www.api-capacitors.com\\\/es\\\/#organization\",\"name\":\"API Capacitors es\",\"url\":\"https:\\\/\\\/www.api-capacitors.com\\\/es\\\/\",\"logo\":{\"@type\":\"ImageObject\",\"inLanguage\":\"es\",\"@id\":\"https:\\\/\\\/www.api-capacitors.com\\\/es\\\/#\\\/schema\\\/logo\\\/image\\\/\",\"url\":\"https:\\\/\\\/www.api-capacitors.com\\\/es\\\/wp-content\\\/uploads\\\/sites\\\/4\\\/2022\\\/05\\\/cropped-NewLogos-06-e1653513321928.png\",\"contentUrl\":\"https:\\\/\\\/www.api-capacitors.com\\\/es\\\/wp-content\\\/uploads\\\/sites\\\/4\\\/2022\\\/05\\\/cropped-NewLogos-06-e1653513321928.png\",\"width\":1404,\"height\":222,\"caption\":\"API Capacitors es\"},\"image\":{\"@id\":\"https:\\\/\\\/www.api-capacitors.com\\\/es\\\/#\\\/schema\\\/logo\\\/image\\\/\"}}]}<\/script>\n<!-- \/ Yoast SEO plugin. -->","yoast_head_json":{"title":"Piezas Obsoletas - API Capacitors es","description":"Descubre c\u00f3mo API Capacitors puede ayudarte con la sustituci\u00f3n de piezas obsoletas. Nuestras soluciones de dise\u00f1o de capacitores personalizados pueden reemplazar capacitores descontinuados u obsoletos de otros fabricantes, asegurando que tus sistemas contin\u00faen funcionando con la m\u00e1xima eficiencia.","robots":{"index":"index","follow":"follow","max-snippet":"max-snippet:-1","max-image-preview":"max-image-preview:large","max-video-preview":"max-video-preview:-1"},"canonical":"https:\/\/www.api-capacitors.com\/es\/piezas-obsoletas\/","og_locale":"es_ES","og_type":"article","og_title":"Piezas Obsoletas - API Capacitors es","og_description":"Descubre c\u00f3mo API Capacitors puede ayudarte con la sustituci\u00f3n de piezas obsoletas. Nuestras soluciones de dise\u00f1o de capacitores personalizados pueden reemplazar capacitores descontinuados u obsoletos de otros fabricantes, asegurando que tus sistemas contin\u00faen funcionando con la m\u00e1xima eficiencia.","og_url":"https:\/\/www.api-capacitors.com\/es\/piezas-obsoletas\/","og_site_name":"API Capacitors es","article_modified_time":"2023-04-28T13:12:23+00:00","og_image":[{"width":1600,"height":657,"url":"https:\/\/www.api-capacitors.com\/es\/wp-content\/uploads\/sites\/4\/2022\/06\/Obsolete-parts2-1.jpg","type":"image\/jpeg"}],"twitter_card":"summary_large_image","twitter_misc":{"Tiempo de lectura":"3 minutos"},"schema":{"@context":"https:\/\/schema.org","@graph":[{"@type":"WebPage","@id":"https:\/\/www.api-capacitors.com\/es\/piezas-obsoletas\/","url":"https:\/\/www.api-capacitors.com\/es\/piezas-obsoletas\/","name":"Piezas Obsoletas - API Capacitors es","isPartOf":{"@id":"https:\/\/www.api-capacitors.com\/es\/#website"},"primaryImageOfPage":{"@id":"https:\/\/www.api-capacitors.com\/es\/piezas-obsoletas\/#primaryimage"},"image":{"@id":"https:\/\/www.api-capacitors.com\/es\/piezas-obsoletas\/#primaryimage"},"thumbnailUrl":"https:\/\/www.api-capacitors.com\/es\/wp-content\/uploads\/sites\/4\/2022\/06\/Obsolete-parts2-1.jpg","datePublished":"2022-05-24T11:57:24+00:00","dateModified":"2023-04-28T13:12:23+00:00","description":"Descubre c\u00f3mo API Capacitors puede ayudarte con la sustituci\u00f3n de piezas obsoletas. Nuestras soluciones de dise\u00f1o de capacitores personalizados pueden reemplazar capacitores descontinuados u obsoletos de otros fabricantes, asegurando que tus sistemas contin\u00faen funcionando con la m\u00e1xima eficiencia.","breadcrumb":{"@id":"https:\/\/www.api-capacitors.com\/es\/piezas-obsoletas\/#breadcrumb"},"inLanguage":"es","potentialAction":[{"@type":"ReadAction","target":["https:\/\/www.api-capacitors.com\/es\/piezas-obsoletas\/"]}]},{"@type":"ImageObject","inLanguage":"es","@id":"https:\/\/www.api-capacitors.com\/es\/piezas-obsoletas\/#primaryimage","url":"https:\/\/www.api-capacitors.com\/es\/wp-content\/uploads\/sites\/4\/2022\/06\/Obsolete-parts2-1.jpg","contentUrl":"https:\/\/www.api-capacitors.com\/es\/wp-content\/uploads\/sites\/4\/2022\/06\/Obsolete-parts2-1.jpg","width":1600,"height":657,"caption":"Obsolete Capacitors"},{"@type":"BreadcrumbList","@id":"https:\/\/www.api-capacitors.com\/es\/piezas-obsoletas\/#breadcrumb","itemListElement":[{"@type":"ListItem","position":1,"name":"Home","item":"https:\/\/www.api-capacitors.com\/es\/"},{"@type":"ListItem","position":2,"name":"Piezas Obsoletas"}]},{"@type":"WebSite","@id":"https:\/\/www.api-capacitors.com\/es\/#website","url":"https:\/\/www.api-capacitors.com\/es\/","name":"API Capacitors es","description":"DC Capacitors, AC Capacitors, Snubber Capacitors , Track Circuit Capacitors, Pulse Power Capacitors and Custom Capacitors","publisher":{"@id":"https:\/\/www.api-capacitors.com\/es\/#organization"},"potentialAction":[{"@type":"SearchAction","target":{"@type":"EntryPoint","urlTemplate":"https:\/\/www.api-capacitors.com\/es\/?s={search_term_string}"},"query-input":{"@type":"PropertyValueSpecification","valueRequired":true,"valueName":"search_term_string"}}],"inLanguage":"es"},{"@type":"Organization","@id":"https:\/\/www.api-capacitors.com\/es\/#organization","name":"API Capacitors es","url":"https:\/\/www.api-capacitors.com\/es\/","logo":{"@type":"ImageObject","inLanguage":"es","@id":"https:\/\/www.api-capacitors.com\/es\/#\/schema\/logo\/image\/","url":"https:\/\/www.api-capacitors.com\/es\/wp-content\/uploads\/sites\/4\/2022\/05\/cropped-NewLogos-06-e1653513321928.png","contentUrl":"https:\/\/www.api-capacitors.com\/es\/wp-content\/uploads\/sites\/4\/2022\/05\/cropped-NewLogos-06-e1653513321928.png","width":1404,"height":222,"caption":"API Capacitors es"},"image":{"@id":"https:\/\/www.api-capacitors.com\/es\/#\/schema\/logo\/image\/"}}]}},"_links":{"self":[{"href":"https:\/\/www.api-capacitors.com\/es\/wp-json\/wp\/v2\/pages\/718","targetHints":{"allow":["GET"]}}],"collection":[{"href":"https:\/\/www.api-capacitors.com\/es\/wp-json\/wp\/v2\/pages"}],"about":[{"href":"https:\/\/www.api-capacitors.com\/es\/wp-json\/wp\/v2\/types\/page"}],"author":[{"embeddable":true,"href":"https:\/\/www.api-capacitors.com\/es\/wp-json\/wp\/v2\/users\/1"}],"replies":[{"embeddable":true,"href":"https:\/\/www.api-capacitors.com\/es\/wp-json\/wp\/v2\/comments?post=718"}],"version-history":[{"count":60,"href":"https:\/\/www.api-capacitors.com\/es\/wp-json\/wp\/v2\/pages\/718\/revisions"}],"predecessor-version":[{"id":2675,"href":"https:\/\/www.api-capacitors.com\/es\/wp-json\/wp\/v2\/pages\/718\/revisions\/2675"}],"wp:featuredmedia":[{"embeddable":true,"href":"https:\/\/www.api-capacitors.com\/es\/wp-json\/wp\/v2\/media\/1127"}],"wp:attachment":[{"href":"https:\/\/www.api-capacitors.com\/es\/wp-json\/wp\/v2\/media?parent=718"}],"curies":[{"name":"wp","href":"https:\/\/api.w.org\/{rel}","templated":true}]}}