{"id":704,"date":"2022-05-24T11:45:07","date_gmt":"2022-05-24T11:45:07","guid":{"rendered":"https:\/\/www.api-capacitors.com\/es\/?page_id=704"},"modified":"2023-04-24T17:52:41","modified_gmt":"2023-04-24T17:52:41","slug":"definicion-de-terminos","status":"publish","type":"page","link":"https:\/\/www.api-capacitors.com\/es\/definicion-de-terminos\/","title":{"rendered":"Definici\u00f3n de T\u00e9rminos"},"content":{"rendered":"\n<p>La definici\u00f3n de t\u00e9rminos de API Capacitors, cuando procede, se enmarca en el contexto de las normas IEC 61071 (Condensadores para electr\u00f3nica de potencia) e IEC 61881 (Condensadores para electr\u00f3nica de potencia utilizados en material rodante), que se resumen a continuaci\u00f3n:<\/p>\n\n\n\n<h2 class=\"wp-block-heading\">Udc<\/h2>\n\n\n\n<p>tensi\u00f3n continua: La tensi\u00f3n continua normal que puede aplicarse continuamente al condensador durante una vida \u00fatil de 100.000 horas a 70\u00b0C ambiente.<\/p>\n\n\n\n<h2 class=\"wp-block-heading\">UN<\/h2>\n\n\n\n<p>Tensi\u00f3n pico repetitiva: La tensi\u00f3n de pico m\u00e1xima de funcionamiento de cualquier polaridad pero de una forma de onda de tipo no inverso, para la que el condensador ha sido dise\u00f1ado para un funcionamiento continuo.<\/p>\n\n\n\n<h2 class=\"wp-block-heading\">US<\/h2>\n\n\n\n<p>Pico de tensi\u00f3n no repetitiva: Pico de tensi\u00f3n inducido por una conmutaci\u00f3n o cualquier otra perturbaci\u00f3n del sistema que se permite para un n\u00famero limitado de veces y para duraciones inferiores al periodo b\u00e1sico.<\/p>\n\n\n\n<p>Equivale concretamente al Vdrm (Ugto) de los dispositivos GTO para las gamas GT y GC de condensadores.<\/p>\n\n\n\n<h2 class=\"wp-block-heading\">IMAX<\/h2>\n\n\n\n<p>Corriente m\u00e1xima: La corriente eficaz m\u00e1xima para un funcionamiento continuo.<\/p>\n\n\n\n<h2 class=\"wp-block-heading\">IP<\/h2>\n\n\n\n<p>Corriente de pico m\u00e1xima: La amplitud de corriente m\u00e1xima que se produce instant\u00e1neamente durante el funcionamiento continuo. Equivale a \u00ce seg\u00fan se define en IEEC 61071.<\/p>\n\n\n\n<h2 class=\"wp-block-heading\">IS<\/h2>\n\n\n\n<p>Corriente de pico m\u00e1xima: La corriente de pico admisible inducida por una conmutaci\u00f3n o cualquier otra perturbaci\u00f3n del sistema que se permite durante un n\u00famero limitado de veces.<\/p>\n\n\n\n<h2 class=\"wp-block-heading\">R0<\/h2>\n\n\n\n<p>(V\u00e9ase CEI 61071)<\/p>\n\n\n\n<h2 class=\"wp-block-heading\">0amb<\/h2>\n\n\n\n<p>Temperatura del aire de refrigeraci\u00f3n: La temperatura del aire de refrigeraci\u00f3n medida en la posici\u00f3n m\u00e1s caliente del banco, en condiciones estacionarias, a medio camino entre dos unidades. Si s\u00f3lo se trata de una unidad, es la temperatura medida en un punto situado aproximadamente a 0,1 m del contenedor del condensador y a dos tercios de la altura desde su base.<\/p>\n\n\n\n<h2 class=\"wp-block-heading\">L<\/h2>\n\n\n\n<p>(V\u00e9ase la norma IEC 61071)<\/p>\n\n\n\n<h2 class=\"wp-block-heading\">Rs<\/h2>\n\n\n\n<p>Resistencia en serie asociada que contribuye a las p\u00e9rdidas I\u00b2R del condensador.<\/p>\n","protected":false},"excerpt":{"rendered":"<p>La definici\u00f3n de t\u00e9rminos de API Capacitors, cuando procede, se enmarca en el contexto de las normas IEC 61071 (Condensadores para electr\u00f3nica de potencia) e IEC 61881 (Condensadores para electr\u00f3nica de potencia utilizados en material rodante), que se resumen a continuaci\u00f3n: Udc tensi\u00f3n continua: La tensi\u00f3n continua normal que puede aplicarse continuamente al condensador durante [&hellip;]<\/p>\n","protected":false},"author":1,"featured_media":0,"parent":0,"menu_order":0,"comment_status":"closed","ping_status":"closed","template":"","meta":{"site-sidebar-layout":"default","site-content-layout":"","ast-site-content-layout":"default","site-content-style":"default","site-sidebar-style":"default","ast-global-header-display":"","ast-banner-title-visibility":"","ast-main-header-display":"","ast-hfb-above-header-display":"","ast-hfb-below-header-display":"","ast-hfb-mobile-header-display":"","site-post-title":"","ast-breadcrumbs-content":"","ast-featured-img":"","footer-sml-layout":"","ast-disable-related-posts":"","theme-transparent-header-meta":"","adv-header-id-meta":"","stick-header-meta":"","header-above-stick-meta":"","header-main-stick-meta":"","header-below-stick-meta":"","astra-migrate-meta-layouts":"default","ast-page-background-enabled":"default","ast-page-background-meta":{"desktop":{"background-color":"","background-image":"","background-repeat":"repeat","background-position":"center center","background-size":"auto","background-attachment":"scroll","background-type":"","background-media":"","overlay-type":"","overlay-color":"","overlay-opacity":"","overlay-gradient":""},"tablet":{"background-color":"","background-image":"","background-repeat":"repeat","background-position":"center center","background-size":"auto","background-attachment":"scroll","background-type":"","background-media":"","overlay-type":"","overlay-color":"","overlay-opacity":"","overlay-gradient":""},"mobile":{"background-color":"","background-image":"","background-repeat":"repeat","background-position":"center center","background-size":"auto","background-attachment":"scroll","background-type":"","background-media":"","overlay-type":"","overlay-color":"","overlay-opacity":"","overlay-gradient":""}},"ast-content-background-meta":{"desktop":{"background-color":"var(--ast-global-color-5)","background-image":"","background-repeat":"repeat","background-position":"center center","background-size":"auto","background-attachment":"scroll","background-type":"","background-media":"","overlay-type":"","overlay-color":"","overlay-opacity":"","overlay-gradient":""},"tablet":{"background-color":"var(--ast-global-color-5)","background-image":"","background-repeat":"repeat","background-position":"center center","background-size":"auto","background-attachment":"scroll","background-type":"","background-media":"","overlay-type":"","overlay-color":"","overlay-opacity":"","overlay-gradient":""},"mobile":{"background-color":"var(--ast-global-color-5)","background-image":"","background-repeat":"repeat","background-position":"center center","background-size":"auto","background-attachment":"scroll","background-type":"","background-media":"","overlay-type":"","overlay-color":"","overlay-opacity":"","overlay-gradient":""}},"footnotes":""},"class_list":["post-704","page","type-page","status-publish","hentry"],"yoast_head":"<!-- This site is optimized with the Yoast SEO plugin v27.4 - https:\/\/yoast.com\/product\/yoast-seo-wordpress\/ -->\n<title>Definici\u00f3n de T\u00e9rminos - API Capacitors es<\/title>\n<meta name=\"robots\" content=\"index, follow, max-snippet:-1, max-image-preview:large, max-video-preview:-1\" \/>\n<link rel=\"canonical\" href=\"https:\/\/www.api-capacitors.com\/es\/definicion-de-terminos\/\" \/>\n<meta property=\"og:locale\" content=\"es_ES\" \/>\n<meta property=\"og:type\" content=\"article\" \/>\n<meta property=\"og:title\" content=\"Definici\u00f3n de T\u00e9rminos - API Capacitors es\" \/>\n<meta property=\"og:description\" content=\"La definici\u00f3n de t\u00e9rminos de API Capacitors, cuando procede, se enmarca en el contexto de las normas IEC 61071 (Condensadores para electr\u00f3nica de potencia) e IEC 61881 (Condensadores para electr\u00f3nica de potencia utilizados en material rodante), que se resumen a continuaci\u00f3n: Udc tensi\u00f3n continua: La tensi\u00f3n continua normal que puede aplicarse continuamente al condensador durante [&hellip;]\" \/>\n<meta property=\"og:url\" content=\"https:\/\/www.api-capacitors.com\/es\/definicion-de-terminos\/\" \/>\n<meta property=\"og:site_name\" content=\"API Capacitors es\" \/>\n<meta property=\"article:modified_time\" content=\"2023-04-24T17:52:41+00:00\" \/>\n<meta name=\"twitter:card\" content=\"summary_large_image\" \/>\n<meta name=\"twitter:label1\" content=\"Tiempo de lectura\" \/>\n\t<meta name=\"twitter:data1\" content=\"2 minutos\" \/>\n<script type=\"application\/ld+json\" class=\"yoast-schema-graph\">{\"@context\":\"https:\\\/\\\/schema.org\",\"@graph\":[{\"@type\":\"WebPage\",\"@id\":\"https:\\\/\\\/www.api-capacitors.com\\\/es\\\/definicion-de-terminos\\\/\",\"url\":\"https:\\\/\\\/www.api-capacitors.com\\\/es\\\/definicion-de-terminos\\\/\",\"name\":\"Definici\u00f3n de T\u00e9rminos - API Capacitors es\",\"isPartOf\":{\"@id\":\"https:\\\/\\\/www.api-capacitors.com\\\/es\\\/#website\"},\"datePublished\":\"2022-05-24T11:45:07+00:00\",\"dateModified\":\"2023-04-24T17:52:41+00:00\",\"breadcrumb\":{\"@id\":\"https:\\\/\\\/www.api-capacitors.com\\\/es\\\/definicion-de-terminos\\\/#breadcrumb\"},\"inLanguage\":\"es\",\"potentialAction\":[{\"@type\":\"ReadAction\",\"target\":[\"https:\\\/\\\/www.api-capacitors.com\\\/es\\\/definicion-de-terminos\\\/\"]}]},{\"@type\":\"BreadcrumbList\",\"@id\":\"https:\\\/\\\/www.api-capacitors.com\\\/es\\\/definicion-de-terminos\\\/#breadcrumb\",\"itemListElement\":[{\"@type\":\"ListItem\",\"position\":1,\"name\":\"Home\",\"item\":\"https:\\\/\\\/www.api-capacitors.com\\\/es\\\/\"},{\"@type\":\"ListItem\",\"position\":2,\"name\":\"Definici\u00f3n de T\u00e9rminos\"}]},{\"@type\":\"WebSite\",\"@id\":\"https:\\\/\\\/www.api-capacitors.com\\\/es\\\/#website\",\"url\":\"https:\\\/\\\/www.api-capacitors.com\\\/es\\\/\",\"name\":\"API Capacitors es\",\"description\":\"DC Capacitors, AC Capacitors, Snubber Capacitors , Track Circuit Capacitors, Pulse Power Capacitors and Custom Capacitors\",\"publisher\":{\"@id\":\"https:\\\/\\\/www.api-capacitors.com\\\/es\\\/#organization\"},\"potentialAction\":[{\"@type\":\"SearchAction\",\"target\":{\"@type\":\"EntryPoint\",\"urlTemplate\":\"https:\\\/\\\/www.api-capacitors.com\\\/es\\\/?s={search_term_string}\"},\"query-input\":{\"@type\":\"PropertyValueSpecification\",\"valueRequired\":true,\"valueName\":\"search_term_string\"}}],\"inLanguage\":\"es\"},{\"@type\":\"Organization\",\"@id\":\"https:\\\/\\\/www.api-capacitors.com\\\/es\\\/#organization\",\"name\":\"API Capacitors es\",\"url\":\"https:\\\/\\\/www.api-capacitors.com\\\/es\\\/\",\"logo\":{\"@type\":\"ImageObject\",\"inLanguage\":\"es\",\"@id\":\"https:\\\/\\\/www.api-capacitors.com\\\/es\\\/#\\\/schema\\\/logo\\\/image\\\/\",\"url\":\"https:\\\/\\\/www.api-capacitors.com\\\/es\\\/wp-content\\\/uploads\\\/sites\\\/4\\\/2022\\\/05\\\/cropped-NewLogos-06-e1653513321928.png\",\"contentUrl\":\"https:\\\/\\\/www.api-capacitors.com\\\/es\\\/wp-content\\\/uploads\\\/sites\\\/4\\\/2022\\\/05\\\/cropped-NewLogos-06-e1653513321928.png\",\"width\":1404,\"height\":222,\"caption\":\"API Capacitors es\"},\"image\":{\"@id\":\"https:\\\/\\\/www.api-capacitors.com\\\/es\\\/#\\\/schema\\\/logo\\\/image\\\/\"}}]}<\/script>\n<!-- \/ Yoast SEO plugin. -->","yoast_head_json":{"title":"Definici\u00f3n de T\u00e9rminos - API Capacitors es","robots":{"index":"index","follow":"follow","max-snippet":"max-snippet:-1","max-image-preview":"max-image-preview:large","max-video-preview":"max-video-preview:-1"},"canonical":"https:\/\/www.api-capacitors.com\/es\/definicion-de-terminos\/","og_locale":"es_ES","og_type":"article","og_title":"Definici\u00f3n de T\u00e9rminos - API Capacitors es","og_description":"La definici\u00f3n de t\u00e9rminos de API Capacitors, cuando procede, se enmarca en el contexto de las normas IEC 61071 (Condensadores para electr\u00f3nica de potencia) e IEC 61881 (Condensadores para electr\u00f3nica de potencia utilizados en material rodante), que se resumen a continuaci\u00f3n: Udc tensi\u00f3n continua: La tensi\u00f3n continua normal que puede aplicarse continuamente al condensador durante [&hellip;]","og_url":"https:\/\/www.api-capacitors.com\/es\/definicion-de-terminos\/","og_site_name":"API Capacitors es","article_modified_time":"2023-04-24T17:52:41+00:00","twitter_card":"summary_large_image","twitter_misc":{"Tiempo de lectura":"2 minutos"},"schema":{"@context":"https:\/\/schema.org","@graph":[{"@type":"WebPage","@id":"https:\/\/www.api-capacitors.com\/es\/definicion-de-terminos\/","url":"https:\/\/www.api-capacitors.com\/es\/definicion-de-terminos\/","name":"Definici\u00f3n de T\u00e9rminos - API Capacitors es","isPartOf":{"@id":"https:\/\/www.api-capacitors.com\/es\/#website"},"datePublished":"2022-05-24T11:45:07+00:00","dateModified":"2023-04-24T17:52:41+00:00","breadcrumb":{"@id":"https:\/\/www.api-capacitors.com\/es\/definicion-de-terminos\/#breadcrumb"},"inLanguage":"es","potentialAction":[{"@type":"ReadAction","target":["https:\/\/www.api-capacitors.com\/es\/definicion-de-terminos\/"]}]},{"@type":"BreadcrumbList","@id":"https:\/\/www.api-capacitors.com\/es\/definicion-de-terminos\/#breadcrumb","itemListElement":[{"@type":"ListItem","position":1,"name":"Home","item":"https:\/\/www.api-capacitors.com\/es\/"},{"@type":"ListItem","position":2,"name":"Definici\u00f3n de T\u00e9rminos"}]},{"@type":"WebSite","@id":"https:\/\/www.api-capacitors.com\/es\/#website","url":"https:\/\/www.api-capacitors.com\/es\/","name":"API Capacitors es","description":"DC Capacitors, AC Capacitors, Snubber Capacitors , Track Circuit Capacitors, Pulse Power Capacitors and Custom Capacitors","publisher":{"@id":"https:\/\/www.api-capacitors.com\/es\/#organization"},"potentialAction":[{"@type":"SearchAction","target":{"@type":"EntryPoint","urlTemplate":"https:\/\/www.api-capacitors.com\/es\/?s={search_term_string}"},"query-input":{"@type":"PropertyValueSpecification","valueRequired":true,"valueName":"search_term_string"}}],"inLanguage":"es"},{"@type":"Organization","@id":"https:\/\/www.api-capacitors.com\/es\/#organization","name":"API Capacitors es","url":"https:\/\/www.api-capacitors.com\/es\/","logo":{"@type":"ImageObject","inLanguage":"es","@id":"https:\/\/www.api-capacitors.com\/es\/#\/schema\/logo\/image\/","url":"https:\/\/www.api-capacitors.com\/es\/wp-content\/uploads\/sites\/4\/2022\/05\/cropped-NewLogos-06-e1653513321928.png","contentUrl":"https:\/\/www.api-capacitors.com\/es\/wp-content\/uploads\/sites\/4\/2022\/05\/cropped-NewLogos-06-e1653513321928.png","width":1404,"height":222,"caption":"API Capacitors es"},"image":{"@id":"https:\/\/www.api-capacitors.com\/es\/#\/schema\/logo\/image\/"}}]}},"_links":{"self":[{"href":"https:\/\/www.api-capacitors.com\/es\/wp-json\/wp\/v2\/pages\/704","targetHints":{"allow":["GET"]}}],"collection":[{"href":"https:\/\/www.api-capacitors.com\/es\/wp-json\/wp\/v2\/pages"}],"about":[{"href":"https:\/\/www.api-capacitors.com\/es\/wp-json\/wp\/v2\/types\/page"}],"author":[{"embeddable":true,"href":"https:\/\/www.api-capacitors.com\/es\/wp-json\/wp\/v2\/users\/1"}],"replies":[{"embeddable":true,"href":"https:\/\/www.api-capacitors.com\/es\/wp-json\/wp\/v2\/comments?post=704"}],"version-history":[{"count":4,"href":"https:\/\/www.api-capacitors.com\/es\/wp-json\/wp\/v2\/pages\/704\/revisions"}],"predecessor-version":[{"id":2650,"href":"https:\/\/www.api-capacitors.com\/es\/wp-json\/wp\/v2\/pages\/704\/revisions\/2650"}],"wp:attachment":[{"href":"https:\/\/www.api-capacitors.com\/es\/wp-json\/wp\/v2\/media?parent=704"}],"curies":[{"name":"wp","href":"https:\/\/api.w.org\/{rel}","templated":true}]}}