{"id":700,"date":"2022-05-24T11:44:10","date_gmt":"2022-05-24T11:44:10","guid":{"rendered":"https:\/\/www.api-capacitors.com\/es\/?page_id=700"},"modified":"2023-04-28T12:00:13","modified_gmt":"2023-04-28T12:00:13","slug":"aviso-legal","status":"publish","type":"page","link":"https:\/\/www.api-capacitors.com\/es\/aviso-legal\/","title":{"rendered":"T\u00e9rminos y condiciones"},"content":{"rendered":"\n<p>Estos t\u00e9rminos se aplican a todos los usuarios de este sitio web. Su uso de la p\u00e1gina web confirma su aceptaci\u00f3n de estos t\u00e9rminos.<\/p>\n\n\n\n<p>El dise\u00f1o y el contenido de estas p\u00e1ginas web est\u00e1n protegidos por derechos de autor. Todos los textos, gr\u00e1ficos, ideas comerciales o informaci\u00f3n descargable siguen siendo propiedad intelectual de API Capacitors Ltd (API Capacitors) y no pueden copiarse ni utilizarse con fines comerciales.<\/p>\n\n\n\n<p>API Capacitors no se hace responsable de la exactitud final de la informaci\u00f3n mostrada en este sitio web. Aunque se hacen todos los esfuerzos razonables para garantizar que toda la informaci\u00f3n sea correcta, puede haber ocasiones en las que la informaci\u00f3n no est\u00e9 actualizada o contenga errores.<\/p>\n\n\n\n<p>La informaci\u00f3n proporcionada en este sitio web se proporciona \u00fanicamente con fines informativos y no debe considerarse exacta para ning\u00fan prop\u00f3sito en particular.<\/p>\n\n\n\n<p>API Capacitors se reserva el derecho de hacer cambios y correcciones en cualquier momento sin previo aviso. API Capacitors no puede aceptar ninguna responsabilidad por cualquier p\u00e9rdida directa, indirecta o consecuente derivada del uso de la informaci\u00f3n mostrada o impl\u00edcita dentro de este sitio web.<\/p>\n\n\n\n<p>Cualquier decisi\u00f3n basada en la informaci\u00f3n contenida en el sitio web, o en sitios web de terceros a los que se acceda mediante un enlace desde este sitio web, es responsabilidad exclusiva del visitante.<\/p>\n\n\n\n<p>El uso de esta p\u00e1gina web, estos t\u00e9rminos y cualquier asunto que surja est\u00e1n sujetos a las leyes de Inglaterra. Cualquier disputa est\u00e1 sujeta a la jurisdicci\u00f3n exclusiva de los Tribunales de Inglaterra.<\/p>\n","protected":false},"excerpt":{"rendered":"<p>Estos t\u00e9rminos se aplican a todos los usuarios de este sitio web. Su uso de la p\u00e1gina web confirma su aceptaci\u00f3n de estos t\u00e9rminos. El dise\u00f1o y el contenido de estas p\u00e1ginas web est\u00e1n protegidos por derechos de autor. Todos los textos, gr\u00e1ficos, ideas comerciales o informaci\u00f3n descargable siguen siendo propiedad intelectual de API Capacitors [&hellip;]<\/p>\n","protected":false},"author":1,"featured_media":0,"parent":0,"menu_order":0,"comment_status":"closed","ping_status":"closed","template":"","meta":{"site-sidebar-layout":"default","site-content-layout":"","ast-site-content-layout":"default","site-content-style":"default","site-sidebar-style":"default","ast-global-header-display":"","ast-banner-title-visibility":"","ast-main-header-display":"","ast-hfb-above-header-display":"","ast-hfb-below-header-display":"","ast-hfb-mobile-header-display":"","site-post-title":"","ast-breadcrumbs-content":"","ast-featured-img":"","footer-sml-layout":"","ast-disable-related-posts":"","theme-transparent-header-meta":"","adv-header-id-meta":"","stick-header-meta":"","header-above-stick-meta":"","header-main-stick-meta":"","header-below-stick-meta":"","astra-migrate-meta-layouts":"default","ast-page-background-enabled":"default","ast-page-background-meta":{"desktop":{"background-color":"","background-image":"","background-repeat":"repeat","background-position":"center center","background-size":"auto","background-attachment":"scroll","background-type":"","background-media":"","overlay-type":"","overlay-color":"","overlay-opacity":"","overlay-gradient":""},"tablet":{"background-color":"","background-image":"","background-repeat":"repeat","background-position":"center center","background-size":"auto","background-attachment":"scroll","background-type":"","background-media":"","overlay-type":"","overlay-color":"","overlay-opacity":"","overlay-gradient":""},"mobile":{"background-color":"","background-image":"","background-repeat":"repeat","background-position":"center center","background-size":"auto","background-attachment":"scroll","background-type":"","background-media":"","overlay-type":"","overlay-color":"","overlay-opacity":"","overlay-gradient":""}},"ast-content-background-meta":{"desktop":{"background-color":"var(--ast-global-color-5)","background-image":"","background-repeat":"repeat","background-position":"center center","background-size":"auto","background-attachment":"scroll","background-type":"","background-media":"","overlay-type":"","overlay-color":"","overlay-opacity":"","overlay-gradient":""},"tablet":{"background-color":"var(--ast-global-color-5)","background-image":"","background-repeat":"repeat","background-position":"center center","background-size":"auto","background-attachment":"scroll","background-type":"","background-media":"","overlay-type":"","overlay-color":"","overlay-opacity":"","overlay-gradient":""},"mobile":{"background-color":"var(--ast-global-color-5)","background-image":"","background-repeat":"repeat","background-position":"center center","background-size":"auto","background-attachment":"scroll","background-type":"","background-media":"","overlay-type":"","overlay-color":"","overlay-opacity":"","overlay-gradient":""}},"footnotes":""},"class_list":["post-700","page","type-page","status-publish","hentry"],"yoast_head":"<!-- This site is optimized with the Yoast SEO plugin v27.4 - https:\/\/yoast.com\/product\/yoast-seo-wordpress\/ -->\n<title>T\u00e9rminos y condiciones - API Capacitors es<\/title>\n<meta name=\"robots\" content=\"index, follow, max-snippet:-1, max-image-preview:large, max-video-preview:-1\" \/>\n<link rel=\"canonical\" href=\"https:\/\/www.api-capacitors.com\/es\/aviso-legal\/\" \/>\n<meta property=\"og:locale\" content=\"es_ES\" \/>\n<meta property=\"og:type\" content=\"article\" \/>\n<meta property=\"og:title\" content=\"T\u00e9rminos y condiciones - API Capacitors es\" \/>\n<meta property=\"og:description\" content=\"Estos t\u00e9rminos se aplican a todos los usuarios de este sitio web. Su uso de la p\u00e1gina web confirma su aceptaci\u00f3n de estos t\u00e9rminos. El dise\u00f1o y el contenido de estas p\u00e1ginas web est\u00e1n protegidos por derechos de autor. Todos los textos, gr\u00e1ficos, ideas comerciales o informaci\u00f3n descargable siguen siendo propiedad intelectual de API Capacitors [&hellip;]\" \/>\n<meta property=\"og:url\" content=\"https:\/\/www.api-capacitors.com\/es\/aviso-legal\/\" \/>\n<meta property=\"og:site_name\" content=\"API Capacitors es\" \/>\n<meta property=\"article:modified_time\" content=\"2023-04-28T12:00:13+00:00\" \/>\n<meta name=\"twitter:card\" content=\"summary_large_image\" \/>\n<meta name=\"twitter:label1\" content=\"Tiempo de lectura\" \/>\n\t<meta name=\"twitter:data1\" content=\"2 minutos\" \/>\n<script type=\"application\/ld+json\" class=\"yoast-schema-graph\">{\"@context\":\"https:\\\/\\\/schema.org\",\"@graph\":[{\"@type\":\"WebPage\",\"@id\":\"https:\\\/\\\/www.api-capacitors.com\\\/es\\\/aviso-legal\\\/\",\"url\":\"https:\\\/\\\/www.api-capacitors.com\\\/es\\\/aviso-legal\\\/\",\"name\":\"T\u00e9rminos y condiciones - API Capacitors es\",\"isPartOf\":{\"@id\":\"https:\\\/\\\/www.api-capacitors.com\\\/es\\\/#website\"},\"datePublished\":\"2022-05-24T11:44:10+00:00\",\"dateModified\":\"2023-04-28T12:00:13+00:00\",\"breadcrumb\":{\"@id\":\"https:\\\/\\\/www.api-capacitors.com\\\/es\\\/aviso-legal\\\/#breadcrumb\"},\"inLanguage\":\"es\",\"potentialAction\":[{\"@type\":\"ReadAction\",\"target\":[\"https:\\\/\\\/www.api-capacitors.com\\\/es\\\/aviso-legal\\\/\"]}]},{\"@type\":\"BreadcrumbList\",\"@id\":\"https:\\\/\\\/www.api-capacitors.com\\\/es\\\/aviso-legal\\\/#breadcrumb\",\"itemListElement\":[{\"@type\":\"ListItem\",\"position\":1,\"name\":\"Home\",\"item\":\"https:\\\/\\\/www.api-capacitors.com\\\/es\\\/\"},{\"@type\":\"ListItem\",\"position\":2,\"name\":\"T\u00e9rminos y condiciones\"}]},{\"@type\":\"WebSite\",\"@id\":\"https:\\\/\\\/www.api-capacitors.com\\\/es\\\/#website\",\"url\":\"https:\\\/\\\/www.api-capacitors.com\\\/es\\\/\",\"name\":\"API Capacitors es\",\"description\":\"DC Capacitors, AC Capacitors, Snubber Capacitors , Track Circuit Capacitors, Pulse Power Capacitors and Custom Capacitors\",\"publisher\":{\"@id\":\"https:\\\/\\\/www.api-capacitors.com\\\/es\\\/#organization\"},\"potentialAction\":[{\"@type\":\"SearchAction\",\"target\":{\"@type\":\"EntryPoint\",\"urlTemplate\":\"https:\\\/\\\/www.api-capacitors.com\\\/es\\\/?s={search_term_string}\"},\"query-input\":{\"@type\":\"PropertyValueSpecification\",\"valueRequired\":true,\"valueName\":\"search_term_string\"}}],\"inLanguage\":\"es\"},{\"@type\":\"Organization\",\"@id\":\"https:\\\/\\\/www.api-capacitors.com\\\/es\\\/#organization\",\"name\":\"API Capacitors es\",\"url\":\"https:\\\/\\\/www.api-capacitors.com\\\/es\\\/\",\"logo\":{\"@type\":\"ImageObject\",\"inLanguage\":\"es\",\"@id\":\"https:\\\/\\\/www.api-capacitors.com\\\/es\\\/#\\\/schema\\\/logo\\\/image\\\/\",\"url\":\"https:\\\/\\\/www.api-capacitors.com\\\/es\\\/wp-content\\\/uploads\\\/sites\\\/4\\\/2022\\\/05\\\/cropped-NewLogos-06-e1653513321928.png\",\"contentUrl\":\"https:\\\/\\\/www.api-capacitors.com\\\/es\\\/wp-content\\\/uploads\\\/sites\\\/4\\\/2022\\\/05\\\/cropped-NewLogos-06-e1653513321928.png\",\"width\":1404,\"height\":222,\"caption\":\"API Capacitors es\"},\"image\":{\"@id\":\"https:\\\/\\\/www.api-capacitors.com\\\/es\\\/#\\\/schema\\\/logo\\\/image\\\/\"}}]}<\/script>\n<!-- \/ Yoast SEO plugin. -->","yoast_head_json":{"title":"T\u00e9rminos y condiciones - API Capacitors es","robots":{"index":"index","follow":"follow","max-snippet":"max-snippet:-1","max-image-preview":"max-image-preview:large","max-video-preview":"max-video-preview:-1"},"canonical":"https:\/\/www.api-capacitors.com\/es\/aviso-legal\/","og_locale":"es_ES","og_type":"article","og_title":"T\u00e9rminos y condiciones - API Capacitors es","og_description":"Estos t\u00e9rminos se aplican a todos los usuarios de este sitio web. Su uso de la p\u00e1gina web confirma su aceptaci\u00f3n de estos t\u00e9rminos. El dise\u00f1o y el contenido de estas p\u00e1ginas web est\u00e1n protegidos por derechos de autor. Todos los textos, gr\u00e1ficos, ideas comerciales o informaci\u00f3n descargable siguen siendo propiedad intelectual de API Capacitors [&hellip;]","og_url":"https:\/\/www.api-capacitors.com\/es\/aviso-legal\/","og_site_name":"API Capacitors es","article_modified_time":"2023-04-28T12:00:13+00:00","twitter_card":"summary_large_image","twitter_misc":{"Tiempo de lectura":"2 minutos"},"schema":{"@context":"https:\/\/schema.org","@graph":[{"@type":"WebPage","@id":"https:\/\/www.api-capacitors.com\/es\/aviso-legal\/","url":"https:\/\/www.api-capacitors.com\/es\/aviso-legal\/","name":"T\u00e9rminos y condiciones - API Capacitors es","isPartOf":{"@id":"https:\/\/www.api-capacitors.com\/es\/#website"},"datePublished":"2022-05-24T11:44:10+00:00","dateModified":"2023-04-28T12:00:13+00:00","breadcrumb":{"@id":"https:\/\/www.api-capacitors.com\/es\/aviso-legal\/#breadcrumb"},"inLanguage":"es","potentialAction":[{"@type":"ReadAction","target":["https:\/\/www.api-capacitors.com\/es\/aviso-legal\/"]}]},{"@type":"BreadcrumbList","@id":"https:\/\/www.api-capacitors.com\/es\/aviso-legal\/#breadcrumb","itemListElement":[{"@type":"ListItem","position":1,"name":"Home","item":"https:\/\/www.api-capacitors.com\/es\/"},{"@type":"ListItem","position":2,"name":"T\u00e9rminos y condiciones"}]},{"@type":"WebSite","@id":"https:\/\/www.api-capacitors.com\/es\/#website","url":"https:\/\/www.api-capacitors.com\/es\/","name":"API Capacitors es","description":"DC Capacitors, AC Capacitors, Snubber Capacitors , Track Circuit Capacitors, Pulse Power Capacitors and Custom Capacitors","publisher":{"@id":"https:\/\/www.api-capacitors.com\/es\/#organization"},"potentialAction":[{"@type":"SearchAction","target":{"@type":"EntryPoint","urlTemplate":"https:\/\/www.api-capacitors.com\/es\/?s={search_term_string}"},"query-input":{"@type":"PropertyValueSpecification","valueRequired":true,"valueName":"search_term_string"}}],"inLanguage":"es"},{"@type":"Organization","@id":"https:\/\/www.api-capacitors.com\/es\/#organization","name":"API Capacitors es","url":"https:\/\/www.api-capacitors.com\/es\/","logo":{"@type":"ImageObject","inLanguage":"es","@id":"https:\/\/www.api-capacitors.com\/es\/#\/schema\/logo\/image\/","url":"https:\/\/www.api-capacitors.com\/es\/wp-content\/uploads\/sites\/4\/2022\/05\/cropped-NewLogos-06-e1653513321928.png","contentUrl":"https:\/\/www.api-capacitors.com\/es\/wp-content\/uploads\/sites\/4\/2022\/05\/cropped-NewLogos-06-e1653513321928.png","width":1404,"height":222,"caption":"API Capacitors es"},"image":{"@id":"https:\/\/www.api-capacitors.com\/es\/#\/schema\/logo\/image\/"}}]}},"_links":{"self":[{"href":"https:\/\/www.api-capacitors.com\/es\/wp-json\/wp\/v2\/pages\/700","targetHints":{"allow":["GET"]}}],"collection":[{"href":"https:\/\/www.api-capacitors.com\/es\/wp-json\/wp\/v2\/pages"}],"about":[{"href":"https:\/\/www.api-capacitors.com\/es\/wp-json\/wp\/v2\/types\/page"}],"author":[{"embeddable":true,"href":"https:\/\/www.api-capacitors.com\/es\/wp-json\/wp\/v2\/users\/1"}],"replies":[{"embeddable":true,"href":"https:\/\/www.api-capacitors.com\/es\/wp-json\/wp\/v2\/comments?post=700"}],"version-history":[{"count":4,"href":"https:\/\/www.api-capacitors.com\/es\/wp-json\/wp\/v2\/pages\/700\/revisions"}],"predecessor-version":[{"id":2665,"href":"https:\/\/www.api-capacitors.com\/es\/wp-json\/wp\/v2\/pages\/700\/revisions\/2665"}],"wp:attachment":[{"href":"https:\/\/www.api-capacitors.com\/es\/wp-json\/wp\/v2\/media?parent=700"}],"curies":[{"name":"wp","href":"https:\/\/api.w.org\/{rel}","templated":true}]}}