{"id":1267,"date":"2022-12-07T11:02:20","date_gmt":"2022-12-07T11:02:20","guid":{"rendered":"https:\/\/www.api-capacitors.com\/es\/?page_id=1267"},"modified":"2023-05-09T08:52:35","modified_gmt":"2023-05-09T08:52:35","slug":"productos","status":"publish","type":"page","link":"https:\/\/www.api-capacitors.com\/es\/productos\/","title":{"rendered":"Productos"},"content":{"rendered":"\t\t<div data-elementor-type=\"wp-page\" data-elementor-id=\"1267\" class=\"elementor elementor-1267\">\n\t\t\t\t\t\t<section class=\"elementor-section elementor-top-section elementor-element elementor-element-9a7de51 elementor-section-boxed elementor-section-height-default elementor-section-height-default\" data-id=\"9a7de51\" data-element_type=\"section\" data-e-type=\"section\">\n\t\t\t\t\t\t<div class=\"elementor-container elementor-column-gap-default\">\n\t\t\t\t\t<div class=\"elementor-column elementor-col-50 elementor-top-column elementor-element elementor-element-a216a28\" data-id=\"a216a28\" data-element_type=\"column\" data-e-type=\"column\">\n\t\t\t<div class=\"elementor-widget-wrap\">\n\t\t\t\t\t\t\t<\/div>\n\t\t<\/div>\n\t\t\t\t<div class=\"elementor-column elementor-col-50 elementor-top-column elementor-element elementor-element-982363d\" data-id=\"982363d\" data-element_type=\"column\" data-e-type=\"column\">\n\t\t\t<div class=\"elementor-widget-wrap\">\n\t\t\t\t\t\t\t<\/div>\n\t\t<\/div>\n\t\t\t\t\t<\/div>\n\t\t<\/section>\n\t\t\t\t<section class=\"elementor-section elementor-top-section elementor-element elementor-element-8a39ba6 elementor-section-boxed elementor-section-height-default elementor-section-height-default\" data-id=\"8a39ba6\" data-element_type=\"section\" data-e-type=\"section\">\n\t\t\t\t\t\t<div class=\"elementor-container elementor-column-gap-default\">\n\t\t\t\t\t<div class=\"elementor-column elementor-col-50 elementor-top-column elementor-element elementor-element-8db4336\" data-id=\"8db4336\" data-element_type=\"column\" data-e-type=\"column\">\n\t\t\t<div class=\"elementor-widget-wrap\">\n\t\t\t\t\t\t\t<\/div>\n\t\t<\/div>\n\t\t\t\t<div class=\"elementor-column elementor-col-50 elementor-top-column elementor-element elementor-element-1d76f81\" data-id=\"1d76f81\" data-element_type=\"column\" data-e-type=\"column\">\n\t\t\t<div class=\"elementor-widget-wrap\">\n\t\t\t\t\t\t\t<\/div>\n\t\t<\/div>\n\t\t\t\t\t<\/div>\n\t\t<\/section>\n\t\t\t\t<section class=\"elementor-section elementor-top-section elementor-element elementor-element-e656f32 elementor-section-boxed elementor-section-height-default elementor-section-height-default\" data-id=\"e656f32\" data-element_type=\"section\" data-e-type=\"section\">\n\t\t\t\t\t\t<div class=\"elementor-container elementor-column-gap-default\">\n\t\t\t\t\t<div class=\"elementor-column elementor-col-50 elementor-top-column elementor-element elementor-element-afde736\" data-id=\"afde736\" data-element_type=\"column\" data-e-type=\"column\">\n\t\t\t<div class=\"elementor-widget-wrap\">\n\t\t\t\t\t\t\t<\/div>\n\t\t<\/div>\n\t\t\t\t<div class=\"elementor-column elementor-col-50 elementor-top-column elementor-element elementor-element-367e613\" data-id=\"367e613\" data-element_type=\"column\" data-e-type=\"column\">\n\t\t\t<div class=\"elementor-widget-wrap\">\n\t\t\t\t\t\t\t<\/div>\n\t\t<\/div>\n\t\t\t\t\t<\/div>\n\t\t<\/section>\n\t\t\t\t<section class=\"elementor-section elementor-top-section elementor-element elementor-element-6e5db24 elementor-section-boxed elementor-section-height-default elementor-section-height-default\" data-id=\"6e5db24\" data-element_type=\"section\" data-e-type=\"section\">\n\t\t\t\t\t\t<div class=\"elementor-container elementor-column-gap-default\">\n\t\t\t\t\t<div class=\"elementor-column elementor-col-100 elementor-top-column elementor-element elementor-element-4174f57\" data-id=\"4174f57\" data-element_type=\"column\" data-e-type=\"column\">\n\t\t\t<div class=\"elementor-widget-wrap\">\n\t\t\t\t\t\t\t<\/div>\n\t\t<\/div>\n\t\t\t\t\t<\/div>\n\t\t<\/section>\n\t\t\t\t<\/div>\n\t\t","protected":false},"excerpt":{"rendered":"<p>Condensadores de CA Capacitores de filtro monof\u00e1sicos y trif\u00e1sicos para la correcci\u00f3n del factor de potencia y la reducci\u00f3n de arm\u00f3nicos en aplicaciones especializadas. Leer m\u00e1s Condensadores DC Condensadores de enlace de CC de baja inductancia para inversores IGBT, condensadores de enlace de CC para inversores y choppers GTO; supresi\u00f3n de picos y picos. Leer [&hellip;]<\/p>\n","protected":false},"author":1,"featured_media":0,"parent":0,"menu_order":0,"comment_status":"closed","ping_status":"closed","template":"","meta":{"site-sidebar-layout":"no-sidebar","site-content-layout":"page-builder","ast-site-content-layout":"default","site-content-style":"default","site-sidebar-style":"default","ast-global-header-display":"","ast-banner-title-visibility":"","ast-main-header-display":"","ast-hfb-above-header-display":"","ast-hfb-below-header-display":"","ast-hfb-mobile-header-display":"","site-post-title":"disabled","ast-breadcrumbs-content":"","ast-featured-img":"disabled","footer-sml-layout":"","ast-disable-related-posts":"","theme-transparent-header-meta":"","adv-header-id-meta":"","stick-header-meta":"","header-above-stick-meta":"","header-main-stick-meta":"","header-below-stick-meta":"","astra-migrate-meta-layouts":"default","ast-page-background-enabled":"default","ast-page-background-meta":{"desktop":{"background-color":"","background-image":"","background-repeat":"repeat","background-position":"center center","background-size":"auto","background-attachment":"scroll","background-type":"","background-media":"","overlay-type":"","overlay-color":"","overlay-opacity":"","overlay-gradient":""},"tablet":{"background-color":"","background-image":"","background-repeat":"repeat","background-position":"center center","background-size":"auto","background-attachment":"scroll","background-type":"","background-media":"","overlay-type":"","overlay-color":"","overlay-opacity":"","overlay-gradient":""},"mobile":{"background-color":"","background-image":"","background-repeat":"repeat","background-position":"center center","background-size":"auto","background-attachment":"scroll","background-type":"","background-media":"","overlay-type":"","overlay-color":"","overlay-opacity":"","overlay-gradient":""}},"ast-content-background-meta":{"desktop":{"background-color":"var(--ast-global-color-5)","background-image":"","background-repeat":"repeat","background-position":"center center","background-size":"auto","background-attachment":"scroll","background-type":"","background-media":"","overlay-type":"","overlay-color":"","overlay-opacity":"","overlay-gradient":""},"tablet":{"background-color":"var(--ast-global-color-5)","background-image":"","background-repeat":"repeat","background-position":"center center","background-size":"auto","background-attachment":"scroll","background-type":"","background-media":"","overlay-type":"","overlay-color":"","overlay-opacity":"","overlay-gradient":""},"mobile":{"background-color":"var(--ast-global-color-5)","background-image":"","background-repeat":"repeat","background-position":"center center","background-size":"auto","background-attachment":"scroll","background-type":"","background-media":"","overlay-type":"","overlay-color":"","overlay-opacity":"","overlay-gradient":""}},"footnotes":""},"class_list":["post-1267","page","type-page","status-publish","hentry"],"yoast_head":"<!-- This site is optimized with the Yoast SEO plugin v27.4 - https:\/\/yoast.com\/product\/yoast-seo-wordpress\/ -->\n<title>Productos - API Capacitors es<\/title>\n<meta name=\"description\" content=\"API Capacitors ofrece una amplia gama de capacitores de alta calidad, que incluyen capacitores de pel\u00edcula, de potencia, de arranque y de funcionamiento de motores, para diversas aplicaciones industriales y comerciales.\" \/>\n<meta name=\"robots\" content=\"index, follow, max-snippet:-1, max-image-preview:large, max-video-preview:-1\" \/>\n<link rel=\"canonical\" href=\"https:\/\/www.api-capacitors.com\/es\/productos\/\" \/>\n<meta property=\"og:locale\" content=\"es_ES\" \/>\n<meta property=\"og:type\" content=\"article\" \/>\n<meta property=\"og:title\" content=\"Productos - API Capacitors es\" \/>\n<meta property=\"og:description\" content=\"API Capacitors ofrece una amplia gama de capacitores de alta calidad, que incluyen capacitores de pel\u00edcula, de potencia, de arranque y de funcionamiento de motores, para diversas aplicaciones industriales y comerciales.\" \/>\n<meta property=\"og:url\" content=\"https:\/\/www.api-capacitors.com\/es\/productos\/\" \/>\n<meta property=\"og:site_name\" content=\"API Capacitors es\" \/>\n<meta property=\"article:modified_time\" content=\"2023-05-09T08:52:35+00:00\" \/>\n<meta property=\"og:image\" content=\"https:\/\/www.api-capacitors.com\/es\/wp-content\/uploads\/sites\/4\/2022\/06\/APIC_AC-Capacitors.png\" \/>\n<meta name=\"twitter:card\" content=\"summary_large_image\" \/>\n<meta name=\"twitter:label1\" content=\"Tiempo de lectura\" \/>\n\t<meta name=\"twitter:data1\" content=\"3 minutos\" \/>\n<script type=\"application\/ld+json\" class=\"yoast-schema-graph\">{\"@context\":\"https:\\\/\\\/schema.org\",\"@graph\":[{\"@type\":\"WebPage\",\"@id\":\"https:\\\/\\\/www.api-capacitors.com\\\/es\\\/productos\\\/\",\"url\":\"https:\\\/\\\/www.api-capacitors.com\\\/es\\\/productos\\\/\",\"name\":\"Productos - API Capacitors es\",\"isPartOf\":{\"@id\":\"https:\\\/\\\/www.api-capacitors.com\\\/es\\\/#website\"},\"primaryImageOfPage\":{\"@id\":\"https:\\\/\\\/www.api-capacitors.com\\\/es\\\/productos\\\/#primaryimage\"},\"image\":{\"@id\":\"https:\\\/\\\/www.api-capacitors.com\\\/es\\\/productos\\\/#primaryimage\"},\"thumbnailUrl\":\"https:\\\/\\\/www.api-capacitors.com\\\/es\\\/wp-content\\\/uploads\\\/sites\\\/4\\\/2022\\\/06\\\/APIC_AC-Capacitors.png\",\"datePublished\":\"2022-12-07T11:02:20+00:00\",\"dateModified\":\"2023-05-09T08:52:35+00:00\",\"description\":\"API Capacitors ofrece una amplia gama de capacitores de alta calidad, que incluyen capacitores de pel\u00edcula, de potencia, de arranque y de funcionamiento de motores, para diversas aplicaciones industriales y comerciales.\",\"breadcrumb\":{\"@id\":\"https:\\\/\\\/www.api-capacitors.com\\\/es\\\/productos\\\/#breadcrumb\"},\"inLanguage\":\"es\",\"potentialAction\":[{\"@type\":\"ReadAction\",\"target\":[\"https:\\\/\\\/www.api-capacitors.com\\\/es\\\/productos\\\/\"]}]},{\"@type\":\"ImageObject\",\"inLanguage\":\"es\",\"@id\":\"https:\\\/\\\/www.api-capacitors.com\\\/es\\\/productos\\\/#primaryimage\",\"url\":\"https:\\\/\\\/www.api-capacitors.com\\\/es\\\/wp-content\\\/uploads\\\/sites\\\/4\\\/2022\\\/06\\\/APIC_AC-Capacitors.png\",\"contentUrl\":\"https:\\\/\\\/www.api-capacitors.com\\\/es\\\/wp-content\\\/uploads\\\/sites\\\/4\\\/2022\\\/06\\\/APIC_AC-Capacitors.png\",\"width\":450,\"height\":274,\"caption\":\"AC Capacitors\"},{\"@type\":\"BreadcrumbList\",\"@id\":\"https:\\\/\\\/www.api-capacitors.com\\\/es\\\/productos\\\/#breadcrumb\",\"itemListElement\":[{\"@type\":\"ListItem\",\"position\":1,\"name\":\"Home\",\"item\":\"https:\\\/\\\/www.api-capacitors.com\\\/es\\\/\"},{\"@type\":\"ListItem\",\"position\":2,\"name\":\"Productos\"}]},{\"@type\":\"WebSite\",\"@id\":\"https:\\\/\\\/www.api-capacitors.com\\\/es\\\/#website\",\"url\":\"https:\\\/\\\/www.api-capacitors.com\\\/es\\\/\",\"name\":\"API Capacitors es\",\"description\":\"DC Capacitors, AC Capacitors, Snubber Capacitors , Track Circuit Capacitors, Pulse Power Capacitors and Custom Capacitors\",\"publisher\":{\"@id\":\"https:\\\/\\\/www.api-capacitors.com\\\/es\\\/#organization\"},\"potentialAction\":[{\"@type\":\"SearchAction\",\"target\":{\"@type\":\"EntryPoint\",\"urlTemplate\":\"https:\\\/\\\/www.api-capacitors.com\\\/es\\\/?s={search_term_string}\"},\"query-input\":{\"@type\":\"PropertyValueSpecification\",\"valueRequired\":true,\"valueName\":\"search_term_string\"}}],\"inLanguage\":\"es\"},{\"@type\":\"Organization\",\"@id\":\"https:\\\/\\\/www.api-capacitors.com\\\/es\\\/#organization\",\"name\":\"API Capacitors es\",\"url\":\"https:\\\/\\\/www.api-capacitors.com\\\/es\\\/\",\"logo\":{\"@type\":\"ImageObject\",\"inLanguage\":\"es\",\"@id\":\"https:\\\/\\\/www.api-capacitors.com\\\/es\\\/#\\\/schema\\\/logo\\\/image\\\/\",\"url\":\"https:\\\/\\\/www.api-capacitors.com\\\/es\\\/wp-content\\\/uploads\\\/sites\\\/4\\\/2022\\\/05\\\/cropped-NewLogos-06-e1653513321928.png\",\"contentUrl\":\"https:\\\/\\\/www.api-capacitors.com\\\/es\\\/wp-content\\\/uploads\\\/sites\\\/4\\\/2022\\\/05\\\/cropped-NewLogos-06-e1653513321928.png\",\"width\":1404,\"height\":222,\"caption\":\"API Capacitors es\"},\"image\":{\"@id\":\"https:\\\/\\\/www.api-capacitors.com\\\/es\\\/#\\\/schema\\\/logo\\\/image\\\/\"}}]}<\/script>\n<!-- \/ Yoast SEO plugin. -->","yoast_head_json":{"title":"Productos - API Capacitors es","description":"API Capacitors ofrece una amplia gama de capacitores de alta calidad, que incluyen capacitores de pel\u00edcula, de potencia, de arranque y de funcionamiento de motores, para diversas aplicaciones industriales y comerciales.","robots":{"index":"index","follow":"follow","max-snippet":"max-snippet:-1","max-image-preview":"max-image-preview:large","max-video-preview":"max-video-preview:-1"},"canonical":"https:\/\/www.api-capacitors.com\/es\/productos\/","og_locale":"es_ES","og_type":"article","og_title":"Productos - API Capacitors es","og_description":"API Capacitors ofrece una amplia gama de capacitores de alta calidad, que incluyen capacitores de pel\u00edcula, de potencia, de arranque y de funcionamiento de motores, para diversas aplicaciones industriales y comerciales.","og_url":"https:\/\/www.api-capacitors.com\/es\/productos\/","og_site_name":"API Capacitors es","article_modified_time":"2023-05-09T08:52:35+00:00","og_image":[{"url":"https:\/\/www.api-capacitors.com\/es\/wp-content\/uploads\/sites\/4\/2022\/06\/APIC_AC-Capacitors.png","type":"","width":"","height":""}],"twitter_card":"summary_large_image","twitter_misc":{"Tiempo de lectura":"3 minutos"},"schema":{"@context":"https:\/\/schema.org","@graph":[{"@type":"WebPage","@id":"https:\/\/www.api-capacitors.com\/es\/productos\/","url":"https:\/\/www.api-capacitors.com\/es\/productos\/","name":"Productos - API Capacitors es","isPartOf":{"@id":"https:\/\/www.api-capacitors.com\/es\/#website"},"primaryImageOfPage":{"@id":"https:\/\/www.api-capacitors.com\/es\/productos\/#primaryimage"},"image":{"@id":"https:\/\/www.api-capacitors.com\/es\/productos\/#primaryimage"},"thumbnailUrl":"https:\/\/www.api-capacitors.com\/es\/wp-content\/uploads\/sites\/4\/2022\/06\/APIC_AC-Capacitors.png","datePublished":"2022-12-07T11:02:20+00:00","dateModified":"2023-05-09T08:52:35+00:00","description":"API Capacitors ofrece una amplia gama de capacitores de alta calidad, que incluyen capacitores de pel\u00edcula, de potencia, de arranque y de funcionamiento de motores, para diversas aplicaciones industriales y comerciales.","breadcrumb":{"@id":"https:\/\/www.api-capacitors.com\/es\/productos\/#breadcrumb"},"inLanguage":"es","potentialAction":[{"@type":"ReadAction","target":["https:\/\/www.api-capacitors.com\/es\/productos\/"]}]},{"@type":"ImageObject","inLanguage":"es","@id":"https:\/\/www.api-capacitors.com\/es\/productos\/#primaryimage","url":"https:\/\/www.api-capacitors.com\/es\/wp-content\/uploads\/sites\/4\/2022\/06\/APIC_AC-Capacitors.png","contentUrl":"https:\/\/www.api-capacitors.com\/es\/wp-content\/uploads\/sites\/4\/2022\/06\/APIC_AC-Capacitors.png","width":450,"height":274,"caption":"AC Capacitors"},{"@type":"BreadcrumbList","@id":"https:\/\/www.api-capacitors.com\/es\/productos\/#breadcrumb","itemListElement":[{"@type":"ListItem","position":1,"name":"Home","item":"https:\/\/www.api-capacitors.com\/es\/"},{"@type":"ListItem","position":2,"name":"Productos"}]},{"@type":"WebSite","@id":"https:\/\/www.api-capacitors.com\/es\/#website","url":"https:\/\/www.api-capacitors.com\/es\/","name":"API Capacitors es","description":"DC Capacitors, AC Capacitors, Snubber Capacitors , Track Circuit Capacitors, Pulse Power Capacitors and Custom Capacitors","publisher":{"@id":"https:\/\/www.api-capacitors.com\/es\/#organization"},"potentialAction":[{"@type":"SearchAction","target":{"@type":"EntryPoint","urlTemplate":"https:\/\/www.api-capacitors.com\/es\/?s={search_term_string}"},"query-input":{"@type":"PropertyValueSpecification","valueRequired":true,"valueName":"search_term_string"}}],"inLanguage":"es"},{"@type":"Organization","@id":"https:\/\/www.api-capacitors.com\/es\/#organization","name":"API Capacitors es","url":"https:\/\/www.api-capacitors.com\/es\/","logo":{"@type":"ImageObject","inLanguage":"es","@id":"https:\/\/www.api-capacitors.com\/es\/#\/schema\/logo\/image\/","url":"https:\/\/www.api-capacitors.com\/es\/wp-content\/uploads\/sites\/4\/2022\/05\/cropped-NewLogos-06-e1653513321928.png","contentUrl":"https:\/\/www.api-capacitors.com\/es\/wp-content\/uploads\/sites\/4\/2022\/05\/cropped-NewLogos-06-e1653513321928.png","width":1404,"height":222,"caption":"API Capacitors es"},"image":{"@id":"https:\/\/www.api-capacitors.com\/es\/#\/schema\/logo\/image\/"}}]}},"_links":{"self":[{"href":"https:\/\/www.api-capacitors.com\/es\/wp-json\/wp\/v2\/pages\/1267","targetHints":{"allow":["GET"]}}],"collection":[{"href":"https:\/\/www.api-capacitors.com\/es\/wp-json\/wp\/v2\/pages"}],"about":[{"href":"https:\/\/www.api-capacitors.com\/es\/wp-json\/wp\/v2\/types\/page"}],"author":[{"embeddable":true,"href":"https:\/\/www.api-capacitors.com\/es\/wp-json\/wp\/v2\/users\/1"}],"replies":[{"embeddable":true,"href":"https:\/\/www.api-capacitors.com\/es\/wp-json\/wp\/v2\/comments?post=1267"}],"version-history":[{"count":155,"href":"https:\/\/www.api-capacitors.com\/es\/wp-json\/wp\/v2\/pages\/1267\/revisions"}],"predecessor-version":[{"id":2878,"href":"https:\/\/www.api-capacitors.com\/es\/wp-json\/wp\/v2\/pages\/1267\/revisions\/2878"}],"wp:attachment":[{"href":"https:\/\/www.api-capacitors.com\/es\/wp-json\/wp\/v2\/media?parent=1267"}],"curies":[{"name":"wp","href":"https:\/\/api.w.org\/{rel}","templated":true}]}}