{"id":1248,"date":"2022-12-07T10:37:41","date_gmt":"2022-12-07T10:37:41","guid":{"rendered":"https:\/\/www.api-capacitors.com\/es\/?page_id=1248"},"modified":"2023-05-03T12:51:38","modified_gmt":"2023-05-03T12:51:38","slug":"condensadores-de-filtro-igbt","status":"publish","type":"page","link":"https:\/\/www.api-capacitors.com\/es\/condensadores-de-filtro-igbt\/","title":{"rendered":"Condensadores de Filtro IGBT"},"content":{"rendered":"\t\t<div data-elementor-type=\"wp-page\" data-elementor-id=\"1248\" class=\"elementor elementor-1248\">\n\t\t\t\t\t\t<section class=\"elementor-section elementor-top-section elementor-element elementor-element-0457273 elementor-section-boxed elementor-section-height-default elementor-section-height-default\" data-id=\"0457273\" data-element_type=\"section\" data-e-type=\"section\">\n\t\t\t\t\t\t<div class=\"elementor-container elementor-column-gap-default\">\n\t\t\t\t\t<div class=\"elementor-column elementor-col-100 elementor-top-column elementor-element elementor-element-bbfcca9\" data-id=\"bbfcca9\" data-element_type=\"column\" data-e-type=\"column\">\n\t\t\t<div class=\"elementor-widget-wrap elementor-element-populated\">\n\t\t\t\t\t\t<div class=\"elementor-element elementor-element-16f41a1 elementor-widget elementor-widget-text-editor\" data-id=\"16f41a1\" data-element_type=\"widget\" data-e-type=\"widget\" data-widget_type=\"text-editor.default\">\n\t\t\t\t<div class=\"elementor-widget-container\">\n\t\t\t\t\t\t\t\t\t<p><img fetchpriority=\"high\" decoding=\"async\" class=\"alignright\" src=\"https:\/\/www.api-capacitors.com\/es\/wp-content\/uploads\/2023\/03\/IMG_8982-removebg-preview-e1679313064639-1.png\" alt=\"\" width=\"450\" height=\"212\"><\/p>\n<div>\n<div>\n<div>\n<div>\n<div>\n<div>\n<p>Los API Capacitors proporcionan los mejores capacitores de filtro IGBT para sus aplicaciones industriales y comerciales. Nuestros productos est\u00e1n dise\u00f1ados para cumplir con los m\u00e1s altos est\u00e1ndares de calidad y confiabilidad, garantizando un rendimiento \u00f3ptimo y una larga vida \u00fatil.<\/p>\n<\/div>\n<\/div>\n<\/div>\n<div>\n<div>&nbsp;<\/div>\n<\/div>\n<\/div>\n<\/div>\n<\/div>\n<p><span style=\"color: var(--ast-global-color-2); font-size: 1.375rem; line-height: 3.5; font-style: inherit; font-weight: 600;\">\u00bfQu\u00e9 son los capacitores IGBT?<\/span><\/p>\n<p style=\"font-weight: 400;\">Los capacitores de filtro IGBT (Transistor Bipolar de Puerta Aislada) son componentes electr\u00f3nicos que se utilizan para suavizar la tensi\u00f3n de salida de los inversores IGBT. Los IGBT se utilizan com\u00fanmente en electr\u00f3nica de potencia para accionamientos de frecuencia variable, sistemas servo y otras aplicaciones industriales. Nuestros capacitores de filtro IGBT est\u00e1n espec\u00edficamente dise\u00f1ados para reducir la corriente de ondulaci\u00f3n generada por el inversor IGBT, lo que resulta en una tensi\u00f3n de salida m\u00e1s estable.<\/p>\n<h3>\u00bfPor qu\u00e9 elegir nuestros capacitores de filtro IGBT?<\/h3>\n<p>Nuestros capacitores de filtro IGBT se fabrican utilizando materiales de la m\u00e1s alta calidad y procesos de fabricaci\u00f3n avanzados, lo que garantiza un rendimiento confiable y consistente. Nuestros capacitores est\u00e1n dise\u00f1ados para cumplir con los estrictos requisitos de las aplicaciones industriales, como alta tensi\u00f3n, alta temperatura y alta frecuencia. Ofrecemos una amplia gama de capacitores de filtro IGBT para satisfacer las necesidades espec\u00edficas de su aplicaci\u00f3n y nuestro equipo de expertos puede ayudarlo a seleccionar el producto adecuado para sus requisitos.<\/p>\n<p>Adem\u00e1s, nuestros capacitores de filtro IGBT est\u00e1n dise\u00f1ados para ser compactos y eficientes, lo que minimiza el espacio necesario para la instalaci\u00f3n y reduce el consumo de energ\u00eda. Entendemos la importancia de minimizar el tiempo de inactividad y nuestros capacitores est\u00e1n dise\u00f1ados para durar, lo que reduce los costos de mantenimiento y reemplazo con el tiempo.<\/p>\n<h3>Nuestro Compromiso con la Calidad<\/h3>\n<h3><span style=\"color: #000000;\"><span style=\"font-size: 16px; font-weight: 400;\">Nos comprometemos a proporcionar a nuestros clientes los productos y servicios de la m\u00e1s alta calidad. Nuestros capacitores de filtro IGBT se someten a pruebas e inspecciones rigurosas para garantizar que cumplan o superen los est\u00e1ndares de la industria. Adem\u00e1s, ofrecemos soporte t\u00e9cnico y servicio postventa para asegurarnos de que nuestros clientes est\u00e9n satisfechos con sus compras.<\/span><\/span><\/h3>\n<h3><span style=\"color: #000000;\"><span style=\"font-size: 16px; font-weight: 400;\">Si tiene alguna pregunta o desea obtener m\u00e1s informaci\u00f3n sobre nuestros capacitores de filtro IGBT, no dude en ponerse en contacto con nosotros. Nuestro equipo de expertos est\u00e1 siempre dispuesto a ayudarlo con sus consultas y proporcionarle las mejores soluciones para sus aplicaciones industriales y comerciales.<\/span><\/span><\/h3>\n<p style=\"font-weight: 400;\">\n<\/p>\t\t\t\t\t\t\t\t<\/div>\n\t\t\t\t<\/div>\n\t\t\t\t\t<\/div>\n\t\t<\/div>\n\t\t\t\t\t<\/div>\n\t\t<\/section>\n\t\t\t\t<\/div>\n\t\t","protected":false},"excerpt":{"rendered":"<p>Los API Capacitors proporcionan los mejores capacitores de filtro IGBT para sus aplicaciones industriales y comerciales. Nuestros productos est\u00e1n dise\u00f1ados para cumplir con los m\u00e1s altos est\u00e1ndares de calidad y confiabilidad, garantizando un rendimiento \u00f3ptimo y una larga vida \u00fatil. &nbsp; \u00bfQu\u00e9 son los capacitores IGBT? Los capacitores de filtro IGBT (Transistor Bipolar de Puerta [&hellip;]<\/p>\n","protected":false},"author":1,"featured_media":2151,"parent":0,"menu_order":0,"comment_status":"closed","ping_status":"closed","template":"","meta":{"site-sidebar-layout":"default","site-content-layout":"","ast-site-content-layout":"default","site-content-style":"default","site-sidebar-style":"default","ast-global-header-display":"","ast-banner-title-visibility":"","ast-main-header-display":"","ast-hfb-above-header-display":"","ast-hfb-below-header-display":"","ast-hfb-mobile-header-display":"","site-post-title":"","ast-breadcrumbs-content":"","ast-featured-img":"","footer-sml-layout":"","ast-disable-related-posts":"","theme-transparent-header-meta":"","adv-header-id-meta":"","stick-header-meta":"","header-above-stick-meta":"","header-main-stick-meta":"","header-below-stick-meta":"","astra-migrate-meta-layouts":"default","ast-page-background-enabled":"default","ast-page-background-meta":{"desktop":{"background-color":"","background-image":"","background-repeat":"repeat","background-position":"center center","background-size":"auto","background-attachment":"scroll","background-type":"","background-media":"","overlay-type":"","overlay-color":"","overlay-opacity":"","overlay-gradient":""},"tablet":{"background-color":"","background-image":"","background-repeat":"repeat","background-position":"center center","background-size":"auto","background-attachment":"scroll","background-type":"","background-media":"","overlay-type":"","overlay-color":"","overlay-opacity":"","overlay-gradient":""},"mobile":{"background-color":"","background-image":"","background-repeat":"repeat","background-position":"center center","background-size":"auto","background-attachment":"scroll","background-type":"","background-media":"","overlay-type":"","overlay-color":"","overlay-opacity":"","overlay-gradient":""}},"ast-content-background-meta":{"desktop":{"background-color":"var(--ast-global-color-5)","background-image":"","background-repeat":"repeat","background-position":"center center","background-size":"auto","background-attachment":"scroll","background-type":"","background-media":"","overlay-type":"","overlay-color":"","overlay-opacity":"","overlay-gradient":""},"tablet":{"background-color":"var(--ast-global-color-5)","background-image":"","background-repeat":"repeat","background-position":"center center","background-size":"auto","background-attachment":"scroll","background-type":"","background-media":"","overlay-type":"","overlay-color":"","overlay-opacity":"","overlay-gradient":""},"mobile":{"background-color":"var(--ast-global-color-5)","background-image":"","background-repeat":"repeat","background-position":"center center","background-size":"auto","background-attachment":"scroll","background-type":"","background-media":"","overlay-type":"","overlay-color":"","overlay-opacity":"","overlay-gradient":""}},"footnotes":""},"class_list":["post-1248","page","type-page","status-publish","has-post-thumbnail","hentry"],"yoast_head":"<!-- This site is optimized with the Yoast SEO plugin v27.5 - https:\/\/yoast.com\/product\/yoast-seo-wordpress\/ -->\n<title>Condensadores de Filtro IGBT - API Capacitors es<\/title>\n<meta name=\"description\" content=\"API Capacitors ofrece capacitores de filtro IGBT de alta calidad para aplicaciones industriales y comerciales. Nuestros capacitores est\u00e1n dise\u00f1ados para cumplir con los m\u00e1s altos est\u00e1ndares de calidad y confiabilidad, asegurando un rendimiento y una longevidad \u00f3ptimos. Descubre c\u00f3mo nuestros capacitores de filtro IGBT espec\u00edficamente dise\u00f1ados pueden ayudar a reducir la corriente de ondulaci\u00f3n y estabilizar la tensi\u00f3n de salida en tus dispositivos electr\u00f3nicos de potencia.\" \/>\n<meta name=\"robots\" content=\"index, follow, max-snippet:-1, max-image-preview:large, max-video-preview:-1\" \/>\n<link rel=\"canonical\" href=\"https:\/\/www.api-capacitors.com\/es\/condensadores-de-filtro-igbt\/\" \/>\n<meta property=\"og:locale\" content=\"es_ES\" \/>\n<meta property=\"og:type\" content=\"article\" \/>\n<meta property=\"og:title\" content=\"Condensadores de Filtro IGBT - API Capacitors es\" \/>\n<meta property=\"og:description\" content=\"API Capacitors ofrece capacitores de filtro IGBT de alta calidad para aplicaciones industriales y comerciales. Nuestros capacitores est\u00e1n dise\u00f1ados para cumplir con los m\u00e1s altos est\u00e1ndares de calidad y confiabilidad, asegurando un rendimiento y una longevidad \u00f3ptimos. Descubre c\u00f3mo nuestros capacitores de filtro IGBT espec\u00edficamente dise\u00f1ados pueden ayudar a reducir la corriente de ondulaci\u00f3n y estabilizar la tensi\u00f3n de salida en tus dispositivos electr\u00f3nicos de potencia.\" \/>\n<meta property=\"og:url\" content=\"https:\/\/www.api-capacitors.com\/es\/condensadores-de-filtro-igbt\/\" \/>\n<meta property=\"og:site_name\" content=\"API Capacitors es\" \/>\n<meta property=\"article:modified_time\" content=\"2023-05-03T12:51:38+00:00\" \/>\n<meta property=\"og:image\" content=\"https:\/\/www.api-capacitors.com\/es\/wp-content\/uploads\/sites\/4\/2023\/03\/IMG_8982-removebg-preview-e1679313064639-1.png\" \/>\n\t<meta property=\"og:image:width\" content=\"577\" \/>\n\t<meta property=\"og:image:height\" content=\"272\" \/>\n\t<meta property=\"og:image:type\" content=\"image\/png\" \/>\n<meta name=\"twitter:card\" content=\"summary_large_image\" \/>\n<meta name=\"twitter:label1\" content=\"Tiempo de lectura\" \/>\n\t<meta name=\"twitter:data1\" content=\"2 minutos\" \/>\n<script type=\"application\/ld+json\" class=\"yoast-schema-graph\">{\"@context\":\"https:\\\/\\\/schema.org\",\"@graph\":[{\"@type\":\"WebPage\",\"@id\":\"https:\\\/\\\/www.api-capacitors.com\\\/es\\\/condensadores-de-filtro-igbt\\\/\",\"url\":\"https:\\\/\\\/www.api-capacitors.com\\\/es\\\/condensadores-de-filtro-igbt\\\/\",\"name\":\"Condensadores de Filtro IGBT - API Capacitors es\",\"isPartOf\":{\"@id\":\"https:\\\/\\\/www.api-capacitors.com\\\/es\\\/#website\"},\"primaryImageOfPage\":{\"@id\":\"https:\\\/\\\/www.api-capacitors.com\\\/es\\\/condensadores-de-filtro-igbt\\\/#primaryimage\"},\"image\":{\"@id\":\"https:\\\/\\\/www.api-capacitors.com\\\/es\\\/condensadores-de-filtro-igbt\\\/#primaryimage\"},\"thumbnailUrl\":\"https:\\\/\\\/www.api-capacitors.com\\\/es\\\/wp-content\\\/uploads\\\/sites\\\/4\\\/2023\\\/03\\\/IMG_8982-removebg-preview-e1679313064639-1.png\",\"datePublished\":\"2022-12-07T10:37:41+00:00\",\"dateModified\":\"2023-05-03T12:51:38+00:00\",\"description\":\"API Capacitors ofrece capacitores de filtro IGBT de alta calidad para aplicaciones industriales y comerciales. Nuestros capacitores est\u00e1n dise\u00f1ados para cumplir con los m\u00e1s altos est\u00e1ndares de calidad y confiabilidad, asegurando un rendimiento y una longevidad \u00f3ptimos. Descubre c\u00f3mo nuestros capacitores de filtro IGBT espec\u00edficamente dise\u00f1ados pueden ayudar a reducir la corriente de ondulaci\u00f3n y estabilizar la tensi\u00f3n de salida en tus dispositivos electr\u00f3nicos de potencia.\",\"breadcrumb\":{\"@id\":\"https:\\\/\\\/www.api-capacitors.com\\\/es\\\/condensadores-de-filtro-igbt\\\/#breadcrumb\"},\"inLanguage\":\"es\",\"potentialAction\":[{\"@type\":\"ReadAction\",\"target\":[\"https:\\\/\\\/www.api-capacitors.com\\\/es\\\/condensadores-de-filtro-igbt\\\/\"]}]},{\"@type\":\"ImageObject\",\"inLanguage\":\"es\",\"@id\":\"https:\\\/\\\/www.api-capacitors.com\\\/es\\\/condensadores-de-filtro-igbt\\\/#primaryimage\",\"url\":\"https:\\\/\\\/www.api-capacitors.com\\\/es\\\/wp-content\\\/uploads\\\/sites\\\/4\\\/2023\\\/03\\\/IMG_8982-removebg-preview-e1679313064639-1.png\",\"contentUrl\":\"https:\\\/\\\/www.api-capacitors.com\\\/es\\\/wp-content\\\/uploads\\\/sites\\\/4\\\/2023\\\/03\\\/IMG_8982-removebg-preview-e1679313064639-1.png\",\"width\":577,\"height\":272,\"caption\":\"IGBT Filter Capacitors\"},{\"@type\":\"BreadcrumbList\",\"@id\":\"https:\\\/\\\/www.api-capacitors.com\\\/es\\\/condensadores-de-filtro-igbt\\\/#breadcrumb\",\"itemListElement\":[{\"@type\":\"ListItem\",\"position\":1,\"name\":\"Home\",\"item\":\"https:\\\/\\\/www.api-capacitors.com\\\/es\\\/\"},{\"@type\":\"ListItem\",\"position\":2,\"name\":\"Condensadores de Filtro IGBT\"}]},{\"@type\":\"WebSite\",\"@id\":\"https:\\\/\\\/www.api-capacitors.com\\\/es\\\/#website\",\"url\":\"https:\\\/\\\/www.api-capacitors.com\\\/es\\\/\",\"name\":\"API Capacitors es\",\"description\":\"DC Capacitors, AC Capacitors, Snubber Capacitors , Track Circuit Capacitors, Pulse Power Capacitors and Custom Capacitors\",\"publisher\":{\"@id\":\"https:\\\/\\\/www.api-capacitors.com\\\/es\\\/#organization\"},\"potentialAction\":[{\"@type\":\"SearchAction\",\"target\":{\"@type\":\"EntryPoint\",\"urlTemplate\":\"https:\\\/\\\/www.api-capacitors.com\\\/es\\\/?s={search_term_string}\"},\"query-input\":{\"@type\":\"PropertyValueSpecification\",\"valueRequired\":true,\"valueName\":\"search_term_string\"}}],\"inLanguage\":\"es\"},{\"@type\":\"Organization\",\"@id\":\"https:\\\/\\\/www.api-capacitors.com\\\/es\\\/#organization\",\"name\":\"API Capacitors es\",\"url\":\"https:\\\/\\\/www.api-capacitors.com\\\/es\\\/\",\"logo\":{\"@type\":\"ImageObject\",\"inLanguage\":\"es\",\"@id\":\"https:\\\/\\\/www.api-capacitors.com\\\/es\\\/#\\\/schema\\\/logo\\\/image\\\/\",\"url\":\"https:\\\/\\\/www.api-capacitors.com\\\/es\\\/wp-content\\\/uploads\\\/sites\\\/4\\\/2022\\\/05\\\/cropped-NewLogos-06-e1653513321928.png\",\"contentUrl\":\"https:\\\/\\\/www.api-capacitors.com\\\/es\\\/wp-content\\\/uploads\\\/sites\\\/4\\\/2022\\\/05\\\/cropped-NewLogos-06-e1653513321928.png\",\"width\":1404,\"height\":222,\"caption\":\"API Capacitors es\"},\"image\":{\"@id\":\"https:\\\/\\\/www.api-capacitors.com\\\/es\\\/#\\\/schema\\\/logo\\\/image\\\/\"}}]}<\/script>\n<!-- \/ Yoast SEO plugin. -->","yoast_head_json":{"title":"Condensadores de Filtro IGBT - API Capacitors es","description":"API Capacitors ofrece capacitores de filtro IGBT de alta calidad para aplicaciones industriales y comerciales. Nuestros capacitores est\u00e1n dise\u00f1ados para cumplir con los m\u00e1s altos est\u00e1ndares de calidad y confiabilidad, asegurando un rendimiento y una longevidad \u00f3ptimos. Descubre c\u00f3mo nuestros capacitores de filtro IGBT espec\u00edficamente dise\u00f1ados pueden ayudar a reducir la corriente de ondulaci\u00f3n y estabilizar la tensi\u00f3n de salida en tus dispositivos electr\u00f3nicos de potencia.","robots":{"index":"index","follow":"follow","max-snippet":"max-snippet:-1","max-image-preview":"max-image-preview:large","max-video-preview":"max-video-preview:-1"},"canonical":"https:\/\/www.api-capacitors.com\/es\/condensadores-de-filtro-igbt\/","og_locale":"es_ES","og_type":"article","og_title":"Condensadores de Filtro IGBT - API Capacitors es","og_description":"API Capacitors ofrece capacitores de filtro IGBT de alta calidad para aplicaciones industriales y comerciales. Nuestros capacitores est\u00e1n dise\u00f1ados para cumplir con los m\u00e1s altos est\u00e1ndares de calidad y confiabilidad, asegurando un rendimiento y una longevidad \u00f3ptimos. Descubre c\u00f3mo nuestros capacitores de filtro IGBT espec\u00edficamente dise\u00f1ados pueden ayudar a reducir la corriente de ondulaci\u00f3n y estabilizar la tensi\u00f3n de salida en tus dispositivos electr\u00f3nicos de potencia.","og_url":"https:\/\/www.api-capacitors.com\/es\/condensadores-de-filtro-igbt\/","og_site_name":"API Capacitors es","article_modified_time":"2023-05-03T12:51:38+00:00","og_image":[{"width":577,"height":272,"url":"https:\/\/www.api-capacitors.com\/es\/wp-content\/uploads\/sites\/4\/2023\/03\/IMG_8982-removebg-preview-e1679313064639-1.png","type":"image\/png"}],"twitter_card":"summary_large_image","twitter_misc":{"Tiempo de lectura":"2 minutos"},"schema":{"@context":"https:\/\/schema.org","@graph":[{"@type":"WebPage","@id":"https:\/\/www.api-capacitors.com\/es\/condensadores-de-filtro-igbt\/","url":"https:\/\/www.api-capacitors.com\/es\/condensadores-de-filtro-igbt\/","name":"Condensadores de Filtro IGBT - API Capacitors es","isPartOf":{"@id":"https:\/\/www.api-capacitors.com\/es\/#website"},"primaryImageOfPage":{"@id":"https:\/\/www.api-capacitors.com\/es\/condensadores-de-filtro-igbt\/#primaryimage"},"image":{"@id":"https:\/\/www.api-capacitors.com\/es\/condensadores-de-filtro-igbt\/#primaryimage"},"thumbnailUrl":"https:\/\/www.api-capacitors.com\/es\/wp-content\/uploads\/sites\/4\/2023\/03\/IMG_8982-removebg-preview-e1679313064639-1.png","datePublished":"2022-12-07T10:37:41+00:00","dateModified":"2023-05-03T12:51:38+00:00","description":"API Capacitors ofrece capacitores de filtro IGBT de alta calidad para aplicaciones industriales y comerciales. Nuestros capacitores est\u00e1n dise\u00f1ados para cumplir con los m\u00e1s altos est\u00e1ndares de calidad y confiabilidad, asegurando un rendimiento y una longevidad \u00f3ptimos. Descubre c\u00f3mo nuestros capacitores de filtro IGBT espec\u00edficamente dise\u00f1ados pueden ayudar a reducir la corriente de ondulaci\u00f3n y estabilizar la tensi\u00f3n de salida en tus dispositivos electr\u00f3nicos de potencia.","breadcrumb":{"@id":"https:\/\/www.api-capacitors.com\/es\/condensadores-de-filtro-igbt\/#breadcrumb"},"inLanguage":"es","potentialAction":[{"@type":"ReadAction","target":["https:\/\/www.api-capacitors.com\/es\/condensadores-de-filtro-igbt\/"]}]},{"@type":"ImageObject","inLanguage":"es","@id":"https:\/\/www.api-capacitors.com\/es\/condensadores-de-filtro-igbt\/#primaryimage","url":"https:\/\/www.api-capacitors.com\/es\/wp-content\/uploads\/sites\/4\/2023\/03\/IMG_8982-removebg-preview-e1679313064639-1.png","contentUrl":"https:\/\/www.api-capacitors.com\/es\/wp-content\/uploads\/sites\/4\/2023\/03\/IMG_8982-removebg-preview-e1679313064639-1.png","width":577,"height":272,"caption":"IGBT Filter Capacitors"},{"@type":"BreadcrumbList","@id":"https:\/\/www.api-capacitors.com\/es\/condensadores-de-filtro-igbt\/#breadcrumb","itemListElement":[{"@type":"ListItem","position":1,"name":"Home","item":"https:\/\/www.api-capacitors.com\/es\/"},{"@type":"ListItem","position":2,"name":"Condensadores de Filtro IGBT"}]},{"@type":"WebSite","@id":"https:\/\/www.api-capacitors.com\/es\/#website","url":"https:\/\/www.api-capacitors.com\/es\/","name":"API Capacitors es","description":"DC Capacitors, AC Capacitors, Snubber Capacitors , Track Circuit Capacitors, Pulse Power Capacitors and Custom Capacitors","publisher":{"@id":"https:\/\/www.api-capacitors.com\/es\/#organization"},"potentialAction":[{"@type":"SearchAction","target":{"@type":"EntryPoint","urlTemplate":"https:\/\/www.api-capacitors.com\/es\/?s={search_term_string}"},"query-input":{"@type":"PropertyValueSpecification","valueRequired":true,"valueName":"search_term_string"}}],"inLanguage":"es"},{"@type":"Organization","@id":"https:\/\/www.api-capacitors.com\/es\/#organization","name":"API Capacitors es","url":"https:\/\/www.api-capacitors.com\/es\/","logo":{"@type":"ImageObject","inLanguage":"es","@id":"https:\/\/www.api-capacitors.com\/es\/#\/schema\/logo\/image\/","url":"https:\/\/www.api-capacitors.com\/es\/wp-content\/uploads\/sites\/4\/2022\/05\/cropped-NewLogos-06-e1653513321928.png","contentUrl":"https:\/\/www.api-capacitors.com\/es\/wp-content\/uploads\/sites\/4\/2022\/05\/cropped-NewLogos-06-e1653513321928.png","width":1404,"height":222,"caption":"API Capacitors es"},"image":{"@id":"https:\/\/www.api-capacitors.com\/es\/#\/schema\/logo\/image\/"}}]}},"_links":{"self":[{"href":"https:\/\/www.api-capacitors.com\/es\/wp-json\/wp\/v2\/pages\/1248","targetHints":{"allow":["GET"]}}],"collection":[{"href":"https:\/\/www.api-capacitors.com\/es\/wp-json\/wp\/v2\/pages"}],"about":[{"href":"https:\/\/www.api-capacitors.com\/es\/wp-json\/wp\/v2\/types\/page"}],"author":[{"embeddable":true,"href":"https:\/\/www.api-capacitors.com\/es\/wp-json\/wp\/v2\/users\/1"}],"replies":[{"embeddable":true,"href":"https:\/\/www.api-capacitors.com\/es\/wp-json\/wp\/v2\/comments?post=1248"}],"version-history":[{"count":89,"href":"https:\/\/www.api-capacitors.com\/es\/wp-json\/wp\/v2\/pages\/1248\/revisions"}],"predecessor-version":[{"id":2828,"href":"https:\/\/www.api-capacitors.com\/es\/wp-json\/wp\/v2\/pages\/1248\/revisions\/2828"}],"wp:featuredmedia":[{"embeddable":true,"href":"https:\/\/www.api-capacitors.com\/es\/wp-json\/wp\/v2\/media\/2151"}],"wp:attachment":[{"href":"https:\/\/www.api-capacitors.com\/es\/wp-json\/wp\/v2\/media?parent=1248"}],"curies":[{"name":"wp","href":"https:\/\/api.w.org\/{rel}","templated":true}]}}