{"id":1129,"date":"2022-06-10T12:01:31","date_gmt":"2022-06-10T12:01:31","guid":{"rendered":"https:\/\/www.api-capacitors.com\/es\/?page_id=1129"},"modified":"2023-05-03T12:17:12","modified_gmt":"2023-05-03T12:17:12","slug":"folletos","status":"publish","type":"page","link":"https:\/\/www.api-capacitors.com\/es\/folletos\/","title":{"rendered":"Folletos"},"content":{"rendered":"\t\t<div data-elementor-type=\"wp-page\" data-elementor-id=\"1129\" class=\"elementor elementor-1129\">\n\t\t\t\t\t\t<section class=\"elementor-section elementor-top-section elementor-element elementor-element-9253ed8 elementor-section-boxed elementor-section-height-default elementor-section-height-default\" data-id=\"9253ed8\" data-element_type=\"section\" data-e-type=\"section\">\n\t\t\t\t\t\t<div class=\"elementor-container elementor-column-gap-default\">\n\t\t\t\t\t<div class=\"elementor-column elementor-col-50 elementor-top-column elementor-element elementor-element-21db40a\" data-id=\"21db40a\" data-element_type=\"column\" data-e-type=\"column\">\n\t\t\t<div class=\"elementor-widget-wrap\">\n\t\t\t\t\t\t\t<\/div>\n\t\t<\/div>\n\t\t\t\t<div class=\"elementor-column elementor-col-50 elementor-top-column elementor-element elementor-element-a6fe8e7\" data-id=\"a6fe8e7\" data-element_type=\"column\" data-e-type=\"column\">\n\t\t\t<div class=\"elementor-widget-wrap\">\n\t\t\t\t\t\t\t<\/div>\n\t\t<\/div>\n\t\t\t\t\t<\/div>\n\t\t<\/section>\n\t\t\t\t<section class=\"elementor-section elementor-top-section elementor-element elementor-element-a41ebf6 elementor-section-boxed elementor-section-height-default elementor-section-height-default\" data-id=\"a41ebf6\" data-element_type=\"section\" data-e-type=\"section\">\n\t\t\t\t\t\t<div class=\"elementor-container elementor-column-gap-default\">\n\t\t\t\t\t<div class=\"elementor-column elementor-col-50 elementor-top-column elementor-element elementor-element-cf8f380\" data-id=\"cf8f380\" data-element_type=\"column\" data-e-type=\"column\">\n\t\t\t<div class=\"elementor-widget-wrap\">\n\t\t\t\t\t\t\t<\/div>\n\t\t<\/div>\n\t\t\t\t<div class=\"elementor-column elementor-col-50 elementor-top-column elementor-element elementor-element-0733dc2\" data-id=\"0733dc2\" data-element_type=\"column\" data-e-type=\"column\">\n\t\t\t<div class=\"elementor-widget-wrap\">\n\t\t\t\t\t\t\t<\/div>\n\t\t<\/div>\n\t\t\t\t\t<\/div>\n\t\t<\/section>\n\t\t\t\t<section class=\"elementor-section elementor-top-section elementor-element elementor-element-9207beb elementor-section-boxed elementor-section-height-default elementor-section-height-default\" data-id=\"9207beb\" data-element_type=\"section\" data-e-type=\"section\">\n\t\t\t\t\t\t<div class=\"elementor-container elementor-column-gap-default\">\n\t\t\t\t\t<div class=\"elementor-column elementor-col-50 elementor-top-column elementor-element elementor-element-2cb29a1\" data-id=\"2cb29a1\" data-element_type=\"column\" data-e-type=\"column\">\n\t\t\t<div class=\"elementor-widget-wrap\">\n\t\t\t\t\t\t\t<\/div>\n\t\t<\/div>\n\t\t\t\t<div class=\"elementor-column elementor-col-50 elementor-top-column elementor-element elementor-element-cc967d6\" data-id=\"cc967d6\" data-element_type=\"column\" data-e-type=\"column\">\n\t\t\t<div class=\"elementor-widget-wrap\">\n\t\t\t\t\t\t\t<\/div>\n\t\t<\/div>\n\t\t\t\t\t<\/div>\n\t\t<\/section>\n\t\t\t\t<\/div>\n\t\t","protected":false},"excerpt":{"rendered":"<p>Condensadores de DC API Capacitors dise\u00f1a y fabrica condensadores de pel\u00edcula de CC que no se limitan a una gama de cat\u00e1logo. La corriente, la tensi\u00f3n, el tama\u00f1o, la masa y las terminaciones se adaptan a los requisitos y la aplicaci\u00f3n del cliente. Descargar folleto Condensadores de CA API Capacitors dise\u00f1a y fabrica condensadores de [&hellip;]<\/p>\n","protected":false},"author":1,"featured_media":0,"parent":0,"menu_order":0,"comment_status":"closed","ping_status":"closed","template":"","meta":{"site-sidebar-layout":"no-sidebar","site-content-layout":"page-builder","ast-site-content-layout":"default","site-content-style":"default","site-sidebar-style":"default","ast-global-header-display":"","ast-banner-title-visibility":"","ast-main-header-display":"","ast-hfb-above-header-display":"","ast-hfb-below-header-display":"","ast-hfb-mobile-header-display":"","site-post-title":"disabled","ast-breadcrumbs-content":"","ast-featured-img":"disabled","footer-sml-layout":"","ast-disable-related-posts":"","theme-transparent-header-meta":"","adv-header-id-meta":"","stick-header-meta":"","header-above-stick-meta":"","header-main-stick-meta":"","header-below-stick-meta":"","astra-migrate-meta-layouts":"default","ast-page-background-enabled":"default","ast-page-background-meta":{"desktop":{"background-color":"","background-image":"","background-repeat":"repeat","background-position":"center center","background-size":"auto","background-attachment":"scroll","background-type":"","background-media":"","overlay-type":"","overlay-color":"","overlay-opacity":"","overlay-gradient":""},"tablet":{"background-color":"","background-image":"","background-repeat":"repeat","background-position":"center center","background-size":"auto","background-attachment":"scroll","background-type":"","background-media":"","overlay-type":"","overlay-color":"","overlay-opacity":"","overlay-gradient":""},"mobile":{"background-color":"","background-image":"","background-repeat":"repeat","background-position":"center center","background-size":"auto","background-attachment":"scroll","background-type":"","background-media":"","overlay-type":"","overlay-color":"","overlay-opacity":"","overlay-gradient":""}},"ast-content-background-meta":{"desktop":{"background-color":"var(--ast-global-color-5)","background-image":"","background-repeat":"repeat","background-position":"center center","background-size":"auto","background-attachment":"scroll","background-type":"","background-media":"","overlay-type":"","overlay-color":"","overlay-opacity":"","overlay-gradient":""},"tablet":{"background-color":"var(--ast-global-color-5)","background-image":"","background-repeat":"repeat","background-position":"center center","background-size":"auto","background-attachment":"scroll","background-type":"","background-media":"","overlay-type":"","overlay-color":"","overlay-opacity":"","overlay-gradient":""},"mobile":{"background-color":"var(--ast-global-color-5)","background-image":"","background-repeat":"repeat","background-position":"center center","background-size":"auto","background-attachment":"scroll","background-type":"","background-media":"","overlay-type":"","overlay-color":"","overlay-opacity":"","overlay-gradient":""}},"footnotes":""},"class_list":["post-1129","page","type-page","status-publish","hentry"],"yoast_head":"<!-- This site is optimized with the Yoast SEO plugin v27.4 - https:\/\/yoast.com\/product\/yoast-seo-wordpress\/ -->\n<title>Folletos - API Capacitors Ltd, el fabricante l\u00edder de condensadores del Reino Unido<\/title>\n<meta name=\"description\" content=\"Fabricamos capacitores para una variedad de aplicaciones y sectores del mercado. Nuestros productos incluyen capacitores de corriente alterna (AC), corriente continua (DC), capacitores de circuito de v\u00eda y m\u00e1s. Descarga nuestros folletos aqu\u00ed para obtener m\u00e1s informaci\u00f3n.\" \/>\n<meta name=\"robots\" content=\"index, follow, max-snippet:-1, max-image-preview:large, max-video-preview:-1\" \/>\n<link rel=\"canonical\" href=\"https:\/\/www.api-capacitors.com\/es\/folletos\/\" \/>\n<meta property=\"og:locale\" content=\"es_ES\" \/>\n<meta property=\"og:type\" content=\"article\" \/>\n<meta property=\"og:title\" content=\"Folletos - API Capacitors Ltd, el fabricante l\u00edder de condensadores del Reino Unido\" \/>\n<meta property=\"og:description\" content=\"Fabricamos capacitores para una variedad de aplicaciones y sectores del mercado. Nuestros productos incluyen capacitores de corriente alterna (AC), corriente continua (DC), capacitores de circuito de v\u00eda y m\u00e1s. Descarga nuestros folletos aqu\u00ed para obtener m\u00e1s informaci\u00f3n.\" \/>\n<meta property=\"og:url\" content=\"https:\/\/www.api-capacitors.com\/es\/folletos\/\" \/>\n<meta property=\"og:site_name\" content=\"API Capacitors es\" \/>\n<meta property=\"article:modified_time\" content=\"2023-05-03T12:17:12+00:00\" \/>\n<meta property=\"og:image\" content=\"https:\/\/www.api-capacitors.com\/es\/wp-content\/uploads\/sites\/4\/2022\/06\/APICapacitors_DC_Datasheet-1-212x300-1.jpg\" \/>\n<meta name=\"twitter:card\" content=\"summary_large_image\" \/>\n<meta name=\"twitter:label1\" content=\"Tiempo de lectura\" \/>\n\t<meta name=\"twitter:data1\" content=\"3 minutos\" \/>\n<script type=\"application\/ld+json\" class=\"yoast-schema-graph\">{\"@context\":\"https:\\\/\\\/schema.org\",\"@graph\":[{\"@type\":\"WebPage\",\"@id\":\"https:\\\/\\\/www.api-capacitors.com\\\/es\\\/folletos\\\/\",\"url\":\"https:\\\/\\\/www.api-capacitors.com\\\/es\\\/folletos\\\/\",\"name\":\"Folletos - API Capacitors Ltd, el fabricante l\u00edder de condensadores del Reino Unido\",\"isPartOf\":{\"@id\":\"https:\\\/\\\/www.api-capacitors.com\\\/es\\\/#website\"},\"primaryImageOfPage\":{\"@id\":\"https:\\\/\\\/www.api-capacitors.com\\\/es\\\/folletos\\\/#primaryimage\"},\"image\":{\"@id\":\"https:\\\/\\\/www.api-capacitors.com\\\/es\\\/folletos\\\/#primaryimage\"},\"thumbnailUrl\":\"https:\\\/\\\/www.api-capacitors.com\\\/es\\\/wp-content\\\/uploads\\\/sites\\\/4\\\/2022\\\/06\\\/APICapacitors_DC_Datasheet-1-212x300-1.jpg\",\"datePublished\":\"2022-06-10T12:01:31+00:00\",\"dateModified\":\"2023-05-03T12:17:12+00:00\",\"description\":\"Fabricamos capacitores para una variedad de aplicaciones y sectores del mercado. Nuestros productos incluyen capacitores de corriente alterna (AC), corriente continua (DC), capacitores de circuito de v\u00eda y m\u00e1s. Descarga nuestros folletos aqu\u00ed para obtener m\u00e1s informaci\u00f3n.\",\"breadcrumb\":{\"@id\":\"https:\\\/\\\/www.api-capacitors.com\\\/es\\\/folletos\\\/#breadcrumb\"},\"inLanguage\":\"es\",\"potentialAction\":[{\"@type\":\"ReadAction\",\"target\":[\"https:\\\/\\\/www.api-capacitors.com\\\/es\\\/folletos\\\/\"]}]},{\"@type\":\"ImageObject\",\"inLanguage\":\"es\",\"@id\":\"https:\\\/\\\/www.api-capacitors.com\\\/es\\\/folletos\\\/#primaryimage\",\"url\":\"https:\\\/\\\/www.api-capacitors.com\\\/es\\\/wp-content\\\/uploads\\\/sites\\\/4\\\/2022\\\/06\\\/APICapacitors_DC_Datasheet-1-212x300-1.jpg\",\"contentUrl\":\"https:\\\/\\\/www.api-capacitors.com\\\/es\\\/wp-content\\\/uploads\\\/sites\\\/4\\\/2022\\\/06\\\/APICapacitors_DC_Datasheet-1-212x300-1.jpg\",\"width\":212,\"height\":300,\"caption\":\"DC Capacitor Brochure Cover\"},{\"@type\":\"BreadcrumbList\",\"@id\":\"https:\\\/\\\/www.api-capacitors.com\\\/es\\\/folletos\\\/#breadcrumb\",\"itemListElement\":[{\"@type\":\"ListItem\",\"position\":1,\"name\":\"Home\",\"item\":\"https:\\\/\\\/www.api-capacitors.com\\\/es\\\/\"},{\"@type\":\"ListItem\",\"position\":2,\"name\":\"Folletos\"}]},{\"@type\":\"WebSite\",\"@id\":\"https:\\\/\\\/www.api-capacitors.com\\\/es\\\/#website\",\"url\":\"https:\\\/\\\/www.api-capacitors.com\\\/es\\\/\",\"name\":\"API Capacitors es\",\"description\":\"DC Capacitors, AC Capacitors, Snubber Capacitors , Track Circuit Capacitors, Pulse Power Capacitors and Custom Capacitors\",\"publisher\":{\"@id\":\"https:\\\/\\\/www.api-capacitors.com\\\/es\\\/#organization\"},\"potentialAction\":[{\"@type\":\"SearchAction\",\"target\":{\"@type\":\"EntryPoint\",\"urlTemplate\":\"https:\\\/\\\/www.api-capacitors.com\\\/es\\\/?s={search_term_string}\"},\"query-input\":{\"@type\":\"PropertyValueSpecification\",\"valueRequired\":true,\"valueName\":\"search_term_string\"}}],\"inLanguage\":\"es\"},{\"@type\":\"Organization\",\"@id\":\"https:\\\/\\\/www.api-capacitors.com\\\/es\\\/#organization\",\"name\":\"API Capacitors es\",\"url\":\"https:\\\/\\\/www.api-capacitors.com\\\/es\\\/\",\"logo\":{\"@type\":\"ImageObject\",\"inLanguage\":\"es\",\"@id\":\"https:\\\/\\\/www.api-capacitors.com\\\/es\\\/#\\\/schema\\\/logo\\\/image\\\/\",\"url\":\"https:\\\/\\\/www.api-capacitors.com\\\/es\\\/wp-content\\\/uploads\\\/sites\\\/4\\\/2022\\\/05\\\/cropped-NewLogos-06-e1653513321928.png\",\"contentUrl\":\"https:\\\/\\\/www.api-capacitors.com\\\/es\\\/wp-content\\\/uploads\\\/sites\\\/4\\\/2022\\\/05\\\/cropped-NewLogos-06-e1653513321928.png\",\"width\":1404,\"height\":222,\"caption\":\"API Capacitors es\"},\"image\":{\"@id\":\"https:\\\/\\\/www.api-capacitors.com\\\/es\\\/#\\\/schema\\\/logo\\\/image\\\/\"}}]}<\/script>\n<!-- \/ Yoast SEO plugin. -->","yoast_head_json":{"title":"Folletos - API Capacitors Ltd, el fabricante l\u00edder de condensadores del Reino Unido","description":"Fabricamos capacitores para una variedad de aplicaciones y sectores del mercado. Nuestros productos incluyen capacitores de corriente alterna (AC), corriente continua (DC), capacitores de circuito de v\u00eda y m\u00e1s. Descarga nuestros folletos aqu\u00ed para obtener m\u00e1s informaci\u00f3n.","robots":{"index":"index","follow":"follow","max-snippet":"max-snippet:-1","max-image-preview":"max-image-preview:large","max-video-preview":"max-video-preview:-1"},"canonical":"https:\/\/www.api-capacitors.com\/es\/folletos\/","og_locale":"es_ES","og_type":"article","og_title":"Folletos - API Capacitors Ltd, el fabricante l\u00edder de condensadores del Reino Unido","og_description":"Fabricamos capacitores para una variedad de aplicaciones y sectores del mercado. Nuestros productos incluyen capacitores de corriente alterna (AC), corriente continua (DC), capacitores de circuito de v\u00eda y m\u00e1s. Descarga nuestros folletos aqu\u00ed para obtener m\u00e1s informaci\u00f3n.","og_url":"https:\/\/www.api-capacitors.com\/es\/folletos\/","og_site_name":"API Capacitors es","article_modified_time":"2023-05-03T12:17:12+00:00","og_image":[{"url":"https:\/\/www.api-capacitors.com\/es\/wp-content\/uploads\/sites\/4\/2022\/06\/APICapacitors_DC_Datasheet-1-212x300-1.jpg","type":"","width":"","height":""}],"twitter_card":"summary_large_image","twitter_misc":{"Tiempo de lectura":"3 minutos"},"schema":{"@context":"https:\/\/schema.org","@graph":[{"@type":"WebPage","@id":"https:\/\/www.api-capacitors.com\/es\/folletos\/","url":"https:\/\/www.api-capacitors.com\/es\/folletos\/","name":"Folletos - API Capacitors Ltd, el fabricante l\u00edder de condensadores del Reino Unido","isPartOf":{"@id":"https:\/\/www.api-capacitors.com\/es\/#website"},"primaryImageOfPage":{"@id":"https:\/\/www.api-capacitors.com\/es\/folletos\/#primaryimage"},"image":{"@id":"https:\/\/www.api-capacitors.com\/es\/folletos\/#primaryimage"},"thumbnailUrl":"https:\/\/www.api-capacitors.com\/es\/wp-content\/uploads\/sites\/4\/2022\/06\/APICapacitors_DC_Datasheet-1-212x300-1.jpg","datePublished":"2022-06-10T12:01:31+00:00","dateModified":"2023-05-03T12:17:12+00:00","description":"Fabricamos capacitores para una variedad de aplicaciones y sectores del mercado. Nuestros productos incluyen capacitores de corriente alterna (AC), corriente continua (DC), capacitores de circuito de v\u00eda y m\u00e1s. Descarga nuestros folletos aqu\u00ed para obtener m\u00e1s informaci\u00f3n.","breadcrumb":{"@id":"https:\/\/www.api-capacitors.com\/es\/folletos\/#breadcrumb"},"inLanguage":"es","potentialAction":[{"@type":"ReadAction","target":["https:\/\/www.api-capacitors.com\/es\/folletos\/"]}]},{"@type":"ImageObject","inLanguage":"es","@id":"https:\/\/www.api-capacitors.com\/es\/folletos\/#primaryimage","url":"https:\/\/www.api-capacitors.com\/es\/wp-content\/uploads\/sites\/4\/2022\/06\/APICapacitors_DC_Datasheet-1-212x300-1.jpg","contentUrl":"https:\/\/www.api-capacitors.com\/es\/wp-content\/uploads\/sites\/4\/2022\/06\/APICapacitors_DC_Datasheet-1-212x300-1.jpg","width":212,"height":300,"caption":"DC Capacitor Brochure Cover"},{"@type":"BreadcrumbList","@id":"https:\/\/www.api-capacitors.com\/es\/folletos\/#breadcrumb","itemListElement":[{"@type":"ListItem","position":1,"name":"Home","item":"https:\/\/www.api-capacitors.com\/es\/"},{"@type":"ListItem","position":2,"name":"Folletos"}]},{"@type":"WebSite","@id":"https:\/\/www.api-capacitors.com\/es\/#website","url":"https:\/\/www.api-capacitors.com\/es\/","name":"API Capacitors es","description":"DC Capacitors, AC Capacitors, Snubber Capacitors , Track Circuit Capacitors, Pulse Power Capacitors and Custom Capacitors","publisher":{"@id":"https:\/\/www.api-capacitors.com\/es\/#organization"},"potentialAction":[{"@type":"SearchAction","target":{"@type":"EntryPoint","urlTemplate":"https:\/\/www.api-capacitors.com\/es\/?s={search_term_string}"},"query-input":{"@type":"PropertyValueSpecification","valueRequired":true,"valueName":"search_term_string"}}],"inLanguage":"es"},{"@type":"Organization","@id":"https:\/\/www.api-capacitors.com\/es\/#organization","name":"API Capacitors es","url":"https:\/\/www.api-capacitors.com\/es\/","logo":{"@type":"ImageObject","inLanguage":"es","@id":"https:\/\/www.api-capacitors.com\/es\/#\/schema\/logo\/image\/","url":"https:\/\/www.api-capacitors.com\/es\/wp-content\/uploads\/sites\/4\/2022\/05\/cropped-NewLogos-06-e1653513321928.png","contentUrl":"https:\/\/www.api-capacitors.com\/es\/wp-content\/uploads\/sites\/4\/2022\/05\/cropped-NewLogos-06-e1653513321928.png","width":1404,"height":222,"caption":"API Capacitors es"},"image":{"@id":"https:\/\/www.api-capacitors.com\/es\/#\/schema\/logo\/image\/"}}]}},"_links":{"self":[{"href":"https:\/\/www.api-capacitors.com\/es\/wp-json\/wp\/v2\/pages\/1129","targetHints":{"allow":["GET"]}}],"collection":[{"href":"https:\/\/www.api-capacitors.com\/es\/wp-json\/wp\/v2\/pages"}],"about":[{"href":"https:\/\/www.api-capacitors.com\/es\/wp-json\/wp\/v2\/types\/page"}],"author":[{"embeddable":true,"href":"https:\/\/www.api-capacitors.com\/es\/wp-json\/wp\/v2\/users\/1"}],"replies":[{"embeddable":true,"href":"https:\/\/www.api-capacitors.com\/es\/wp-json\/wp\/v2\/comments?post=1129"}],"version-history":[{"count":45,"href":"https:\/\/www.api-capacitors.com\/es\/wp-json\/wp\/v2\/pages\/1129\/revisions"}],"predecessor-version":[{"id":2796,"href":"https:\/\/www.api-capacitors.com\/es\/wp-json\/wp\/v2\/pages\/1129\/revisions\/2796"}],"wp:attachment":[{"href":"https:\/\/www.api-capacitors.com\/es\/wp-json\/wp\/v2\/media?parent=1129"}],"curies":[{"name":"wp","href":"https:\/\/api.w.org\/{rel}","templated":true}]}}