{"id":1079,"date":"2022-06-10T09:07:22","date_gmt":"2022-06-10T09:07:22","guid":{"rendered":"https:\/\/www.api-capacitors.com\/es\/?page_id=1079"},"modified":"2023-05-03T12:43:50","modified_gmt":"2023-05-03T12:43:50","slug":"condensadores-de-circuito-de-pista","status":"publish","type":"page","link":"https:\/\/www.api-capacitors.com\/es\/condensadores-de-circuito-de-pista\/","title":{"rendered":"Condensadores de Circuito de Pista"},"content":{"rendered":"\t\t<div data-elementor-type=\"wp-page\" data-elementor-id=\"1079\" class=\"elementor elementor-1079\">\n\t\t\t\t\t\t<section class=\"elementor-section elementor-top-section elementor-element elementor-element-42c4833 elementor-section-boxed elementor-section-height-default elementor-section-height-default\" data-id=\"42c4833\" data-element_type=\"section\" data-e-type=\"section\">\n\t\t\t\t\t\t<div class=\"elementor-container elementor-column-gap-default\">\n\t\t\t\t\t<div class=\"elementor-column elementor-col-50 elementor-top-column elementor-element elementor-element-ef308a0\" data-id=\"ef308a0\" data-element_type=\"column\" data-e-type=\"column\">\n\t\t\t<div class=\"elementor-widget-wrap elementor-element-populated\">\n\t\t\t\t\t\t<div class=\"elementor-element elementor-element-a1bc8a1 elementor-widget elementor-widget-text-editor\" data-id=\"a1bc8a1\" data-element_type=\"widget\" data-e-type=\"widget\" data-widget_type=\"text-editor.default\">\n\t\t\t\t<div class=\"elementor-widget-container\">\n\t\t\t\t\t\t\t\t\t<p>API Capacitors ofrece una gama de capacitores de alimentaci\u00f3n de circuito de v\u00eda ajustable de baja frecuencia para circuitos de v\u00eda sin juntas, as\u00ed como capacitores fijos de alta frecuencia de CC para los mismos circuitos utilizados en equipos de se\u00f1alizaci\u00f3n junto a la v\u00eda.<\/p><p><span style=\"font-style: inherit; font-weight: inherit; color: var(--ast-global-color-3);\">Se logra una larga vida \u00fatil y una alta confiabilidad para ambas variantes utilizando una pel\u00edcula diel\u00e9ctrica de polipropileno metalizada de alta isotacticidad y ultra baja densidad de defectos con capacidad de auto-sanaci\u00f3n. Los elementos son enrollados en las \u00faltimas m\u00e1quinas de bobinado autom\u00e1ticas controladas por bordes de precisi\u00f3n. Los capacitores de alimentaci\u00f3n\/rel\u00e9 de extremo de circuito de v\u00eda ajustable de baja frecuencia de CA se fabrican con m\u00faltiples secciones capacitivas que se pueden cambiar utilizando interruptores de metal bloqueables para adaptarse a las condiciones del circuito de v\u00eda.<\/span><\/p><p>Los resistores se incorporan en el dise\u00f1o para proteger contra las corrientes pico transitorias. Los elementos capacitivos se sellan herm\u00e9ticamente dentro de resina de poliuretano y se encierran en una caja aislada con clasificaci\u00f3n IP67. Los capacitores fijos de CC de alta frecuencia para circuitos de v\u00eda sin juntas se fabrican con una tolerancia inferior al 1% e incorporan un sistema diel\u00e9ctrico que garantiza la estabilidad de la capacitancia en un amplio rango de temperaturas.<\/p><p>Los elementos capacitivos se sellan herm\u00e9ticamente dentro de resina de poliuretano y se encierran en una caja de aluminio.<\/p>\t\t\t\t\t\t\t\t<\/div>\n\t\t\t\t<\/div>\n\t\t\t\t\t<\/div>\n\t\t<\/div>\n\t\t\t\t<div class=\"elementor-column elementor-col-50 elementor-top-column elementor-element elementor-element-f2fcab7\" data-id=\"f2fcab7\" data-element_type=\"column\" data-e-type=\"column\" data-settings=\"{&quot;background_background&quot;:&quot;classic&quot;}\">\n\t\t\t<div class=\"elementor-widget-wrap elementor-element-populated\">\n\t\t\t\t\t\t<div class=\"elementor-element elementor-element-f2cbfb4 elementor-widget elementor-widget-image\" data-id=\"f2cbfb4\" data-element_type=\"widget\" data-e-type=\"widget\" data-widget_type=\"image.default\">\n\t\t\t\t<div class=\"elementor-widget-container\">\n\t\t\t\t\t\t\t\t\t\t\t\t\t\t\t<img fetchpriority=\"high\" decoding=\"async\" width=\"400\" height=\"390\" src=\"https:\/\/www.api-capacitors.com\/es\/wp-content\/uploads\/sites\/4\/2022\/06\/APIC_TrackCircuit-Capacitors.png\" class=\"attachment-full size-full wp-image-1081\" alt=\"Track Circuit Capacitors\" srcset=\"https:\/\/www.api-capacitors.com\/es\/wp-content\/uploads\/sites\/4\/2022\/06\/APIC_TrackCircuit-Capacitors.png 400w, https:\/\/www.api-capacitors.com\/es\/wp-content\/uploads\/sites\/4\/2022\/06\/APIC_TrackCircuit-Capacitors-300x293.png 300w\" sizes=\"(max-width: 400px) 100vw, 400px\" \/>\t\t\t\t\t\t\t\t\t\t\t\t\t\t\t<\/div>\n\t\t\t\t<\/div>\n\t\t\t\t\t<\/div>\n\t\t<\/div>\n\t\t\t\t\t<\/div>\n\t\t<\/section>\n\t\t\t\t<section class=\"elementor-section elementor-top-section elementor-element elementor-element-ec08104 elementor-section-boxed elementor-section-height-default elementor-section-height-default\" data-id=\"ec08104\" data-element_type=\"section\" data-e-type=\"section\">\n\t\t\t\t\t\t<div class=\"elementor-container elementor-column-gap-default\">\n\t\t\t\t\t<div class=\"elementor-column elementor-col-100 elementor-top-column elementor-element elementor-element-b820d99\" data-id=\"b820d99\" data-element_type=\"column\" data-e-type=\"column\">\n\t\t\t<div class=\"elementor-widget-wrap elementor-element-populated\">\n\t\t\t\t\t\t<div class=\"elementor-element elementor-element-3f02270 elementor-widget elementor-widget-text-editor\" data-id=\"3f02270\" data-element_type=\"widget\" data-e-type=\"widget\" data-widget_type=\"text-editor.default\">\n\t\t\t\t<div class=\"elementor-widget-container\">\n\t\t\t\t\t\t\t\t\t<h3>Aplicaciones T\u00edpicas<\/h3><p><strong>Utilizado en Transporte<\/strong><br \/><strong>Ferrocarril de Pasajeros\/Carga<\/strong> (Tracci\u00f3n, Se\u00f1alizaci\u00f3n)<\/p><h3>Caracter\u00edsticas<\/h3><ul><li>Larga vida \u00fatil y alta confiabilidad.<\/li><li>Tecnolog\u00eda de autocuraci\u00f3n.<\/li><li>Dise\u00f1os libres de fugas secos.<\/li><li>Cajas aisladas.<\/li><li>Materiales resistentes a los rayos UV, libres de hal\u00f3genos, con baja emisi\u00f3n de humo y retardantes de llama.<\/li><\/ul><h3>Capacitores de Dise\u00f1o Personalizado.<\/h3><p>Dise\u00f1ados para cumplir con especificaciones detalladas o breves. Nuestros representantes de ventas t\u00e9cnicas pueden trabajar en estrecha colaboraci\u00f3n con su equipo de dise\u00f1o en la etapa conceptual o en etapas posteriores de un proyecto cuando se requiere un dise\u00f1o cr\u00edtico en t\u00e9rminos de tiempo. <a href=\"\/es\/piezas-obsoletas\/\">Alternativamente, se pueden ofrecer reemplazos similares a los originales para dise\u00f1os de retrofit m\u00e1s antiguos.<\/a><\/p>\t\t\t\t\t\t\t\t<\/div>\n\t\t\t\t<\/div>\n\t\t\t\t\t<\/div>\n\t\t<\/div>\n\t\t\t\t\t<\/div>\n\t\t<\/section>\n\t\t\t\t<\/div>\n\t\t","protected":false},"excerpt":{"rendered":"<p>API Capacitors ofrece una gama de capacitores de alimentaci\u00f3n de circuito de v\u00eda ajustable de baja frecuencia para circuitos de v\u00eda sin juntas, as\u00ed como capacitores fijos de alta frecuencia de CC para los mismos circuitos utilizados en equipos de se\u00f1alizaci\u00f3n junto a la v\u00eda. Se logra una larga vida \u00fatil y una alta confiabilidad [&hellip;]<\/p>\n","protected":false},"author":1,"featured_media":0,"parent":0,"menu_order":0,"comment_status":"closed","ping_status":"closed","template":"","meta":{"site-sidebar-layout":"right-sidebar","site-content-layout":"default","ast-site-content-layout":"default","site-content-style":"default","site-sidebar-style":"default","ast-global-header-display":"","ast-banner-title-visibility":"","ast-main-header-display":"","ast-hfb-above-header-display":"","ast-hfb-below-header-display":"","ast-hfb-mobile-header-display":"","site-post-title":"disabled","ast-breadcrumbs-content":"","ast-featured-img":"disabled","footer-sml-layout":"","ast-disable-related-posts":"","theme-transparent-header-meta":"","adv-header-id-meta":"","stick-header-meta":"","header-above-stick-meta":"","header-main-stick-meta":"","header-below-stick-meta":"","astra-migrate-meta-layouts":"default","ast-page-background-enabled":"default","ast-page-background-meta":{"desktop":{"background-color":"","background-image":"","background-repeat":"repeat","background-position":"center center","background-size":"auto","background-attachment":"scroll","background-type":"","background-media":"","overlay-type":"","overlay-color":"","overlay-opacity":"","overlay-gradient":""},"tablet":{"background-color":"","background-image":"","background-repeat":"repeat","background-position":"center center","background-size":"auto","background-attachment":"scroll","background-type":"","background-media":"","overlay-type":"","overlay-color":"","overlay-opacity":"","overlay-gradient":""},"mobile":{"background-color":"","background-image":"","background-repeat":"repeat","background-position":"center center","background-size":"auto","background-attachment":"scroll","background-type":"","background-media":"","overlay-type":"","overlay-color":"","overlay-opacity":"","overlay-gradient":""}},"ast-content-background-meta":{"desktop":{"background-color":"var(--ast-global-color-5)","background-image":"","background-repeat":"repeat","background-position":"center center","background-size":"auto","background-attachment":"scroll","background-type":"","background-media":"","overlay-type":"","overlay-color":"","overlay-opacity":"","overlay-gradient":""},"tablet":{"background-color":"var(--ast-global-color-5)","background-image":"","background-repeat":"repeat","background-position":"center center","background-size":"auto","background-attachment":"scroll","background-type":"","background-media":"","overlay-type":"","overlay-color":"","overlay-opacity":"","overlay-gradient":""},"mobile":{"background-color":"var(--ast-global-color-5)","background-image":"","background-repeat":"repeat","background-position":"center center","background-size":"auto","background-attachment":"scroll","background-type":"","background-media":"","overlay-type":"","overlay-color":"","overlay-opacity":"","overlay-gradient":""}},"footnotes":""},"class_list":["post-1079","page","type-page","status-publish","hentry"],"yoast_head":"<!-- This site is optimized with the Yoast SEO plugin v27.4 - https:\/\/yoast.com\/product\/yoast-seo-wordpress\/ -->\n<title>Condensadores de Circuito de Pista - API Capacitors es<\/title>\n<meta name=\"description\" content=\"API Capacitors ofrece capacitores para circuitos de v\u00eda para aplicaciones de se\u00f1alizaci\u00f3n ferroviaria, dise\u00f1ados para cumplir con los requisitos de diversos dise\u00f1os de circuitos de v\u00eda, garantizando operaciones ferroviarias seguras y confiables.\" \/>\n<meta name=\"robots\" content=\"index, follow, max-snippet:-1, max-image-preview:large, max-video-preview:-1\" \/>\n<link rel=\"canonical\" href=\"https:\/\/www.api-capacitors.com\/es\/condensadores-de-circuito-de-pista\/\" \/>\n<meta property=\"og:locale\" content=\"es_ES\" \/>\n<meta property=\"og:type\" content=\"article\" \/>\n<meta property=\"og:title\" content=\"Condensadores de Circuito de Pista - API Capacitors es\" \/>\n<meta property=\"og:description\" content=\"API Capacitors ofrece capacitores para circuitos de v\u00eda para aplicaciones de se\u00f1alizaci\u00f3n ferroviaria, dise\u00f1ados para cumplir con los requisitos de diversos dise\u00f1os de circuitos de v\u00eda, garantizando operaciones ferroviarias seguras y confiables.\" \/>\n<meta property=\"og:url\" content=\"https:\/\/www.api-capacitors.com\/es\/condensadores-de-circuito-de-pista\/\" \/>\n<meta property=\"og:site_name\" content=\"API Capacitors es\" \/>\n<meta property=\"article:modified_time\" content=\"2023-05-03T12:43:50+00:00\" \/>\n<meta property=\"og:image\" content=\"https:\/\/www.api-capacitors.com\/es\/wp-content\/uploads\/sites\/4\/2022\/06\/APIC_TrackCircuit-Capacitors.png\" \/>\n<meta name=\"twitter:card\" content=\"summary_large_image\" \/>\n<meta name=\"twitter:label1\" content=\"Tiempo de lectura\" \/>\n\t<meta name=\"twitter:data1\" content=\"2 minutos\" \/>\n<script type=\"application\/ld+json\" class=\"yoast-schema-graph\">{\"@context\":\"https:\\\/\\\/schema.org\",\"@graph\":[{\"@type\":\"WebPage\",\"@id\":\"https:\\\/\\\/www.api-capacitors.com\\\/es\\\/condensadores-de-circuito-de-pista\\\/\",\"url\":\"https:\\\/\\\/www.api-capacitors.com\\\/es\\\/condensadores-de-circuito-de-pista\\\/\",\"name\":\"Condensadores de Circuito de Pista - API Capacitors es\",\"isPartOf\":{\"@id\":\"https:\\\/\\\/www.api-capacitors.com\\\/es\\\/#website\"},\"primaryImageOfPage\":{\"@id\":\"https:\\\/\\\/www.api-capacitors.com\\\/es\\\/condensadores-de-circuito-de-pista\\\/#primaryimage\"},\"image\":{\"@id\":\"https:\\\/\\\/www.api-capacitors.com\\\/es\\\/condensadores-de-circuito-de-pista\\\/#primaryimage\"},\"thumbnailUrl\":\"https:\\\/\\\/www.api-capacitors.com\\\/es\\\/wp-content\\\/uploads\\\/sites\\\/4\\\/2022\\\/06\\\/APIC_TrackCircuit-Capacitors.png\",\"datePublished\":\"2022-06-10T09:07:22+00:00\",\"dateModified\":\"2023-05-03T12:43:50+00:00\",\"description\":\"API Capacitors ofrece capacitores para circuitos de v\u00eda para aplicaciones de se\u00f1alizaci\u00f3n ferroviaria, dise\u00f1ados para cumplir con los requisitos de diversos dise\u00f1os de circuitos de v\u00eda, garantizando operaciones ferroviarias seguras y confiables.\",\"breadcrumb\":{\"@id\":\"https:\\\/\\\/www.api-capacitors.com\\\/es\\\/condensadores-de-circuito-de-pista\\\/#breadcrumb\"},\"inLanguage\":\"es\",\"potentialAction\":[{\"@type\":\"ReadAction\",\"target\":[\"https:\\\/\\\/www.api-capacitors.com\\\/es\\\/condensadores-de-circuito-de-pista\\\/\"]}]},{\"@type\":\"ImageObject\",\"inLanguage\":\"es\",\"@id\":\"https:\\\/\\\/www.api-capacitors.com\\\/es\\\/condensadores-de-circuito-de-pista\\\/#primaryimage\",\"url\":\"https:\\\/\\\/www.api-capacitors.com\\\/es\\\/wp-content\\\/uploads\\\/sites\\\/4\\\/2022\\\/06\\\/APIC_TrackCircuit-Capacitors.png\",\"contentUrl\":\"https:\\\/\\\/www.api-capacitors.com\\\/es\\\/wp-content\\\/uploads\\\/sites\\\/4\\\/2022\\\/06\\\/APIC_TrackCircuit-Capacitors.png\",\"width\":400,\"height\":390,\"caption\":\"Track Circuit Capacitors\"},{\"@type\":\"BreadcrumbList\",\"@id\":\"https:\\\/\\\/www.api-capacitors.com\\\/es\\\/condensadores-de-circuito-de-pista\\\/#breadcrumb\",\"itemListElement\":[{\"@type\":\"ListItem\",\"position\":1,\"name\":\"Home\",\"item\":\"https:\\\/\\\/www.api-capacitors.com\\\/es\\\/\"},{\"@type\":\"ListItem\",\"position\":2,\"name\":\"Condensadores de Circuito de Pista\"}]},{\"@type\":\"WebSite\",\"@id\":\"https:\\\/\\\/www.api-capacitors.com\\\/es\\\/#website\",\"url\":\"https:\\\/\\\/www.api-capacitors.com\\\/es\\\/\",\"name\":\"API Capacitors es\",\"description\":\"DC Capacitors, AC Capacitors, Snubber Capacitors , Track Circuit Capacitors, Pulse Power Capacitors and Custom Capacitors\",\"publisher\":{\"@id\":\"https:\\\/\\\/www.api-capacitors.com\\\/es\\\/#organization\"},\"potentialAction\":[{\"@type\":\"SearchAction\",\"target\":{\"@type\":\"EntryPoint\",\"urlTemplate\":\"https:\\\/\\\/www.api-capacitors.com\\\/es\\\/?s={search_term_string}\"},\"query-input\":{\"@type\":\"PropertyValueSpecification\",\"valueRequired\":true,\"valueName\":\"search_term_string\"}}],\"inLanguage\":\"es\"},{\"@type\":\"Organization\",\"@id\":\"https:\\\/\\\/www.api-capacitors.com\\\/es\\\/#organization\",\"name\":\"API Capacitors es\",\"url\":\"https:\\\/\\\/www.api-capacitors.com\\\/es\\\/\",\"logo\":{\"@type\":\"ImageObject\",\"inLanguage\":\"es\",\"@id\":\"https:\\\/\\\/www.api-capacitors.com\\\/es\\\/#\\\/schema\\\/logo\\\/image\\\/\",\"url\":\"https:\\\/\\\/www.api-capacitors.com\\\/es\\\/wp-content\\\/uploads\\\/sites\\\/4\\\/2022\\\/05\\\/cropped-NewLogos-06-e1653513321928.png\",\"contentUrl\":\"https:\\\/\\\/www.api-capacitors.com\\\/es\\\/wp-content\\\/uploads\\\/sites\\\/4\\\/2022\\\/05\\\/cropped-NewLogos-06-e1653513321928.png\",\"width\":1404,\"height\":222,\"caption\":\"API Capacitors es\"},\"image\":{\"@id\":\"https:\\\/\\\/www.api-capacitors.com\\\/es\\\/#\\\/schema\\\/logo\\\/image\\\/\"}}]}<\/script>\n<!-- \/ Yoast SEO plugin. -->","yoast_head_json":{"title":"Condensadores de Circuito de Pista - API Capacitors es","description":"API Capacitors ofrece capacitores para circuitos de v\u00eda para aplicaciones de se\u00f1alizaci\u00f3n ferroviaria, dise\u00f1ados para cumplir con los requisitos de diversos dise\u00f1os de circuitos de v\u00eda, garantizando operaciones ferroviarias seguras y confiables.","robots":{"index":"index","follow":"follow","max-snippet":"max-snippet:-1","max-image-preview":"max-image-preview:large","max-video-preview":"max-video-preview:-1"},"canonical":"https:\/\/www.api-capacitors.com\/es\/condensadores-de-circuito-de-pista\/","og_locale":"es_ES","og_type":"article","og_title":"Condensadores de Circuito de Pista - API Capacitors es","og_description":"API Capacitors ofrece capacitores para circuitos de v\u00eda para aplicaciones de se\u00f1alizaci\u00f3n ferroviaria, dise\u00f1ados para cumplir con los requisitos de diversos dise\u00f1os de circuitos de v\u00eda, garantizando operaciones ferroviarias seguras y confiables.","og_url":"https:\/\/www.api-capacitors.com\/es\/condensadores-de-circuito-de-pista\/","og_site_name":"API Capacitors es","article_modified_time":"2023-05-03T12:43:50+00:00","og_image":[{"url":"https:\/\/www.api-capacitors.com\/es\/wp-content\/uploads\/sites\/4\/2022\/06\/APIC_TrackCircuit-Capacitors.png","type":"","width":"","height":""}],"twitter_card":"summary_large_image","twitter_misc":{"Tiempo de lectura":"2 minutos"},"schema":{"@context":"https:\/\/schema.org","@graph":[{"@type":"WebPage","@id":"https:\/\/www.api-capacitors.com\/es\/condensadores-de-circuito-de-pista\/","url":"https:\/\/www.api-capacitors.com\/es\/condensadores-de-circuito-de-pista\/","name":"Condensadores de Circuito de Pista - API Capacitors es","isPartOf":{"@id":"https:\/\/www.api-capacitors.com\/es\/#website"},"primaryImageOfPage":{"@id":"https:\/\/www.api-capacitors.com\/es\/condensadores-de-circuito-de-pista\/#primaryimage"},"image":{"@id":"https:\/\/www.api-capacitors.com\/es\/condensadores-de-circuito-de-pista\/#primaryimage"},"thumbnailUrl":"https:\/\/www.api-capacitors.com\/es\/wp-content\/uploads\/sites\/4\/2022\/06\/APIC_TrackCircuit-Capacitors.png","datePublished":"2022-06-10T09:07:22+00:00","dateModified":"2023-05-03T12:43:50+00:00","description":"API Capacitors ofrece capacitores para circuitos de v\u00eda para aplicaciones de se\u00f1alizaci\u00f3n ferroviaria, dise\u00f1ados para cumplir con los requisitos de diversos dise\u00f1os de circuitos de v\u00eda, garantizando operaciones ferroviarias seguras y confiables.","breadcrumb":{"@id":"https:\/\/www.api-capacitors.com\/es\/condensadores-de-circuito-de-pista\/#breadcrumb"},"inLanguage":"es","potentialAction":[{"@type":"ReadAction","target":["https:\/\/www.api-capacitors.com\/es\/condensadores-de-circuito-de-pista\/"]}]},{"@type":"ImageObject","inLanguage":"es","@id":"https:\/\/www.api-capacitors.com\/es\/condensadores-de-circuito-de-pista\/#primaryimage","url":"https:\/\/www.api-capacitors.com\/es\/wp-content\/uploads\/sites\/4\/2022\/06\/APIC_TrackCircuit-Capacitors.png","contentUrl":"https:\/\/www.api-capacitors.com\/es\/wp-content\/uploads\/sites\/4\/2022\/06\/APIC_TrackCircuit-Capacitors.png","width":400,"height":390,"caption":"Track Circuit Capacitors"},{"@type":"BreadcrumbList","@id":"https:\/\/www.api-capacitors.com\/es\/condensadores-de-circuito-de-pista\/#breadcrumb","itemListElement":[{"@type":"ListItem","position":1,"name":"Home","item":"https:\/\/www.api-capacitors.com\/es\/"},{"@type":"ListItem","position":2,"name":"Condensadores de Circuito de Pista"}]},{"@type":"WebSite","@id":"https:\/\/www.api-capacitors.com\/es\/#website","url":"https:\/\/www.api-capacitors.com\/es\/","name":"API Capacitors es","description":"DC Capacitors, AC Capacitors, Snubber Capacitors , Track Circuit Capacitors, Pulse Power Capacitors and Custom Capacitors","publisher":{"@id":"https:\/\/www.api-capacitors.com\/es\/#organization"},"potentialAction":[{"@type":"SearchAction","target":{"@type":"EntryPoint","urlTemplate":"https:\/\/www.api-capacitors.com\/es\/?s={search_term_string}"},"query-input":{"@type":"PropertyValueSpecification","valueRequired":true,"valueName":"search_term_string"}}],"inLanguage":"es"},{"@type":"Organization","@id":"https:\/\/www.api-capacitors.com\/es\/#organization","name":"API Capacitors es","url":"https:\/\/www.api-capacitors.com\/es\/","logo":{"@type":"ImageObject","inLanguage":"es","@id":"https:\/\/www.api-capacitors.com\/es\/#\/schema\/logo\/image\/","url":"https:\/\/www.api-capacitors.com\/es\/wp-content\/uploads\/sites\/4\/2022\/05\/cropped-NewLogos-06-e1653513321928.png","contentUrl":"https:\/\/www.api-capacitors.com\/es\/wp-content\/uploads\/sites\/4\/2022\/05\/cropped-NewLogos-06-e1653513321928.png","width":1404,"height":222,"caption":"API Capacitors es"},"image":{"@id":"https:\/\/www.api-capacitors.com\/es\/#\/schema\/logo\/image\/"}}]}},"_links":{"self":[{"href":"https:\/\/www.api-capacitors.com\/es\/wp-json\/wp\/v2\/pages\/1079","targetHints":{"allow":["GET"]}}],"collection":[{"href":"https:\/\/www.api-capacitors.com\/es\/wp-json\/wp\/v2\/pages"}],"about":[{"href":"https:\/\/www.api-capacitors.com\/es\/wp-json\/wp\/v2\/types\/page"}],"author":[{"embeddable":true,"href":"https:\/\/www.api-capacitors.com\/es\/wp-json\/wp\/v2\/users\/1"}],"replies":[{"embeddable":true,"href":"https:\/\/www.api-capacitors.com\/es\/wp-json\/wp\/v2\/comments?post=1079"}],"version-history":[{"count":39,"href":"https:\/\/www.api-capacitors.com\/es\/wp-json\/wp\/v2\/pages\/1079\/revisions"}],"predecessor-version":[{"id":2813,"href":"https:\/\/www.api-capacitors.com\/es\/wp-json\/wp\/v2\/pages\/1079\/revisions\/2813"}],"wp:attachment":[{"href":"https:\/\/www.api-capacitors.com\/es\/wp-json\/wp\/v2\/media?parent=1079"}],"curies":[{"name":"wp","href":"https:\/\/api.w.org\/{rel}","templated":true}]}}