{"id":1059,"date":"2022-06-10T09:04:03","date_gmt":"2022-06-10T09:04:03","guid":{"rendered":"https:\/\/www.api-capacitors.com\/es\/?page_id=1059"},"modified":"2023-05-03T10:25:26","modified_gmt":"2023-05-03T10:25:26","slug":"condensadores-ac","status":"publish","type":"page","link":"https:\/\/www.api-capacitors.com\/es\/condensadores-ac\/","title":{"rendered":"Condensadores AC"},"content":{"rendered":"\t\t<div data-elementor-type=\"wp-page\" data-elementor-id=\"1059\" class=\"elementor elementor-1059\">\n\t\t\t\t\t\t<section class=\"elementor-section elementor-top-section elementor-element elementor-element-0724744 elementor-section-boxed elementor-section-height-default elementor-section-height-default\" data-id=\"0724744\" data-element_type=\"section\" data-e-type=\"section\">\n\t\t\t\t\t\t<div class=\"elementor-container elementor-column-gap-default\">\n\t\t\t\t\t<div class=\"elementor-column elementor-col-50 elementor-top-column elementor-element elementor-element-13c4e93\" data-id=\"13c4e93\" data-element_type=\"column\" data-e-type=\"column\">\n\t\t\t<div class=\"elementor-widget-wrap elementor-element-populated\">\n\t\t\t\t\t\t<div class=\"elementor-element elementor-element-c55919a elementor-widget elementor-widget-text-editor\" data-id=\"c55919a\" data-element_type=\"widget\" data-e-type=\"widget\" data-widget_type=\"text-editor.default\">\n\t\t\t\t<div class=\"elementor-widget-container\">\n\t\t\t\t\t\t\t\t\t<p>API Capacitors dise\u00f1a y fabrica capacitores de corriente alterna que no se limitan a un rango de cat\u00e1logo. La corriente, el voltaje, el tama\u00f1o, la masa y las terminaciones se ajustan a los requisitos y aplicaciones del cliente, algunos de los cuales se enumeran a continuaci\u00f3n.<\/p><p>Se logra una larga vida \u00fatil y alta confiabilidad mediante el uso de una pel\u00edcula diel\u00e9ctrica de polipropileno metalizado de alta isotacticidad, ultra baja densidad de defectos, que incorpora un rango de temperatura de trabajo extendido y capacidad de autocuraci\u00f3n controlada. Los elementos se enrollan en las \u00faltimas m\u00e1quinas de bobinado autom\u00e1ticas de control de borde de precisi\u00f3n. Se utiliza cobre de alta conductividad para conexiones internas de baja resistencia.<\/p><p>Los capacitores se terminan en metal recubierto de polvo libre de corrosi\u00f3n o en carcasas aisladas y se llenan con un aceite seguro para el medio ambiente o con una resina libre de fugas y seca.<\/p>\t\t\t\t\t\t\t\t<\/div>\n\t\t\t\t<\/div>\n\t\t\t\t\t<\/div>\n\t\t<\/div>\n\t\t\t\t<div class=\"elementor-column elementor-col-50 elementor-top-column elementor-element elementor-element-a38954e\" data-id=\"a38954e\" data-element_type=\"column\" data-e-type=\"column\" data-settings=\"{&quot;background_background&quot;:&quot;classic&quot;}\">\n\t\t\t<div class=\"elementor-widget-wrap elementor-element-populated\">\n\t\t\t\t\t\t<div class=\"elementor-element elementor-element-cae5175 elementor-widget elementor-widget-image\" data-id=\"cae5175\" data-element_type=\"widget\" data-e-type=\"widget\" data-widget_type=\"image.default\">\n\t\t\t\t<div class=\"elementor-widget-container\">\n\t\t\t\t\t\t\t\t\t\t\t\t\t\t\t<img fetchpriority=\"high\" decoding=\"async\" width=\"450\" height=\"274\" src=\"https:\/\/www.api-capacitors.com\/es\/wp-content\/uploads\/sites\/4\/2022\/06\/APIC_AC-Capacitors.png\" class=\"attachment-full size-full wp-image-1061\" alt=\"AC Capacitors\" srcset=\"https:\/\/www.api-capacitors.com\/es\/wp-content\/uploads\/sites\/4\/2022\/06\/APIC_AC-Capacitors.png 450w, https:\/\/www.api-capacitors.com\/es\/wp-content\/uploads\/sites\/4\/2022\/06\/APIC_AC-Capacitors-300x183.png 300w\" sizes=\"(max-width: 450px) 100vw, 450px\" \/>\t\t\t\t\t\t\t\t\t\t\t\t\t\t\t<\/div>\n\t\t\t\t<\/div>\n\t\t\t\t\t<\/div>\n\t\t<\/div>\n\t\t\t\t\t<\/div>\n\t\t<\/section>\n\t\t\t\t<section class=\"elementor-section elementor-top-section elementor-element elementor-element-7a4794c elementor-section-boxed elementor-section-height-default elementor-section-height-default\" data-id=\"7a4794c\" data-element_type=\"section\" data-e-type=\"section\">\n\t\t\t\t\t\t<div class=\"elementor-container elementor-column-gap-default\">\n\t\t\t\t\t<div class=\"elementor-column elementor-col-100 elementor-top-column elementor-element elementor-element-727fe33\" data-id=\"727fe33\" data-element_type=\"column\" data-e-type=\"column\">\n\t\t\t<div class=\"elementor-widget-wrap elementor-element-populated\">\n\t\t\t\t\t\t<div class=\"elementor-element elementor-element-1dd4ff3 elementor-widget elementor-widget-text-editor\" data-id=\"1dd4ff3\" data-element_type=\"widget\" data-e-type=\"widget\" data-widget_type=\"text-editor.default\">\n\t\t\t\t<div class=\"elementor-widget-container\">\n\t\t\t\t\t\t\t\t\t<h3>Aplicaciones T\u00edpicas<\/h3><p>Se utilizan en sectores de transporte, marino, automotriz, aeroespacial, militar, m\u00e9dico, energ\u00eda renovable, distribuci\u00f3n de energ\u00eda el\u00e9ctrica y otras aplicaciones industriales.<\/p><p><strong>Accionamientos est\u00e1ticos<\/strong>\u00a0(Ascensores, escaleras mec\u00e1nicas, transportadores, telef\u00e9ricos)<\/p><p><strong style=\"font-style: inherit; color: var(--ast-global-color-3);\">Accionamientos no est\u00e1ticos<\/strong><span style=\"font-style: inherit; font-weight: inherit; color: var(--ast-global-color-3);\">\u00a0(Propulsi\u00f3n, tracci\u00f3n)<\/span><\/p><p><strong>Electr\u00f3nica de potencia\u00a0<\/strong>(Soldadura, hornos, calentamiento por inducci\u00f3n)<\/p><p><strong> Transmisi\u00f3n de energ\u00eda\u00a0<\/strong>(Acondicionamiento, desintonizaci\u00f3n, FACTS, STATCOM, SVC, PFC)<\/p><p><strong>Ferrocarril de pasajeros\/carga<\/strong>\u00a0(Filtros de l\u00ednea, se\u00f1alizaci\u00f3n, circuitos auxiliares) Filtros (alisamiento, supresi\u00f3n, arm\u00f3nico)<\/p><p><strong>Convertidores<\/strong>\u00a0(Inversores, rectificadores, cortadores, cicloconvertidores)<\/p><h3>Caracter\u00edsticas<\/h3><ul><li><span style=\"font-style: inherit; font-weight: inherit; color: var(--ast-global-color-3);\">Larga vida \u00fatil y alta confiabilidad<br \/><\/span><\/li><li>Tecnolog\u00eda de autocuraci\u00f3n controlada<\/li><li>Llenado con aceite o resina seca<\/li><li>Carcasas de metal o aisladas<\/li><li><span style=\"font-style: inherit; font-weight: inherit; color: var(--ast-global-color-3);\">Resistencia a los rayos UV, libres de hal\u00f3genos, baja emisi\u00f3n de humo y materiales retardantes de llama.<\/span><\/li><\/ul><h3>Capacitores de Dise\u00f1o Personalizado<\/h3><div class=\"group w-full text-gray-800 dark:text-gray-100 border-b border-black\/10 dark:border-gray-900\/50 bg-gray-50 dark:bg-[#444654]\"><div class=\"text-base gap-4 md:gap-6 md:max-w-2xl lg:max-w-xl xl:max-w-3xl p-4 md:py-6 flex lg:px-0 m-auto\"><div class=\"relative flex w-[calc(100%-50px)] flex-col gap-1 md:gap-3 lg:w-[calc(100%-115px)]\"><div class=\"flex flex-grow flex-col gap-3\"><div class=\"min-h-[20px] flex flex-col items-start gap-4 whitespace-pre-wrap break-words\"><div class=\"markdown prose w-full break-words dark:prose-invert light\"><p>Dise\u00f1ados para cumplir con especificaciones detalladas o res\u00famenes. Nuestros representantes de ventas t\u00e9cnicas pueden trabajar en estrecha colaboraci\u00f3n con su equipo de dise\u00f1o en la etapa conceptual o en las etapas posteriores de un proyecto cuando se necesita un dise\u00f1o cr\u00edtico en el tiempo. <a href=\"\/es\/piezas-obsoletas\/\">Alternativamente, se pueden ofrecer reemplazos equivalentes para dise\u00f1os m\u00e1s antiguos que requieran una adaptaci\u00f3n.<\/a><\/p><\/div><\/div><\/div><div class=\"flex justify-between lg:block\"><div class=\"text-gray-400 flex self-end lg:self-center justify-center mt-2 gap-2 md:gap-3 lg:gap-1 lg:absolute lg:top-0 lg:translate-x-full lg:right-0 lg:mt-0 lg:pl-2 visible\">\u00a0<\/div><\/div><\/div><\/div><\/div>\t\t\t\t\t\t\t\t<\/div>\n\t\t\t\t<\/div>\n\t\t\t\t\t<\/div>\n\t\t<\/div>\n\t\t\t\t\t<\/div>\n\t\t<\/section>\n\t\t\t\t<\/div>\n\t\t","protected":false},"excerpt":{"rendered":"<p>API Capacitors dise\u00f1a y fabrica capacitores de corriente alterna que no se limitan a un rango de cat\u00e1logo. La corriente, el voltaje, el tama\u00f1o, la masa y las terminaciones se ajustan a los requisitos y aplicaciones del cliente, algunos de los cuales se enumeran a continuaci\u00f3n. Se logra una larga vida \u00fatil y alta confiabilidad [&hellip;]<\/p>\n","protected":false},"author":1,"featured_media":0,"parent":0,"menu_order":0,"comment_status":"closed","ping_status":"closed","template":"","meta":{"site-sidebar-layout":"right-sidebar","site-content-layout":"default","ast-site-content-layout":"default","site-content-style":"default","site-sidebar-style":"default","ast-global-header-display":"","ast-banner-title-visibility":"","ast-main-header-display":"","ast-hfb-above-header-display":"","ast-hfb-below-header-display":"","ast-hfb-mobile-header-display":"","site-post-title":"disabled","ast-breadcrumbs-content":"","ast-featured-img":"disabled","footer-sml-layout":"","ast-disable-related-posts":"","theme-transparent-header-meta":"","adv-header-id-meta":"","stick-header-meta":"","header-above-stick-meta":"","header-main-stick-meta":"","header-below-stick-meta":"","astra-migrate-meta-layouts":"default","ast-page-background-enabled":"default","ast-page-background-meta":{"desktop":{"background-color":"","background-image":"","background-repeat":"repeat","background-position":"center center","background-size":"auto","background-attachment":"scroll","background-type":"","background-media":"","overlay-type":"","overlay-color":"","overlay-opacity":"","overlay-gradient":""},"tablet":{"background-color":"","background-image":"","background-repeat":"repeat","background-position":"center center","background-size":"auto","background-attachment":"scroll","background-type":"","background-media":"","overlay-type":"","overlay-color":"","overlay-opacity":"","overlay-gradient":""},"mobile":{"background-color":"","background-image":"","background-repeat":"repeat","background-position":"center center","background-size":"auto","background-attachment":"scroll","background-type":"","background-media":"","overlay-type":"","overlay-color":"","overlay-opacity":"","overlay-gradient":""}},"ast-content-background-meta":{"desktop":{"background-color":"var(--ast-global-color-5)","background-image":"","background-repeat":"repeat","background-position":"center center","background-size":"auto","background-attachment":"scroll","background-type":"","background-media":"","overlay-type":"","overlay-color":"","overlay-opacity":"","overlay-gradient":""},"tablet":{"background-color":"var(--ast-global-color-5)","background-image":"","background-repeat":"repeat","background-position":"center center","background-size":"auto","background-attachment":"scroll","background-type":"","background-media":"","overlay-type":"","overlay-color":"","overlay-opacity":"","overlay-gradient":""},"mobile":{"background-color":"var(--ast-global-color-5)","background-image":"","background-repeat":"repeat","background-position":"center center","background-size":"auto","background-attachment":"scroll","background-type":"","background-media":"","overlay-type":"","overlay-color":"","overlay-opacity":"","overlay-gradient":""}},"footnotes":""},"class_list":["post-1059","page","type-page","status-publish","hentry"],"yoast_head":"<!-- This site is optimized with the Yoast SEO plugin v27.4 - https:\/\/yoast.com\/product\/yoast-seo-wordpress\/ -->\n<title>Dise\u00f1o y fabricaci\u00f3n de condensadores de CA de larga duraci\u00f3n: API Capacitors<\/title>\n<meta name=\"description\" content=\"API Capacitors dise\u00f1a y fabrica condensadores de CA de alta confiabilidad y larga vida \u00fatil seg\u00fan los requisitos y aplicaciones del cliente.\" \/>\n<meta name=\"robots\" content=\"index, follow, max-snippet:-1, max-image-preview:large, max-video-preview:-1\" \/>\n<link rel=\"canonical\" href=\"https:\/\/www.api-capacitors.com\/es\/condensadores-ac\/\" \/>\n<meta property=\"og:locale\" content=\"es_ES\" \/>\n<meta property=\"og:type\" content=\"article\" \/>\n<meta property=\"og:title\" content=\"Dise\u00f1o y fabricaci\u00f3n de condensadores de CA de larga duraci\u00f3n: API Capacitors\" \/>\n<meta property=\"og:description\" content=\"API Capacitors dise\u00f1a y fabrica condensadores de CA de alta confiabilidad y larga vida \u00fatil seg\u00fan los requisitos y aplicaciones del cliente.\" \/>\n<meta property=\"og:url\" content=\"https:\/\/www.api-capacitors.com\/es\/condensadores-ac\/\" \/>\n<meta property=\"og:site_name\" content=\"API Capacitors es\" \/>\n<meta property=\"article:modified_time\" content=\"2023-05-03T10:25:26+00:00\" \/>\n<meta property=\"og:image\" content=\"https:\/\/www.api-capacitors.com\/es\/wp-content\/uploads\/sites\/4\/2022\/06\/APIC_AC-Capacitors.png\" \/>\n<meta name=\"twitter:card\" content=\"summary_large_image\" \/>\n<meta name=\"twitter:label1\" content=\"Tiempo de lectura\" \/>\n\t<meta name=\"twitter:data1\" content=\"2 minutos\" \/>\n<script type=\"application\/ld+json\" class=\"yoast-schema-graph\">{\"@context\":\"https:\\\/\\\/schema.org\",\"@graph\":[{\"@type\":\"WebPage\",\"@id\":\"https:\\\/\\\/www.api-capacitors.com\\\/es\\\/condensadores-ac\\\/\",\"url\":\"https:\\\/\\\/www.api-capacitors.com\\\/es\\\/condensadores-ac\\\/\",\"name\":\"Dise\u00f1o y fabricaci\u00f3n de condensadores de CA de larga duraci\u00f3n: API Capacitors\",\"isPartOf\":{\"@id\":\"https:\\\/\\\/www.api-capacitors.com\\\/es\\\/#website\"},\"primaryImageOfPage\":{\"@id\":\"https:\\\/\\\/www.api-capacitors.com\\\/es\\\/condensadores-ac\\\/#primaryimage\"},\"image\":{\"@id\":\"https:\\\/\\\/www.api-capacitors.com\\\/es\\\/condensadores-ac\\\/#primaryimage\"},\"thumbnailUrl\":\"https:\\\/\\\/www.api-capacitors.com\\\/es\\\/wp-content\\\/uploads\\\/sites\\\/4\\\/2022\\\/06\\\/APIC_AC-Capacitors.png\",\"datePublished\":\"2022-06-10T09:04:03+00:00\",\"dateModified\":\"2023-05-03T10:25:26+00:00\",\"description\":\"API Capacitors dise\u00f1a y fabrica condensadores de CA de alta confiabilidad y larga vida \u00fatil seg\u00fan los requisitos y aplicaciones del cliente.\",\"breadcrumb\":{\"@id\":\"https:\\\/\\\/www.api-capacitors.com\\\/es\\\/condensadores-ac\\\/#breadcrumb\"},\"inLanguage\":\"es\",\"potentialAction\":[{\"@type\":\"ReadAction\",\"target\":[\"https:\\\/\\\/www.api-capacitors.com\\\/es\\\/condensadores-ac\\\/\"]}]},{\"@type\":\"ImageObject\",\"inLanguage\":\"es\",\"@id\":\"https:\\\/\\\/www.api-capacitors.com\\\/es\\\/condensadores-ac\\\/#primaryimage\",\"url\":\"https:\\\/\\\/www.api-capacitors.com\\\/es\\\/wp-content\\\/uploads\\\/sites\\\/4\\\/2022\\\/06\\\/APIC_AC-Capacitors.png\",\"contentUrl\":\"https:\\\/\\\/www.api-capacitors.com\\\/es\\\/wp-content\\\/uploads\\\/sites\\\/4\\\/2022\\\/06\\\/APIC_AC-Capacitors.png\",\"width\":450,\"height\":274,\"caption\":\"AC Capacitors\"},{\"@type\":\"BreadcrumbList\",\"@id\":\"https:\\\/\\\/www.api-capacitors.com\\\/es\\\/condensadores-ac\\\/#breadcrumb\",\"itemListElement\":[{\"@type\":\"ListItem\",\"position\":1,\"name\":\"Home\",\"item\":\"https:\\\/\\\/www.api-capacitors.com\\\/es\\\/\"},{\"@type\":\"ListItem\",\"position\":2,\"name\":\"Condensadores AC\"}]},{\"@type\":\"WebSite\",\"@id\":\"https:\\\/\\\/www.api-capacitors.com\\\/es\\\/#website\",\"url\":\"https:\\\/\\\/www.api-capacitors.com\\\/es\\\/\",\"name\":\"API Capacitors es\",\"description\":\"DC Capacitors, AC Capacitors, Snubber Capacitors , Track Circuit Capacitors, Pulse Power Capacitors and Custom Capacitors\",\"publisher\":{\"@id\":\"https:\\\/\\\/www.api-capacitors.com\\\/es\\\/#organization\"},\"potentialAction\":[{\"@type\":\"SearchAction\",\"target\":{\"@type\":\"EntryPoint\",\"urlTemplate\":\"https:\\\/\\\/www.api-capacitors.com\\\/es\\\/?s={search_term_string}\"},\"query-input\":{\"@type\":\"PropertyValueSpecification\",\"valueRequired\":true,\"valueName\":\"search_term_string\"}}],\"inLanguage\":\"es\"},{\"@type\":\"Organization\",\"@id\":\"https:\\\/\\\/www.api-capacitors.com\\\/es\\\/#organization\",\"name\":\"API Capacitors es\",\"url\":\"https:\\\/\\\/www.api-capacitors.com\\\/es\\\/\",\"logo\":{\"@type\":\"ImageObject\",\"inLanguage\":\"es\",\"@id\":\"https:\\\/\\\/www.api-capacitors.com\\\/es\\\/#\\\/schema\\\/logo\\\/image\\\/\",\"url\":\"https:\\\/\\\/www.api-capacitors.com\\\/es\\\/wp-content\\\/uploads\\\/sites\\\/4\\\/2022\\\/05\\\/cropped-NewLogos-06-e1653513321928.png\",\"contentUrl\":\"https:\\\/\\\/www.api-capacitors.com\\\/es\\\/wp-content\\\/uploads\\\/sites\\\/4\\\/2022\\\/05\\\/cropped-NewLogos-06-e1653513321928.png\",\"width\":1404,\"height\":222,\"caption\":\"API Capacitors es\"},\"image\":{\"@id\":\"https:\\\/\\\/www.api-capacitors.com\\\/es\\\/#\\\/schema\\\/logo\\\/image\\\/\"}}]}<\/script>\n<!-- \/ Yoast SEO plugin. -->","yoast_head_json":{"title":"Dise\u00f1o y fabricaci\u00f3n de condensadores de CA de larga duraci\u00f3n: API Capacitors","description":"API Capacitors dise\u00f1a y fabrica condensadores de CA de alta confiabilidad y larga vida \u00fatil seg\u00fan los requisitos y aplicaciones del cliente.","robots":{"index":"index","follow":"follow","max-snippet":"max-snippet:-1","max-image-preview":"max-image-preview:large","max-video-preview":"max-video-preview:-1"},"canonical":"https:\/\/www.api-capacitors.com\/es\/condensadores-ac\/","og_locale":"es_ES","og_type":"article","og_title":"Dise\u00f1o y fabricaci\u00f3n de condensadores de CA de larga duraci\u00f3n: API Capacitors","og_description":"API Capacitors dise\u00f1a y fabrica condensadores de CA de alta confiabilidad y larga vida \u00fatil seg\u00fan los requisitos y aplicaciones del cliente.","og_url":"https:\/\/www.api-capacitors.com\/es\/condensadores-ac\/","og_site_name":"API Capacitors es","article_modified_time":"2023-05-03T10:25:26+00:00","og_image":[{"url":"https:\/\/www.api-capacitors.com\/es\/wp-content\/uploads\/sites\/4\/2022\/06\/APIC_AC-Capacitors.png","type":"","width":"","height":""}],"twitter_card":"summary_large_image","twitter_misc":{"Tiempo de lectura":"2 minutos"},"schema":{"@context":"https:\/\/schema.org","@graph":[{"@type":"WebPage","@id":"https:\/\/www.api-capacitors.com\/es\/condensadores-ac\/","url":"https:\/\/www.api-capacitors.com\/es\/condensadores-ac\/","name":"Dise\u00f1o y fabricaci\u00f3n de condensadores de CA de larga duraci\u00f3n: API Capacitors","isPartOf":{"@id":"https:\/\/www.api-capacitors.com\/es\/#website"},"primaryImageOfPage":{"@id":"https:\/\/www.api-capacitors.com\/es\/condensadores-ac\/#primaryimage"},"image":{"@id":"https:\/\/www.api-capacitors.com\/es\/condensadores-ac\/#primaryimage"},"thumbnailUrl":"https:\/\/www.api-capacitors.com\/es\/wp-content\/uploads\/sites\/4\/2022\/06\/APIC_AC-Capacitors.png","datePublished":"2022-06-10T09:04:03+00:00","dateModified":"2023-05-03T10:25:26+00:00","description":"API Capacitors dise\u00f1a y fabrica condensadores de CA de alta confiabilidad y larga vida \u00fatil seg\u00fan los requisitos y aplicaciones del cliente.","breadcrumb":{"@id":"https:\/\/www.api-capacitors.com\/es\/condensadores-ac\/#breadcrumb"},"inLanguage":"es","potentialAction":[{"@type":"ReadAction","target":["https:\/\/www.api-capacitors.com\/es\/condensadores-ac\/"]}]},{"@type":"ImageObject","inLanguage":"es","@id":"https:\/\/www.api-capacitors.com\/es\/condensadores-ac\/#primaryimage","url":"https:\/\/www.api-capacitors.com\/es\/wp-content\/uploads\/sites\/4\/2022\/06\/APIC_AC-Capacitors.png","contentUrl":"https:\/\/www.api-capacitors.com\/es\/wp-content\/uploads\/sites\/4\/2022\/06\/APIC_AC-Capacitors.png","width":450,"height":274,"caption":"AC Capacitors"},{"@type":"BreadcrumbList","@id":"https:\/\/www.api-capacitors.com\/es\/condensadores-ac\/#breadcrumb","itemListElement":[{"@type":"ListItem","position":1,"name":"Home","item":"https:\/\/www.api-capacitors.com\/es\/"},{"@type":"ListItem","position":2,"name":"Condensadores AC"}]},{"@type":"WebSite","@id":"https:\/\/www.api-capacitors.com\/es\/#website","url":"https:\/\/www.api-capacitors.com\/es\/","name":"API Capacitors es","description":"DC Capacitors, AC Capacitors, Snubber Capacitors , Track Circuit Capacitors, Pulse Power Capacitors and Custom Capacitors","publisher":{"@id":"https:\/\/www.api-capacitors.com\/es\/#organization"},"potentialAction":[{"@type":"SearchAction","target":{"@type":"EntryPoint","urlTemplate":"https:\/\/www.api-capacitors.com\/es\/?s={search_term_string}"},"query-input":{"@type":"PropertyValueSpecification","valueRequired":true,"valueName":"search_term_string"}}],"inLanguage":"es"},{"@type":"Organization","@id":"https:\/\/www.api-capacitors.com\/es\/#organization","name":"API Capacitors es","url":"https:\/\/www.api-capacitors.com\/es\/","logo":{"@type":"ImageObject","inLanguage":"es","@id":"https:\/\/www.api-capacitors.com\/es\/#\/schema\/logo\/image\/","url":"https:\/\/www.api-capacitors.com\/es\/wp-content\/uploads\/sites\/4\/2022\/05\/cropped-NewLogos-06-e1653513321928.png","contentUrl":"https:\/\/www.api-capacitors.com\/es\/wp-content\/uploads\/sites\/4\/2022\/05\/cropped-NewLogos-06-e1653513321928.png","width":1404,"height":222,"caption":"API Capacitors es"},"image":{"@id":"https:\/\/www.api-capacitors.com\/es\/#\/schema\/logo\/image\/"}}]}},"_links":{"self":[{"href":"https:\/\/www.api-capacitors.com\/es\/wp-json\/wp\/v2\/pages\/1059","targetHints":{"allow":["GET"]}}],"collection":[{"href":"https:\/\/www.api-capacitors.com\/es\/wp-json\/wp\/v2\/pages"}],"about":[{"href":"https:\/\/www.api-capacitors.com\/es\/wp-json\/wp\/v2\/types\/page"}],"author":[{"embeddable":true,"href":"https:\/\/www.api-capacitors.com\/es\/wp-json\/wp\/v2\/users\/1"}],"replies":[{"embeddable":true,"href":"https:\/\/www.api-capacitors.com\/es\/wp-json\/wp\/v2\/comments?post=1059"}],"version-history":[{"count":39,"href":"https:\/\/www.api-capacitors.com\/es\/wp-json\/wp\/v2\/pages\/1059\/revisions"}],"predecessor-version":[{"id":2698,"href":"https:\/\/www.api-capacitors.com\/es\/wp-json\/wp\/v2\/pages\/1059\/revisions\/2698"}],"wp:attachment":[{"href":"https:\/\/www.api-capacitors.com\/es\/wp-json\/wp\/v2\/media?parent=1059"}],"curies":[{"name":"wp","href":"https:\/\/api.w.org\/{rel}","templated":true}]}}