{"id":1040,"date":"2022-06-10T08:58:35","date_gmt":"2022-06-10T08:58:35","guid":{"rendered":"https:\/\/www.api-capacitors.com\/es\/?page_id=1040"},"modified":"2023-04-28T12:06:45","modified_gmt":"2023-04-28T12:06:45","slug":"condensadores-dc","status":"publish","type":"page","link":"https:\/\/www.api-capacitors.com\/es\/condensadores-dc\/","title":{"rendered":"Condensadores DC"},"content":{"rendered":"\t\t<div data-elementor-type=\"wp-page\" data-elementor-id=\"1040\" class=\"elementor elementor-1040\">\n\t\t\t\t\t\t<section class=\"elementor-section elementor-top-section elementor-element elementor-element-072829e elementor-section-boxed elementor-section-height-default elementor-section-height-default\" data-id=\"072829e\" data-element_type=\"section\" data-e-type=\"section\">\n\t\t\t\t\t\t<div class=\"elementor-container elementor-column-gap-default\">\n\t\t\t\t\t<div class=\"elementor-column elementor-col-50 elementor-top-column elementor-element elementor-element-3f9e1dc\" data-id=\"3f9e1dc\" data-element_type=\"column\" data-e-type=\"column\">\n\t\t\t<div class=\"elementor-widget-wrap elementor-element-populated\">\n\t\t\t\t\t\t<div class=\"elementor-element elementor-element-d7b2e1d elementor-widget elementor-widget-text-editor\" data-id=\"d7b2e1d\" data-element_type=\"widget\" data-e-type=\"widget\" data-widget_type=\"text-editor.default\">\n\t\t\t\t<div class=\"elementor-widget-container\">\n\t\t\t\t\t\t\t\t\t<p>API Capacitors dise\u00f1a y fabrica condensadores de CC que no se limitan a una gama de cat\u00e1logo. La corriente, el voltaje, el tama\u00f1o, la masa y las terminaciones se adaptan a las necesidades y aplicaciones del cliente, algunas de las cuales se enumeran a continuaci\u00f3n.<\/p>\t\t\t\t\t\t\t\t<\/div>\n\t\t\t\t<\/div>\n\t\t\t\t\t<\/div>\n\t\t<\/div>\n\t\t\t\t<div class=\"elementor-column elementor-col-50 elementor-top-column elementor-element elementor-element-2a7d853\" data-id=\"2a7d853\" data-element_type=\"column\" data-e-type=\"column\">\n\t\t\t<div class=\"elementor-widget-wrap elementor-element-populated\">\n\t\t\t\t\t\t<div class=\"elementor-element elementor-element-a4626bd elementor-widget elementor-widget-image\" data-id=\"a4626bd\" data-element_type=\"widget\" data-e-type=\"widget\" data-widget_type=\"image.default\">\n\t\t\t\t<div class=\"elementor-widget-container\">\n\t\t\t\t\t\t\t\t\t\t\t\t\t\t\t<img decoding=\"async\" width=\"144\" height=\"148\" src=\"https:\/\/www.api-capacitors.com\/es\/wp-content\/uploads\/sites\/4\/2022\/06\/dc-cap-image.png\" class=\"attachment-thumbnail size-thumbnail wp-image-1046\" alt=\"DC Capacitors\" \/>\t\t\t\t\t\t\t\t\t\t\t\t\t\t\t<\/div>\n\t\t\t\t<\/div>\n\t\t\t\t\t<\/div>\n\t\t<\/div>\n\t\t\t\t\t<\/div>\n\t\t<\/section>\n\t\t\t\t<section class=\"elementor-section elementor-top-section elementor-element elementor-element-3cbe187 elementor-section-boxed elementor-section-height-default elementor-section-height-default\" data-id=\"3cbe187\" data-element_type=\"section\" data-e-type=\"section\">\n\t\t\t\t\t\t<div class=\"elementor-container elementor-column-gap-default\">\n\t\t\t\t\t<div class=\"elementor-column elementor-col-100 elementor-top-column elementor-element elementor-element-6218dc2\" data-id=\"6218dc2\" data-element_type=\"column\" data-e-type=\"column\">\n\t\t\t<div class=\"elementor-widget-wrap elementor-element-populated\">\n\t\t\t\t\t\t<div class=\"elementor-element elementor-element-c0b66c1 elementor-widget elementor-widget-text-editor\" data-id=\"c0b66c1\" data-element_type=\"widget\" data-e-type=\"widget\" data-widget_type=\"text-editor.default\">\n\t\t\t\t<div class=\"elementor-widget-container\">\n\t\t\t\t\t\t\t\t\t<section class=\"elementor-section elementor-top-section elementor-element elementor-element-072829e elementor-section-boxed elementor-section-height-default elementor-section-height-default\" data-id=\"072829e\" data-element_type=\"section\">\n<div class=\"elementor-container elementor-column-gap-default\">\n<div class=\"elementor-column elementor-col-50 elementor-top-column elementor-element elementor-element-2a7d853\" data-id=\"2a7d853\" data-element_type=\"column\">\n<div class=\"elementor-widget-wrap elementor-element-populated\">\n<div class=\"elementor-element elementor-element-a4626bd elementor-widget elementor-widget-image\" data-id=\"a4626bd\" data-element_type=\"widget\" data-widget_type=\"image.default\">\n<div class=\"elementor-widget-container\">&nbsp;<\/div>\n<\/div>\n<\/div>\n<\/div>\n<\/div>\n<\/section>\n<section class=\"elementor-section elementor-top-section elementor-element elementor-element-3cbe187 elementor-section-boxed elementor-section-height-default elementor-section-height-default\" data-id=\"3cbe187\" data-element_type=\"section\">\n<div class=\"elementor-container elementor-column-gap-default\">\n<div class=\"elementor-column elementor-col-100 elementor-top-column elementor-element elementor-element-6218dc2\" data-id=\"6218dc2\" data-element_type=\"column\">\n<div class=\"elementor-widget-wrap elementor-element-populated\">\n<div class=\"elementor-element elementor-element-c0b66c1 elementor-widget elementor-widget-text-editor\" data-id=\"c0b66c1\" data-element_type=\"widget\" data-widget_type=\"text-editor.default\">\n<div class=\"elementor-widget-container\">\n<p>La larga vida \u00fatil y la alta fiabilidad se consiguen utilizando una pel\u00edcula diel\u00e9ctrica de polipropileno metalizado, isot\u00e1ctico, de densidad de defectos ultrabaja, que incorpora un rango de temperatura de trabajo ampliado y una capacidad de autocuraci\u00f3n controlada. Los elementos se bobinan en las m\u00e1s modernas m\u00e1quinas autom\u00e1ticas de bobinado de precisi\u00f3n con control de bordes. Para las conexiones internas de baja resistencia se utiliza cobre de alta conductividad.<\/p>\n<p>Los condensadores est\u00e1n acabados en metal sin corrosi\u00f3n con recubrimiento de polvo o en carcasas aisladas y rellenos de aceite ecol\u00f3gico o resina seca sin fugas.<\/p>\n<h3>Aplicaciones<\/h3>\n<p>Se utiliza en los sectores de transporte, n\u00e1utica, automoci\u00f3n, aeroespacial, militar, m\u00e9dico, energ\u00edas renovables, distribuci\u00f3n de energ\u00eda y otras aplicaciones industriales.<\/p>\n<p>Accionamientos est\u00e1ticos\/no est\u00e1ticos (propulsi\u00f3n, tracci\u00f3n, ascensores, escaleras mec\u00e1nicas, cintas transportadoras, telef\u00e9ricos)<br>Electr\u00f3nica de potencia (soldadura, hornos, calentamiento por inducci\u00f3n, l\u00e1seres, esc\u00e1neres, detectores, DC-Link)<br>Transmisi\u00f3n de potencia (acondicionamiento, desintonizaci\u00f3n, FACTS, STATCOM, SVC, HVDC)<br>Ferrocarril de pasajeros\/mercanc\u00edas (circuitos auxiliares: Alumbrado, Calefacci\u00f3n, Ventilaci\u00f3n, Comunicaci\u00f3n) Veh\u00edculos el\u00e9ctricos\/h\u00edbridos (KERS)<br>Filtros (Suavizado, Supresi\u00f3n, Arm\u00f3nicos, Sustituci\u00f3n Electrol\u00edtica)<br>Convertidores (Inversores, Rectificadores, Choppers, Cicloconvertidores)<\/p>\n<h3>Caracter\u00edsticas<\/h3>\n<ul>\n<li>Larga vida \u00fatil y alta fiabilidad<\/li>\n<li>Tecnolog\u00eda de autocuraci\u00f3n controlada<\/li>\n<li>Relleno de aceite o relleno de resina seca<\/li>\n<li>Cajas met\u00e1licas o aisladas<\/li>\n<li>Materiales resistentes a los rayos UV, sin hal\u00f3genos, de baja emisi\u00f3n de humos e ign\u00edfugos<\/li>\n<\/ul>\n<h3>Condensadores de dise\u00f1o personalizado<\/h3>\n<p>Dise\u00f1ado para cumplir especificaciones detalladas o breves. Nuestros representantes t\u00e9cnicos de ventas pueden colaborar estrechamente con su equipo de dise\u00f1o en la fase de concepci\u00f3n o en las fases posteriores de un proyecto cuando se necesite un dise\u00f1o para un plazo cr\u00edtico. Tambi\u00e9n podemos ofrecer sustituciones similares para dise\u00f1os m\u00e1s antiguos.<\/p>\n<\/div>\n<\/div>\n<\/div>\n<\/div>\n<\/div>\n<\/section>\t\t\t\t\t\t\t\t<\/div>\n\t\t\t\t<\/div>\n\t\t\t\t\t<\/div>\n\t\t<\/div>\n\t\t\t\t\t<\/div>\n\t\t<\/section>\n\t\t\t\t<section class=\"elementor-section elementor-top-section elementor-element elementor-element-18c2eb7 elementor-section-boxed elementor-section-height-default elementor-section-height-default\" data-id=\"18c2eb7\" data-element_type=\"section\" data-e-type=\"section\">\n\t\t\t\t\t\t<div class=\"elementor-container elementor-column-gap-default\">\n\t\t\t\t\t<div class=\"elementor-column elementor-col-100 elementor-top-column elementor-element elementor-element-f4d442f\" data-id=\"f4d442f\" data-element_type=\"column\" data-e-type=\"column\">\n\t\t\t<div class=\"elementor-widget-wrap\">\n\t\t\t\t\t\t\t<\/div>\n\t\t<\/div>\n\t\t\t\t\t<\/div>\n\t\t<\/section>\n\t\t\t\t<\/div>\n\t\t","protected":false},"excerpt":{"rendered":"<p>API Capacitors dise\u00f1a y fabrica condensadores de CC que no se limitan a una gama de cat\u00e1logo. La corriente, el voltaje, el tama\u00f1o, la masa y las terminaciones se adaptan a las necesidades y aplicaciones del cliente, algunas de las cuales se enumeran a continuaci\u00f3n. &nbsp; La larga vida \u00fatil y la alta fiabilidad se [&hellip;]<\/p>\n","protected":false},"author":1,"featured_media":1042,"parent":0,"menu_order":0,"comment_status":"closed","ping_status":"closed","template":"","meta":{"site-sidebar-layout":"right-sidebar","site-content-layout":"default","ast-site-content-layout":"default","site-content-style":"default","site-sidebar-style":"default","ast-global-header-display":"","ast-banner-title-visibility":"","ast-main-header-display":"","ast-hfb-above-header-display":"","ast-hfb-below-header-display":"","ast-hfb-mobile-header-display":"","site-post-title":"disabled","ast-breadcrumbs-content":"","ast-featured-img":"disabled","footer-sml-layout":"","ast-disable-related-posts":"","theme-transparent-header-meta":"","adv-header-id-meta":"","stick-header-meta":"","header-above-stick-meta":"","header-main-stick-meta":"","header-below-stick-meta":"","astra-migrate-meta-layouts":"default","ast-page-background-enabled":"default","ast-page-background-meta":{"desktop":{"background-color":"","background-image":"","background-repeat":"repeat","background-position":"center center","background-size":"auto","background-attachment":"scroll","background-type":"","background-media":"","overlay-type":"","overlay-color":"","overlay-opacity":"","overlay-gradient":""},"tablet":{"background-color":"","background-image":"","background-repeat":"repeat","background-position":"center center","background-size":"auto","background-attachment":"scroll","background-type":"","background-media":"","overlay-type":"","overlay-color":"","overlay-opacity":"","overlay-gradient":""},"mobile":{"background-color":"","background-image":"","background-repeat":"repeat","background-position":"center center","background-size":"auto","background-attachment":"scroll","background-type":"","background-media":"","overlay-type":"","overlay-color":"","overlay-opacity":"","overlay-gradient":""}},"ast-content-background-meta":{"desktop":{"background-color":"var(--ast-global-color-5)","background-image":"","background-repeat":"repeat","background-position":"center center","background-size":"auto","background-attachment":"scroll","background-type":"","background-media":"","overlay-type":"","overlay-color":"","overlay-opacity":"","overlay-gradient":""},"tablet":{"background-color":"var(--ast-global-color-5)","background-image":"","background-repeat":"repeat","background-position":"center center","background-size":"auto","background-attachment":"scroll","background-type":"","background-media":"","overlay-type":"","overlay-color":"","overlay-opacity":"","overlay-gradient":""},"mobile":{"background-color":"var(--ast-global-color-5)","background-image":"","background-repeat":"repeat","background-position":"center center","background-size":"auto","background-attachment":"scroll","background-type":"","background-media":"","overlay-type":"","overlay-color":"","overlay-opacity":"","overlay-gradient":""}},"footnotes":""},"class_list":["post-1040","page","type-page","status-publish","has-post-thumbnail","hentry"],"yoast_head":"<!-- This site is optimized with the Yoast SEO plugin v27.5 - https:\/\/yoast.com\/product\/yoast-seo-wordpress\/ -->\n<title>Condensadores DC - API Capacitors es<\/title>\n<meta name=\"description\" content=\"API Capacitors ofrece condensadores de CC dise\u00f1ados a medida para una amplia gama de aplicaciones industriales, que incluyen transporte, aeroespacial, militar y energ\u00eda renovable. Nuestros condensadores est\u00e1n construidos para cumplir con sus requisitos espec\u00edficos de corriente, voltaje, tama\u00f1o, masa y terminales. Con una densidad de defectos ultra baja y una capacidad de autocuraci\u00f3n controlada, nuestros condensadores de alta calidad ofrecen una larga vida \u00fatil y alta confiabilidad.\" \/>\n<meta name=\"robots\" content=\"index, follow, max-snippet:-1, max-image-preview:large, max-video-preview:-1\" \/>\n<link rel=\"canonical\" href=\"https:\/\/www.api-capacitors.com\/es\/condensadores-dc\/\" \/>\n<meta property=\"og:locale\" content=\"es_ES\" \/>\n<meta property=\"og:type\" content=\"article\" \/>\n<meta property=\"og:title\" content=\"Condensadores DC - API Capacitors es\" \/>\n<meta property=\"og:description\" content=\"API Capacitors ofrece condensadores de CC dise\u00f1ados a medida para una amplia gama de aplicaciones industriales, que incluyen transporte, aeroespacial, militar y energ\u00eda renovable. Nuestros condensadores est\u00e1n construidos para cumplir con sus requisitos espec\u00edficos de corriente, voltaje, tama\u00f1o, masa y terminales. Con una densidad de defectos ultra baja y una capacidad de autocuraci\u00f3n controlada, nuestros condensadores de alta calidad ofrecen una larga vida \u00fatil y alta confiabilidad.\" \/>\n<meta property=\"og:url\" content=\"https:\/\/www.api-capacitors.com\/es\/condensadores-dc\/\" \/>\n<meta property=\"og:site_name\" content=\"API Capacitors es\" \/>\n<meta property=\"article:modified_time\" content=\"2023-04-28T12:06:45+00:00\" \/>\n<meta property=\"og:image\" content=\"https:\/\/www.api-capacitors.com\/es\/wp-content\/uploads\/sites\/4\/2022\/06\/car2.jpg\" \/>\n\t<meta property=\"og:image:width\" content=\"1500\" \/>\n\t<meta property=\"og:image:height\" content=\"997\" \/>\n\t<meta property=\"og:image:type\" content=\"image\/jpeg\" \/>\n<meta name=\"twitter:card\" content=\"summary_large_image\" \/>\n<meta name=\"twitter:label1\" content=\"Tiempo de lectura\" \/>\n\t<meta name=\"twitter:data1\" content=\"2 minutos\" \/>\n<script type=\"application\/ld+json\" class=\"yoast-schema-graph\">{\"@context\":\"https:\\\/\\\/schema.org\",\"@graph\":[{\"@type\":\"WebPage\",\"@id\":\"https:\\\/\\\/www.api-capacitors.com\\\/es\\\/condensadores-dc\\\/\",\"url\":\"https:\\\/\\\/www.api-capacitors.com\\\/es\\\/condensadores-dc\\\/\",\"name\":\"Condensadores DC - API Capacitors es\",\"isPartOf\":{\"@id\":\"https:\\\/\\\/www.api-capacitors.com\\\/es\\\/#website\"},\"primaryImageOfPage\":{\"@id\":\"https:\\\/\\\/www.api-capacitors.com\\\/es\\\/condensadores-dc\\\/#primaryimage\"},\"image\":{\"@id\":\"https:\\\/\\\/www.api-capacitors.com\\\/es\\\/condensadores-dc\\\/#primaryimage\"},\"thumbnailUrl\":\"https:\\\/\\\/www.api-capacitors.com\\\/es\\\/wp-content\\\/uploads\\\/sites\\\/4\\\/2022\\\/06\\\/car2.jpg\",\"datePublished\":\"2022-06-10T08:58:35+00:00\",\"dateModified\":\"2023-04-28T12:06:45+00:00\",\"description\":\"API Capacitors ofrece condensadores de CC dise\u00f1ados a medida para una amplia gama de aplicaciones industriales, que incluyen transporte, aeroespacial, militar y energ\u00eda renovable. Nuestros condensadores est\u00e1n construidos para cumplir con sus requisitos espec\u00edficos de corriente, voltaje, tama\u00f1o, masa y terminales. Con una densidad de defectos ultra baja y una capacidad de autocuraci\u00f3n controlada, nuestros condensadores de alta calidad ofrecen una larga vida \u00fatil y alta confiabilidad.\",\"breadcrumb\":{\"@id\":\"https:\\\/\\\/www.api-capacitors.com\\\/es\\\/condensadores-dc\\\/#breadcrumb\"},\"inLanguage\":\"es\",\"potentialAction\":[{\"@type\":\"ReadAction\",\"target\":[\"https:\\\/\\\/www.api-capacitors.com\\\/es\\\/condensadores-dc\\\/\"]}]},{\"@type\":\"ImageObject\",\"inLanguage\":\"es\",\"@id\":\"https:\\\/\\\/www.api-capacitors.com\\\/es\\\/condensadores-dc\\\/#primaryimage\",\"url\":\"https:\\\/\\\/www.api-capacitors.com\\\/es\\\/wp-content\\\/uploads\\\/sites\\\/4\\\/2022\\\/06\\\/car2.jpg\",\"contentUrl\":\"https:\\\/\\\/www.api-capacitors.com\\\/es\\\/wp-content\\\/uploads\\\/sites\\\/4\\\/2022\\\/06\\\/car2.jpg\",\"width\":1500,\"height\":997,\"caption\":\"DC Capacitors\"},{\"@type\":\"BreadcrumbList\",\"@id\":\"https:\\\/\\\/www.api-capacitors.com\\\/es\\\/condensadores-dc\\\/#breadcrumb\",\"itemListElement\":[{\"@type\":\"ListItem\",\"position\":1,\"name\":\"Home\",\"item\":\"https:\\\/\\\/www.api-capacitors.com\\\/es\\\/\"},{\"@type\":\"ListItem\",\"position\":2,\"name\":\"Condensadores DC\"}]},{\"@type\":\"WebSite\",\"@id\":\"https:\\\/\\\/www.api-capacitors.com\\\/es\\\/#website\",\"url\":\"https:\\\/\\\/www.api-capacitors.com\\\/es\\\/\",\"name\":\"API Capacitors es\",\"description\":\"DC Capacitors, AC Capacitors, Snubber Capacitors , Track Circuit Capacitors, Pulse Power Capacitors and Custom Capacitors\",\"publisher\":{\"@id\":\"https:\\\/\\\/www.api-capacitors.com\\\/es\\\/#organization\"},\"potentialAction\":[{\"@type\":\"SearchAction\",\"target\":{\"@type\":\"EntryPoint\",\"urlTemplate\":\"https:\\\/\\\/www.api-capacitors.com\\\/es\\\/?s={search_term_string}\"},\"query-input\":{\"@type\":\"PropertyValueSpecification\",\"valueRequired\":true,\"valueName\":\"search_term_string\"}}],\"inLanguage\":\"es\"},{\"@type\":\"Organization\",\"@id\":\"https:\\\/\\\/www.api-capacitors.com\\\/es\\\/#organization\",\"name\":\"API Capacitors es\",\"url\":\"https:\\\/\\\/www.api-capacitors.com\\\/es\\\/\",\"logo\":{\"@type\":\"ImageObject\",\"inLanguage\":\"es\",\"@id\":\"https:\\\/\\\/www.api-capacitors.com\\\/es\\\/#\\\/schema\\\/logo\\\/image\\\/\",\"url\":\"https:\\\/\\\/www.api-capacitors.com\\\/es\\\/wp-content\\\/uploads\\\/sites\\\/4\\\/2022\\\/05\\\/cropped-NewLogos-06-e1653513321928.png\",\"contentUrl\":\"https:\\\/\\\/www.api-capacitors.com\\\/es\\\/wp-content\\\/uploads\\\/sites\\\/4\\\/2022\\\/05\\\/cropped-NewLogos-06-e1653513321928.png\",\"width\":1404,\"height\":222,\"caption\":\"API Capacitors es\"},\"image\":{\"@id\":\"https:\\\/\\\/www.api-capacitors.com\\\/es\\\/#\\\/schema\\\/logo\\\/image\\\/\"}}]}<\/script>\n<!-- \/ Yoast SEO plugin. -->","yoast_head_json":{"title":"Condensadores DC - API Capacitors es","description":"API Capacitors ofrece condensadores de CC dise\u00f1ados a medida para una amplia gama de aplicaciones industriales, que incluyen transporte, aeroespacial, militar y energ\u00eda renovable. Nuestros condensadores est\u00e1n construidos para cumplir con sus requisitos espec\u00edficos de corriente, voltaje, tama\u00f1o, masa y terminales. Con una densidad de defectos ultra baja y una capacidad de autocuraci\u00f3n controlada, nuestros condensadores de alta calidad ofrecen una larga vida \u00fatil y alta confiabilidad.","robots":{"index":"index","follow":"follow","max-snippet":"max-snippet:-1","max-image-preview":"max-image-preview:large","max-video-preview":"max-video-preview:-1"},"canonical":"https:\/\/www.api-capacitors.com\/es\/condensadores-dc\/","og_locale":"es_ES","og_type":"article","og_title":"Condensadores DC - API Capacitors es","og_description":"API Capacitors ofrece condensadores de CC dise\u00f1ados a medida para una amplia gama de aplicaciones industriales, que incluyen transporte, aeroespacial, militar y energ\u00eda renovable. Nuestros condensadores est\u00e1n construidos para cumplir con sus requisitos espec\u00edficos de corriente, voltaje, tama\u00f1o, masa y terminales. Con una densidad de defectos ultra baja y una capacidad de autocuraci\u00f3n controlada, nuestros condensadores de alta calidad ofrecen una larga vida \u00fatil y alta confiabilidad.","og_url":"https:\/\/www.api-capacitors.com\/es\/condensadores-dc\/","og_site_name":"API Capacitors es","article_modified_time":"2023-04-28T12:06:45+00:00","og_image":[{"width":1500,"height":997,"url":"https:\/\/www.api-capacitors.com\/es\/wp-content\/uploads\/sites\/4\/2022\/06\/car2.jpg","type":"image\/jpeg"}],"twitter_card":"summary_large_image","twitter_misc":{"Tiempo de lectura":"2 minutos"},"schema":{"@context":"https:\/\/schema.org","@graph":[{"@type":"WebPage","@id":"https:\/\/www.api-capacitors.com\/es\/condensadores-dc\/","url":"https:\/\/www.api-capacitors.com\/es\/condensadores-dc\/","name":"Condensadores DC - API Capacitors es","isPartOf":{"@id":"https:\/\/www.api-capacitors.com\/es\/#website"},"primaryImageOfPage":{"@id":"https:\/\/www.api-capacitors.com\/es\/condensadores-dc\/#primaryimage"},"image":{"@id":"https:\/\/www.api-capacitors.com\/es\/condensadores-dc\/#primaryimage"},"thumbnailUrl":"https:\/\/www.api-capacitors.com\/es\/wp-content\/uploads\/sites\/4\/2022\/06\/car2.jpg","datePublished":"2022-06-10T08:58:35+00:00","dateModified":"2023-04-28T12:06:45+00:00","description":"API Capacitors ofrece condensadores de CC dise\u00f1ados a medida para una amplia gama de aplicaciones industriales, que incluyen transporte, aeroespacial, militar y energ\u00eda renovable. Nuestros condensadores est\u00e1n construidos para cumplir con sus requisitos espec\u00edficos de corriente, voltaje, tama\u00f1o, masa y terminales. Con una densidad de defectos ultra baja y una capacidad de autocuraci\u00f3n controlada, nuestros condensadores de alta calidad ofrecen una larga vida \u00fatil y alta confiabilidad.","breadcrumb":{"@id":"https:\/\/www.api-capacitors.com\/es\/condensadores-dc\/#breadcrumb"},"inLanguage":"es","potentialAction":[{"@type":"ReadAction","target":["https:\/\/www.api-capacitors.com\/es\/condensadores-dc\/"]}]},{"@type":"ImageObject","inLanguage":"es","@id":"https:\/\/www.api-capacitors.com\/es\/condensadores-dc\/#primaryimage","url":"https:\/\/www.api-capacitors.com\/es\/wp-content\/uploads\/sites\/4\/2022\/06\/car2.jpg","contentUrl":"https:\/\/www.api-capacitors.com\/es\/wp-content\/uploads\/sites\/4\/2022\/06\/car2.jpg","width":1500,"height":997,"caption":"DC Capacitors"},{"@type":"BreadcrumbList","@id":"https:\/\/www.api-capacitors.com\/es\/condensadores-dc\/#breadcrumb","itemListElement":[{"@type":"ListItem","position":1,"name":"Home","item":"https:\/\/www.api-capacitors.com\/es\/"},{"@type":"ListItem","position":2,"name":"Condensadores DC"}]},{"@type":"WebSite","@id":"https:\/\/www.api-capacitors.com\/es\/#website","url":"https:\/\/www.api-capacitors.com\/es\/","name":"API Capacitors es","description":"DC Capacitors, AC Capacitors, Snubber Capacitors , Track Circuit Capacitors, Pulse Power Capacitors and Custom Capacitors","publisher":{"@id":"https:\/\/www.api-capacitors.com\/es\/#organization"},"potentialAction":[{"@type":"SearchAction","target":{"@type":"EntryPoint","urlTemplate":"https:\/\/www.api-capacitors.com\/es\/?s={search_term_string}"},"query-input":{"@type":"PropertyValueSpecification","valueRequired":true,"valueName":"search_term_string"}}],"inLanguage":"es"},{"@type":"Organization","@id":"https:\/\/www.api-capacitors.com\/es\/#organization","name":"API Capacitors es","url":"https:\/\/www.api-capacitors.com\/es\/","logo":{"@type":"ImageObject","inLanguage":"es","@id":"https:\/\/www.api-capacitors.com\/es\/#\/schema\/logo\/image\/","url":"https:\/\/www.api-capacitors.com\/es\/wp-content\/uploads\/sites\/4\/2022\/05\/cropped-NewLogos-06-e1653513321928.png","contentUrl":"https:\/\/www.api-capacitors.com\/es\/wp-content\/uploads\/sites\/4\/2022\/05\/cropped-NewLogos-06-e1653513321928.png","width":1404,"height":222,"caption":"API Capacitors es"},"image":{"@id":"https:\/\/www.api-capacitors.com\/es\/#\/schema\/logo\/image\/"}}]}},"_links":{"self":[{"href":"https:\/\/www.api-capacitors.com\/es\/wp-json\/wp\/v2\/pages\/1040","targetHints":{"allow":["GET"]}}],"collection":[{"href":"https:\/\/www.api-capacitors.com\/es\/wp-json\/wp\/v2\/pages"}],"about":[{"href":"https:\/\/www.api-capacitors.com\/es\/wp-json\/wp\/v2\/types\/page"}],"author":[{"embeddable":true,"href":"https:\/\/www.api-capacitors.com\/es\/wp-json\/wp\/v2\/users\/1"}],"replies":[{"embeddable":true,"href":"https:\/\/www.api-capacitors.com\/es\/wp-json\/wp\/v2\/comments?post=1040"}],"version-history":[{"count":71,"href":"https:\/\/www.api-capacitors.com\/es\/wp-json\/wp\/v2\/pages\/1040\/revisions"}],"predecessor-version":[{"id":2667,"href":"https:\/\/www.api-capacitors.com\/es\/wp-json\/wp\/v2\/pages\/1040\/revisions\/2667"}],"wp:featuredmedia":[{"embeddable":true,"href":"https:\/\/www.api-capacitors.com\/es\/wp-json\/wp\/v2\/media\/1042"}],"wp:attachment":[{"href":"https:\/\/www.api-capacitors.com\/es\/wp-json\/wp\/v2\/media?parent=1040"}],"curies":[{"name":"wp","href":"https:\/\/api.w.org\/{rel}","templated":true}]}}