{"id":1008,"date":"2022-06-09T16:52:28","date_gmt":"2022-06-09T16:52:28","guid":{"rendered":"https:\/\/www.api-capacitors.com\/es\/?page_id=1008"},"modified":"2023-05-09T08:47:41","modified_gmt":"2023-05-09T08:47:41","slug":"redes-y-sistemas-de-transmision","status":"publish","type":"page","link":"https:\/\/www.api-capacitors.com\/es\/redes-y-sistemas-de-transmision\/","title":{"rendered":"Redes y sistemas de transmisi\u00f3n"},"content":{"rendered":"\t\t<div data-elementor-type=\"wp-page\" data-elementor-id=\"1008\" class=\"elementor elementor-1008\">\n\t\t\t\t\t\t<section class=\"elementor-section elementor-top-section elementor-element elementor-element-92add08 elementor-section-boxed elementor-section-height-default elementor-section-height-default\" data-id=\"92add08\" data-element_type=\"section\" data-e-type=\"section\">\n\t\t\t\t\t\t<div class=\"elementor-container elementor-column-gap-default\">\n\t\t\t\t\t<div class=\"elementor-column elementor-col-50 elementor-top-column elementor-element elementor-element-58f7450\" data-id=\"58f7450\" data-element_type=\"column\" data-e-type=\"column\">\n\t\t\t<div class=\"elementor-widget-wrap elementor-element-populated\">\n\t\t\t\t\t\t<div class=\"elementor-element elementor-element-40bfe91 elementor-widget elementor-widget-text-editor\" data-id=\"40bfe91\" data-element_type=\"widget\" data-e-type=\"widget\" data-widget_type=\"text-editor.default\">\n\t\t\t\t<div class=\"elementor-widget-container\">\n\t\t\t\t\t\t\t\t\t<h3><strong>HVDC Transmission Systems\n<\/strong><\/h3>\n<div class=\"col-sm-7\">\n\nLas conexiones HVDC son cada vez m\u00e1s comunes para la transmisi\u00f3n de energ\u00eda desde instalaciones renovables en alta mar, as\u00ed como para l\u00edneas de transmisi\u00f3n de larga distancia. Los capacitores de pel\u00edcula metalizada son la opci\u00f3n preferida para estas aplicaciones donde la larga vida \u00fatil es una consideraci\u00f3n importante. Esto se alinea bien con la filosof\u00eda de API Capacitors: \u00abInstalar y olvidar\u00bb (\u00abFit &#038; Forget\u00bb).\n\n<\/div>\n<div class=\"col-sm-12\">\n\nPower generation infrastructure and plant are pieces of significant financial investment, so it makes perfect sense to install a quality capacitor, which will have been designed and manufactured in the UK, giving reliable service and excellent performance. Our oil filled capacitors are discharge free to ensure long life and reliability.\n\n<\/div>\t\t\t\t\t\t\t\t<\/div>\n\t\t\t\t<\/div>\n\t\t\t\t\t<\/div>\n\t\t<\/div>\n\t\t\t\t<div class=\"elementor-column elementor-col-50 elementor-top-column elementor-element elementor-element-31f57c5\" data-id=\"31f57c5\" data-element_type=\"column\" data-e-type=\"column\" data-settings=\"{&quot;background_background&quot;:&quot;classic&quot;}\">\n\t\t\t<div class=\"elementor-widget-wrap elementor-element-populated\">\n\t\t\t\t\t\t<div class=\"elementor-element elementor-element-58437c5 elementor-widget elementor-widget-image\" data-id=\"58437c5\" data-element_type=\"widget\" data-e-type=\"widget\" data-widget_type=\"image.default\">\n\t\t\t\t<div class=\"elementor-widget-container\">\n\t\t\t\t\t\t\t\t\t\t\t\t\t\t\t<img fetchpriority=\"high\" decoding=\"async\" width=\"600\" height=\"400\" src=\"https:\/\/www.api-capacitors.com\/es\/wp-content\/uploads\/sites\/4\/2022\/06\/spin2.jpg\" class=\"attachment-full size-full wp-image-1026\" alt=\"HVDC Transmission Systems\" srcset=\"https:\/\/www.api-capacitors.com\/es\/wp-content\/uploads\/sites\/4\/2022\/06\/spin2.jpg 600w, https:\/\/www.api-capacitors.com\/es\/wp-content\/uploads\/sites\/4\/2022\/06\/spin2-300x200.jpg 300w\" sizes=\"(max-width: 600px) 100vw, 600px\" \/>\t\t\t\t\t\t\t\t\t\t\t\t\t\t\t<\/div>\n\t\t\t\t<\/div>\n\t\t\t\t\t<\/div>\n\t\t<\/div>\n\t\t\t\t\t<\/div>\n\t\t<\/section>\n\t\t\t\t<section class=\"elementor-section elementor-top-section elementor-element elementor-element-d242e04 elementor-section-boxed elementor-section-height-default elementor-section-height-default\" data-id=\"d242e04\" data-element_type=\"section\" data-e-type=\"section\">\n\t\t\t\t\t\t<div class=\"elementor-container elementor-column-gap-default\">\n\t\t\t\t\t<div class=\"elementor-column elementor-col-100 elementor-top-column elementor-element elementor-element-4f46491\" data-id=\"4f46491\" data-element_type=\"column\" data-e-type=\"column\">\n\t\t\t<div class=\"elementor-widget-wrap elementor-element-populated\">\n\t\t\t\t\t\t<div class=\"elementor-element elementor-element-88f0108 elementor-widget elementor-widget-text-editor\" data-id=\"88f0108\" data-element_type=\"widget\" data-e-type=\"widget\" data-widget_type=\"text-editor.default\">\n\t\t\t\t<div class=\"elementor-widget-container\">\n\t\t\t\t\t\t\t\t\t<p>API Capacitors puede ofrecer una variedad de variantes de capacitores secos y llenos de aceite para soportar una variedad de sistemas el\u00e9ctricos aliados. Nuestras soluciones de dise\u00f1o personalizado tambi\u00e9n permiten que nuestro equipo de dise\u00f1o produzca capacitores de reemplazo, que se pueden utilizar para reemplazar dise\u00f1os producidos por otros fabricantes que ya no se producen o se han vuelto obsoletos en plantas e infraestructuras m\u00e1s antiguas.<\/p><p>Nuestros capacitores se pueden suministrar con una variedad de terminales para adaptarse a la integraci\u00f3n en el sistema de energ\u00eda. Los tipos de carcasa se pueden fabricar con una variedad de materiales y con formas para adaptarse a la aplicaci\u00f3n. Si tiene una topolog\u00eda espec\u00edfica en mente, esto se puede tener en cuenta durante la etapa de dise\u00f1o.<\/p><p><strong>Para obtener m\u00e1s informaci\u00f3n, ll\u00e1menos o env\u00ede un correo electr\u00f3nico a nuestro equipo. Si tiene un dise\u00f1o espec\u00edfico en mente, puede incluir sus requisitos de especificaci\u00f3n en nuestro formulario de consulta en l\u00ednea.<\/strong><\/p>\t\t\t\t\t\t\t\t<\/div>\n\t\t\t\t<\/div>\n\t\t\t\t\t<\/div>\n\t\t<\/div>\n\t\t\t\t\t<\/div>\n\t\t<\/section>\n\t\t\t\t<\/div>\n\t\t","protected":false},"excerpt":{"rendered":"<p>HVDC Transmission Systems Las conexiones HVDC son cada vez m\u00e1s comunes para la transmisi\u00f3n de energ\u00eda desde instalaciones renovables en alta mar, as\u00ed como para l\u00edneas de transmisi\u00f3n de larga distancia. Los capacitores de pel\u00edcula metalizada son la opci\u00f3n preferida para estas aplicaciones donde la larga vida \u00fatil es una consideraci\u00f3n importante. Esto se alinea [&hellip;]<\/p>\n","protected":false},"author":1,"featured_media":1026,"parent":0,"menu_order":0,"comment_status":"closed","ping_status":"closed","template":"","meta":{"site-sidebar-layout":"right-sidebar","site-content-layout":"default","ast-site-content-layout":"default","site-content-style":"default","site-sidebar-style":"default","ast-global-header-display":"","ast-banner-title-visibility":"","ast-main-header-display":"","ast-hfb-above-header-display":"","ast-hfb-below-header-display":"","ast-hfb-mobile-header-display":"","site-post-title":"disabled","ast-breadcrumbs-content":"","ast-featured-img":"disabled","footer-sml-layout":"","ast-disable-related-posts":"","theme-transparent-header-meta":"","adv-header-id-meta":"","stick-header-meta":"","header-above-stick-meta":"","header-main-stick-meta":"","header-below-stick-meta":"","astra-migrate-meta-layouts":"default","ast-page-background-enabled":"default","ast-page-background-meta":{"desktop":{"background-color":"","background-image":"","background-repeat":"repeat","background-position":"center center","background-size":"auto","background-attachment":"scroll","background-type":"","background-media":"","overlay-type":"","overlay-color":"","overlay-opacity":"","overlay-gradient":""},"tablet":{"background-color":"","background-image":"","background-repeat":"repeat","background-position":"center center","background-size":"auto","background-attachment":"scroll","background-type":"","background-media":"","overlay-type":"","overlay-color":"","overlay-opacity":"","overlay-gradient":""},"mobile":{"background-color":"","background-image":"","background-repeat":"repeat","background-position":"center center","background-size":"auto","background-attachment":"scroll","background-type":"","background-media":"","overlay-type":"","overlay-color":"","overlay-opacity":"","overlay-gradient":""}},"ast-content-background-meta":{"desktop":{"background-color":"var(--ast-global-color-5)","background-image":"","background-repeat":"repeat","background-position":"center center","background-size":"auto","background-attachment":"scroll","background-type":"","background-media":"","overlay-type":"","overlay-color":"","overlay-opacity":"","overlay-gradient":""},"tablet":{"background-color":"var(--ast-global-color-5)","background-image":"","background-repeat":"repeat","background-position":"center center","background-size":"auto","background-attachment":"scroll","background-type":"","background-media":"","overlay-type":"","overlay-color":"","overlay-opacity":"","overlay-gradient":""},"mobile":{"background-color":"var(--ast-global-color-5)","background-image":"","background-repeat":"repeat","background-position":"center center","background-size":"auto","background-attachment":"scroll","background-type":"","background-media":"","overlay-type":"","overlay-color":"","overlay-opacity":"","overlay-gradient":""}},"footnotes":""},"class_list":["post-1008","page","type-page","status-publish","has-post-thumbnail","hentry"],"yoast_head":"<!-- This site is optimized with the Yoast SEO plugin v27.4 - https:\/\/yoast.com\/product\/yoast-seo-wordpress\/ -->\n<title>Redes y sistemas de transmisi\u00f3n - API Capacitors es<\/title>\n<meta name=\"description\" content=\"API Capacitors ofrece capacitores de pel\u00edcula metalizada de alta confiabilidad dise\u00f1ados para enlaces HVDC e infraestructuras de generaci\u00f3n de energ\u00eda. Nuestros capacitores llenos de aceite fabricados en el Reino Unido aseguran un rendimiento y una confiabilidad duraderos. Ofrecemos soluciones dise\u00f1adas a medida, incluyendo capacitores de reemplazo para dise\u00f1os obsoletos, y una variedad de terminales y tipos de carcasas para adaptarse a tus necesidades.\" \/>\n<meta name=\"robots\" content=\"index, follow, max-snippet:-1, max-image-preview:large, max-video-preview:-1\" \/>\n<link rel=\"canonical\" href=\"https:\/\/www.api-capacitors.com\/es\/redes-y-sistemas-de-transmision\/\" \/>\n<meta property=\"og:locale\" content=\"es_ES\" \/>\n<meta property=\"og:type\" content=\"article\" \/>\n<meta property=\"og:title\" content=\"Redes y sistemas de transmisi\u00f3n - API Capacitors es\" \/>\n<meta property=\"og:description\" content=\"API Capacitors ofrece capacitores de pel\u00edcula metalizada de alta confiabilidad dise\u00f1ados para enlaces HVDC e infraestructuras de generaci\u00f3n de energ\u00eda. Nuestros capacitores llenos de aceite fabricados en el Reino Unido aseguran un rendimiento y una confiabilidad duraderos. Ofrecemos soluciones dise\u00f1adas a medida, incluyendo capacitores de reemplazo para dise\u00f1os obsoletos, y una variedad de terminales y tipos de carcasas para adaptarse a tus necesidades.\" \/>\n<meta property=\"og:url\" content=\"https:\/\/www.api-capacitors.com\/es\/redes-y-sistemas-de-transmision\/\" \/>\n<meta property=\"og:site_name\" content=\"API Capacitors es\" \/>\n<meta property=\"article:modified_time\" content=\"2023-05-09T08:47:41+00:00\" \/>\n<meta property=\"og:image\" content=\"https:\/\/www.api-capacitors.com\/es\/wp-content\/uploads\/sites\/4\/2022\/06\/spin2.jpg\" \/>\n\t<meta property=\"og:image:width\" content=\"600\" \/>\n\t<meta property=\"og:image:height\" content=\"400\" \/>\n\t<meta property=\"og:image:type\" content=\"image\/jpeg\" \/>\n<meta name=\"twitter:card\" content=\"summary_large_image\" \/>\n<meta name=\"twitter:label1\" content=\"Tiempo de lectura\" \/>\n\t<meta name=\"twitter:data1\" content=\"2 minutos\" \/>\n<script type=\"application\/ld+json\" class=\"yoast-schema-graph\">{\"@context\":\"https:\\\/\\\/schema.org\",\"@graph\":[{\"@type\":\"WebPage\",\"@id\":\"https:\\\/\\\/www.api-capacitors.com\\\/es\\\/redes-y-sistemas-de-transmision\\\/\",\"url\":\"https:\\\/\\\/www.api-capacitors.com\\\/es\\\/redes-y-sistemas-de-transmision\\\/\",\"name\":\"Redes y sistemas de transmisi\u00f3n - API Capacitors es\",\"isPartOf\":{\"@id\":\"https:\\\/\\\/www.api-capacitors.com\\\/es\\\/#website\"},\"primaryImageOfPage\":{\"@id\":\"https:\\\/\\\/www.api-capacitors.com\\\/es\\\/redes-y-sistemas-de-transmision\\\/#primaryimage\"},\"image\":{\"@id\":\"https:\\\/\\\/www.api-capacitors.com\\\/es\\\/redes-y-sistemas-de-transmision\\\/#primaryimage\"},\"thumbnailUrl\":\"https:\\\/\\\/www.api-capacitors.com\\\/es\\\/wp-content\\\/uploads\\\/sites\\\/4\\\/2022\\\/06\\\/spin2.jpg\",\"datePublished\":\"2022-06-09T16:52:28+00:00\",\"dateModified\":\"2023-05-09T08:47:41+00:00\",\"description\":\"API Capacitors ofrece capacitores de pel\u00edcula metalizada de alta confiabilidad dise\u00f1ados para enlaces HVDC e infraestructuras de generaci\u00f3n de energ\u00eda. Nuestros capacitores llenos de aceite fabricados en el Reino Unido aseguran un rendimiento y una confiabilidad duraderos. Ofrecemos soluciones dise\u00f1adas a medida, incluyendo capacitores de reemplazo para dise\u00f1os obsoletos, y una variedad de terminales y tipos de carcasas para adaptarse a tus necesidades.\",\"breadcrumb\":{\"@id\":\"https:\\\/\\\/www.api-capacitors.com\\\/es\\\/redes-y-sistemas-de-transmision\\\/#breadcrumb\"},\"inLanguage\":\"es\",\"potentialAction\":[{\"@type\":\"ReadAction\",\"target\":[\"https:\\\/\\\/www.api-capacitors.com\\\/es\\\/redes-y-sistemas-de-transmision\\\/\"]}]},{\"@type\":\"ImageObject\",\"inLanguage\":\"es\",\"@id\":\"https:\\\/\\\/www.api-capacitors.com\\\/es\\\/redes-y-sistemas-de-transmision\\\/#primaryimage\",\"url\":\"https:\\\/\\\/www.api-capacitors.com\\\/es\\\/wp-content\\\/uploads\\\/sites\\\/4\\\/2022\\\/06\\\/spin2.jpg\",\"contentUrl\":\"https:\\\/\\\/www.api-capacitors.com\\\/es\\\/wp-content\\\/uploads\\\/sites\\\/4\\\/2022\\\/06\\\/spin2.jpg\",\"width\":600,\"height\":400,\"caption\":\"HVDC Transmission Systems\"},{\"@type\":\"BreadcrumbList\",\"@id\":\"https:\\\/\\\/www.api-capacitors.com\\\/es\\\/redes-y-sistemas-de-transmision\\\/#breadcrumb\",\"itemListElement\":[{\"@type\":\"ListItem\",\"position\":1,\"name\":\"Home\",\"item\":\"https:\\\/\\\/www.api-capacitors.com\\\/es\\\/\"},{\"@type\":\"ListItem\",\"position\":2,\"name\":\"Redes y sistemas de transmisi\u00f3n\"}]},{\"@type\":\"WebSite\",\"@id\":\"https:\\\/\\\/www.api-capacitors.com\\\/es\\\/#website\",\"url\":\"https:\\\/\\\/www.api-capacitors.com\\\/es\\\/\",\"name\":\"API Capacitors es\",\"description\":\"DC Capacitors, AC Capacitors, Snubber Capacitors , Track Circuit Capacitors, Pulse Power Capacitors and Custom Capacitors\",\"publisher\":{\"@id\":\"https:\\\/\\\/www.api-capacitors.com\\\/es\\\/#organization\"},\"potentialAction\":[{\"@type\":\"SearchAction\",\"target\":{\"@type\":\"EntryPoint\",\"urlTemplate\":\"https:\\\/\\\/www.api-capacitors.com\\\/es\\\/?s={search_term_string}\"},\"query-input\":{\"@type\":\"PropertyValueSpecification\",\"valueRequired\":true,\"valueName\":\"search_term_string\"}}],\"inLanguage\":\"es\"},{\"@type\":\"Organization\",\"@id\":\"https:\\\/\\\/www.api-capacitors.com\\\/es\\\/#organization\",\"name\":\"API Capacitors es\",\"url\":\"https:\\\/\\\/www.api-capacitors.com\\\/es\\\/\",\"logo\":{\"@type\":\"ImageObject\",\"inLanguage\":\"es\",\"@id\":\"https:\\\/\\\/www.api-capacitors.com\\\/es\\\/#\\\/schema\\\/logo\\\/image\\\/\",\"url\":\"https:\\\/\\\/www.api-capacitors.com\\\/es\\\/wp-content\\\/uploads\\\/sites\\\/4\\\/2022\\\/05\\\/cropped-NewLogos-06-e1653513321928.png\",\"contentUrl\":\"https:\\\/\\\/www.api-capacitors.com\\\/es\\\/wp-content\\\/uploads\\\/sites\\\/4\\\/2022\\\/05\\\/cropped-NewLogos-06-e1653513321928.png\",\"width\":1404,\"height\":222,\"caption\":\"API Capacitors es\"},\"image\":{\"@id\":\"https:\\\/\\\/www.api-capacitors.com\\\/es\\\/#\\\/schema\\\/logo\\\/image\\\/\"}}]}<\/script>\n<!-- \/ Yoast SEO plugin. -->","yoast_head_json":{"title":"Redes y sistemas de transmisi\u00f3n - API Capacitors es","description":"API Capacitors ofrece capacitores de pel\u00edcula metalizada de alta confiabilidad dise\u00f1ados para enlaces HVDC e infraestructuras de generaci\u00f3n de energ\u00eda. Nuestros capacitores llenos de aceite fabricados en el Reino Unido aseguran un rendimiento y una confiabilidad duraderos. Ofrecemos soluciones dise\u00f1adas a medida, incluyendo capacitores de reemplazo para dise\u00f1os obsoletos, y una variedad de terminales y tipos de carcasas para adaptarse a tus necesidades.","robots":{"index":"index","follow":"follow","max-snippet":"max-snippet:-1","max-image-preview":"max-image-preview:large","max-video-preview":"max-video-preview:-1"},"canonical":"https:\/\/www.api-capacitors.com\/es\/redes-y-sistemas-de-transmision\/","og_locale":"es_ES","og_type":"article","og_title":"Redes y sistemas de transmisi\u00f3n - API Capacitors es","og_description":"API Capacitors ofrece capacitores de pel\u00edcula metalizada de alta confiabilidad dise\u00f1ados para enlaces HVDC e infraestructuras de generaci\u00f3n de energ\u00eda. Nuestros capacitores llenos de aceite fabricados en el Reino Unido aseguran un rendimiento y una confiabilidad duraderos. Ofrecemos soluciones dise\u00f1adas a medida, incluyendo capacitores de reemplazo para dise\u00f1os obsoletos, y una variedad de terminales y tipos de carcasas para adaptarse a tus necesidades.","og_url":"https:\/\/www.api-capacitors.com\/es\/redes-y-sistemas-de-transmision\/","og_site_name":"API Capacitors es","article_modified_time":"2023-05-09T08:47:41+00:00","og_image":[{"width":600,"height":400,"url":"https:\/\/www.api-capacitors.com\/es\/wp-content\/uploads\/sites\/4\/2022\/06\/spin2.jpg","type":"image\/jpeg"}],"twitter_card":"summary_large_image","twitter_misc":{"Tiempo de lectura":"2 minutos"},"schema":{"@context":"https:\/\/schema.org","@graph":[{"@type":"WebPage","@id":"https:\/\/www.api-capacitors.com\/es\/redes-y-sistemas-de-transmision\/","url":"https:\/\/www.api-capacitors.com\/es\/redes-y-sistemas-de-transmision\/","name":"Redes y sistemas de transmisi\u00f3n - API Capacitors es","isPartOf":{"@id":"https:\/\/www.api-capacitors.com\/es\/#website"},"primaryImageOfPage":{"@id":"https:\/\/www.api-capacitors.com\/es\/redes-y-sistemas-de-transmision\/#primaryimage"},"image":{"@id":"https:\/\/www.api-capacitors.com\/es\/redes-y-sistemas-de-transmision\/#primaryimage"},"thumbnailUrl":"https:\/\/www.api-capacitors.com\/es\/wp-content\/uploads\/sites\/4\/2022\/06\/spin2.jpg","datePublished":"2022-06-09T16:52:28+00:00","dateModified":"2023-05-09T08:47:41+00:00","description":"API Capacitors ofrece capacitores de pel\u00edcula metalizada de alta confiabilidad dise\u00f1ados para enlaces HVDC e infraestructuras de generaci\u00f3n de energ\u00eda. Nuestros capacitores llenos de aceite fabricados en el Reino Unido aseguran un rendimiento y una confiabilidad duraderos. Ofrecemos soluciones dise\u00f1adas a medida, incluyendo capacitores de reemplazo para dise\u00f1os obsoletos, y una variedad de terminales y tipos de carcasas para adaptarse a tus necesidades.","breadcrumb":{"@id":"https:\/\/www.api-capacitors.com\/es\/redes-y-sistemas-de-transmision\/#breadcrumb"},"inLanguage":"es","potentialAction":[{"@type":"ReadAction","target":["https:\/\/www.api-capacitors.com\/es\/redes-y-sistemas-de-transmision\/"]}]},{"@type":"ImageObject","inLanguage":"es","@id":"https:\/\/www.api-capacitors.com\/es\/redes-y-sistemas-de-transmision\/#primaryimage","url":"https:\/\/www.api-capacitors.com\/es\/wp-content\/uploads\/sites\/4\/2022\/06\/spin2.jpg","contentUrl":"https:\/\/www.api-capacitors.com\/es\/wp-content\/uploads\/sites\/4\/2022\/06\/spin2.jpg","width":600,"height":400,"caption":"HVDC Transmission Systems"},{"@type":"BreadcrumbList","@id":"https:\/\/www.api-capacitors.com\/es\/redes-y-sistemas-de-transmision\/#breadcrumb","itemListElement":[{"@type":"ListItem","position":1,"name":"Home","item":"https:\/\/www.api-capacitors.com\/es\/"},{"@type":"ListItem","position":2,"name":"Redes y sistemas de transmisi\u00f3n"}]},{"@type":"WebSite","@id":"https:\/\/www.api-capacitors.com\/es\/#website","url":"https:\/\/www.api-capacitors.com\/es\/","name":"API Capacitors es","description":"DC Capacitors, AC Capacitors, Snubber Capacitors , Track Circuit Capacitors, Pulse Power Capacitors and Custom Capacitors","publisher":{"@id":"https:\/\/www.api-capacitors.com\/es\/#organization"},"potentialAction":[{"@type":"SearchAction","target":{"@type":"EntryPoint","urlTemplate":"https:\/\/www.api-capacitors.com\/es\/?s={search_term_string}"},"query-input":{"@type":"PropertyValueSpecification","valueRequired":true,"valueName":"search_term_string"}}],"inLanguage":"es"},{"@type":"Organization","@id":"https:\/\/www.api-capacitors.com\/es\/#organization","name":"API Capacitors es","url":"https:\/\/www.api-capacitors.com\/es\/","logo":{"@type":"ImageObject","inLanguage":"es","@id":"https:\/\/www.api-capacitors.com\/es\/#\/schema\/logo\/image\/","url":"https:\/\/www.api-capacitors.com\/es\/wp-content\/uploads\/sites\/4\/2022\/05\/cropped-NewLogos-06-e1653513321928.png","contentUrl":"https:\/\/www.api-capacitors.com\/es\/wp-content\/uploads\/sites\/4\/2022\/05\/cropped-NewLogos-06-e1653513321928.png","width":1404,"height":222,"caption":"API Capacitors es"},"image":{"@id":"https:\/\/www.api-capacitors.com\/es\/#\/schema\/logo\/image\/"}}]}},"_links":{"self":[{"href":"https:\/\/www.api-capacitors.com\/es\/wp-json\/wp\/v2\/pages\/1008","targetHints":{"allow":["GET"]}}],"collection":[{"href":"https:\/\/www.api-capacitors.com\/es\/wp-json\/wp\/v2\/pages"}],"about":[{"href":"https:\/\/www.api-capacitors.com\/es\/wp-json\/wp\/v2\/types\/page"}],"author":[{"embeddable":true,"href":"https:\/\/www.api-capacitors.com\/es\/wp-json\/wp\/v2\/users\/1"}],"replies":[{"embeddable":true,"href":"https:\/\/www.api-capacitors.com\/es\/wp-json\/wp\/v2\/comments?post=1008"}],"version-history":[{"count":38,"href":"https:\/\/www.api-capacitors.com\/es\/wp-json\/wp\/v2\/pages\/1008\/revisions"}],"predecessor-version":[{"id":2875,"href":"https:\/\/www.api-capacitors.com\/es\/wp-json\/wp\/v2\/pages\/1008\/revisions\/2875"}],"wp:featuredmedia":[{"embeddable":true,"href":"https:\/\/www.api-capacitors.com\/es\/wp-json\/wp\/v2\/media\/1026"}],"wp:attachment":[{"href":"https:\/\/www.api-capacitors.com\/es\/wp-json\/wp\/v2\/media?parent=1008"}],"curies":[{"name":"wp","href":"https:\/\/api.w.org\/{rel}","templated":true}]}}