{"id":985,"date":"2022-06-09T16:08:47","date_gmt":"2022-06-09T16:08:47","guid":{"rendered":"https:\/\/www.api-capacitors.com\/de\/?page_id=985"},"modified":"2024-01-21T16:29:07","modified_gmt":"2024-01-21T16:29:07","slug":"marine-propulsion","status":"publish","type":"page","link":"https:\/\/www.api-capacitors.com\/de\/marine-propulsion\/","title":{"rendered":"Schiffsantrieb"},"content":{"rendered":"\t\t<div data-elementor-type=\"wp-page\" data-elementor-id=\"985\" class=\"elementor elementor-985\">\n\t\t\t\t\t\t<section class=\"elementor-section elementor-top-section elementor-element elementor-element-0538103 elementor-section-boxed elementor-section-height-default elementor-section-height-default\" data-id=\"0538103\" data-element_type=\"section\" data-e-type=\"section\">\n\t\t\t\t\t\t<div class=\"elementor-container elementor-column-gap-default\">\n\t\t\t\t\t<div class=\"elementor-column elementor-col-50 elementor-top-column elementor-element elementor-element-90e0ef4\" data-id=\"90e0ef4\" data-element_type=\"column\" data-e-type=\"column\">\n\t\t\t<div class=\"elementor-widget-wrap elementor-element-populated\">\n\t\t\t\t\t\t<div class=\"elementor-element elementor-element-b897845 elementor-widget elementor-widget-text-editor\" data-id=\"b897845\" data-element_type=\"widget\" data-e-type=\"widget\" data-widget_type=\"text-editor.default\">\n\t\t\t\t<div class=\"elementor-widget-container\">\n\t\t\t\t\t\t\t\t\t<p><strong>API Capacitors Limited (APIC) hat seit den 1980er Jahren Kondensatoren f\u00fcr den Einsatz in verschiedenen anspruchsvollen maritimen Anwendungen geliefert.<\/strong><\/p><p><span style=\"font-weight: normal;\">Wir haben Kunden sowohl im privaten als auch im \u00f6ffentlichen Sektor, und unsere Produkte sind in vielen Antriebssystemen von Handelsschiffen sowie in Kriegsschiffen auf der ganzen Welt im Einsatz.<\/span><\/p>\t\t\t\t\t\t\t\t<\/div>\n\t\t\t\t<\/div>\n\t\t\t\t\t<\/div>\n\t\t<\/div>\n\t\t\t\t<div class=\"elementor-column elementor-col-50 elementor-top-column elementor-element elementor-element-597ea0e\" data-id=\"597ea0e\" data-element_type=\"column\" data-e-type=\"column\" data-settings=\"{&quot;background_background&quot;:&quot;classic&quot;}\">\n\t\t\t<div class=\"elementor-widget-wrap elementor-element-populated\">\n\t\t\t\t\t\t<div class=\"elementor-element elementor-element-8a8eb8d elementor-widget elementor-widget-image\" data-id=\"8a8eb8d\" data-element_type=\"widget\" data-e-type=\"widget\" data-widget_type=\"image.default\">\n\t\t\t\t<div class=\"elementor-widget-container\">\n\t\t\t\t\t\t\t\t\t\t\t\t\t\t\t<img fetchpriority=\"high\" decoding=\"async\" width=\"300\" height=\"200\" src=\"https:\/\/www.api-capacitors.com\/de\/wp-content\/uploads\/sites\/6\/2022\/06\/marine2-300x200.jpg\" class=\"attachment-medium size-medium wp-image-987\" alt=\"Capacitors for Marine Propulsion\" srcset=\"https:\/\/www.api-capacitors.com\/de\/wp-content\/uploads\/sites\/6\/2022\/06\/marine2-300x200.jpg 300w, https:\/\/www.api-capacitors.com\/de\/wp-content\/uploads\/sites\/6\/2022\/06\/marine2.jpg 600w\" sizes=\"(max-width: 300px) 100vw, 300px\" \/>\t\t\t\t\t\t\t\t\t\t\t\t\t\t\t<\/div>\n\t\t\t\t<\/div>\n\t\t\t\t\t<\/div>\n\t\t<\/div>\n\t\t\t\t\t<\/div>\n\t\t<\/section>\n\t\t\t\t<section class=\"elementor-section elementor-top-section elementor-element elementor-element-5636724 elementor-section-boxed elementor-section-height-default elementor-section-height-default\" data-id=\"5636724\" data-element_type=\"section\" data-e-type=\"section\">\n\t\t\t\t\t\t<div class=\"elementor-container elementor-column-gap-default\">\n\t\t\t\t\t<div class=\"elementor-column elementor-col-100 elementor-top-column elementor-element elementor-element-3926308\" data-id=\"3926308\" data-element_type=\"column\" data-e-type=\"column\">\n\t\t\t<div class=\"elementor-widget-wrap elementor-element-populated\">\n\t\t\t\t\t\t<div class=\"elementor-element elementor-element-230107c elementor-widget elementor-widget-text-editor\" data-id=\"230107c\" data-element_type=\"widget\" data-e-type=\"widget\" data-widget_type=\"text-editor.default\">\n\t\t\t\t<div class=\"elementor-widget-container\">\n\t\t\t\t\t\t\t\t\t<p>Unsere renommierteste Referenz ist, dass unsere Kondensatoren einen wesentlichen Bestandteil der Hauptantriebssysteme f\u00fcr die HMS Queen Elizabeth &amp; HMS Prince of Wales, die neueste Generation der Flugzeugtr\u00e4ger des Vereinigten K\u00f6nigreichs, bilden. Wir k\u00f6nnen auch Anerkennung daf\u00fcr beanspruchen, unsere Produkte auf den hochentwickelten, in Gro\u00dfbritannien gebauten Zerst\u00f6rern des Typs 45 zu haben. Dazu geh\u00f6ren die HMS Bulwark \u2013 das Flaggschiff der Royal Navy, die RMS Wave Ruler und auch die U-Boot-Flotte des Vereinigten K\u00f6nigreichs mit Trident-U-Booten.<\/p><p>Die in unserer britischen Produktionsst\u00e4tte hergestellten Kondensatoren werden haupts\u00e4chlich in PWM (Pulsweitenmodulation) -Invertern verwendet. Wir liefern auch Kondensatorprodukte f\u00fcr andere Arten von Marine-Invertern. Viele Varianten von Kondensatoren werden in solchen Marineantriebssystemen verwendet, einschlie\u00dflich Snubber, AC-Harmoniefilter, Gleichstrom-Verbindungsfilter, Gleichstrom-Abstimmfilter. Alle unsere Kondensatoren f\u00fcr die maritime Industrie sind in verschiedenen Geh\u00e4usestilen mit Anschl\u00fcssen erh\u00e4ltlich, die den Anforderungen der Kunden entsprechen.<\/p><p>In unserer Fabrik wurde umfangreiche Forschungs- und Entwicklungsarbeit in Bezug auf die Auswirkungen von Teilentladungen in Kondensatoren, die in einer maritimen Umgebung verwendet werden, und die Auswirkungen solcher Entladungen auf die Lebenserwartung der Kondensatoren durchgef\u00fchrt. In bestimmten Szenarien hat das Kondensatorgeh\u00e4use ein anderes Potenzial als die internen Kondensatorwicklungen, sodass die Minimierung der Wirkung von Teilentladungen absolut entscheidend ist. Diese Arbeit hat dazu gef\u00fchrt, dass API in der Lage ist, Prozesse und Fertigungstechniken feinzutun, um PD nahezu aus unseren Kondensatoren zu eliminieren, die in solchen Anwendungen verwendet werden.<\/p><p>API Capacitors arbeitet auf beiden Ebenen, sowohl kommerziell als auch technisch, eng mit unseren Kunden zusammen, um Designs von Kondensatoren zu produzieren, die technisch fortschrittlich sind und den anspruchsvollen Anforderungen der maritimen Umgebung gerecht werden.<\/p>\t\t\t\t\t\t\t\t<\/div>\n\t\t\t\t<\/div>\n\t\t\t\t\t<\/div>\n\t\t<\/div>\n\t\t\t\t\t<\/div>\n\t\t<\/section>\n\t\t\t\t<\/div>\n\t\t","protected":false},"excerpt":{"rendered":"<p>API Capacitors Limited (APIC) hat seit den 1980er Jahren Kondensatoren f\u00fcr den Einsatz in verschiedenen anspruchsvollen maritimen Anwendungen geliefert. Wir haben Kunden sowohl im privaten als auch im \u00f6ffentlichen Sektor, und unsere Produkte sind in vielen Antriebssystemen von Handelsschiffen sowie in Kriegsschiffen auf der ganzen Welt im Einsatz. Unsere renommierteste Referenz ist, dass unsere Kondensatoren [&hellip;]<\/p>\n","protected":false},"author":1,"featured_media":2034,"parent":0,"menu_order":0,"comment_status":"closed","ping_status":"closed","template":"","meta":{"site-sidebar-layout":"right-sidebar","site-content-layout":"default","ast-site-content-layout":"default","site-content-style":"default","site-sidebar-style":"default","ast-global-header-display":"","ast-banner-title-visibility":"","ast-main-header-display":"","ast-hfb-above-header-display":"","ast-hfb-below-header-display":"","ast-hfb-mobile-header-display":"","site-post-title":"disabled","ast-breadcrumbs-content":"","ast-featured-img":"disabled","footer-sml-layout":"","ast-disable-related-posts":"","theme-transparent-header-meta":"","adv-header-id-meta":"","stick-header-meta":"","header-above-stick-meta":"","header-main-stick-meta":"","header-below-stick-meta":"","astra-migrate-meta-layouts":"default","ast-page-background-enabled":"default","ast-page-background-meta":{"desktop":{"background-color":"","background-image":"","background-repeat":"repeat","background-position":"center center","background-size":"auto","background-attachment":"scroll","background-type":"","background-media":"","overlay-type":"","overlay-color":"","overlay-opacity":"","overlay-gradient":""},"tablet":{"background-color":"","background-image":"","background-repeat":"repeat","background-position":"center center","background-size":"auto","background-attachment":"scroll","background-type":"","background-media":"","overlay-type":"","overlay-color":"","overlay-opacity":"","overlay-gradient":""},"mobile":{"background-color":"","background-image":"","background-repeat":"repeat","background-position":"center center","background-size":"auto","background-attachment":"scroll","background-type":"","background-media":"","overlay-type":"","overlay-color":"","overlay-opacity":"","overlay-gradient":""}},"ast-content-background-meta":{"desktop":{"background-color":"var(--ast-global-color-5)","background-image":"","background-repeat":"repeat","background-position":"center center","background-size":"auto","background-attachment":"scroll","background-type":"","background-media":"","overlay-type":"","overlay-color":"","overlay-opacity":"","overlay-gradient":""},"tablet":{"background-color":"var(--ast-global-color-5)","background-image":"","background-repeat":"repeat","background-position":"center center","background-size":"auto","background-attachment":"scroll","background-type":"","background-media":"","overlay-type":"","overlay-color":"","overlay-opacity":"","overlay-gradient":""},"mobile":{"background-color":"var(--ast-global-color-5)","background-image":"","background-repeat":"repeat","background-position":"center center","background-size":"auto","background-attachment":"scroll","background-type":"","background-media":"","overlay-type":"","overlay-color":"","overlay-opacity":"","overlay-gradient":""}},"footnotes":""},"class_list":["post-985","page","type-page","status-publish","has-post-thumbnail","hentry"],"yoast_head":"<!-- This site is optimized with the Yoast SEO plugin v27.4 - https:\/\/yoast.com\/product\/yoast-seo-wordpress\/ -->\n<title>Schiffsantrieb - API Engineering de<\/title>\n<meta name=\"description\" content=\"Providing a range of capacitor solutions for marine propulsion systems, including custom-designed capacitors with terminations and enclosures suitable for various applications, ensuring reliable service and excellent performance.\" \/>\n<meta name=\"robots\" content=\"index, follow, max-snippet:-1, max-image-preview:large, max-video-preview:-1\" \/>\n<link rel=\"canonical\" href=\"https:\/\/www.api-capacitors.com\/de\/marine-propulsion\/\" \/>\n<meta property=\"og:locale\" content=\"en_GB\" \/>\n<meta property=\"og:type\" content=\"article\" \/>\n<meta property=\"og:title\" content=\"Schiffsantrieb - API Engineering de\" \/>\n<meta property=\"og:description\" content=\"Providing a range of capacitor solutions for marine propulsion systems, including custom-designed capacitors with terminations and enclosures suitable for various applications, ensuring reliable service and excellent performance.\" \/>\n<meta property=\"og:url\" content=\"https:\/\/www.api-capacitors.com\/de\/marine-propulsion\/\" \/>\n<meta property=\"og:site_name\" content=\"API Engineering de\" \/>\n<meta property=\"article:publisher\" content=\"https:\/\/www.facebook.com\/apicapacitorsltd\/\" \/>\n<meta property=\"article:modified_time\" content=\"2024-01-21T16:29:07+00:00\" \/>\n<meta property=\"og:image\" content=\"https:\/\/www.api-capacitors.com\/de\/wp-content\/uploads\/sites\/6\/2023\/03\/marine-propulsion-1.png\" \/>\n\t<meta property=\"og:image:width\" content=\"1887\" \/>\n\t<meta property=\"og:image:height\" content=\"358\" \/>\n\t<meta property=\"og:image:type\" content=\"image\/png\" \/>\n<meta name=\"twitter:card\" content=\"summary_large_image\" \/>\n<meta name=\"twitter:site\" content=\"@API_Capacitors\" \/>\n<meta name=\"twitter:label1\" content=\"Estimated reading time\" \/>\n\t<meta name=\"twitter:data1\" content=\"2 minutes\" \/>\n<script type=\"application\/ld+json\" class=\"yoast-schema-graph\">{\"@context\":\"https:\\\/\\\/schema.org\",\"@graph\":[{\"@type\":\"WebPage\",\"@id\":\"https:\\\/\\\/www.api-capacitors.com\\\/de\\\/marine-propulsion\\\/\",\"url\":\"https:\\\/\\\/www.api-capacitors.com\\\/de\\\/marine-propulsion\\\/\",\"name\":\"Schiffsantrieb - API Engineering de\",\"isPartOf\":{\"@id\":\"https:\\\/\\\/www.api-capacitors.com\\\/de\\\/#website\"},\"primaryImageOfPage\":{\"@id\":\"https:\\\/\\\/www.api-capacitors.com\\\/de\\\/marine-propulsion\\\/#primaryimage\"},\"image\":{\"@id\":\"https:\\\/\\\/www.api-capacitors.com\\\/de\\\/marine-propulsion\\\/#primaryimage\"},\"thumbnailUrl\":\"https:\\\/\\\/www.api-capacitors.com\\\/de\\\/wp-content\\\/uploads\\\/sites\\\/6\\\/2023\\\/03\\\/marine-propulsion-1.png\",\"datePublished\":\"2022-06-09T16:08:47+00:00\",\"dateModified\":\"2024-01-21T16:29:07+00:00\",\"description\":\"Providing a range of capacitor solutions for marine propulsion systems, including custom-designed capacitors with terminations and enclosures suitable for various applications, ensuring reliable service and excellent performance.\",\"breadcrumb\":{\"@id\":\"https:\\\/\\\/www.api-capacitors.com\\\/de\\\/marine-propulsion\\\/#breadcrumb\"},\"inLanguage\":\"en-GB\",\"potentialAction\":[{\"@type\":\"ReadAction\",\"target\":[\"https:\\\/\\\/www.api-capacitors.com\\\/de\\\/marine-propulsion\\\/\"]}]},{\"@type\":\"ImageObject\",\"inLanguage\":\"en-GB\",\"@id\":\"https:\\\/\\\/www.api-capacitors.com\\\/de\\\/marine-propulsion\\\/#primaryimage\",\"url\":\"https:\\\/\\\/www.api-capacitors.com\\\/de\\\/wp-content\\\/uploads\\\/sites\\\/6\\\/2023\\\/03\\\/marine-propulsion-1.png\",\"contentUrl\":\"https:\\\/\\\/www.api-capacitors.com\\\/de\\\/wp-content\\\/uploads\\\/sites\\\/6\\\/2023\\\/03\\\/marine-propulsion-1.png\",\"width\":1887,\"height\":358,\"caption\":\"marine propulsion capacitors\"},{\"@type\":\"BreadcrumbList\",\"@id\":\"https:\\\/\\\/www.api-capacitors.com\\\/de\\\/marine-propulsion\\\/#breadcrumb\",\"itemListElement\":[{\"@type\":\"ListItem\",\"position\":1,\"name\":\"Home\",\"item\":\"https:\\\/\\\/www.api-capacitors.com\\\/de\\\/\"},{\"@type\":\"ListItem\",\"position\":2,\"name\":\"Schiffsantrieb\"}]},{\"@type\":\"WebSite\",\"@id\":\"https:\\\/\\\/www.api-capacitors.com\\\/de\\\/#website\",\"url\":\"https:\\\/\\\/www.api-capacitors.com\\\/de\\\/\",\"name\":\"API Engineering de\",\"description\":\"DC Capacitors, AC Capacitors, Snubber Capacitors , Track Circuit Capacitors, Pulse Power Capacitors and Custom Capacitors\",\"publisher\":{\"@id\":\"https:\\\/\\\/www.api-capacitors.com\\\/de\\\/#organization\"},\"potentialAction\":[{\"@type\":\"SearchAction\",\"target\":{\"@type\":\"EntryPoint\",\"urlTemplate\":\"https:\\\/\\\/www.api-capacitors.com\\\/de\\\/?s={search_term_string}\"},\"query-input\":{\"@type\":\"PropertyValueSpecification\",\"valueRequired\":true,\"valueName\":\"search_term_string\"}}],\"inLanguage\":\"en-GB\"},{\"@type\":\"Organization\",\"@id\":\"https:\\\/\\\/www.api-capacitors.com\\\/de\\\/#organization\",\"name\":\"API Engineering de\",\"url\":\"https:\\\/\\\/www.api-capacitors.com\\\/de\\\/\",\"logo\":{\"@type\":\"ImageObject\",\"inLanguage\":\"en-GB\",\"@id\":\"https:\\\/\\\/www.api-capacitors.com\\\/de\\\/#\\\/schema\\\/logo\\\/image\\\/\",\"url\":\"https:\\\/\\\/www.api-capacitors.com\\\/de\\\/wp-content\\\/uploads\\\/sites\\\/6\\\/2022\\\/05\\\/cropped-NewLogos-06-e1653513321928.png\",\"contentUrl\":\"https:\\\/\\\/www.api-capacitors.com\\\/de\\\/wp-content\\\/uploads\\\/sites\\\/6\\\/2022\\\/05\\\/cropped-NewLogos-06-e1653513321928.png\",\"width\":1404,\"height\":222,\"caption\":\"API Engineering de\"},\"image\":{\"@id\":\"https:\\\/\\\/www.api-capacitors.com\\\/de\\\/#\\\/schema\\\/logo\\\/image\\\/\"},\"sameAs\":[\"https:\\\/\\\/www.facebook.com\\\/apicapacitorsltd\\\/\",\"https:\\\/\\\/x.com\\\/API_Capacitors\",\"https:\\\/\\\/www.linkedin.com\\\/company\\\/apicapacitorsltd\\\/\"]}]}<\/script>\n<!-- \/ Yoast SEO plugin. -->","yoast_head_json":{"title":"Schiffsantrieb - API Engineering de","description":"Providing a range of capacitor solutions for marine propulsion systems, including custom-designed capacitors with terminations and enclosures suitable for various applications, ensuring reliable service and excellent performance.","robots":{"index":"index","follow":"follow","max-snippet":"max-snippet:-1","max-image-preview":"max-image-preview:large","max-video-preview":"max-video-preview:-1"},"canonical":"https:\/\/www.api-capacitors.com\/de\/marine-propulsion\/","og_locale":"en_GB","og_type":"article","og_title":"Schiffsantrieb - API Engineering de","og_description":"Providing a range of capacitor solutions for marine propulsion systems, including custom-designed capacitors with terminations and enclosures suitable for various applications, ensuring reliable service and excellent performance.","og_url":"https:\/\/www.api-capacitors.com\/de\/marine-propulsion\/","og_site_name":"API Engineering de","article_publisher":"https:\/\/www.facebook.com\/apicapacitorsltd\/","article_modified_time":"2024-01-21T16:29:07+00:00","og_image":[{"width":1887,"height":358,"url":"https:\/\/www.api-capacitors.com\/de\/wp-content\/uploads\/sites\/6\/2023\/03\/marine-propulsion-1.png","type":"image\/png"}],"twitter_card":"summary_large_image","twitter_site":"@API_Capacitors","twitter_misc":{"Estimated reading time":"2 minutes"},"schema":{"@context":"https:\/\/schema.org","@graph":[{"@type":"WebPage","@id":"https:\/\/www.api-capacitors.com\/de\/marine-propulsion\/","url":"https:\/\/www.api-capacitors.com\/de\/marine-propulsion\/","name":"Schiffsantrieb - API Engineering de","isPartOf":{"@id":"https:\/\/www.api-capacitors.com\/de\/#website"},"primaryImageOfPage":{"@id":"https:\/\/www.api-capacitors.com\/de\/marine-propulsion\/#primaryimage"},"image":{"@id":"https:\/\/www.api-capacitors.com\/de\/marine-propulsion\/#primaryimage"},"thumbnailUrl":"https:\/\/www.api-capacitors.com\/de\/wp-content\/uploads\/sites\/6\/2023\/03\/marine-propulsion-1.png","datePublished":"2022-06-09T16:08:47+00:00","dateModified":"2024-01-21T16:29:07+00:00","description":"Providing a range of capacitor solutions for marine propulsion systems, including custom-designed capacitors with terminations and enclosures suitable for various applications, ensuring reliable service and excellent performance.","breadcrumb":{"@id":"https:\/\/www.api-capacitors.com\/de\/marine-propulsion\/#breadcrumb"},"inLanguage":"en-GB","potentialAction":[{"@type":"ReadAction","target":["https:\/\/www.api-capacitors.com\/de\/marine-propulsion\/"]}]},{"@type":"ImageObject","inLanguage":"en-GB","@id":"https:\/\/www.api-capacitors.com\/de\/marine-propulsion\/#primaryimage","url":"https:\/\/www.api-capacitors.com\/de\/wp-content\/uploads\/sites\/6\/2023\/03\/marine-propulsion-1.png","contentUrl":"https:\/\/www.api-capacitors.com\/de\/wp-content\/uploads\/sites\/6\/2023\/03\/marine-propulsion-1.png","width":1887,"height":358,"caption":"marine propulsion capacitors"},{"@type":"BreadcrumbList","@id":"https:\/\/www.api-capacitors.com\/de\/marine-propulsion\/#breadcrumb","itemListElement":[{"@type":"ListItem","position":1,"name":"Home","item":"https:\/\/www.api-capacitors.com\/de\/"},{"@type":"ListItem","position":2,"name":"Schiffsantrieb"}]},{"@type":"WebSite","@id":"https:\/\/www.api-capacitors.com\/de\/#website","url":"https:\/\/www.api-capacitors.com\/de\/","name":"API Engineering de","description":"DC Capacitors, AC Capacitors, Snubber Capacitors , Track Circuit Capacitors, Pulse Power Capacitors and Custom Capacitors","publisher":{"@id":"https:\/\/www.api-capacitors.com\/de\/#organization"},"potentialAction":[{"@type":"SearchAction","target":{"@type":"EntryPoint","urlTemplate":"https:\/\/www.api-capacitors.com\/de\/?s={search_term_string}"},"query-input":{"@type":"PropertyValueSpecification","valueRequired":true,"valueName":"search_term_string"}}],"inLanguage":"en-GB"},{"@type":"Organization","@id":"https:\/\/www.api-capacitors.com\/de\/#organization","name":"API Engineering de","url":"https:\/\/www.api-capacitors.com\/de\/","logo":{"@type":"ImageObject","inLanguage":"en-GB","@id":"https:\/\/www.api-capacitors.com\/de\/#\/schema\/logo\/image\/","url":"https:\/\/www.api-capacitors.com\/de\/wp-content\/uploads\/sites\/6\/2022\/05\/cropped-NewLogos-06-e1653513321928.png","contentUrl":"https:\/\/www.api-capacitors.com\/de\/wp-content\/uploads\/sites\/6\/2022\/05\/cropped-NewLogos-06-e1653513321928.png","width":1404,"height":222,"caption":"API Engineering de"},"image":{"@id":"https:\/\/www.api-capacitors.com\/de\/#\/schema\/logo\/image\/"},"sameAs":["https:\/\/www.facebook.com\/apicapacitorsltd\/","https:\/\/x.com\/API_Capacitors","https:\/\/www.linkedin.com\/company\/apicapacitorsltd\/"]}]}},"_links":{"self":[{"href":"https:\/\/www.api-capacitors.com\/de\/wp-json\/wp\/v2\/pages\/985","targetHints":{"allow":["GET"]}}],"collection":[{"href":"https:\/\/www.api-capacitors.com\/de\/wp-json\/wp\/v2\/pages"}],"about":[{"href":"https:\/\/www.api-capacitors.com\/de\/wp-json\/wp\/v2\/types\/page"}],"author":[{"embeddable":true,"href":"https:\/\/www.api-capacitors.com\/de\/wp-json\/wp\/v2\/users\/1"}],"replies":[{"embeddable":true,"href":"https:\/\/www.api-capacitors.com\/de\/wp-json\/wp\/v2\/comments?post=985"}],"version-history":[{"count":33,"href":"https:\/\/www.api-capacitors.com\/de\/wp-json\/wp\/v2\/pages\/985\/revisions"}],"predecessor-version":[{"id":2739,"href":"https:\/\/www.api-capacitors.com\/de\/wp-json\/wp\/v2\/pages\/985\/revisions\/2739"}],"wp:featuredmedia":[{"embeddable":true,"href":"https:\/\/www.api-capacitors.com\/de\/wp-json\/wp\/v2\/media\/2034"}],"wp:attachment":[{"href":"https:\/\/www.api-capacitors.com\/de\/wp-json\/wp\/v2\/media?parent=985"}],"curies":[{"name":"wp","href":"https:\/\/api.w.org\/{rel}","templated":true}]}}