{"id":922,"date":"2022-06-09T10:47:54","date_gmt":"2022-06-09T10:47:54","guid":{"rendered":"https:\/\/www.api-capacitors.com\/de\/?page_id=922"},"modified":"2024-01-22T10:03:07","modified_gmt":"2024-01-22T10:03:07","slug":"pulsed-power-plasma-fusion","status":"publish","type":"page","link":"https:\/\/www.api-capacitors.com\/de\/pulsed-power-plasma-fusion\/","title":{"rendered":"Gepulste Leistung, Plasma &#038; Fusion"},"content":{"rendered":"\t\t<div data-elementor-type=\"wp-page\" data-elementor-id=\"922\" class=\"elementor elementor-922\">\n\t\t\t\t\t\t<section class=\"elementor-section elementor-top-section elementor-element elementor-element-e162128 elementor-section-boxed elementor-section-height-default elementor-section-height-default\" data-id=\"e162128\" data-element_type=\"section\" data-e-type=\"section\">\n\t\t\t\t\t\t<div class=\"elementor-container elementor-column-gap-default\">\n\t\t\t\t\t<div class=\"elementor-column elementor-col-50 elementor-top-column elementor-element elementor-element-5dbe2bb\" data-id=\"5dbe2bb\" data-element_type=\"column\" data-e-type=\"column\">\n\t\t\t<div class=\"elementor-widget-wrap elementor-element-populated\">\n\t\t\t\t\t\t<div class=\"elementor-element elementor-element-f7481e9 elementor-widget elementor-widget-text-editor\" data-id=\"f7481e9\" data-element_type=\"widget\" data-e-type=\"widget\" data-widget_type=\"text-editor.default\">\n\t\t\t\t<div class=\"elementor-widget-container\">\n\t\t\t\t\t\t\t\t\t<h3><strong> Pulsgrad-Kondensatoren \/ Energieentladungskondensatoren<\/strong><\/h3><p>API Capacitors ist der f\u00fchrende britische Designer und Hersteller von fortschrittlichen, ma\u00dfgefertigten Hochspannungskondensatoren f\u00fcr Gleichstrom-, Impuls- und Spezialsyteme. Wir beliefern seit vielen Jahren Unternehmen auf der ganzen Welt in Anwendungen f\u00fcr Transport, Verteidigung, Medizin, Forschung und Industrie.<\/p><p>Wir freuen uns darauf, mit neuen Kunden zusammenzuarbeiten, um Ihre Anforderungen an Leistungskondensatoren zu erf\u00fcllen.<\/p>\t\t\t\t\t\t\t\t<\/div>\n\t\t\t\t<\/div>\n\t\t\t\t\t<\/div>\n\t\t<\/div>\n\t\t\t\t<div class=\"elementor-column elementor-col-50 elementor-top-column elementor-element elementor-element-3255cb3\" data-id=\"3255cb3\" data-element_type=\"column\" data-e-type=\"column\" data-settings=\"{&quot;background_background&quot;:&quot;classic&quot;}\">\n\t\t\t<div class=\"elementor-widget-wrap elementor-element-populated\">\n\t\t\t\t\t\t<div class=\"elementor-element elementor-element-21d895c elementor-widget elementor-widget-image\" data-id=\"21d895c\" data-element_type=\"widget\" data-e-type=\"widget\" data-widget_type=\"image.default\">\n\t\t\t\t<div class=\"elementor-widget-container\">\n\t\t\t\t\t\t\t\t\t\t\t\t\t\t\t<img fetchpriority=\"high\" decoding=\"async\" width=\"300\" height=\"204\" src=\"https:\/\/www.api-capacitors.com\/de\/wp-content\/uploads\/sites\/6\/2022\/06\/power-300x204-1.jpg\" class=\"attachment-full size-full wp-image-924\" alt=\"Pulse Grade Capacitors \/ Energy Discharge Capacitors\" \/>\t\t\t\t\t\t\t\t\t\t\t\t\t\t\t<\/div>\n\t\t\t\t<\/div>\n\t\t\t\t\t<\/div>\n\t\t<\/div>\n\t\t\t\t\t<\/div>\n\t\t<\/section>\n\t\t\t\t<section class=\"elementor-section elementor-top-section elementor-element elementor-element-72663b1 elementor-section-boxed elementor-section-height-default elementor-section-height-default\" data-id=\"72663b1\" data-element_type=\"section\" data-e-type=\"section\">\n\t\t\t\t\t\t<div class=\"elementor-container elementor-column-gap-default\">\n\t\t\t\t\t<div class=\"elementor-column elementor-col-100 elementor-top-column elementor-element elementor-element-857c2e5\" data-id=\"857c2e5\" data-element_type=\"column\" data-e-type=\"column\">\n\t\t\t<div class=\"elementor-widget-wrap elementor-element-populated\">\n\t\t\t\t\t\t<div class=\"elementor-element elementor-element-bdc2c88 elementor-widget elementor-widget-text-editor\" data-id=\"bdc2c88\" data-element_type=\"widget\" data-e-type=\"widget\" data-widget_type=\"text-editor.default\">\n\t\t\t\t<div class=\"elementor-widget-container\">\n\t\t\t\t\t\t\t\t\t<p>Die Technologie von API bietet eine umfangreiche L\u00f6sungspalette, die erweiterte Folien- und metallisierte Film-Elektroden sowie alle Arten von Polymerfilm- und Papierdielektrikum-Designs umfasst. Diese Komponenten werden entweder vakuumimpr\u00e4gniert, mit verschiedenen Dielektrikumfl\u00fcssigkeiten, oder trocken hergestellt.<\/p><p>Es stehen eine Vielzahl von Verpackungsoptionen zur Verf\u00fcgung, entweder in geschwei\u00dften Polypropylen-, geschwei\u00dften Metall- oder gezogenen Geh\u00e4usen.<\/p><p>Entwickelt, um Ihren Anforderungen gerecht zu werden:<br \/>&#8211; Hoher Spitzenentladestrom<br \/>&#8211; Hohe Energiedichte<br \/>&#8211; Niedrige Induktanz und niedriger Serienwiderstand<br \/>&#8211; Zuverl\u00e4ssigkeit<\/p><p><strong>ANWENDUNGEN:<\/strong><\/p><table><tbody><tr><td width=\"301\">\u00b7 Schnelle Entladung<\/td><td width=\"301\">\u00b7 Plasma- und Physikforschung<\/td><\/tr><tr><td width=\"301\">\u00b7 Schwei\u00dfenergizer<\/td><td width=\"301\">\u00b7 Laser<\/td><\/tr><tr><td width=\"301\">\u00b7 Magnetisierende Ausr\u00fcstung<\/td><td width=\"301\">\u00b7 Defibrillator<\/td><\/tr><tr><td width=\"301\">\u00b7 Pulsbildungsnetzwerke \/ Impulsgeneratoren<\/td><td width=\"301\">\u00b7 R\u00f6ntgenger\u00e4te<\/td><\/tr><tr><td width=\"301\">\u00b7 Radar<\/td><td width=\"301\">\u00b7 Blitzsimulatoren<\/td><\/tr><\/tbody><\/table><p><strong>METALLGEH\u00c4USE<\/strong><\/p><p>Puls-Kondensatoren bieten eine breite Palette von F\u00e4higkeiten f\u00fcr Mikrosekundenentladungen mit hohem Spitzenstrom bis hin zu langlebigen, hochenergiedichten Anwendungen.<\/p><p>F\u00e4higkeiten:<br \/>&#8211; 1 kV bis 100 kV<br \/>&#8211; 2 \u00b5F bis 50.000 \u00b5F<\/p><p><strong>KUNSTSTOFFGEH\u00c4USE<\/strong><\/p><p>Ein- und zweiseitige kompakte pulsgesteuerte Energiespeicherl\u00f6sungen f\u00fcr Hochspannungsanwendungen mit niedriger Induktanz.<\/p><p>F\u00e4higkeiten:<br \/>&#8211; 5 kV bis 100 kV<br \/>&#8211; 5 nF bis 2 \u00b5F<\/p><p><strong>SPEZIALISIERTE<\/strong><\/p><p>Metallisierte Filmkondensatoren in gezogenen Stahlgeh\u00e4usen mit Spitzenstr\u00f6men bis zu 300A f\u00fcr Niederfrequenzentladungen unter 1 Hz im Millisekundenbereich.<\/p><p>F\u00e4higkeiten:<br \/>&#8211; 2 kV bis 3 kV<br \/>&#8211; 100 \u00b5F bis 195 \u00b5F<\/p>\t\t\t\t\t\t\t\t<\/div>\n\t\t\t\t<\/div>\n\t\t\t\t\t<\/div>\n\t\t<\/div>\n\t\t\t\t\t<\/div>\n\t\t<\/section>\n\t\t\t\t<\/div>\n\t\t","protected":false},"excerpt":{"rendered":"<p>Gepulste Leistung, Plasma &amp; Fusion Gepulste Leistung, Plasma &amp; Fusion Pulsgrad-Kondensatoren \/ Energieentladungskondensatoren API Capacitors ist der f\u00fchrende britische Designer und Hersteller von fortschrittlichen, ma\u00dfgefertigten Hochspannungskondensatoren f\u00fcr Gleichstrom-, Impuls- und Spezialsyteme. Wir beliefern seit vielen Jahren Unternehmen auf der ganzen Welt in Anwendungen f\u00fcr Transport, Verteidigung, Medizin, Forschung und Industrie. Wir freuen uns darauf, mit [&hellip;]<\/p>\n","protected":false},"author":1,"featured_media":0,"parent":0,"menu_order":0,"comment_status":"closed","ping_status":"closed","template":"","meta":{"site-sidebar-layout":"right-sidebar","site-content-layout":"default","ast-site-content-layout":"default","site-content-style":"default","site-sidebar-style":"default","ast-global-header-display":"","ast-banner-title-visibility":"","ast-main-header-display":"","ast-hfb-above-header-display":"","ast-hfb-below-header-display":"","ast-hfb-mobile-header-display":"","site-post-title":"disabled","ast-breadcrumbs-content":"","ast-featured-img":"disabled","footer-sml-layout":"","ast-disable-related-posts":"","theme-transparent-header-meta":"","adv-header-id-meta":"","stick-header-meta":"","header-above-stick-meta":"","header-main-stick-meta":"","header-below-stick-meta":"","astra-migrate-meta-layouts":"default","ast-page-background-enabled":"default","ast-page-background-meta":{"desktop":{"background-color":"","background-image":"","background-repeat":"repeat","background-position":"center center","background-size":"auto","background-attachment":"scroll","background-type":"","background-media":"","overlay-type":"","overlay-color":"","overlay-opacity":"","overlay-gradient":""},"tablet":{"background-color":"","background-image":"","background-repeat":"repeat","background-position":"center center","background-size":"auto","background-attachment":"scroll","background-type":"","background-media":"","overlay-type":"","overlay-color":"","overlay-opacity":"","overlay-gradient":""},"mobile":{"background-color":"","background-image":"","background-repeat":"repeat","background-position":"center center","background-size":"auto","background-attachment":"scroll","background-type":"","background-media":"","overlay-type":"","overlay-color":"","overlay-opacity":"","overlay-gradient":""}},"ast-content-background-meta":{"desktop":{"background-color":"var(--ast-global-color-5)","background-image":"","background-repeat":"repeat","background-position":"center center","background-size":"auto","background-attachment":"scroll","background-type":"","background-media":"","overlay-type":"","overlay-color":"","overlay-opacity":"","overlay-gradient":""},"tablet":{"background-color":"var(--ast-global-color-5)","background-image":"","background-repeat":"repeat","background-position":"center center","background-size":"auto","background-attachment":"scroll","background-type":"","background-media":"","overlay-type":"","overlay-color":"","overlay-opacity":"","overlay-gradient":""},"mobile":{"background-color":"var(--ast-global-color-5)","background-image":"","background-repeat":"repeat","background-position":"center center","background-size":"auto","background-attachment":"scroll","background-type":"","background-media":"","overlay-type":"","overlay-color":"","overlay-opacity":"","overlay-gradient":""}},"footnotes":""},"class_list":["post-922","page","type-page","status-publish","hentry"],"yoast_head":"<!-- This site is optimized with the Yoast SEO plugin v27.4 - https:\/\/yoast.com\/product\/yoast-seo-wordpress\/ -->\n<title>Gepulste Leistung, Plasma &amp; Fusion - API Engineering de<\/title>\n<meta name=\"description\" content=\"Discover API Capacitors&#039; high-performance capacitors designed for pulsed power, plasma, and fusion applications. Our custom solutions offer reliable service and excellent performance.\" \/>\n<meta name=\"robots\" content=\"index, follow, max-snippet:-1, max-image-preview:large, max-video-preview:-1\" \/>\n<link rel=\"canonical\" href=\"https:\/\/www.api-capacitors.com\/de\/pulsed-power-plasma-fusion\/\" \/>\n<meta property=\"og:locale\" content=\"en_GB\" \/>\n<meta property=\"og:type\" content=\"article\" \/>\n<meta property=\"og:title\" content=\"Gepulste Leistung, Plasma &amp; Fusion - API Engineering de\" \/>\n<meta property=\"og:description\" content=\"Discover API Capacitors&#039; high-performance capacitors designed for pulsed power, plasma, and fusion applications. Our custom solutions offer reliable service and excellent performance.\" \/>\n<meta property=\"og:url\" content=\"https:\/\/www.api-capacitors.com\/de\/pulsed-power-plasma-fusion\/\" \/>\n<meta property=\"og:site_name\" content=\"API Engineering de\" \/>\n<meta property=\"article:publisher\" content=\"https:\/\/www.facebook.com\/apicapacitorsltd\/\" \/>\n<meta property=\"article:modified_time\" content=\"2024-01-22T10:03:07+00:00\" \/>\n<meta property=\"og:image\" content=\"https:\/\/www.api-capacitors.com\/de\/wp-content\/uploads\/sites\/6\/2022\/06\/power-300x204-1.jpg\" \/>\n<meta name=\"twitter:card\" content=\"summary_large_image\" \/>\n<meta name=\"twitter:site\" content=\"@API_Capacitors\" \/>\n<meta name=\"twitter:label1\" content=\"Estimated reading time\" \/>\n\t<meta name=\"twitter:data1\" content=\"2 minutes\" \/>\n<script type=\"application\/ld+json\" class=\"yoast-schema-graph\">{\"@context\":\"https:\\\/\\\/schema.org\",\"@graph\":[{\"@type\":\"WebPage\",\"@id\":\"https:\\\/\\\/www.api-capacitors.com\\\/de\\\/pulsed-power-plasma-fusion\\\/\",\"url\":\"https:\\\/\\\/www.api-capacitors.com\\\/de\\\/pulsed-power-plasma-fusion\\\/\",\"name\":\"Gepulste Leistung, Plasma & Fusion - API Engineering de\",\"isPartOf\":{\"@id\":\"https:\\\/\\\/www.api-capacitors.com\\\/de\\\/#website\"},\"primaryImageOfPage\":{\"@id\":\"https:\\\/\\\/www.api-capacitors.com\\\/de\\\/pulsed-power-plasma-fusion\\\/#primaryimage\"},\"image\":{\"@id\":\"https:\\\/\\\/www.api-capacitors.com\\\/de\\\/pulsed-power-plasma-fusion\\\/#primaryimage\"},\"thumbnailUrl\":\"https:\\\/\\\/www.api-capacitors.com\\\/de\\\/wp-content\\\/uploads\\\/sites\\\/6\\\/2022\\\/06\\\/power-300x204-1.jpg\",\"datePublished\":\"2022-06-09T10:47:54+00:00\",\"dateModified\":\"2024-01-22T10:03:07+00:00\",\"description\":\"Discover API Capacitors' high-performance capacitors designed for pulsed power, plasma, and fusion applications. Our custom solutions offer reliable service and excellent performance.\",\"breadcrumb\":{\"@id\":\"https:\\\/\\\/www.api-capacitors.com\\\/de\\\/pulsed-power-plasma-fusion\\\/#breadcrumb\"},\"inLanguage\":\"en-GB\",\"potentialAction\":[{\"@type\":\"ReadAction\",\"target\":[\"https:\\\/\\\/www.api-capacitors.com\\\/de\\\/pulsed-power-plasma-fusion\\\/\"]}]},{\"@type\":\"ImageObject\",\"inLanguage\":\"en-GB\",\"@id\":\"https:\\\/\\\/www.api-capacitors.com\\\/de\\\/pulsed-power-plasma-fusion\\\/#primaryimage\",\"url\":\"https:\\\/\\\/www.api-capacitors.com\\\/de\\\/wp-content\\\/uploads\\\/sites\\\/6\\\/2022\\\/06\\\/power-300x204-1.jpg\",\"contentUrl\":\"https:\\\/\\\/www.api-capacitors.com\\\/de\\\/wp-content\\\/uploads\\\/sites\\\/6\\\/2022\\\/06\\\/power-300x204-1.jpg\",\"width\":300,\"height\":204,\"caption\":\"Pulse Grade Capacitors \\\/ Energy Discharge Capacitors\"},{\"@type\":\"BreadcrumbList\",\"@id\":\"https:\\\/\\\/www.api-capacitors.com\\\/de\\\/pulsed-power-plasma-fusion\\\/#breadcrumb\",\"itemListElement\":[{\"@type\":\"ListItem\",\"position\":1,\"name\":\"Home\",\"item\":\"https:\\\/\\\/www.api-capacitors.com\\\/de\\\/\"},{\"@type\":\"ListItem\",\"position\":2,\"name\":\"Gepulste Leistung, Plasma &#038; Fusion\"}]},{\"@type\":\"WebSite\",\"@id\":\"https:\\\/\\\/www.api-capacitors.com\\\/de\\\/#website\",\"url\":\"https:\\\/\\\/www.api-capacitors.com\\\/de\\\/\",\"name\":\"API Engineering de\",\"description\":\"DC Capacitors, AC Capacitors, Snubber Capacitors , Track Circuit Capacitors, Pulse Power Capacitors and Custom Capacitors\",\"publisher\":{\"@id\":\"https:\\\/\\\/www.api-capacitors.com\\\/de\\\/#organization\"},\"potentialAction\":[{\"@type\":\"SearchAction\",\"target\":{\"@type\":\"EntryPoint\",\"urlTemplate\":\"https:\\\/\\\/www.api-capacitors.com\\\/de\\\/?s={search_term_string}\"},\"query-input\":{\"@type\":\"PropertyValueSpecification\",\"valueRequired\":true,\"valueName\":\"search_term_string\"}}],\"inLanguage\":\"en-GB\"},{\"@type\":\"Organization\",\"@id\":\"https:\\\/\\\/www.api-capacitors.com\\\/de\\\/#organization\",\"name\":\"API Engineering de\",\"url\":\"https:\\\/\\\/www.api-capacitors.com\\\/de\\\/\",\"logo\":{\"@type\":\"ImageObject\",\"inLanguage\":\"en-GB\",\"@id\":\"https:\\\/\\\/www.api-capacitors.com\\\/de\\\/#\\\/schema\\\/logo\\\/image\\\/\",\"url\":\"https:\\\/\\\/www.api-capacitors.com\\\/de\\\/wp-content\\\/uploads\\\/sites\\\/6\\\/2022\\\/05\\\/cropped-NewLogos-06-e1653513321928.png\",\"contentUrl\":\"https:\\\/\\\/www.api-capacitors.com\\\/de\\\/wp-content\\\/uploads\\\/sites\\\/6\\\/2022\\\/05\\\/cropped-NewLogos-06-e1653513321928.png\",\"width\":1404,\"height\":222,\"caption\":\"API Engineering de\"},\"image\":{\"@id\":\"https:\\\/\\\/www.api-capacitors.com\\\/de\\\/#\\\/schema\\\/logo\\\/image\\\/\"},\"sameAs\":[\"https:\\\/\\\/www.facebook.com\\\/apicapacitorsltd\\\/\",\"https:\\\/\\\/x.com\\\/API_Capacitors\",\"https:\\\/\\\/www.linkedin.com\\\/company\\\/apicapacitorsltd\\\/\"]}]}<\/script>\n<!-- \/ Yoast SEO plugin. -->","yoast_head_json":{"title":"Gepulste Leistung, Plasma & Fusion - API Engineering de","description":"Discover API Capacitors' high-performance capacitors designed for pulsed power, plasma, and fusion applications. Our custom solutions offer reliable service and excellent performance.","robots":{"index":"index","follow":"follow","max-snippet":"max-snippet:-1","max-image-preview":"max-image-preview:large","max-video-preview":"max-video-preview:-1"},"canonical":"https:\/\/www.api-capacitors.com\/de\/pulsed-power-plasma-fusion\/","og_locale":"en_GB","og_type":"article","og_title":"Gepulste Leistung, Plasma & Fusion - API Engineering de","og_description":"Discover API Capacitors' high-performance capacitors designed for pulsed power, plasma, and fusion applications. Our custom solutions offer reliable service and excellent performance.","og_url":"https:\/\/www.api-capacitors.com\/de\/pulsed-power-plasma-fusion\/","og_site_name":"API Engineering de","article_publisher":"https:\/\/www.facebook.com\/apicapacitorsltd\/","article_modified_time":"2024-01-22T10:03:07+00:00","og_image":[{"url":"https:\/\/www.api-capacitors.com\/de\/wp-content\/uploads\/sites\/6\/2022\/06\/power-300x204-1.jpg","type":"","width":"","height":""}],"twitter_card":"summary_large_image","twitter_site":"@API_Capacitors","twitter_misc":{"Estimated reading time":"2 minutes"},"schema":{"@context":"https:\/\/schema.org","@graph":[{"@type":"WebPage","@id":"https:\/\/www.api-capacitors.com\/de\/pulsed-power-plasma-fusion\/","url":"https:\/\/www.api-capacitors.com\/de\/pulsed-power-plasma-fusion\/","name":"Gepulste Leistung, Plasma & Fusion - API Engineering de","isPartOf":{"@id":"https:\/\/www.api-capacitors.com\/de\/#website"},"primaryImageOfPage":{"@id":"https:\/\/www.api-capacitors.com\/de\/pulsed-power-plasma-fusion\/#primaryimage"},"image":{"@id":"https:\/\/www.api-capacitors.com\/de\/pulsed-power-plasma-fusion\/#primaryimage"},"thumbnailUrl":"https:\/\/www.api-capacitors.com\/de\/wp-content\/uploads\/sites\/6\/2022\/06\/power-300x204-1.jpg","datePublished":"2022-06-09T10:47:54+00:00","dateModified":"2024-01-22T10:03:07+00:00","description":"Discover API Capacitors' high-performance capacitors designed for pulsed power, plasma, and fusion applications. Our custom solutions offer reliable service and excellent performance.","breadcrumb":{"@id":"https:\/\/www.api-capacitors.com\/de\/pulsed-power-plasma-fusion\/#breadcrumb"},"inLanguage":"en-GB","potentialAction":[{"@type":"ReadAction","target":["https:\/\/www.api-capacitors.com\/de\/pulsed-power-plasma-fusion\/"]}]},{"@type":"ImageObject","inLanguage":"en-GB","@id":"https:\/\/www.api-capacitors.com\/de\/pulsed-power-plasma-fusion\/#primaryimage","url":"https:\/\/www.api-capacitors.com\/de\/wp-content\/uploads\/sites\/6\/2022\/06\/power-300x204-1.jpg","contentUrl":"https:\/\/www.api-capacitors.com\/de\/wp-content\/uploads\/sites\/6\/2022\/06\/power-300x204-1.jpg","width":300,"height":204,"caption":"Pulse Grade Capacitors \/ Energy Discharge Capacitors"},{"@type":"BreadcrumbList","@id":"https:\/\/www.api-capacitors.com\/de\/pulsed-power-plasma-fusion\/#breadcrumb","itemListElement":[{"@type":"ListItem","position":1,"name":"Home","item":"https:\/\/www.api-capacitors.com\/de\/"},{"@type":"ListItem","position":2,"name":"Gepulste Leistung, Plasma &#038; Fusion"}]},{"@type":"WebSite","@id":"https:\/\/www.api-capacitors.com\/de\/#website","url":"https:\/\/www.api-capacitors.com\/de\/","name":"API Engineering de","description":"DC Capacitors, AC Capacitors, Snubber Capacitors , Track Circuit Capacitors, Pulse Power Capacitors and Custom Capacitors","publisher":{"@id":"https:\/\/www.api-capacitors.com\/de\/#organization"},"potentialAction":[{"@type":"SearchAction","target":{"@type":"EntryPoint","urlTemplate":"https:\/\/www.api-capacitors.com\/de\/?s={search_term_string}"},"query-input":{"@type":"PropertyValueSpecification","valueRequired":true,"valueName":"search_term_string"}}],"inLanguage":"en-GB"},{"@type":"Organization","@id":"https:\/\/www.api-capacitors.com\/de\/#organization","name":"API Engineering de","url":"https:\/\/www.api-capacitors.com\/de\/","logo":{"@type":"ImageObject","inLanguage":"en-GB","@id":"https:\/\/www.api-capacitors.com\/de\/#\/schema\/logo\/image\/","url":"https:\/\/www.api-capacitors.com\/de\/wp-content\/uploads\/sites\/6\/2022\/05\/cropped-NewLogos-06-e1653513321928.png","contentUrl":"https:\/\/www.api-capacitors.com\/de\/wp-content\/uploads\/sites\/6\/2022\/05\/cropped-NewLogos-06-e1653513321928.png","width":1404,"height":222,"caption":"API Engineering de"},"image":{"@id":"https:\/\/www.api-capacitors.com\/de\/#\/schema\/logo\/image\/"},"sameAs":["https:\/\/www.facebook.com\/apicapacitorsltd\/","https:\/\/x.com\/API_Capacitors","https:\/\/www.linkedin.com\/company\/apicapacitorsltd\/"]}]}},"_links":{"self":[{"href":"https:\/\/www.api-capacitors.com\/de\/wp-json\/wp\/v2\/pages\/922","targetHints":{"allow":["GET"]}}],"collection":[{"href":"https:\/\/www.api-capacitors.com\/de\/wp-json\/wp\/v2\/pages"}],"about":[{"href":"https:\/\/www.api-capacitors.com\/de\/wp-json\/wp\/v2\/types\/page"}],"author":[{"embeddable":true,"href":"https:\/\/www.api-capacitors.com\/de\/wp-json\/wp\/v2\/users\/1"}],"replies":[{"embeddable":true,"href":"https:\/\/www.api-capacitors.com\/de\/wp-json\/wp\/v2\/comments?post=922"}],"version-history":[{"count":22,"href":"https:\/\/www.api-capacitors.com\/de\/wp-json\/wp\/v2\/pages\/922\/revisions"}],"predecessor-version":[{"id":2770,"href":"https:\/\/www.api-capacitors.com\/de\/wp-json\/wp\/v2\/pages\/922\/revisions\/2770"}],"wp:attachment":[{"href":"https:\/\/www.api-capacitors.com\/de\/wp-json\/wp\/v2\/media?parent=922"}],"curies":[{"name":"wp","href":"https:\/\/api.w.org\/{rel}","templated":true}]}}