{"id":907,"date":"2022-06-09T10:43:06","date_gmt":"2022-06-09T10:43:06","guid":{"rendered":"https:\/\/www.api-capacitors.com\/de\/?page_id=907"},"modified":"2024-01-21T16:28:41","modified_gmt":"2024-01-21T16:28:41","slug":"medium-voltage-industrial-drives","status":"publish","type":"page","link":"https:\/\/www.api-capacitors.com\/de\/medium-voltage-industrial-drives\/","title":{"rendered":"Industrielle Antriebe"},"content":{"rendered":"\t\t<div data-elementor-type=\"wp-page\" data-elementor-id=\"907\" class=\"elementor elementor-907\">\n\t\t\t\t\t\t<section class=\"elementor-section elementor-top-section elementor-element elementor-element-1a408e2 elementor-section-boxed elementor-section-height-default elementor-section-height-default\" data-id=\"1a408e2\" data-element_type=\"section\" data-e-type=\"section\">\n\t\t\t\t\t\t<div class=\"elementor-container elementor-column-gap-default\">\n\t\t\t\t\t<div class=\"elementor-column elementor-col-50 elementor-top-column elementor-element elementor-element-8d846ec\" data-id=\"8d846ec\" data-element_type=\"column\" data-e-type=\"column\">\n\t\t\t<div class=\"elementor-widget-wrap elementor-element-populated\">\n\t\t\t\t\t\t<div class=\"elementor-element elementor-element-8ee22a3 elementor-widget elementor-widget-text-editor\" data-id=\"8ee22a3\" data-element_type=\"widget\" data-e-type=\"widget\" data-widget_type=\"text-editor.default\">\n\t\t\t\t<div class=\"elementor-widget-container\">\n\t\t\t\t\t\t\t\t\t<h3><strong>API Capacitors kann Kondensatorl\u00f6sungen f\u00fcr alle Varianten von mittelspannungsvariablen Frequenzumrichtern bereitstellen. Ob als Spannungsquelle (VSI) oder Stromquelle (CSI), Gleichstromwandler oder Zyklokonverter.<br \/><\/strong><\/h3><div class=\"col-sm-7\"><p>Solche Antriebe finden sich in verschiedenen Anwendungen, darunter Antriebssysteme f\u00fcr die Schifffahrt, Traktionssysteme f\u00fcr die Schiene und andere statische industrielle Bereiche.<\/p><p><span style=\"font-style: inherit; font-weight: inherit; color: var(--ast-global-color-3);\">Metallisierte Folienkondensatoren sind die bevorzugte Wahl f\u00fcr diese Anwendungen, bei denen eine lange Lebensdauer eine wichtige \u00dcberlegung ist. Dies passt gut zur Philosophie von API Capacitors \u2013 &#8220;Einbauen und Vergessen&#8221;. Mittelspannungsantriebe sind eine gro\u00dfe Investition, daher macht es perfekten Sinn, einen Qualit\u00e4tskondensator zu installieren, der in Gro\u00dfbritannien entworfen und hergestellt wurde und zuverl\u00e4ssigen Service und hervorragende Leistung bietet.<\/span><\/p><\/div>\t\t\t\t\t\t\t\t<\/div>\n\t\t\t\t<\/div>\n\t\t\t\t\t<\/div>\n\t\t<\/div>\n\t\t\t\t<div class=\"elementor-column elementor-col-50 elementor-top-column elementor-element elementor-element-2278064\" data-id=\"2278064\" data-element_type=\"column\" data-e-type=\"column\" data-settings=\"{&quot;background_background&quot;:&quot;classic&quot;}\">\n\t\t\t<div class=\"elementor-widget-wrap elementor-element-populated\">\n\t\t\t\t\t\t<div class=\"elementor-element elementor-element-73abf5b elementor-widget elementor-widget-image\" data-id=\"73abf5b\" data-element_type=\"widget\" data-e-type=\"widget\" data-widget_type=\"image.default\">\n\t\t\t\t<div class=\"elementor-widget-container\">\n\t\t\t\t\t\t\t\t\t\t\t\t\t\t\t<img fetchpriority=\"high\" decoding=\"async\" width=\"480\" height=\"360\" src=\"https:\/\/www.api-capacitors.com\/de\/wp-content\/uploads\/sites\/6\/2022\/06\/hq2.jpg\" class=\"attachment-full size-full wp-image-909\" alt=\"Industrial Drive capactors\" srcset=\"https:\/\/www.api-capacitors.com\/de\/wp-content\/uploads\/sites\/6\/2022\/06\/hq2.jpg 480w, https:\/\/www.api-capacitors.com\/de\/wp-content\/uploads\/sites\/6\/2022\/06\/hq2-300x225.jpg 300w\" sizes=\"(max-width: 480px) 100vw, 480px\" \/>\t\t\t\t\t\t\t\t\t\t\t\t\t\t\t<\/div>\n\t\t\t\t<\/div>\n\t\t\t\t\t<\/div>\n\t\t<\/div>\n\t\t\t\t\t<\/div>\n\t\t<\/section>\n\t\t\t\t<section class=\"elementor-section elementor-top-section elementor-element elementor-element-d88554f elementor-section-boxed elementor-section-height-default elementor-section-height-default\" data-id=\"d88554f\" data-element_type=\"section\" data-e-type=\"section\">\n\t\t\t\t\t\t<div class=\"elementor-container elementor-column-gap-default\">\n\t\t\t\t\t<div class=\"elementor-column elementor-col-100 elementor-top-column elementor-element elementor-element-08f8aa9\" data-id=\"08f8aa9\" data-element_type=\"column\" data-e-type=\"column\">\n\t\t\t<div class=\"elementor-widget-wrap elementor-element-populated\">\n\t\t\t\t\t\t<div class=\"elementor-element elementor-element-9603cc3 elementor-widget elementor-widget-text-editor\" data-id=\"9603cc3\" data-element_type=\"widget\" data-e-type=\"widget\" data-widget_type=\"text-editor.default\">\n\t\t\t\t<div class=\"elementor-widget-container\">\n\t\t\t\t\t\t\t\t\t<p>API Capacitors kann eine Vielzahl von trockenen und \u00f6lgef\u00fcllten Kondensatorvarianten anbieten, um sowohl \u00e4ltere als auch neuere Antriebstypen zu unterst\u00fctzen. Unsere kundenspezifischen Designl\u00f6sungen erm\u00f6glichen es uns auch, Kondensatoren herzustellen, die verwendet werden k\u00f6nnen, um veraltete Einheiten von anderen Herstellern zu ersetzen, die entweder au\u00dfer Produktion gegangen sind oder veraltet sind.<\/p>\n\n<p>Unsere Kondensatoren k\u00f6nnen mit verschiedenen Anschl\u00fcssen geliefert werden, um eine Integration in das Stromsystem zu erm\u00f6glichen. Geh\u00e4usetypen k\u00f6nnen aus verschiedenen Materialien hergestellt und zur Anwendung passend geformt werden. Wenn Sie eine bestimmte Topologie im Sinn haben, kann dies w\u00e4hrend der Entwurfsphase ber\u00fccksichtigt werden.<\/p>\n\n<strong>F\u00fcr weitere Informationen rufen Sie uns bitte an oder senden Sie unserem Team eine E-Mail. Wenn Sie ein bestimmtes Design im Kopf haben, k\u00f6nnen Sie Ihre Spezifikationsanforderungen in unser Online-Anfrageformular eintragen.<\/strong>\t\t\t\t\t\t\t\t<\/div>\n\t\t\t\t<\/div>\n\t\t\t\t\t<\/div>\n\t\t<\/div>\n\t\t\t\t\t<\/div>\n\t\t<\/section>\n\t\t\t\t<\/div>\n\t\t","protected":false},"excerpt":{"rendered":"<p>API Capacitors kann Kondensatorl\u00f6sungen f\u00fcr alle Varianten von mittelspannungsvariablen Frequenzumrichtern bereitstellen. Ob als Spannungsquelle (VSI) oder Stromquelle (CSI), Gleichstromwandler oder Zyklokonverter. Solche Antriebe finden sich in verschiedenen Anwendungen, darunter Antriebssysteme f\u00fcr die Schifffahrt, Traktionssysteme f\u00fcr die Schiene und andere statische industrielle Bereiche. Metallisierte Folienkondensatoren sind die bevorzugte Wahl f\u00fcr diese Anwendungen, bei denen eine lange [&hellip;]<\/p>\n","protected":false},"author":1,"featured_media":0,"parent":0,"menu_order":0,"comment_status":"closed","ping_status":"closed","template":"","meta":{"site-sidebar-layout":"right-sidebar","site-content-layout":"default","ast-site-content-layout":"default","site-content-style":"default","site-sidebar-style":"default","ast-global-header-display":"","ast-banner-title-visibility":"","ast-main-header-display":"","ast-hfb-above-header-display":"","ast-hfb-below-header-display":"","ast-hfb-mobile-header-display":"","site-post-title":"disabled","ast-breadcrumbs-content":"","ast-featured-img":"disabled","footer-sml-layout":"","ast-disable-related-posts":"","theme-transparent-header-meta":"","adv-header-id-meta":"","stick-header-meta":"","header-above-stick-meta":"","header-main-stick-meta":"","header-below-stick-meta":"","astra-migrate-meta-layouts":"default","ast-page-background-enabled":"default","ast-page-background-meta":{"desktop":{"background-color":"","background-image":"","background-repeat":"repeat","background-position":"center center","background-size":"auto","background-attachment":"scroll","background-type":"","background-media":"","overlay-type":"","overlay-color":"","overlay-opacity":"","overlay-gradient":""},"tablet":{"background-color":"","background-image":"","background-repeat":"repeat","background-position":"center center","background-size":"auto","background-attachment":"scroll","background-type":"","background-media":"","overlay-type":"","overlay-color":"","overlay-opacity":"","overlay-gradient":""},"mobile":{"background-color":"","background-image":"","background-repeat":"repeat","background-position":"center center","background-size":"auto","background-attachment":"scroll","background-type":"","background-media":"","overlay-type":"","overlay-color":"","overlay-opacity":"","overlay-gradient":""}},"ast-content-background-meta":{"desktop":{"background-color":"var(--ast-global-color-5)","background-image":"","background-repeat":"repeat","background-position":"center center","background-size":"auto","background-attachment":"scroll","background-type":"","background-media":"","overlay-type":"","overlay-color":"","overlay-opacity":"","overlay-gradient":""},"tablet":{"background-color":"var(--ast-global-color-5)","background-image":"","background-repeat":"repeat","background-position":"center center","background-size":"auto","background-attachment":"scroll","background-type":"","background-media":"","overlay-type":"","overlay-color":"","overlay-opacity":"","overlay-gradient":""},"mobile":{"background-color":"var(--ast-global-color-5)","background-image":"","background-repeat":"repeat","background-position":"center center","background-size":"auto","background-attachment":"scroll","background-type":"","background-media":"","overlay-type":"","overlay-color":"","overlay-opacity":"","overlay-gradient":""}},"footnotes":""},"class_list":["post-907","page","type-page","status-publish","hentry"],"yoast_head":"<!-- This site is optimized with the Yoast SEO plugin v27.4 - https:\/\/yoast.com\/product\/yoast-seo-wordpress\/ -->\n<title>Industrielle Antriebe - API Engineering de<\/title>\n<meta name=\"description\" content=\"API Capacitors offers metallised film capacitor solutions for Medium Voltage Variable Frequency Drives used in marine propulsion, rail traction, and industrial applications. Our UK-manufactured capacitors provide reliable, long-lasting performance, with custom designs to replace outdated units from other manufacturers.\" \/>\n<meta name=\"robots\" content=\"index, follow, max-snippet:-1, max-image-preview:large, max-video-preview:-1\" \/>\n<link rel=\"canonical\" href=\"https:\/\/www.api-capacitors.com\/de\/medium-voltage-industrial-drives\/\" \/>\n<meta property=\"og:locale\" content=\"en_GB\" \/>\n<meta property=\"og:type\" content=\"article\" \/>\n<meta property=\"og:title\" content=\"Industrielle Antriebe - API Engineering de\" \/>\n<meta property=\"og:description\" content=\"API Capacitors offers metallised film capacitor solutions for Medium Voltage Variable Frequency Drives used in marine propulsion, rail traction, and industrial applications. Our UK-manufactured capacitors provide reliable, long-lasting performance, with custom designs to replace outdated units from other manufacturers.\" \/>\n<meta property=\"og:url\" content=\"https:\/\/www.api-capacitors.com\/de\/medium-voltage-industrial-drives\/\" \/>\n<meta property=\"og:site_name\" content=\"API Engineering de\" \/>\n<meta property=\"article:publisher\" content=\"https:\/\/www.facebook.com\/apicapacitorsltd\/\" \/>\n<meta property=\"article:modified_time\" content=\"2024-01-21T16:28:41+00:00\" \/>\n<meta property=\"og:image\" content=\"https:\/\/www.api-capacitors.com\/de\/wp-content\/uploads\/sites\/6\/2022\/06\/hq2.jpg\" \/>\n<meta name=\"twitter:card\" content=\"summary_large_image\" \/>\n<meta name=\"twitter:site\" content=\"@API_Capacitors\" \/>\n<meta name=\"twitter:label1\" content=\"Estimated reading time\" \/>\n\t<meta name=\"twitter:data1\" content=\"2 minutes\" \/>\n<script type=\"application\/ld+json\" class=\"yoast-schema-graph\">{\"@context\":\"https:\\\/\\\/schema.org\",\"@graph\":[{\"@type\":\"WebPage\",\"@id\":\"https:\\\/\\\/www.api-capacitors.com\\\/de\\\/medium-voltage-industrial-drives\\\/\",\"url\":\"https:\\\/\\\/www.api-capacitors.com\\\/de\\\/medium-voltage-industrial-drives\\\/\",\"name\":\"Industrielle Antriebe - API Engineering de\",\"isPartOf\":{\"@id\":\"https:\\\/\\\/www.api-capacitors.com\\\/de\\\/#website\"},\"primaryImageOfPage\":{\"@id\":\"https:\\\/\\\/www.api-capacitors.com\\\/de\\\/medium-voltage-industrial-drives\\\/#primaryimage\"},\"image\":{\"@id\":\"https:\\\/\\\/www.api-capacitors.com\\\/de\\\/medium-voltage-industrial-drives\\\/#primaryimage\"},\"thumbnailUrl\":\"https:\\\/\\\/www.api-capacitors.com\\\/de\\\/wp-content\\\/uploads\\\/sites\\\/6\\\/2022\\\/06\\\/hq2.jpg\",\"datePublished\":\"2022-06-09T10:43:06+00:00\",\"dateModified\":\"2024-01-21T16:28:41+00:00\",\"description\":\"API Capacitors offers metallised film capacitor solutions for Medium Voltage Variable Frequency Drives used in marine propulsion, rail traction, and industrial applications. Our UK-manufactured capacitors provide reliable, long-lasting performance, with custom designs to replace outdated units from other manufacturers.\",\"breadcrumb\":{\"@id\":\"https:\\\/\\\/www.api-capacitors.com\\\/de\\\/medium-voltage-industrial-drives\\\/#breadcrumb\"},\"inLanguage\":\"en-GB\",\"potentialAction\":[{\"@type\":\"ReadAction\",\"target\":[\"https:\\\/\\\/www.api-capacitors.com\\\/de\\\/medium-voltage-industrial-drives\\\/\"]}]},{\"@type\":\"ImageObject\",\"inLanguage\":\"en-GB\",\"@id\":\"https:\\\/\\\/www.api-capacitors.com\\\/de\\\/medium-voltage-industrial-drives\\\/#primaryimage\",\"url\":\"https:\\\/\\\/www.api-capacitors.com\\\/de\\\/wp-content\\\/uploads\\\/sites\\\/6\\\/2022\\\/06\\\/hq2.jpg\",\"contentUrl\":\"https:\\\/\\\/www.api-capacitors.com\\\/de\\\/wp-content\\\/uploads\\\/sites\\\/6\\\/2022\\\/06\\\/hq2.jpg\",\"width\":480,\"height\":360,\"caption\":\"Industrial Drive capactors\"},{\"@type\":\"BreadcrumbList\",\"@id\":\"https:\\\/\\\/www.api-capacitors.com\\\/de\\\/medium-voltage-industrial-drives\\\/#breadcrumb\",\"itemListElement\":[{\"@type\":\"ListItem\",\"position\":1,\"name\":\"Home\",\"item\":\"https:\\\/\\\/www.api-capacitors.com\\\/de\\\/\"},{\"@type\":\"ListItem\",\"position\":2,\"name\":\"Industrielle Antriebe\"}]},{\"@type\":\"WebSite\",\"@id\":\"https:\\\/\\\/www.api-capacitors.com\\\/de\\\/#website\",\"url\":\"https:\\\/\\\/www.api-capacitors.com\\\/de\\\/\",\"name\":\"API Engineering de\",\"description\":\"DC Capacitors, AC Capacitors, Snubber Capacitors , Track Circuit Capacitors, Pulse Power Capacitors and Custom Capacitors\",\"publisher\":{\"@id\":\"https:\\\/\\\/www.api-capacitors.com\\\/de\\\/#organization\"},\"potentialAction\":[{\"@type\":\"SearchAction\",\"target\":{\"@type\":\"EntryPoint\",\"urlTemplate\":\"https:\\\/\\\/www.api-capacitors.com\\\/de\\\/?s={search_term_string}\"},\"query-input\":{\"@type\":\"PropertyValueSpecification\",\"valueRequired\":true,\"valueName\":\"search_term_string\"}}],\"inLanguage\":\"en-GB\"},{\"@type\":\"Organization\",\"@id\":\"https:\\\/\\\/www.api-capacitors.com\\\/de\\\/#organization\",\"name\":\"API Engineering de\",\"url\":\"https:\\\/\\\/www.api-capacitors.com\\\/de\\\/\",\"logo\":{\"@type\":\"ImageObject\",\"inLanguage\":\"en-GB\",\"@id\":\"https:\\\/\\\/www.api-capacitors.com\\\/de\\\/#\\\/schema\\\/logo\\\/image\\\/\",\"url\":\"https:\\\/\\\/www.api-capacitors.com\\\/de\\\/wp-content\\\/uploads\\\/sites\\\/6\\\/2022\\\/05\\\/cropped-NewLogos-06-e1653513321928.png\",\"contentUrl\":\"https:\\\/\\\/www.api-capacitors.com\\\/de\\\/wp-content\\\/uploads\\\/sites\\\/6\\\/2022\\\/05\\\/cropped-NewLogos-06-e1653513321928.png\",\"width\":1404,\"height\":222,\"caption\":\"API Engineering de\"},\"image\":{\"@id\":\"https:\\\/\\\/www.api-capacitors.com\\\/de\\\/#\\\/schema\\\/logo\\\/image\\\/\"},\"sameAs\":[\"https:\\\/\\\/www.facebook.com\\\/apicapacitorsltd\\\/\",\"https:\\\/\\\/x.com\\\/API_Capacitors\",\"https:\\\/\\\/www.linkedin.com\\\/company\\\/apicapacitorsltd\\\/\"]}]}<\/script>\n<!-- \/ Yoast SEO plugin. -->","yoast_head_json":{"title":"Industrielle Antriebe - API Engineering de","description":"API Capacitors offers metallised film capacitor solutions for Medium Voltage Variable Frequency Drives used in marine propulsion, rail traction, and industrial applications. Our UK-manufactured capacitors provide reliable, long-lasting performance, with custom designs to replace outdated units from other manufacturers.","robots":{"index":"index","follow":"follow","max-snippet":"max-snippet:-1","max-image-preview":"max-image-preview:large","max-video-preview":"max-video-preview:-1"},"canonical":"https:\/\/www.api-capacitors.com\/de\/medium-voltage-industrial-drives\/","og_locale":"en_GB","og_type":"article","og_title":"Industrielle Antriebe - API Engineering de","og_description":"API Capacitors offers metallised film capacitor solutions for Medium Voltage Variable Frequency Drives used in marine propulsion, rail traction, and industrial applications. Our UK-manufactured capacitors provide reliable, long-lasting performance, with custom designs to replace outdated units from other manufacturers.","og_url":"https:\/\/www.api-capacitors.com\/de\/medium-voltage-industrial-drives\/","og_site_name":"API Engineering de","article_publisher":"https:\/\/www.facebook.com\/apicapacitorsltd\/","article_modified_time":"2024-01-21T16:28:41+00:00","og_image":[{"url":"https:\/\/www.api-capacitors.com\/de\/wp-content\/uploads\/sites\/6\/2022\/06\/hq2.jpg","type":"","width":"","height":""}],"twitter_card":"summary_large_image","twitter_site":"@API_Capacitors","twitter_misc":{"Estimated reading time":"2 minutes"},"schema":{"@context":"https:\/\/schema.org","@graph":[{"@type":"WebPage","@id":"https:\/\/www.api-capacitors.com\/de\/medium-voltage-industrial-drives\/","url":"https:\/\/www.api-capacitors.com\/de\/medium-voltage-industrial-drives\/","name":"Industrielle Antriebe - API Engineering de","isPartOf":{"@id":"https:\/\/www.api-capacitors.com\/de\/#website"},"primaryImageOfPage":{"@id":"https:\/\/www.api-capacitors.com\/de\/medium-voltage-industrial-drives\/#primaryimage"},"image":{"@id":"https:\/\/www.api-capacitors.com\/de\/medium-voltage-industrial-drives\/#primaryimage"},"thumbnailUrl":"https:\/\/www.api-capacitors.com\/de\/wp-content\/uploads\/sites\/6\/2022\/06\/hq2.jpg","datePublished":"2022-06-09T10:43:06+00:00","dateModified":"2024-01-21T16:28:41+00:00","description":"API Capacitors offers metallised film capacitor solutions for Medium Voltage Variable Frequency Drives used in marine propulsion, rail traction, and industrial applications. Our UK-manufactured capacitors provide reliable, long-lasting performance, with custom designs to replace outdated units from other manufacturers.","breadcrumb":{"@id":"https:\/\/www.api-capacitors.com\/de\/medium-voltage-industrial-drives\/#breadcrumb"},"inLanguage":"en-GB","potentialAction":[{"@type":"ReadAction","target":["https:\/\/www.api-capacitors.com\/de\/medium-voltage-industrial-drives\/"]}]},{"@type":"ImageObject","inLanguage":"en-GB","@id":"https:\/\/www.api-capacitors.com\/de\/medium-voltage-industrial-drives\/#primaryimage","url":"https:\/\/www.api-capacitors.com\/de\/wp-content\/uploads\/sites\/6\/2022\/06\/hq2.jpg","contentUrl":"https:\/\/www.api-capacitors.com\/de\/wp-content\/uploads\/sites\/6\/2022\/06\/hq2.jpg","width":480,"height":360,"caption":"Industrial Drive capactors"},{"@type":"BreadcrumbList","@id":"https:\/\/www.api-capacitors.com\/de\/medium-voltage-industrial-drives\/#breadcrumb","itemListElement":[{"@type":"ListItem","position":1,"name":"Home","item":"https:\/\/www.api-capacitors.com\/de\/"},{"@type":"ListItem","position":2,"name":"Industrielle Antriebe"}]},{"@type":"WebSite","@id":"https:\/\/www.api-capacitors.com\/de\/#website","url":"https:\/\/www.api-capacitors.com\/de\/","name":"API Engineering de","description":"DC Capacitors, AC Capacitors, Snubber Capacitors , Track Circuit Capacitors, Pulse Power Capacitors and Custom Capacitors","publisher":{"@id":"https:\/\/www.api-capacitors.com\/de\/#organization"},"potentialAction":[{"@type":"SearchAction","target":{"@type":"EntryPoint","urlTemplate":"https:\/\/www.api-capacitors.com\/de\/?s={search_term_string}"},"query-input":{"@type":"PropertyValueSpecification","valueRequired":true,"valueName":"search_term_string"}}],"inLanguage":"en-GB"},{"@type":"Organization","@id":"https:\/\/www.api-capacitors.com\/de\/#organization","name":"API Engineering de","url":"https:\/\/www.api-capacitors.com\/de\/","logo":{"@type":"ImageObject","inLanguage":"en-GB","@id":"https:\/\/www.api-capacitors.com\/de\/#\/schema\/logo\/image\/","url":"https:\/\/www.api-capacitors.com\/de\/wp-content\/uploads\/sites\/6\/2022\/05\/cropped-NewLogos-06-e1653513321928.png","contentUrl":"https:\/\/www.api-capacitors.com\/de\/wp-content\/uploads\/sites\/6\/2022\/05\/cropped-NewLogos-06-e1653513321928.png","width":1404,"height":222,"caption":"API Engineering de"},"image":{"@id":"https:\/\/www.api-capacitors.com\/de\/#\/schema\/logo\/image\/"},"sameAs":["https:\/\/www.facebook.com\/apicapacitorsltd\/","https:\/\/x.com\/API_Capacitors","https:\/\/www.linkedin.com\/company\/apicapacitorsltd\/"]}]}},"_links":{"self":[{"href":"https:\/\/www.api-capacitors.com\/de\/wp-json\/wp\/v2\/pages\/907","targetHints":{"allow":["GET"]}}],"collection":[{"href":"https:\/\/www.api-capacitors.com\/de\/wp-json\/wp\/v2\/pages"}],"about":[{"href":"https:\/\/www.api-capacitors.com\/de\/wp-json\/wp\/v2\/types\/page"}],"author":[{"embeddable":true,"href":"https:\/\/www.api-capacitors.com\/de\/wp-json\/wp\/v2\/users\/1"}],"replies":[{"embeddable":true,"href":"https:\/\/www.api-capacitors.com\/de\/wp-json\/wp\/v2\/comments?post=907"}],"version-history":[{"count":32,"href":"https:\/\/www.api-capacitors.com\/de\/wp-json\/wp\/v2\/pages\/907\/revisions"}],"predecessor-version":[{"id":2737,"href":"https:\/\/www.api-capacitors.com\/de\/wp-json\/wp\/v2\/pages\/907\/revisions\/2737"}],"wp:attachment":[{"href":"https:\/\/www.api-capacitors.com\/de\/wp-json\/wp\/v2\/media?parent=907"}],"curies":[{"name":"wp","href":"https:\/\/api.w.org\/{rel}","templated":true}]}}