{"id":822,"date":"2022-06-09T09:22:33","date_gmt":"2022-06-09T09:22:33","guid":{"rendered":"https:\/\/www.api-capacitors.com\/de\/?page_id=822"},"modified":"2024-01-21T16:26:54","modified_gmt":"2024-01-21T16:26:54","slug":"energy-capacitors","status":"publish","type":"page","link":"https:\/\/www.api-capacitors.com\/de\/energy-capacitors\/","title":{"rendered":"Energiekondensatoren"},"content":{"rendered":"\t\t<div data-elementor-type=\"wp-page\" data-elementor-id=\"822\" class=\"elementor elementor-822\">\n\t\t\t\t\t\t<section class=\"elementor-section elementor-top-section elementor-element elementor-element-de277ca elementor-section-boxed elementor-section-height-default elementor-section-height-default\" data-id=\"de277ca\" data-element_type=\"section\" data-e-type=\"section\">\n\t\t\t\t\t\t<div class=\"elementor-container elementor-column-gap-default\">\n\t\t\t\t\t<div class=\"elementor-column elementor-col-50 elementor-top-column elementor-element elementor-element-dbf0fe5\" data-id=\"dbf0fe5\" data-element_type=\"column\" data-e-type=\"column\">\n\t\t\t<div class=\"elementor-widget-wrap elementor-element-populated\">\n\t\t\t\t\t\t<div class=\"elementor-element elementor-element-8c60824 elementor-widget elementor-widget-text-editor\" data-id=\"8c60824\" data-element_type=\"widget\" data-e-type=\"widget\" data-widget_type=\"text-editor.default\">\n\t\t\t\t<div class=\"elementor-widget-container\">\n\t\t\t\t\t\t\t\t\t<p>Energiespeicher-Kondensatorenvon API Capacitors werden entworfen und hergestellt, ohne auf einen Katalogbereich begrenzt zu sein. Strom, Spannung, Gr\u00f6\u00dfe, Masse und Anschl\u00fcsse werden gem\u00e4\u00df den Anforderungen und Anwendungen des Kunden angepasst. Nachstehend sind einige davon aufgef\u00fchrt.<\/p><p>Die kurze Lebensdauer und hohe Zuverl\u00e4ssigkeit werden durch eine extrem niedrige Defektdichte, hochisotaktische, metallisierte Polypropylen-Dielektrikumfolie erreicht, die einen erweiterten Temperaturbereich und kontrollierte Selbstheilungsf\u00e4higkeit bietet.<\/p>\t\t\t\t\t\t\t\t<\/div>\n\t\t\t\t<\/div>\n\t\t\t\t\t<\/div>\n\t\t<\/div>\n\t\t\t\t<div class=\"elementor-column elementor-col-50 elementor-top-column elementor-element elementor-element-b89de14\" data-id=\"b89de14\" data-element_type=\"column\" data-e-type=\"column\">\n\t\t\t<div class=\"elementor-widget-wrap elementor-element-populated\">\n\t\t\t\t\t\t<div class=\"elementor-element elementor-element-57155c6 elementor-widget elementor-widget-text-editor\" data-id=\"57155c6\" data-element_type=\"widget\" data-e-type=\"widget\" data-widget_type=\"text-editor.default\">\n\t\t\t\t<div class=\"elementor-widget-container\">\n\t\t\t\t\t\t\t\t\t<p><img fetchpriority=\"high\" decoding=\"async\" class=\"aligncenter wp-image-824 size-medium\" src=\"https:\/\/www.api-capacitors.com\/de\/wp-content\/uploads\/2022\/06\/APIC_EnergyStorage_Capacitor-263x300.png\" alt=\"\" width=\"263\" height=\"300\" srcset=\"https:\/\/www.api-capacitors.com\/de\/wp-content\/uploads\/sites\/6\/2022\/06\/APIC_EnergyStorage_Capacitor-263x300.png 263w, https:\/\/www.api-capacitors.com\/de\/wp-content\/uploads\/sites\/6\/2022\/06\/APIC_EnergyStorage_Capacitor.png 400w\" sizes=\"(max-width: 263px) 100vw, 263px\" \/><\/p>\t\t\t\t\t\t\t\t<\/div>\n\t\t\t\t<\/div>\n\t\t\t\t\t<\/div>\n\t\t<\/div>\n\t\t\t\t\t<\/div>\n\t\t<\/section>\n\t\t\t\t<section class=\"elementor-section elementor-top-section elementor-element elementor-element-ab20279 elementor-section-boxed elementor-section-height-default elementor-section-height-default\" data-id=\"ab20279\" data-element_type=\"section\" data-e-type=\"section\">\n\t\t\t\t\t\t<div class=\"elementor-container elementor-column-gap-default\">\n\t\t\t\t\t<div class=\"elementor-column elementor-col-100 elementor-top-column elementor-element elementor-element-88b7d5e\" data-id=\"88b7d5e\" data-element_type=\"column\" data-e-type=\"column\">\n\t\t\t<div class=\"elementor-widget-wrap elementor-element-populated\">\n\t\t\t\t\t\t<div class=\"elementor-element elementor-element-4db6c0e elementor-widget elementor-widget-text-editor\" data-id=\"4db6c0e\" data-element_type=\"widget\" data-e-type=\"widget\" data-widget_type=\"text-editor.default\">\n\t\t\t\t<div class=\"elementor-widget-container\">\n\t\t\t\t\t\t\t\t\t<p style=\"font-size: 16px; font-style: normal; font-weight: 400;\"><span style=\"color: var(--ast-global-color-3);\">Die Elemente werden auf den neuesten pr\u00e4zisionskantengesteuerten automatischen Wickelmaschinen gewickelt. Hochleitf\u00e4higes Kupfer wird f\u00fcr niederohmige interne Verbindungen verwendet.<\/span><\/p><p style=\"font-size: 16px; font-style: normal; font-weight: 400;\">Kondensatoren sind in pulverbeschichteten, korrosionsfreien Metall- oder isolierten Geh\u00e4usen fertiggestellt und mit umweltfreundlichem \u00d6l oder trockenem, leckfreiem Harz gef\u00fcllt.<\/p><h3 style=\"font-style: normal;\">Typische Anwendungen<\/h3><p style=\"font-size: 16px; font-style: normal; font-weight: 400;\">Verwendet in milit\u00e4rischen, medizinischen und industriellen Anwendungen.<\/p><ul><li><span style=\"font-weight: bold;\">Ozeanografie<\/span> (Unterwasseruntersuchungen, Sparkers, Boomers)<\/li><li><span style=\"font-weight: bold;\">Leistungselektronik<\/span> (Schwei\u00dfen, Formen, Magnetisierer, Entmagnetisierer, PFN&#8217;s)<\/li><li><span style=\"font-weight: bold;\">Forschung<\/span> (Teilchenbeschleuniger &#8216;LHC, ISIS&#8217;, Laser)<\/li><li><span style=\"font-weight: bold;\">Tests<\/span> (Blitzsimulation, Hochspannungskondensatorb\u00e4nke)<br \/>Verteidigung (Entfernungsmesser, Railguns, Radar, Raketensysteme, EMP)<\/li><li><span style=\"font-weight: bold;\">Lebensmittelindustrie<\/span> (UV-Sterilisation)<\/li><\/ul><h3 style=\"font-style: normal;\">Eigenschaften\u00a0<\/h3><ul style=\"font-size: 16px; font-style: normal; font-weight: 400;\"><li style=\"font-size: 16px;\">Hohe Zuverl\u00e4ssigkeit<\/li><li style=\"font-size: 16px;\">Kontrollierte Selbstheilungstechnologie<\/li><li style=\"font-size: 16px;\">Mit \u00d6l gef\u00fcllt oder trocken mit Harz gef\u00fcllt<\/li><li style=\"font-size: 16px;\">Metall- oder isolierte Geh\u00e4use<\/li><li style=\"font-size: 16px;\">UV-best\u00e4ndige, halogenfreie, raucharme und flammhemmende Materialien<\/li><\/ul><h3 style=\"font-style: normal;\">Kundenspezifische Design-Kondensatoren<\/h3><p style=\"font-size: 16px; font-style: normal; font-weight: 400;\">Entwickelt, um detaillierte oder kurze Spezifikationen zu erf\u00fcllen. Unsere technischen Vertriebsmitarbeiter k\u00f6nnen eng mit Ihrem Designteam in der Konzeptphase oder in sp\u00e4teren Projektphasen zusammenarbeiten, wenn ein zeitkritischer Entwurf erforderlich ist. Alternativ k\u00f6nnen Ersatzprodukte im Retro-Design angeboten werden.<\/p>\t\t\t\t\t\t\t\t<\/div>\n\t\t\t\t<\/div>\n\t\t\t\t\t<\/div>\n\t\t<\/div>\n\t\t\t\t\t<\/div>\n\t\t<\/section>\n\t\t\t\t<\/div>\n\t\t","protected":false},"excerpt":{"rendered":"<p>Energiespeicher-Kondensatorenvon API Capacitors werden entworfen und hergestellt, ohne auf einen Katalogbereich begrenzt zu sein. Strom, Spannung, Gr\u00f6\u00dfe, Masse und Anschl\u00fcsse werden gem\u00e4\u00df den Anforderungen und Anwendungen des Kunden angepasst. Nachstehend sind einige davon aufgef\u00fchrt. Die kurze Lebensdauer und hohe Zuverl\u00e4ssigkeit werden durch eine extrem niedrige Defektdichte, hochisotaktische, metallisierte Polypropylen-Dielektrikumfolie erreicht, die einen erweiterten Temperaturbereich und [&hellip;]<\/p>\n","protected":false},"author":1,"featured_media":1026,"parent":0,"menu_order":0,"comment_status":"closed","ping_status":"closed","template":"","meta":{"site-sidebar-layout":"right-sidebar","site-content-layout":"default","ast-site-content-layout":"default","site-content-style":"default","site-sidebar-style":"default","ast-global-header-display":"","ast-banner-title-visibility":"","ast-main-header-display":"","ast-hfb-above-header-display":"","ast-hfb-below-header-display":"","ast-hfb-mobile-header-display":"","site-post-title":"disabled","ast-breadcrumbs-content":"","ast-featured-img":"disabled","footer-sml-layout":"","ast-disable-related-posts":"","theme-transparent-header-meta":"","adv-header-id-meta":"","stick-header-meta":"","header-above-stick-meta":"","header-main-stick-meta":"","header-below-stick-meta":"","astra-migrate-meta-layouts":"default","ast-page-background-enabled":"default","ast-page-background-meta":{"desktop":{"background-color":"","background-image":"","background-repeat":"repeat","background-position":"center center","background-size":"auto","background-attachment":"scroll","background-type":"","background-media":"","overlay-type":"","overlay-color":"","overlay-opacity":"","overlay-gradient":""},"tablet":{"background-color":"","background-image":"","background-repeat":"repeat","background-position":"center center","background-size":"auto","background-attachment":"scroll","background-type":"","background-media":"","overlay-type":"","overlay-color":"","overlay-opacity":"","overlay-gradient":""},"mobile":{"background-color":"","background-image":"","background-repeat":"repeat","background-position":"center center","background-size":"auto","background-attachment":"scroll","background-type":"","background-media":"","overlay-type":"","overlay-color":"","overlay-opacity":"","overlay-gradient":""}},"ast-content-background-meta":{"desktop":{"background-color":"var(--ast-global-color-5)","background-image":"","background-repeat":"repeat","background-position":"center center","background-size":"auto","background-attachment":"scroll","background-type":"","background-media":"","overlay-type":"","overlay-color":"","overlay-opacity":"","overlay-gradient":""},"tablet":{"background-color":"var(--ast-global-color-5)","background-image":"","background-repeat":"repeat","background-position":"center center","background-size":"auto","background-attachment":"scroll","background-type":"","background-media":"","overlay-type":"","overlay-color":"","overlay-opacity":"","overlay-gradient":""},"mobile":{"background-color":"var(--ast-global-color-5)","background-image":"","background-repeat":"repeat","background-position":"center center","background-size":"auto","background-attachment":"scroll","background-type":"","background-media":"","overlay-type":"","overlay-color":"","overlay-opacity":"","overlay-gradient":""}},"footnotes":""},"class_list":["post-822","page","type-page","status-publish","has-post-thumbnail","hentry"],"yoast_head":"<!-- This site is optimized with the Yoast SEO plugin v27.4 - https:\/\/yoast.com\/product\/yoast-seo-wordpress\/ -->\n<title>Energiekondensatoren - API Engineering de<\/title>\n<meta name=\"description\" content=\"API Capacitors offers custom energy storage capacitors for various applications, with high reliability and extended working temperature range. Our capacitors are made with ultra low defect density, metallised polypropylene dielectric film and wound on precision machines. Choose from insulated cases, environmentally safe oil, or dry resin fillings.\" \/>\n<meta name=\"robots\" content=\"index, follow, max-snippet:-1, max-image-preview:large, max-video-preview:-1\" \/>\n<link rel=\"canonical\" href=\"https:\/\/www.api-capacitors.com\/de\/energy-capacitors\/\" \/>\n<meta property=\"og:locale\" content=\"en_GB\" \/>\n<meta property=\"og:type\" content=\"article\" \/>\n<meta property=\"og:title\" content=\"Energiekondensatoren - API Engineering de\" \/>\n<meta property=\"og:description\" content=\"API Capacitors offers custom energy storage capacitors for various applications, with high reliability and extended working temperature range. Our capacitors are made with ultra low defect density, metallised polypropylene dielectric film and wound on precision machines. Choose from insulated cases, environmentally safe oil, or dry resin fillings.\" \/>\n<meta property=\"og:url\" content=\"https:\/\/www.api-capacitors.com\/de\/energy-capacitors\/\" \/>\n<meta property=\"og:site_name\" content=\"API Engineering de\" \/>\n<meta property=\"article:publisher\" content=\"https:\/\/www.facebook.com\/apicapacitorsltd\/\" \/>\n<meta property=\"article:modified_time\" content=\"2024-01-21T16:26:54+00:00\" \/>\n<meta property=\"og:image\" content=\"https:\/\/www.api-capacitors.com\/de\/wp-content\/uploads\/sites\/6\/2022\/06\/spin2.jpg\" \/>\n\t<meta property=\"og:image:width\" content=\"600\" \/>\n\t<meta property=\"og:image:height\" content=\"400\" \/>\n\t<meta property=\"og:image:type\" content=\"image\/jpeg\" \/>\n<meta name=\"twitter:card\" content=\"summary_large_image\" \/>\n<meta name=\"twitter:site\" content=\"@API_Capacitors\" \/>\n<meta name=\"twitter:label1\" content=\"Estimated reading time\" \/>\n\t<meta name=\"twitter:data1\" content=\"2 minutes\" \/>\n<script type=\"application\/ld+json\" class=\"yoast-schema-graph\">{\"@context\":\"https:\\\/\\\/schema.org\",\"@graph\":[{\"@type\":\"WebPage\",\"@id\":\"https:\\\/\\\/www.api-capacitors.com\\\/de\\\/energy-capacitors\\\/\",\"url\":\"https:\\\/\\\/www.api-capacitors.com\\\/de\\\/energy-capacitors\\\/\",\"name\":\"Energiekondensatoren - API Engineering de\",\"isPartOf\":{\"@id\":\"https:\\\/\\\/www.api-capacitors.com\\\/de\\\/#website\"},\"primaryImageOfPage\":{\"@id\":\"https:\\\/\\\/www.api-capacitors.com\\\/de\\\/energy-capacitors\\\/#primaryimage\"},\"image\":{\"@id\":\"https:\\\/\\\/www.api-capacitors.com\\\/de\\\/energy-capacitors\\\/#primaryimage\"},\"thumbnailUrl\":\"https:\\\/\\\/www.api-capacitors.com\\\/de\\\/wp-content\\\/uploads\\\/sites\\\/6\\\/2022\\\/06\\\/spin2.jpg\",\"datePublished\":\"2022-06-09T09:22:33+00:00\",\"dateModified\":\"2024-01-21T16:26:54+00:00\",\"description\":\"API Capacitors offers custom energy storage capacitors for various applications, with high reliability and extended working temperature range. Our capacitors are made with ultra low defect density, metallised polypropylene dielectric film and wound on precision machines. Choose from insulated cases, environmentally safe oil, or dry resin fillings.\",\"breadcrumb\":{\"@id\":\"https:\\\/\\\/www.api-capacitors.com\\\/de\\\/energy-capacitors\\\/#breadcrumb\"},\"inLanguage\":\"en-GB\",\"potentialAction\":[{\"@type\":\"ReadAction\",\"target\":[\"https:\\\/\\\/www.api-capacitors.com\\\/de\\\/energy-capacitors\\\/\"]}]},{\"@type\":\"ImageObject\",\"inLanguage\":\"en-GB\",\"@id\":\"https:\\\/\\\/www.api-capacitors.com\\\/de\\\/energy-capacitors\\\/#primaryimage\",\"url\":\"https:\\\/\\\/www.api-capacitors.com\\\/de\\\/wp-content\\\/uploads\\\/sites\\\/6\\\/2022\\\/06\\\/spin2.jpg\",\"contentUrl\":\"https:\\\/\\\/www.api-capacitors.com\\\/de\\\/wp-content\\\/uploads\\\/sites\\\/6\\\/2022\\\/06\\\/spin2.jpg\",\"width\":600,\"height\":400,\"caption\":\"HVDC Transmission Systems\"},{\"@type\":\"BreadcrumbList\",\"@id\":\"https:\\\/\\\/www.api-capacitors.com\\\/de\\\/energy-capacitors\\\/#breadcrumb\",\"itemListElement\":[{\"@type\":\"ListItem\",\"position\":1,\"name\":\"Home\",\"item\":\"https:\\\/\\\/www.api-capacitors.com\\\/de\\\/\"},{\"@type\":\"ListItem\",\"position\":2,\"name\":\"Energiekondensatoren\"}]},{\"@type\":\"WebSite\",\"@id\":\"https:\\\/\\\/www.api-capacitors.com\\\/de\\\/#website\",\"url\":\"https:\\\/\\\/www.api-capacitors.com\\\/de\\\/\",\"name\":\"API Engineering de\",\"description\":\"DC Capacitors, AC Capacitors, Snubber Capacitors , Track Circuit Capacitors, Pulse Power Capacitors and Custom Capacitors\",\"publisher\":{\"@id\":\"https:\\\/\\\/www.api-capacitors.com\\\/de\\\/#organization\"},\"potentialAction\":[{\"@type\":\"SearchAction\",\"target\":{\"@type\":\"EntryPoint\",\"urlTemplate\":\"https:\\\/\\\/www.api-capacitors.com\\\/de\\\/?s={search_term_string}\"},\"query-input\":{\"@type\":\"PropertyValueSpecification\",\"valueRequired\":true,\"valueName\":\"search_term_string\"}}],\"inLanguage\":\"en-GB\"},{\"@type\":\"Organization\",\"@id\":\"https:\\\/\\\/www.api-capacitors.com\\\/de\\\/#organization\",\"name\":\"API Engineering de\",\"url\":\"https:\\\/\\\/www.api-capacitors.com\\\/de\\\/\",\"logo\":{\"@type\":\"ImageObject\",\"inLanguage\":\"en-GB\",\"@id\":\"https:\\\/\\\/www.api-capacitors.com\\\/de\\\/#\\\/schema\\\/logo\\\/image\\\/\",\"url\":\"https:\\\/\\\/www.api-capacitors.com\\\/de\\\/wp-content\\\/uploads\\\/sites\\\/6\\\/2022\\\/05\\\/cropped-NewLogos-06-e1653513321928.png\",\"contentUrl\":\"https:\\\/\\\/www.api-capacitors.com\\\/de\\\/wp-content\\\/uploads\\\/sites\\\/6\\\/2022\\\/05\\\/cropped-NewLogos-06-e1653513321928.png\",\"width\":1404,\"height\":222,\"caption\":\"API Engineering de\"},\"image\":{\"@id\":\"https:\\\/\\\/www.api-capacitors.com\\\/de\\\/#\\\/schema\\\/logo\\\/image\\\/\"},\"sameAs\":[\"https:\\\/\\\/www.facebook.com\\\/apicapacitorsltd\\\/\",\"https:\\\/\\\/x.com\\\/API_Capacitors\",\"https:\\\/\\\/www.linkedin.com\\\/company\\\/apicapacitorsltd\\\/\"]}]}<\/script>\n<!-- \/ Yoast SEO plugin. -->","yoast_head_json":{"title":"Energiekondensatoren - API Engineering de","description":"API Capacitors offers custom energy storage capacitors for various applications, with high reliability and extended working temperature range. Our capacitors are made with ultra low defect density, metallised polypropylene dielectric film and wound on precision machines. Choose from insulated cases, environmentally safe oil, or dry resin fillings.","robots":{"index":"index","follow":"follow","max-snippet":"max-snippet:-1","max-image-preview":"max-image-preview:large","max-video-preview":"max-video-preview:-1"},"canonical":"https:\/\/www.api-capacitors.com\/de\/energy-capacitors\/","og_locale":"en_GB","og_type":"article","og_title":"Energiekondensatoren - API Engineering de","og_description":"API Capacitors offers custom energy storage capacitors for various applications, with high reliability and extended working temperature range. Our capacitors are made with ultra low defect density, metallised polypropylene dielectric film and wound on precision machines. Choose from insulated cases, environmentally safe oil, or dry resin fillings.","og_url":"https:\/\/www.api-capacitors.com\/de\/energy-capacitors\/","og_site_name":"API Engineering de","article_publisher":"https:\/\/www.facebook.com\/apicapacitorsltd\/","article_modified_time":"2024-01-21T16:26:54+00:00","og_image":[{"width":600,"height":400,"url":"https:\/\/www.api-capacitors.com\/de\/wp-content\/uploads\/sites\/6\/2022\/06\/spin2.jpg","type":"image\/jpeg"}],"twitter_card":"summary_large_image","twitter_site":"@API_Capacitors","twitter_misc":{"Estimated reading time":"2 minutes"},"schema":{"@context":"https:\/\/schema.org","@graph":[{"@type":"WebPage","@id":"https:\/\/www.api-capacitors.com\/de\/energy-capacitors\/","url":"https:\/\/www.api-capacitors.com\/de\/energy-capacitors\/","name":"Energiekondensatoren - API Engineering de","isPartOf":{"@id":"https:\/\/www.api-capacitors.com\/de\/#website"},"primaryImageOfPage":{"@id":"https:\/\/www.api-capacitors.com\/de\/energy-capacitors\/#primaryimage"},"image":{"@id":"https:\/\/www.api-capacitors.com\/de\/energy-capacitors\/#primaryimage"},"thumbnailUrl":"https:\/\/www.api-capacitors.com\/de\/wp-content\/uploads\/sites\/6\/2022\/06\/spin2.jpg","datePublished":"2022-06-09T09:22:33+00:00","dateModified":"2024-01-21T16:26:54+00:00","description":"API Capacitors offers custom energy storage capacitors for various applications, with high reliability and extended working temperature range. Our capacitors are made with ultra low defect density, metallised polypropylene dielectric film and wound on precision machines. Choose from insulated cases, environmentally safe oil, or dry resin fillings.","breadcrumb":{"@id":"https:\/\/www.api-capacitors.com\/de\/energy-capacitors\/#breadcrumb"},"inLanguage":"en-GB","potentialAction":[{"@type":"ReadAction","target":["https:\/\/www.api-capacitors.com\/de\/energy-capacitors\/"]}]},{"@type":"ImageObject","inLanguage":"en-GB","@id":"https:\/\/www.api-capacitors.com\/de\/energy-capacitors\/#primaryimage","url":"https:\/\/www.api-capacitors.com\/de\/wp-content\/uploads\/sites\/6\/2022\/06\/spin2.jpg","contentUrl":"https:\/\/www.api-capacitors.com\/de\/wp-content\/uploads\/sites\/6\/2022\/06\/spin2.jpg","width":600,"height":400,"caption":"HVDC Transmission Systems"},{"@type":"BreadcrumbList","@id":"https:\/\/www.api-capacitors.com\/de\/energy-capacitors\/#breadcrumb","itemListElement":[{"@type":"ListItem","position":1,"name":"Home","item":"https:\/\/www.api-capacitors.com\/de\/"},{"@type":"ListItem","position":2,"name":"Energiekondensatoren"}]},{"@type":"WebSite","@id":"https:\/\/www.api-capacitors.com\/de\/#website","url":"https:\/\/www.api-capacitors.com\/de\/","name":"API Engineering de","description":"DC Capacitors, AC Capacitors, Snubber Capacitors , Track Circuit Capacitors, Pulse Power Capacitors and Custom Capacitors","publisher":{"@id":"https:\/\/www.api-capacitors.com\/de\/#organization"},"potentialAction":[{"@type":"SearchAction","target":{"@type":"EntryPoint","urlTemplate":"https:\/\/www.api-capacitors.com\/de\/?s={search_term_string}"},"query-input":{"@type":"PropertyValueSpecification","valueRequired":true,"valueName":"search_term_string"}}],"inLanguage":"en-GB"},{"@type":"Organization","@id":"https:\/\/www.api-capacitors.com\/de\/#organization","name":"API Engineering de","url":"https:\/\/www.api-capacitors.com\/de\/","logo":{"@type":"ImageObject","inLanguage":"en-GB","@id":"https:\/\/www.api-capacitors.com\/de\/#\/schema\/logo\/image\/","url":"https:\/\/www.api-capacitors.com\/de\/wp-content\/uploads\/sites\/6\/2022\/05\/cropped-NewLogos-06-e1653513321928.png","contentUrl":"https:\/\/www.api-capacitors.com\/de\/wp-content\/uploads\/sites\/6\/2022\/05\/cropped-NewLogos-06-e1653513321928.png","width":1404,"height":222,"caption":"API Engineering de"},"image":{"@id":"https:\/\/www.api-capacitors.com\/de\/#\/schema\/logo\/image\/"},"sameAs":["https:\/\/www.facebook.com\/apicapacitorsltd\/","https:\/\/x.com\/API_Capacitors","https:\/\/www.linkedin.com\/company\/apicapacitorsltd\/"]}]}},"_links":{"self":[{"href":"https:\/\/www.api-capacitors.com\/de\/wp-json\/wp\/v2\/pages\/822","targetHints":{"allow":["GET"]}}],"collection":[{"href":"https:\/\/www.api-capacitors.com\/de\/wp-json\/wp\/v2\/pages"}],"about":[{"href":"https:\/\/www.api-capacitors.com\/de\/wp-json\/wp\/v2\/types\/page"}],"author":[{"embeddable":true,"href":"https:\/\/www.api-capacitors.com\/de\/wp-json\/wp\/v2\/users\/1"}],"replies":[{"embeddable":true,"href":"https:\/\/www.api-capacitors.com\/de\/wp-json\/wp\/v2\/comments?post=822"}],"version-history":[{"count":37,"href":"https:\/\/www.api-capacitors.com\/de\/wp-json\/wp\/v2\/pages\/822\/revisions"}],"predecessor-version":[{"id":2733,"href":"https:\/\/www.api-capacitors.com\/de\/wp-json\/wp\/v2\/pages\/822\/revisions\/2733"}],"wp:featuredmedia":[{"embeddable":true,"href":"https:\/\/www.api-capacitors.com\/de\/wp-json\/wp\/v2\/media\/1026"}],"wp:attachment":[{"href":"https:\/\/www.api-capacitors.com\/de\/wp-json\/wp\/v2\/media?parent=822"}],"curies":[{"name":"wp","href":"https:\/\/api.w.org\/{rel}","templated":true}]}}