{"id":815,"date":"2022-06-09T09:20:13","date_gmt":"2022-06-09T09:20:13","guid":{"rendered":"https:\/\/www.api-capacitors.com\/de\/?page_id=815"},"modified":"2024-01-21T16:30:53","modified_gmt":"2024-01-21T16:30:53","slug":"snubber-capacitors","status":"publish","type":"page","link":"https:\/\/www.api-capacitors.com\/de\/snubber-capacitors\/","title":{"rendered":"Snubber-Kondensatoren"},"content":{"rendered":"\t\t<div data-elementor-type=\"wp-page\" data-elementor-id=\"815\" class=\"elementor elementor-815\">\n\t\t\t\t\t\t<section class=\"elementor-section elementor-top-section elementor-element elementor-element-rxmdlrx elementor-section-boxed elementor-section-height-default elementor-section-height-default\" data-id=\"rxmdlrx\" data-element_type=\"section\" data-e-type=\"section\">\n\t\t\t\t\t\t<div class=\"elementor-container elementor-column-gap-default\">\n\t\t\t\t\t<div class=\"elementor-column elementor-col-50 elementor-top-column elementor-element elementor-element-f088365\" data-id=\"f088365\" data-element_type=\"column\" data-e-type=\"column\">\n\t\t\t<div class=\"elementor-widget-wrap elementor-element-populated\">\n\t\t\t\t\t\t<div class=\"elementor-element elementor-element-6e014a0 elementor-widget elementor-widget-text-editor\" data-id=\"6e014a0\" data-element_type=\"widget\" data-e-type=\"widget\" data-widget_type=\"text-editor.default\">\n\t\t\t\t<div class=\"elementor-widget-container\">\n\t\t\t\t\t\t\t\t\t<p>API Capacitors bietet eine breite Palette von D\u00e4mpfungskondensatoren f\u00fcr GTO, IGCT und andere Thyristor-Ger\u00e4te an. Strom, Spannung, Gr\u00f6\u00dfe, Masse und Anschl\u00fcsse werden an die Anforderungen und Anwendungen des Kunden angepasst, einige davon sind unten aufgef\u00fchrt.<\/p><p>Eine lange Lebensdauer und hohe Zuverl\u00e4ssigkeit werden durch eine extrem niedrige Defektdichte, hochisotaktische, metallisierte Polypropylen-Dielektrikumsfolie erreicht, die einen erweiterten Temperaturbereich und Selbstheilungsf\u00e4higkeit bietet. Eine hohe Stromtragf\u00e4higkeit wird durch Elektroden mit geringem Widerstand erreicht. Die Kondensatoren werden mit umweltfreundlichem \u00d6l impr\u00e4gniert und dann in einem isolierten Polymergeh\u00e4use fertiggestellt oder in Harz eingekapselt.<\/p><p>Alternativ sind auch leckfreie trockene L\u00f6sungen verf\u00fcgbar.<\/p>\t\t\t\t\t\t\t\t<\/div>\n\t\t\t\t<\/div>\n\t\t\t\t\t<\/div>\n\t\t<\/div>\n\t\t\t\t<div class=\"elementor-column elementor-col-50 elementor-top-column elementor-element elementor-element-9abba43\" data-id=\"9abba43\" data-element_type=\"column\" data-e-type=\"column\" data-settings=\"{&quot;background_background&quot;:&quot;classic&quot;}\">\n\t\t\t<div class=\"elementor-widget-wrap elementor-element-populated\">\n\t\t\t\t\t\t<div class=\"elementor-element elementor-element-4245b55 elementor-widget elementor-widget-image\" data-id=\"4245b55\" data-element_type=\"widget\" data-e-type=\"widget\" data-widget_type=\"image.default\">\n\t\t\t\t<div class=\"elementor-widget-container\">\n\t\t\t\t\t\t\t\t\t\t\t\t\t\t\t<img fetchpriority=\"high\" decoding=\"async\" width=\"426\" height=\"337\" src=\"https:\/\/www.api-capacitors.com\/de\/wp-content\/uploads\/sites\/6\/2022\/06\/APIC_Snubber-Capacitors.png\" class=\"attachment-full size-full wp-image-818\" alt=\"Snubber Capacitors\" srcset=\"https:\/\/www.api-capacitors.com\/de\/wp-content\/uploads\/sites\/6\/2022\/06\/APIC_Snubber-Capacitors.png 426w, https:\/\/www.api-capacitors.com\/de\/wp-content\/uploads\/sites\/6\/2022\/06\/APIC_Snubber-Capacitors-300x237.png 300w\" sizes=\"(max-width: 426px) 100vw, 426px\" \/>\t\t\t\t\t\t\t\t\t\t\t\t\t\t\t<\/div>\n\t\t\t\t<\/div>\n\t\t\t\t\t<\/div>\n\t\t<\/div>\n\t\t\t\t\t<\/div>\n\t\t<\/section>\n\t\t\t\t<section class=\"elementor-section elementor-top-section elementor-element elementor-element-7811152 elementor-section-boxed elementor-section-height-default elementor-section-height-default\" data-id=\"7811152\" data-element_type=\"section\" data-e-type=\"section\">\n\t\t\t\t\t\t<div class=\"elementor-container elementor-column-gap-default\">\n\t\t\t\t\t<div class=\"elementor-column elementor-col-100 elementor-top-column elementor-element elementor-element-5d16aa0\" data-id=\"5d16aa0\" data-element_type=\"column\" data-e-type=\"column\">\n\t\t\t<div class=\"elementor-widget-wrap elementor-element-populated\">\n\t\t\t\t\t\t<div class=\"elementor-element elementor-element-7735a00 elementor-widget elementor-widget-text-editor\" data-id=\"7735a00\" data-element_type=\"widget\" data-e-type=\"widget\" data-widget_type=\"text-editor.default\">\n\t\t\t\t<div class=\"elementor-widget-container\">\n\t\t\t\t\t\t\t\t\t<h3>Typische Anwendungen<\/h3><p>Verwendet in den Bereichen Transport, Marine, Automobil, Luft- und Raumfahrt, Milit\u00e4r, Medizin, erneuerbare Energien, Energieverteilung und anderen industriellen Anwendungen.<\/p><p><strong>Statische\/Nicht-statische Antriebe<\/strong> (Antrieb, Traktion, Aufz\u00fcge, Rolltreppen, F\u00f6rderer, Seilbahnen)<br \/><strong>Leistungselektronik<\/strong> (Schwei\u00dfen, \u00d6fen, Induktionsheizung, Laser, Scanner, Detektoren)<br \/><strong>Leistungstransmission<\/strong> (Konditionierung, Entd\u00e4mpft, FACTS, STATCOM, SVC)<br \/><strong>Personen-\/G\u00fcterverkehrsbahn<\/strong> (Hilfskreise: Beleuchtung, Heizung, Bel\u00fcftung, Kommunikation)<br \/><strong>Elektrische\/Hybridfahrzeuge (KERS) Filter<\/strong> (Gl\u00e4ttung, Unterdr\u00fcckung, Harmonische)<br \/><strong>Wandler<\/strong> (Inverter, Gleichrichter, Chopper, Zyklokonverter)\u00a0<\/p><h3>Merkmale<\/h3><ul><li>Lange Lebensdauer und hohe Zuverl\u00e4ssigkeit<\/li><li>Technologie zur Selbstheilung<\/li><li>Mit \u00d6l gef\u00fcllt oder trocken<\/li><li>Isolierte Geh\u00e4use<\/li><li>UV-best\u00e4ndig, halogenfrei, niedriger Rauch und flammhemmende Materialien<\/li><\/ul><h3>Kundenspezifische Design-Kondensatoren<\/h3><p>Entwickelt, um detaillierte oder kurze Spezifikationen zu erf\u00fcllen. Unsere technischen Vertriebsmitarbeiter k\u00f6nnen eng mit Ihrem Designteam in der Konzeptphase oder in den sp\u00e4teren Phasen eines Projekts zusammenarbeiten, wenn ein zeitkritischer Entwurf erforderlich ist. Alternativ k\u00f6nnen Ersatzprodukte im gleichen Stil f\u00fcr \u00e4ltere Retrofit-Designs angeboten werden.<\/p>\t\t\t\t\t\t\t\t<\/div>\n\t\t\t\t<\/div>\n\t\t\t\t\t<\/div>\n\t\t<\/div>\n\t\t\t\t\t<\/div>\n\t\t<\/section>\n\t\t\t\t<section class=\"elementor-section elementor-top-section elementor-element elementor-element-9dea2a7 elementor-section-boxed elementor-section-height-default elementor-section-height-default\" data-id=\"9dea2a7\" data-element_type=\"section\" data-e-type=\"section\">\n\t\t\t\t\t\t<div class=\"elementor-container elementor-column-gap-default\">\n\t\t\t\t\t<div class=\"elementor-column elementor-col-100 elementor-top-column elementor-element elementor-element-6b45434\" data-id=\"6b45434\" data-element_type=\"column\" data-e-type=\"column\">\n\t\t\t<div class=\"elementor-widget-wrap elementor-element-populated\">\n\t\t\t\t\t\t<div class=\"elementor-element elementor-element-fc97183 elementor-widget elementor-widget-spacer\" data-id=\"fc97183\" data-element_type=\"widget\" data-e-type=\"widget\" data-widget_type=\"spacer.default\">\n\t\t\t\t<div class=\"elementor-widget-container\">\n\t\t\t\t\t\t\t<div class=\"elementor-spacer\">\n\t\t\t<div class=\"elementor-spacer-inner\"><\/div>\n\t\t<\/div>\n\t\t\t\t\t\t<\/div>\n\t\t\t\t<\/div>\n\t\t\t\t\t<\/div>\n\t\t<\/div>\n\t\t\t\t\t<\/div>\n\t\t<\/section>\n\t\t\t\t<\/div>\n\t\t","protected":false},"excerpt":{"rendered":"<p>API Capacitors bietet eine breite Palette von D\u00e4mpfungskondensatoren f\u00fcr GTO, IGCT und andere Thyristor-Ger\u00e4te an. Strom, Spannung, Gr\u00f6\u00dfe, Masse und Anschl\u00fcsse werden an die Anforderungen und Anwendungen des Kunden angepasst, einige davon sind unten aufgef\u00fchrt. Eine lange Lebensdauer und hohe Zuverl\u00e4ssigkeit werden durch eine extrem niedrige Defektdichte, hochisotaktische, metallisierte Polypropylen-Dielektrikumsfolie erreicht, die einen erweiterten Temperaturbereich [&hellip;]<\/p>\n","protected":false},"author":1,"featured_media":0,"parent":0,"menu_order":0,"comment_status":"closed","ping_status":"closed","template":"","meta":{"site-sidebar-layout":"right-sidebar","site-content-layout":"default","ast-site-content-layout":"default","site-content-style":"default","site-sidebar-style":"default","ast-global-header-display":"","ast-banner-title-visibility":"","ast-main-header-display":"","ast-hfb-above-header-display":"","ast-hfb-below-header-display":"","ast-hfb-mobile-header-display":"","site-post-title":"disabled","ast-breadcrumbs-content":"","ast-featured-img":"disabled","footer-sml-layout":"","ast-disable-related-posts":"","theme-transparent-header-meta":"","adv-header-id-meta":"","stick-header-meta":"","header-above-stick-meta":"","header-main-stick-meta":"","header-below-stick-meta":"","astra-migrate-meta-layouts":"default","ast-page-background-enabled":"default","ast-page-background-meta":{"desktop":{"background-color":"","background-image":"","background-repeat":"repeat","background-position":"center center","background-size":"auto","background-attachment":"scroll","background-type":"","background-media":"","overlay-type":"","overlay-color":"","overlay-opacity":"","overlay-gradient":""},"tablet":{"background-color":"","background-image":"","background-repeat":"repeat","background-position":"center center","background-size":"auto","background-attachment":"scroll","background-type":"","background-media":"","overlay-type":"","overlay-color":"","overlay-opacity":"","overlay-gradient":""},"mobile":{"background-color":"","background-image":"","background-repeat":"repeat","background-position":"center center","background-size":"auto","background-attachment":"scroll","background-type":"","background-media":"","overlay-type":"","overlay-color":"","overlay-opacity":"","overlay-gradient":""}},"ast-content-background-meta":{"desktop":{"background-color":"var(--ast-global-color-5)","background-image":"","background-repeat":"repeat","background-position":"center center","background-size":"auto","background-attachment":"scroll","background-type":"","background-media":"","overlay-type":"","overlay-color":"","overlay-opacity":"","overlay-gradient":""},"tablet":{"background-color":"var(--ast-global-color-5)","background-image":"","background-repeat":"repeat","background-position":"center center","background-size":"auto","background-attachment":"scroll","background-type":"","background-media":"","overlay-type":"","overlay-color":"","overlay-opacity":"","overlay-gradient":""},"mobile":{"background-color":"var(--ast-global-color-5)","background-image":"","background-repeat":"repeat","background-position":"center center","background-size":"auto","background-attachment":"scroll","background-type":"","background-media":"","overlay-type":"","overlay-color":"","overlay-opacity":"","overlay-gradient":""}},"footnotes":""},"class_list":["post-815","page","type-page","status-publish","hentry"],"yoast_head":"<!-- This site is optimized with the Yoast SEO plugin v27.5 - https:\/\/yoast.com\/product\/yoast-seo-wordpress\/ -->\n<title>Snubber-Kondensatoren - API Engineering de<\/title>\n<meta name=\"description\" content=\"API Capacitors offers a range of high-quality snubber capacitors designed to handle high voltage and high current applications, providing reliable and efficient performance for a variety of industrial and commercial uses.\" \/>\n<meta name=\"robots\" content=\"index, follow, max-snippet:-1, max-image-preview:large, max-video-preview:-1\" \/>\n<link rel=\"canonical\" href=\"https:\/\/www.api-capacitors.com\/de\/snubber-capacitors\/\" \/>\n<meta property=\"og:locale\" content=\"en_GB\" \/>\n<meta property=\"og:type\" content=\"article\" \/>\n<meta property=\"og:title\" content=\"Snubber-Kondensatoren - API Engineering de\" \/>\n<meta property=\"og:description\" content=\"API Capacitors offers a range of high-quality snubber capacitors designed to handle high voltage and high current applications, providing reliable and efficient performance for a variety of industrial and commercial uses.\" \/>\n<meta property=\"og:url\" content=\"https:\/\/www.api-capacitors.com\/de\/snubber-capacitors\/\" \/>\n<meta property=\"og:site_name\" content=\"API Engineering de\" \/>\n<meta property=\"article:publisher\" content=\"https:\/\/www.facebook.com\/apicapacitorsltd\/\" \/>\n<meta property=\"article:modified_time\" content=\"2024-01-21T16:30:53+00:00\" \/>\n<meta property=\"og:image\" content=\"https:\/\/www.api-capacitors.com\/de\/wp-content\/uploads\/sites\/6\/2022\/06\/APIC_Snubber-Capacitors.png\" \/>\n<meta name=\"twitter:card\" content=\"summary_large_image\" \/>\n<meta name=\"twitter:site\" content=\"@API_Capacitors\" \/>\n<meta name=\"twitter:label1\" content=\"Estimated reading time\" \/>\n\t<meta name=\"twitter:data1\" content=\"2 minutes\" \/>\n<script type=\"application\/ld+json\" class=\"yoast-schema-graph\">{\"@context\":\"https:\\\/\\\/schema.org\",\"@graph\":[{\"@type\":\"WebPage\",\"@id\":\"https:\\\/\\\/www.api-capacitors.com\\\/de\\\/snubber-capacitors\\\/\",\"url\":\"https:\\\/\\\/www.api-capacitors.com\\\/de\\\/snubber-capacitors\\\/\",\"name\":\"Snubber-Kondensatoren - API Engineering de\",\"isPartOf\":{\"@id\":\"https:\\\/\\\/www.api-capacitors.com\\\/de\\\/#website\"},\"primaryImageOfPage\":{\"@id\":\"https:\\\/\\\/www.api-capacitors.com\\\/de\\\/snubber-capacitors\\\/#primaryimage\"},\"image\":{\"@id\":\"https:\\\/\\\/www.api-capacitors.com\\\/de\\\/snubber-capacitors\\\/#primaryimage\"},\"thumbnailUrl\":\"https:\\\/\\\/www.api-capacitors.com\\\/de\\\/wp-content\\\/uploads\\\/sites\\\/6\\\/2022\\\/06\\\/APIC_Snubber-Capacitors.png\",\"datePublished\":\"2022-06-09T09:20:13+00:00\",\"dateModified\":\"2024-01-21T16:30:53+00:00\",\"description\":\"API Capacitors offers a range of high-quality snubber capacitors designed to handle high voltage and high current applications, providing reliable and efficient performance for a variety of industrial and commercial uses.\",\"breadcrumb\":{\"@id\":\"https:\\\/\\\/www.api-capacitors.com\\\/de\\\/snubber-capacitors\\\/#breadcrumb\"},\"inLanguage\":\"en-GB\",\"potentialAction\":[{\"@type\":\"ReadAction\",\"target\":[\"https:\\\/\\\/www.api-capacitors.com\\\/de\\\/snubber-capacitors\\\/\"]}]},{\"@type\":\"ImageObject\",\"inLanguage\":\"en-GB\",\"@id\":\"https:\\\/\\\/www.api-capacitors.com\\\/de\\\/snubber-capacitors\\\/#primaryimage\",\"url\":\"https:\\\/\\\/www.api-capacitors.com\\\/de\\\/wp-content\\\/uploads\\\/sites\\\/6\\\/2022\\\/06\\\/APIC_Snubber-Capacitors.png\",\"contentUrl\":\"https:\\\/\\\/www.api-capacitors.com\\\/de\\\/wp-content\\\/uploads\\\/sites\\\/6\\\/2022\\\/06\\\/APIC_Snubber-Capacitors.png\",\"width\":426,\"height\":337,\"caption\":\"Snubber Capacitors\"},{\"@type\":\"BreadcrumbList\",\"@id\":\"https:\\\/\\\/www.api-capacitors.com\\\/de\\\/snubber-capacitors\\\/#breadcrumb\",\"itemListElement\":[{\"@type\":\"ListItem\",\"position\":1,\"name\":\"Home\",\"item\":\"https:\\\/\\\/www.api-capacitors.com\\\/de\\\/\"},{\"@type\":\"ListItem\",\"position\":2,\"name\":\"Snubber-Kondensatoren\"}]},{\"@type\":\"WebSite\",\"@id\":\"https:\\\/\\\/www.api-capacitors.com\\\/de\\\/#website\",\"url\":\"https:\\\/\\\/www.api-capacitors.com\\\/de\\\/\",\"name\":\"API Engineering de\",\"description\":\"DC Capacitors, AC Capacitors, Snubber Capacitors , Track Circuit Capacitors, Pulse Power Capacitors and Custom Capacitors\",\"publisher\":{\"@id\":\"https:\\\/\\\/www.api-capacitors.com\\\/de\\\/#organization\"},\"potentialAction\":[{\"@type\":\"SearchAction\",\"target\":{\"@type\":\"EntryPoint\",\"urlTemplate\":\"https:\\\/\\\/www.api-capacitors.com\\\/de\\\/?s={search_term_string}\"},\"query-input\":{\"@type\":\"PropertyValueSpecification\",\"valueRequired\":true,\"valueName\":\"search_term_string\"}}],\"inLanguage\":\"en-GB\"},{\"@type\":\"Organization\",\"@id\":\"https:\\\/\\\/www.api-capacitors.com\\\/de\\\/#organization\",\"name\":\"API Engineering de\",\"url\":\"https:\\\/\\\/www.api-capacitors.com\\\/de\\\/\",\"logo\":{\"@type\":\"ImageObject\",\"inLanguage\":\"en-GB\",\"@id\":\"https:\\\/\\\/www.api-capacitors.com\\\/de\\\/#\\\/schema\\\/logo\\\/image\\\/\",\"url\":\"https:\\\/\\\/www.api-capacitors.com\\\/de\\\/wp-content\\\/uploads\\\/sites\\\/6\\\/2022\\\/05\\\/cropped-NewLogos-06-e1653513321928.png\",\"contentUrl\":\"https:\\\/\\\/www.api-capacitors.com\\\/de\\\/wp-content\\\/uploads\\\/sites\\\/6\\\/2022\\\/05\\\/cropped-NewLogos-06-e1653513321928.png\",\"width\":1404,\"height\":222,\"caption\":\"API Engineering de\"},\"image\":{\"@id\":\"https:\\\/\\\/www.api-capacitors.com\\\/de\\\/#\\\/schema\\\/logo\\\/image\\\/\"},\"sameAs\":[\"https:\\\/\\\/www.facebook.com\\\/apicapacitorsltd\\\/\",\"https:\\\/\\\/x.com\\\/API_Capacitors\",\"https:\\\/\\\/www.linkedin.com\\\/company\\\/apicapacitorsltd\\\/\"]}]}<\/script>\n<!-- \/ Yoast SEO plugin. -->","yoast_head_json":{"title":"Snubber-Kondensatoren - API Engineering de","description":"API Capacitors offers a range of high-quality snubber capacitors designed to handle high voltage and high current applications, providing reliable and efficient performance for a variety of industrial and commercial uses.","robots":{"index":"index","follow":"follow","max-snippet":"max-snippet:-1","max-image-preview":"max-image-preview:large","max-video-preview":"max-video-preview:-1"},"canonical":"https:\/\/www.api-capacitors.com\/de\/snubber-capacitors\/","og_locale":"en_GB","og_type":"article","og_title":"Snubber-Kondensatoren - API Engineering de","og_description":"API Capacitors offers a range of high-quality snubber capacitors designed to handle high voltage and high current applications, providing reliable and efficient performance for a variety of industrial and commercial uses.","og_url":"https:\/\/www.api-capacitors.com\/de\/snubber-capacitors\/","og_site_name":"API Engineering de","article_publisher":"https:\/\/www.facebook.com\/apicapacitorsltd\/","article_modified_time":"2024-01-21T16:30:53+00:00","og_image":[{"url":"https:\/\/www.api-capacitors.com\/de\/wp-content\/uploads\/sites\/6\/2022\/06\/APIC_Snubber-Capacitors.png","type":"","width":"","height":""}],"twitter_card":"summary_large_image","twitter_site":"@API_Capacitors","twitter_misc":{"Estimated reading time":"2 minutes"},"schema":{"@context":"https:\/\/schema.org","@graph":[{"@type":"WebPage","@id":"https:\/\/www.api-capacitors.com\/de\/snubber-capacitors\/","url":"https:\/\/www.api-capacitors.com\/de\/snubber-capacitors\/","name":"Snubber-Kondensatoren - API Engineering de","isPartOf":{"@id":"https:\/\/www.api-capacitors.com\/de\/#website"},"primaryImageOfPage":{"@id":"https:\/\/www.api-capacitors.com\/de\/snubber-capacitors\/#primaryimage"},"image":{"@id":"https:\/\/www.api-capacitors.com\/de\/snubber-capacitors\/#primaryimage"},"thumbnailUrl":"https:\/\/www.api-capacitors.com\/de\/wp-content\/uploads\/sites\/6\/2022\/06\/APIC_Snubber-Capacitors.png","datePublished":"2022-06-09T09:20:13+00:00","dateModified":"2024-01-21T16:30:53+00:00","description":"API Capacitors offers a range of high-quality snubber capacitors designed to handle high voltage and high current applications, providing reliable and efficient performance for a variety of industrial and commercial uses.","breadcrumb":{"@id":"https:\/\/www.api-capacitors.com\/de\/snubber-capacitors\/#breadcrumb"},"inLanguage":"en-GB","potentialAction":[{"@type":"ReadAction","target":["https:\/\/www.api-capacitors.com\/de\/snubber-capacitors\/"]}]},{"@type":"ImageObject","inLanguage":"en-GB","@id":"https:\/\/www.api-capacitors.com\/de\/snubber-capacitors\/#primaryimage","url":"https:\/\/www.api-capacitors.com\/de\/wp-content\/uploads\/sites\/6\/2022\/06\/APIC_Snubber-Capacitors.png","contentUrl":"https:\/\/www.api-capacitors.com\/de\/wp-content\/uploads\/sites\/6\/2022\/06\/APIC_Snubber-Capacitors.png","width":426,"height":337,"caption":"Snubber Capacitors"},{"@type":"BreadcrumbList","@id":"https:\/\/www.api-capacitors.com\/de\/snubber-capacitors\/#breadcrumb","itemListElement":[{"@type":"ListItem","position":1,"name":"Home","item":"https:\/\/www.api-capacitors.com\/de\/"},{"@type":"ListItem","position":2,"name":"Snubber-Kondensatoren"}]},{"@type":"WebSite","@id":"https:\/\/www.api-capacitors.com\/de\/#website","url":"https:\/\/www.api-capacitors.com\/de\/","name":"API Engineering de","description":"DC Capacitors, AC Capacitors, Snubber Capacitors , Track Circuit Capacitors, Pulse Power Capacitors and Custom Capacitors","publisher":{"@id":"https:\/\/www.api-capacitors.com\/de\/#organization"},"potentialAction":[{"@type":"SearchAction","target":{"@type":"EntryPoint","urlTemplate":"https:\/\/www.api-capacitors.com\/de\/?s={search_term_string}"},"query-input":{"@type":"PropertyValueSpecification","valueRequired":true,"valueName":"search_term_string"}}],"inLanguage":"en-GB"},{"@type":"Organization","@id":"https:\/\/www.api-capacitors.com\/de\/#organization","name":"API Engineering de","url":"https:\/\/www.api-capacitors.com\/de\/","logo":{"@type":"ImageObject","inLanguage":"en-GB","@id":"https:\/\/www.api-capacitors.com\/de\/#\/schema\/logo\/image\/","url":"https:\/\/www.api-capacitors.com\/de\/wp-content\/uploads\/sites\/6\/2022\/05\/cropped-NewLogos-06-e1653513321928.png","contentUrl":"https:\/\/www.api-capacitors.com\/de\/wp-content\/uploads\/sites\/6\/2022\/05\/cropped-NewLogos-06-e1653513321928.png","width":1404,"height":222,"caption":"API Engineering de"},"image":{"@id":"https:\/\/www.api-capacitors.com\/de\/#\/schema\/logo\/image\/"},"sameAs":["https:\/\/www.facebook.com\/apicapacitorsltd\/","https:\/\/x.com\/API_Capacitors","https:\/\/www.linkedin.com\/company\/apicapacitorsltd\/"]}]}},"_links":{"self":[{"href":"https:\/\/www.api-capacitors.com\/de\/wp-json\/wp\/v2\/pages\/815","targetHints":{"allow":["GET"]}}],"collection":[{"href":"https:\/\/www.api-capacitors.com\/de\/wp-json\/wp\/v2\/pages"}],"about":[{"href":"https:\/\/www.api-capacitors.com\/de\/wp-json\/wp\/v2\/types\/page"}],"author":[{"embeddable":true,"href":"https:\/\/www.api-capacitors.com\/de\/wp-json\/wp\/v2\/users\/1"}],"replies":[{"embeddable":true,"href":"https:\/\/www.api-capacitors.com\/de\/wp-json\/wp\/v2\/comments?post=815"}],"version-history":[{"count":76,"href":"https:\/\/www.api-capacitors.com\/de\/wp-json\/wp\/v2\/pages\/815\/revisions"}],"predecessor-version":[{"id":2742,"href":"https:\/\/www.api-capacitors.com\/de\/wp-json\/wp\/v2\/pages\/815\/revisions\/2742"}],"wp:attachment":[{"href":"https:\/\/www.api-capacitors.com\/de\/wp-json\/wp\/v2\/media?parent=815"}],"curies":[{"name":"wp","href":"https:\/\/api.w.org\/{rel}","templated":true}]}}