{"id":718,"date":"2022-05-24T11:57:24","date_gmt":"2022-05-24T11:57:24","guid":{"rendered":"https:\/\/www.api-capacitors.com\/de\/?page_id=718"},"modified":"2024-01-21T16:29:19","modified_gmt":"2024-01-21T16:29:19","slug":"obsolete-parts","status":"publish","type":"page","link":"https:\/\/www.api-capacitors.com\/de\/obsolete-parts\/","title":{"rendered":"Veraltete Teile"},"content":{"rendered":"\t\t<div data-elementor-type=\"wp-page\" data-elementor-id=\"718\" class=\"elementor elementor-718\">\n\t\t\t\t\t\t<section class=\"elementor-section elementor-top-section elementor-element elementor-element-434d2b1c elementor-section-full_width elementor-section-stretched elementor-section-height-default elementor-section-height-default\" data-id=\"434d2b1c\" data-element_type=\"section\" data-e-type=\"section\" data-settings=\"{&quot;stretch_section&quot;:&quot;section-stretched&quot;}\">\n\t\t\t\t\t\t<div class=\"elementor-container elementor-column-gap-default\">\n\t\t\t\t\t<div class=\"elementor-column elementor-col-100 elementor-top-column elementor-element elementor-element-a3b80de\" data-id=\"a3b80de\" data-element_type=\"column\" data-e-type=\"column\">\n\t\t\t<div class=\"elementor-widget-wrap elementor-element-populated\">\n\t\t\t\t\t\t<div class=\"elementor-element elementor-element-3bac558 elementor-widget elementor-widget-text-editor\" data-id=\"3bac558\" data-element_type=\"widget\" data-e-type=\"widget\" data-widget_type=\"text-editor.default\">\n\t\t\t\t<div class=\"elementor-widget-container\">\n\t\t\t\t\t\t\t\t\t<p><\/p>\n<h2 class=\"wp-block-heading\">API-\u00c4quivalente f\u00fcr aktuelle und veraltete Kondensatoren<\/h2>\n<p><\/p>\n<p><\/p>\n<p>Kunden, die Ersatzkondensatoren f\u00fcr aktuelle und eingestellte Leistungskondensatoren mit metallisiertem Film und Film\/Folientechnologie suchen, k\u00f6nnen diese direkt von API Capacitors beziehen.<\/p>\n<p><\/p>\n<p><\/p>\n<p>In den meisten F\u00e4llen k\u00f6nnen problemlos alternative Kondensatoren bereitgestellt werden. API Capacitors ist spezialisiert auf die Gestaltung und Lieferung von Trockenfilm- und Silikon\u00f6limpr\u00e4gnierten Kondensatoren unter Verwendung modernster Designprinzipien und Fertigungstechnologien.<\/p>\n<p><\/p>\n<p><\/p>\n<p>In vielen Anwendungen m\u00fcssen Leistungskondensatoren vor Erreichen des Endes ihrer Lebensdauer ersetzt werden. Dies gilt insbesondere f\u00fcr die Sanierung in der Mitte der Lebensdauer in den Bereichen Schienenverkehr und Marine. Diese Sanierungen finden typischerweise nach 20-30 Jahren Betrieb statt, und es ist h\u00e4ufig festzustellen, dass die Kondensatoren nicht mehr vom urspr\u00fcnglichen OEM hergestellt werden, was den Benutzer mit einem ernsthaften Veraltungsproblem konfrontiert.<\/p>\n<p><\/p>\n<p><\/p>\n<h3 class=\"wp-block-heading\"><span style=\"color: #8f0213;\">API ist auf die Lieferung von Kondensatoren spezialisiert, die speziell entwickelt wurden, um den Anforderungen der Anwendung eines Kunden gerecht zu werden. Diese F\u00e4higkeit erm\u00f6glicht es APIC, eine L\u00f6sung f\u00fcr die meisten Veraltungsprobleme anzubieten.<\/span><\/h3>\n<p>&nbsp;<\/p>\n<p><img fetchpriority=\"high\" decoding=\"async\" class=\"wp-image-2464 size-full aligncenter\" src=\"https:\/\/www.api-capacitors.com\/de\/wp-content\/uploads\/2023\/04\/reliable.jpg\" alt=\"\" width=\"600\" height=\"338\" srcset=\"https:\/\/www.api-capacitors.com\/de\/wp-content\/uploads\/sites\/6\/2023\/04\/reliable.jpg 600w, https:\/\/www.api-capacitors.com\/de\/wp-content\/uploads\/sites\/6\/2023\/04\/reliable-300x169.jpg 300w\" sizes=\"(max-width: 600px) 100vw, 600px\" \/><\/p>\n<p><\/p>\n<p><\/p>\n<p><strong>\u00a0<\/strong><\/p>\n<p><strong>Wir k\u00f6nnen Ersatzprodukte f\u00fcr die meisten Marken von Kondensatoren anbieten, einschlie\u00dflich, aber nicht beschr\u00e4nkt auf:<\/strong><\/p>\n<p><\/p>\n<p><\/p>\n<ul class=\"wp-block-list\">\n  <li>NWL<\/li>\n  <li>EPCOS<\/li>\n  <li>TDK<\/li>\n  <li>Vishay<\/li>\n  <li>Electronicon<\/li>\n<\/ul>\n<p><\/p>\n<p><\/p>\n<p>Wenn Sie Anforderungen an eine dieser Marken oder au\u00dferhalb dieser Marken haben, kontaktieren Sie bitte ein Mitglied unseres Verkaufsteams.<\/p>\n<p><\/p>\n<p><\/p>\n<p>APIC bietet eine umfangreiche Palette von Snubber-Kondensatoren f\u00fcr \u00e4ltere Gate-Turn-Off-Thyristor-Schaltungen und hat eine zunehmende Nachfrage nach diesen Kondensatoren festgestellt, da mehrere Mainstream-Hersteller viele dieser Kondensatordesigns einstellen.<\/p>\n<p><\/p>\n<p><\/p>\n<p>API Capacitors hat L\u00f6sungen f\u00fcr viele Kunden bereitgestellt, die sich mit Veraltungsproblemen konfrontiert sahen. Einige Beispiele sind:<\/p>\n<p><\/p>\n<p><\/p>\n<p>Eurostar International Class 373 Lokomotiven \u2013 API Capacitors hat erfolgreich das Design und die Produktion eines d\u00fcnn dielektrischen Filmkondensators zur Ersetzung einer Bank von Siemens Elektrolytkondensatoren durchgef\u00fchrt, die in den Nebenumrichterschaltungen (Hotel Lastumrichter) der Z\u00fcge verwendet werden. Diese Kondensatoren versorgen alle Beleuchtungs-, Heiz-, L\u00fcftungs- und anderen Hotelanlagen in den Fahrgastr\u00e4umen.<\/p>\n<p><\/p>\n<p><\/p>\n<p>London Underground Central Line \u2013 APIC hat k\u00fcrzlich die Lieferung von Ersatzfilterkondensatoren f\u00fcr alle 92TS-Fahrzeuge im Rahmen des Lebensdauerverl\u00e4ngerungsprogramms und der \u00dcberholung der Traktionssysteme abgeschlossen, um sicherzustellen, dass diese Z\u00fcge weitere 15\u201320 Jahre betrieben werden k\u00f6nnen.<\/p>\n<p><\/p>\n<p><\/p>\n<p>Brush Traction \u2013 API Capacitors hat eine Reihe veralteter Designs von Leistungskondensatoren f\u00fcr den Einsatz in zwei brandneuen batterieelektrischen Lokomotiven entwickelt und geliefert, die in Gro\u00dfbritannien f\u00fcr die MTR Corporation in Hongkong auf der Grundlage von Designs aus den 1980er Jahren gebaut wurden. API wurde als Spezialhersteller ausgew\u00e4hlt, da wir in der Lage sind, retrofitted Kondensatordesigns neu zu erstellen. Die Aufgabe bestand darin, die Kompatibilit\u00e4t mit vorhandenem Rollmaterial aufrechtzuerhalten.<\/p>\n<p><\/p>\n<p><\/p>\n<p>All unsere Kunden von API Capacitors profitieren von einem vollst\u00e4ndig austauschbaren Produkt mit \u00fcberlegener Leistung, Effizienz und Zuverl\u00e4ssigkeit.<\/p>\n<p><\/p>\n\t\t\t\t\t\t\t\t<\/div>\n\t\t\t\t<\/div>\n\t\t\t\t\t<\/div>\n\t\t<\/div>\n\t\t\t\t\t<\/div>\n\t\t<\/section>\n\t\t\t\t<\/div>\n\t\t","protected":false},"excerpt":{"rendered":"<p>API-\u00c4quivalente f\u00fcr aktuelle und veraltete Kondensatoren Kunden, die Ersatzkondensatoren f\u00fcr aktuelle und eingestellte Leistungskondensatoren mit metallisiertem Film und Film\/Folientechnologie suchen, k\u00f6nnen diese direkt von API Capacitors beziehen. In den meisten F\u00e4llen k\u00f6nnen problemlos alternative Kondensatoren bereitgestellt werden. API Capacitors ist spezialisiert auf die Gestaltung und Lieferung von Trockenfilm- und Silikon\u00f6limpr\u00e4gnierten Kondensatoren unter Verwendung modernster Designprinzipien [&hellip;]<\/p>\n","protected":false},"author":1,"featured_media":1127,"parent":0,"menu_order":0,"comment_status":"closed","ping_status":"closed","template":"","meta":{"site-sidebar-layout":"right-sidebar","site-content-layout":"","ast-site-content-layout":"default","site-content-style":"default","site-sidebar-style":"default","ast-global-header-display":"","ast-banner-title-visibility":"","ast-main-header-display":"","ast-hfb-above-header-display":"","ast-hfb-below-header-display":"","ast-hfb-mobile-header-display":"","site-post-title":"","ast-breadcrumbs-content":"","ast-featured-img":"","footer-sml-layout":"","ast-disable-related-posts":"","theme-transparent-header-meta":"","adv-header-id-meta":"","stick-header-meta":"","header-above-stick-meta":"","header-main-stick-meta":"","header-below-stick-meta":"","astra-migrate-meta-layouts":"default","ast-page-background-enabled":"default","ast-page-background-meta":{"desktop":{"background-color":"","background-image":"","background-repeat":"repeat","background-position":"center center","background-size":"auto","background-attachment":"scroll","background-type":"","background-media":"","overlay-type":"","overlay-color":"","overlay-opacity":"","overlay-gradient":""},"tablet":{"background-color":"","background-image":"","background-repeat":"repeat","background-position":"center center","background-size":"auto","background-attachment":"scroll","background-type":"","background-media":"","overlay-type":"","overlay-color":"","overlay-opacity":"","overlay-gradient":""},"mobile":{"background-color":"","background-image":"","background-repeat":"repeat","background-position":"center center","background-size":"auto","background-attachment":"scroll","background-type":"","background-media":"","overlay-type":"","overlay-color":"","overlay-opacity":"","overlay-gradient":""}},"ast-content-background-meta":{"desktop":{"background-color":"var(--ast-global-color-5)","background-image":"","background-repeat":"repeat","background-position":"center center","background-size":"auto","background-attachment":"scroll","background-type":"","background-media":"","overlay-type":"","overlay-color":"","overlay-opacity":"","overlay-gradient":""},"tablet":{"background-color":"var(--ast-global-color-5)","background-image":"","background-repeat":"repeat","background-position":"center center","background-size":"auto","background-attachment":"scroll","background-type":"","background-media":"","overlay-type":"","overlay-color":"","overlay-opacity":"","overlay-gradient":""},"mobile":{"background-color":"var(--ast-global-color-5)","background-image":"","background-repeat":"repeat","background-position":"center center","background-size":"auto","background-attachment":"scroll","background-type":"","background-media":"","overlay-type":"","overlay-color":"","overlay-opacity":"","overlay-gradient":""}},"footnotes":""},"class_list":["post-718","page","type-page","status-publish","has-post-thumbnail","hentry"],"yoast_head":"<!-- This site is optimized with the Yoast SEO plugin v27.4 - https:\/\/yoast.com\/product\/yoast-seo-wordpress\/ -->\n<title>Veraltete Teile - API Engineering de<\/title>\n<meta name=\"description\" content=\"Discover how API Capacitors can help with obsolete parts replacement. Our custom capacitor design solutions can replace discontinued or obsolete capacitors from other manufacturers, ensuring your systems continue to operate at peak efficiency.\" \/>\n<meta name=\"robots\" content=\"index, follow, max-snippet:-1, max-image-preview:large, max-video-preview:-1\" \/>\n<link rel=\"canonical\" href=\"https:\/\/www.api-capacitors.com\/de\/obsolete-parts\/\" \/>\n<meta property=\"og:locale\" content=\"en_GB\" \/>\n<meta property=\"og:type\" content=\"article\" \/>\n<meta property=\"og:title\" content=\"Veraltete Teile - API Engineering de\" \/>\n<meta property=\"og:description\" content=\"Discover how API Capacitors can help with obsolete parts replacement. Our custom capacitor design solutions can replace discontinued or obsolete capacitors from other manufacturers, ensuring your systems continue to operate at peak efficiency.\" \/>\n<meta property=\"og:url\" content=\"https:\/\/www.api-capacitors.com\/de\/obsolete-parts\/\" \/>\n<meta property=\"og:site_name\" content=\"API Engineering de\" \/>\n<meta property=\"article:publisher\" content=\"https:\/\/www.facebook.com\/apicapacitorsltd\/\" \/>\n<meta property=\"article:modified_time\" content=\"2024-01-21T16:29:19+00:00\" \/>\n<meta property=\"og:image\" content=\"https:\/\/www.api-capacitors.com\/de\/wp-content\/uploads\/sites\/6\/2022\/06\/Obsolete-parts2-1.jpg\" \/>\n\t<meta property=\"og:image:width\" content=\"1600\" \/>\n\t<meta property=\"og:image:height\" content=\"657\" \/>\n\t<meta property=\"og:image:type\" content=\"image\/jpeg\" \/>\n<meta name=\"twitter:card\" content=\"summary_large_image\" \/>\n<meta name=\"twitter:site\" content=\"@API_Capacitors\" \/>\n<meta name=\"twitter:label1\" content=\"Estimated reading time\" \/>\n\t<meta name=\"twitter:data1\" content=\"2 minutes\" \/>\n<script type=\"application\/ld+json\" class=\"yoast-schema-graph\">{\"@context\":\"https:\\\/\\\/schema.org\",\"@graph\":[{\"@type\":\"WebPage\",\"@id\":\"https:\\\/\\\/www.api-capacitors.com\\\/de\\\/obsolete-parts\\\/\",\"url\":\"https:\\\/\\\/www.api-capacitors.com\\\/de\\\/obsolete-parts\\\/\",\"name\":\"Veraltete Teile - API Engineering de\",\"isPartOf\":{\"@id\":\"https:\\\/\\\/www.api-capacitors.com\\\/de\\\/#website\"},\"primaryImageOfPage\":{\"@id\":\"https:\\\/\\\/www.api-capacitors.com\\\/de\\\/obsolete-parts\\\/#primaryimage\"},\"image\":{\"@id\":\"https:\\\/\\\/www.api-capacitors.com\\\/de\\\/obsolete-parts\\\/#primaryimage\"},\"thumbnailUrl\":\"https:\\\/\\\/www.api-capacitors.com\\\/de\\\/wp-content\\\/uploads\\\/sites\\\/6\\\/2022\\\/06\\\/Obsolete-parts2-1.jpg\",\"datePublished\":\"2022-05-24T11:57:24+00:00\",\"dateModified\":\"2024-01-21T16:29:19+00:00\",\"description\":\"Discover how API Capacitors can help with obsolete parts replacement. Our custom capacitor design solutions can replace discontinued or obsolete capacitors from other manufacturers, ensuring your systems continue to operate at peak efficiency.\",\"breadcrumb\":{\"@id\":\"https:\\\/\\\/www.api-capacitors.com\\\/de\\\/obsolete-parts\\\/#breadcrumb\"},\"inLanguage\":\"en-GB\",\"potentialAction\":[{\"@type\":\"ReadAction\",\"target\":[\"https:\\\/\\\/www.api-capacitors.com\\\/de\\\/obsolete-parts\\\/\"]}]},{\"@type\":\"ImageObject\",\"inLanguage\":\"en-GB\",\"@id\":\"https:\\\/\\\/www.api-capacitors.com\\\/de\\\/obsolete-parts\\\/#primaryimage\",\"url\":\"https:\\\/\\\/www.api-capacitors.com\\\/de\\\/wp-content\\\/uploads\\\/sites\\\/6\\\/2022\\\/06\\\/Obsolete-parts2-1.jpg\",\"contentUrl\":\"https:\\\/\\\/www.api-capacitors.com\\\/de\\\/wp-content\\\/uploads\\\/sites\\\/6\\\/2022\\\/06\\\/Obsolete-parts2-1.jpg\",\"width\":1600,\"height\":657,\"caption\":\"Obsolete Capacitors\"},{\"@type\":\"BreadcrumbList\",\"@id\":\"https:\\\/\\\/www.api-capacitors.com\\\/de\\\/obsolete-parts\\\/#breadcrumb\",\"itemListElement\":[{\"@type\":\"ListItem\",\"position\":1,\"name\":\"Home\",\"item\":\"https:\\\/\\\/www.api-capacitors.com\\\/de\\\/\"},{\"@type\":\"ListItem\",\"position\":2,\"name\":\"Veraltete Teile\"}]},{\"@type\":\"WebSite\",\"@id\":\"https:\\\/\\\/www.api-capacitors.com\\\/de\\\/#website\",\"url\":\"https:\\\/\\\/www.api-capacitors.com\\\/de\\\/\",\"name\":\"API Engineering de\",\"description\":\"DC Capacitors, AC Capacitors, Snubber Capacitors , Track Circuit Capacitors, Pulse Power Capacitors and Custom Capacitors\",\"publisher\":{\"@id\":\"https:\\\/\\\/www.api-capacitors.com\\\/de\\\/#organization\"},\"potentialAction\":[{\"@type\":\"SearchAction\",\"target\":{\"@type\":\"EntryPoint\",\"urlTemplate\":\"https:\\\/\\\/www.api-capacitors.com\\\/de\\\/?s={search_term_string}\"},\"query-input\":{\"@type\":\"PropertyValueSpecification\",\"valueRequired\":true,\"valueName\":\"search_term_string\"}}],\"inLanguage\":\"en-GB\"},{\"@type\":\"Organization\",\"@id\":\"https:\\\/\\\/www.api-capacitors.com\\\/de\\\/#organization\",\"name\":\"API Engineering de\",\"url\":\"https:\\\/\\\/www.api-capacitors.com\\\/de\\\/\",\"logo\":{\"@type\":\"ImageObject\",\"inLanguage\":\"en-GB\",\"@id\":\"https:\\\/\\\/www.api-capacitors.com\\\/de\\\/#\\\/schema\\\/logo\\\/image\\\/\",\"url\":\"https:\\\/\\\/www.api-capacitors.com\\\/de\\\/wp-content\\\/uploads\\\/sites\\\/6\\\/2022\\\/05\\\/cropped-NewLogos-06-e1653513321928.png\",\"contentUrl\":\"https:\\\/\\\/www.api-capacitors.com\\\/de\\\/wp-content\\\/uploads\\\/sites\\\/6\\\/2022\\\/05\\\/cropped-NewLogos-06-e1653513321928.png\",\"width\":1404,\"height\":222,\"caption\":\"API Engineering de\"},\"image\":{\"@id\":\"https:\\\/\\\/www.api-capacitors.com\\\/de\\\/#\\\/schema\\\/logo\\\/image\\\/\"},\"sameAs\":[\"https:\\\/\\\/www.facebook.com\\\/apicapacitorsltd\\\/\",\"https:\\\/\\\/x.com\\\/API_Capacitors\",\"https:\\\/\\\/www.linkedin.com\\\/company\\\/apicapacitorsltd\\\/\"]}]}<\/script>\n<!-- \/ Yoast SEO plugin. -->","yoast_head_json":{"title":"Veraltete Teile - API Engineering de","description":"Discover how API Capacitors can help with obsolete parts replacement. Our custom capacitor design solutions can replace discontinued or obsolete capacitors from other manufacturers, ensuring your systems continue to operate at peak efficiency.","robots":{"index":"index","follow":"follow","max-snippet":"max-snippet:-1","max-image-preview":"max-image-preview:large","max-video-preview":"max-video-preview:-1"},"canonical":"https:\/\/www.api-capacitors.com\/de\/obsolete-parts\/","og_locale":"en_GB","og_type":"article","og_title":"Veraltete Teile - API Engineering de","og_description":"Discover how API Capacitors can help with obsolete parts replacement. Our custom capacitor design solutions can replace discontinued or obsolete capacitors from other manufacturers, ensuring your systems continue to operate at peak efficiency.","og_url":"https:\/\/www.api-capacitors.com\/de\/obsolete-parts\/","og_site_name":"API Engineering de","article_publisher":"https:\/\/www.facebook.com\/apicapacitorsltd\/","article_modified_time":"2024-01-21T16:29:19+00:00","og_image":[{"width":1600,"height":657,"url":"https:\/\/www.api-capacitors.com\/de\/wp-content\/uploads\/sites\/6\/2022\/06\/Obsolete-parts2-1.jpg","type":"image\/jpeg"}],"twitter_card":"summary_large_image","twitter_site":"@API_Capacitors","twitter_misc":{"Estimated reading time":"2 minutes"},"schema":{"@context":"https:\/\/schema.org","@graph":[{"@type":"WebPage","@id":"https:\/\/www.api-capacitors.com\/de\/obsolete-parts\/","url":"https:\/\/www.api-capacitors.com\/de\/obsolete-parts\/","name":"Veraltete Teile - API Engineering de","isPartOf":{"@id":"https:\/\/www.api-capacitors.com\/de\/#website"},"primaryImageOfPage":{"@id":"https:\/\/www.api-capacitors.com\/de\/obsolete-parts\/#primaryimage"},"image":{"@id":"https:\/\/www.api-capacitors.com\/de\/obsolete-parts\/#primaryimage"},"thumbnailUrl":"https:\/\/www.api-capacitors.com\/de\/wp-content\/uploads\/sites\/6\/2022\/06\/Obsolete-parts2-1.jpg","datePublished":"2022-05-24T11:57:24+00:00","dateModified":"2024-01-21T16:29:19+00:00","description":"Discover how API Capacitors can help with obsolete parts replacement. Our custom capacitor design solutions can replace discontinued or obsolete capacitors from other manufacturers, ensuring your systems continue to operate at peak efficiency.","breadcrumb":{"@id":"https:\/\/www.api-capacitors.com\/de\/obsolete-parts\/#breadcrumb"},"inLanguage":"en-GB","potentialAction":[{"@type":"ReadAction","target":["https:\/\/www.api-capacitors.com\/de\/obsolete-parts\/"]}]},{"@type":"ImageObject","inLanguage":"en-GB","@id":"https:\/\/www.api-capacitors.com\/de\/obsolete-parts\/#primaryimage","url":"https:\/\/www.api-capacitors.com\/de\/wp-content\/uploads\/sites\/6\/2022\/06\/Obsolete-parts2-1.jpg","contentUrl":"https:\/\/www.api-capacitors.com\/de\/wp-content\/uploads\/sites\/6\/2022\/06\/Obsolete-parts2-1.jpg","width":1600,"height":657,"caption":"Obsolete Capacitors"},{"@type":"BreadcrumbList","@id":"https:\/\/www.api-capacitors.com\/de\/obsolete-parts\/#breadcrumb","itemListElement":[{"@type":"ListItem","position":1,"name":"Home","item":"https:\/\/www.api-capacitors.com\/de\/"},{"@type":"ListItem","position":2,"name":"Veraltete Teile"}]},{"@type":"WebSite","@id":"https:\/\/www.api-capacitors.com\/de\/#website","url":"https:\/\/www.api-capacitors.com\/de\/","name":"API Engineering de","description":"DC Capacitors, AC Capacitors, Snubber Capacitors , Track Circuit Capacitors, Pulse Power Capacitors and Custom Capacitors","publisher":{"@id":"https:\/\/www.api-capacitors.com\/de\/#organization"},"potentialAction":[{"@type":"SearchAction","target":{"@type":"EntryPoint","urlTemplate":"https:\/\/www.api-capacitors.com\/de\/?s={search_term_string}"},"query-input":{"@type":"PropertyValueSpecification","valueRequired":true,"valueName":"search_term_string"}}],"inLanguage":"en-GB"},{"@type":"Organization","@id":"https:\/\/www.api-capacitors.com\/de\/#organization","name":"API Engineering de","url":"https:\/\/www.api-capacitors.com\/de\/","logo":{"@type":"ImageObject","inLanguage":"en-GB","@id":"https:\/\/www.api-capacitors.com\/de\/#\/schema\/logo\/image\/","url":"https:\/\/www.api-capacitors.com\/de\/wp-content\/uploads\/sites\/6\/2022\/05\/cropped-NewLogos-06-e1653513321928.png","contentUrl":"https:\/\/www.api-capacitors.com\/de\/wp-content\/uploads\/sites\/6\/2022\/05\/cropped-NewLogos-06-e1653513321928.png","width":1404,"height":222,"caption":"API Engineering de"},"image":{"@id":"https:\/\/www.api-capacitors.com\/de\/#\/schema\/logo\/image\/"},"sameAs":["https:\/\/www.facebook.com\/apicapacitorsltd\/","https:\/\/x.com\/API_Capacitors","https:\/\/www.linkedin.com\/company\/apicapacitorsltd\/"]}]}},"_links":{"self":[{"href":"https:\/\/www.api-capacitors.com\/de\/wp-json\/wp\/v2\/pages\/718","targetHints":{"allow":["GET"]}}],"collection":[{"href":"https:\/\/www.api-capacitors.com\/de\/wp-json\/wp\/v2\/pages"}],"about":[{"href":"https:\/\/www.api-capacitors.com\/de\/wp-json\/wp\/v2\/types\/page"}],"author":[{"embeddable":true,"href":"https:\/\/www.api-capacitors.com\/de\/wp-json\/wp\/v2\/users\/1"}],"replies":[{"embeddable":true,"href":"https:\/\/www.api-capacitors.com\/de\/wp-json\/wp\/v2\/comments?post=718"}],"version-history":[{"count":57,"href":"https:\/\/www.api-capacitors.com\/de\/wp-json\/wp\/v2\/pages\/718\/revisions"}],"predecessor-version":[{"id":2740,"href":"https:\/\/www.api-capacitors.com\/de\/wp-json\/wp\/v2\/pages\/718\/revisions\/2740"}],"wp:featuredmedia":[{"embeddable":true,"href":"https:\/\/www.api-capacitors.com\/de\/wp-json\/wp\/v2\/media\/1127"}],"wp:attachment":[{"href":"https:\/\/www.api-capacitors.com\/de\/wp-json\/wp\/v2\/media?parent=718"}],"curies":[{"name":"wp","href":"https:\/\/api.w.org\/{rel}","templated":true}]}}