{"id":37,"date":"2021-05-25T09:45:42","date_gmt":"2021-05-25T09:45:42","guid":{"rendered":"https:\/\/www.api-capacitors.com\/de\/home-3\/"},"modified":"2024-01-22T09:58:44","modified_gmt":"2024-01-22T09:58:44","slug":"home","status":"publish","type":"page","link":"https:\/\/www.api-capacitors.com\/de\/","title":{"rendered":"Startseite"},"content":{"rendered":"\t\t<div data-elementor-type=\"wp-page\" data-elementor-id=\"37\" class=\"elementor elementor-37\">\n\t\t\t\t\t\t<section class=\"elementor-section elementor-top-section elementor-element elementor-element-8cbc483 elementor-section-boxed elementor-section-height-default elementor-section-height-default\" data-id=\"8cbc483\" data-element_type=\"section\" data-e-type=\"section\">\n\t\t\t\t\t\t<div class=\"elementor-container elementor-column-gap-default\">\n\t\t\t\t\t<div class=\"elementor-column elementor-col-100 elementor-top-column elementor-element elementor-element-106cf41\" data-id=\"106cf41\" data-element_type=\"column\" data-e-type=\"column\">\n\t\t\t<div class=\"elementor-widget-wrap elementor-element-populated\">\n\t\t\t\t\t\t<div class=\"elementor-element elementor-element-d7f259a elementor-widget elementor-widget-shortcode\" data-id=\"d7f259a\" data-element_type=\"widget\" data-e-type=\"widget\" data-widget_type=\"shortcode.default\">\n\t\t\t\t<div class=\"elementor-widget-container\">\n\t\t\t\t\t\t\t<div class=\"elementor-shortcode\">\n<\/div>\n\t\t\t\t\t\t<\/div>\n\t\t\t\t<\/div>\n\t\t\t\t\t<\/div>\n\t\t<\/div>\n\t\t\t\t\t<\/div>\n\t\t<\/section>\n\t\t\t\t<section class=\"elementor-section elementor-top-section elementor-element elementor-element-63d55e7 elementor-section-height-min-height elementor-section-boxed elementor-section-height-default elementor-section-items-middle\" data-id=\"63d55e7\" data-element_type=\"section\" data-e-type=\"section\">\n\t\t\t\t\t\t<div class=\"elementor-container elementor-column-gap-default\">\n\t\t\t\t\t<div class=\"elementor-column elementor-col-100 elementor-top-column elementor-element elementor-element-1b4b5f2\" data-id=\"1b4b5f2\" data-element_type=\"column\" data-e-type=\"column\">\n\t\t\t<div class=\"elementor-widget-wrap elementor-element-populated\">\n\t\t\t\t\t\t<div class=\"elementor-element elementor-element-111eef1 elementor-widget elementor-widget-image-carousel\" data-id=\"111eef1\" data-element_type=\"widget\" data-e-type=\"widget\" data-settings=\"{&quot;slides_to_show&quot;:&quot;5&quot;,&quot;slides_to_show_tablet&quot;:&quot;5&quot;,&quot;navigation&quot;:&quot;none&quot;,&quot;autoplay&quot;:&quot;no&quot;,&quot;infinite&quot;:&quot;no&quot;}\" data-widget_type=\"image-carousel.default\">\n\t\t\t\t<div class=\"elementor-widget-container\">\n\t\t\t\t\t\t\t<div class=\"elementor-image-carousel-wrapper swiper\" role=\"region\" aria-roledescription=\"carousel\" aria-label=\"Image Carousel\" dir=\"ltr\">\n\t\t\t<div class=\"elementor-image-carousel swiper-wrapper\" aria-live=\"polite\">\n\t\t\t\t\t\t\t\t<div class=\"swiper-slide\" role=\"group\" aria-roledescription=\"slide\" aria-label=\"1 of 5\"><figure class=\"swiper-slide-inner\"><img decoding=\"async\" class=\"swiper-slide-image\" src=\"https:\/\/www.api-capacitors.com\/de\/wp-content\/uploads\/sites\/6\/2022\/05\/cli1.png\" alt=\"cli1\" \/><\/figure><\/div><div class=\"swiper-slide\" role=\"group\" aria-roledescription=\"slide\" aria-label=\"2 of 5\"><figure class=\"swiper-slide-inner\"><img decoding=\"async\" class=\"swiper-slide-image\" src=\"https:\/\/www.api-capacitors.com\/de\/wp-content\/uploads\/sites\/6\/2022\/05\/cli6.png\" alt=\"Royal Navy client logo\" \/><\/figure><\/div><div class=\"swiper-slide\" role=\"group\" aria-roledescription=\"slide\" aria-label=\"3 of 5\"><figure class=\"swiper-slide-inner\"><img decoding=\"async\" class=\"swiper-slide-image\" src=\"https:\/\/www.api-capacitors.com\/de\/wp-content\/uploads\/sites\/6\/2022\/05\/cli4-150x56.png\" alt=\"Eurostar client logo\" \/><\/figure><\/div><div class=\"swiper-slide\" role=\"group\" aria-roledescription=\"slide\" aria-label=\"4 of 5\"><figure class=\"swiper-slide-inner\"><img decoding=\"async\" class=\"swiper-slide-image\" src=\"https:\/\/www.api-capacitors.com\/de\/wp-content\/uploads\/sites\/6\/2022\/05\/cli2.png\" alt=\"Cern client logo\" \/><\/figure><\/div><div class=\"swiper-slide\" role=\"group\" aria-roledescription=\"slide\" aria-label=\"5 of 5\"><figure class=\"swiper-slide-inner\"><img decoding=\"async\" class=\"swiper-slide-image\" src=\"https:\/\/www.api-capacitors.com\/de\/wp-content\/uploads\/sites\/6\/2022\/05\/cli3.png\" alt=\"London underground client logo\" \/><\/figure><\/div>\t\t\t<\/div>\n\t\t\t\t\t\t\t\n\t\t\t\t\t\t\t\t\t<\/div>\n\t\t\t\t\t\t<\/div>\n\t\t\t\t<\/div>\n\t\t\t\t\t<\/div>\n\t\t<\/div>\n\t\t\t\t\t<\/div>\n\t\t<\/section>\n\t\t\t\t<section class=\"elementor-section elementor-top-section elementor-element elementor-element-ce12de7 elementor-section-height-min-height elementor-section-items-stretch elementor-section-boxed elementor-section-height-default\" data-id=\"ce12de7\" data-element_type=\"section\" data-e-type=\"section\" data-settings=\"{&quot;background_background&quot;:&quot;classic&quot;}\">\n\t\t\t\t\t\t<div class=\"elementor-container elementor-column-gap-no\">\n\t\t\t\t\t<div class=\"elementor-column elementor-col-50 elementor-top-column elementor-element elementor-element-c5cfda3\" data-id=\"c5cfda3\" data-element_type=\"column\" data-e-type=\"column\">\n\t\t\t<div class=\"elementor-widget-wrap elementor-element-populated\">\n\t\t\t\t\t\t<div class=\"elementor-element elementor-element-a3620c9 elementor-widget elementor-widget-heading\" data-id=\"a3620c9\" data-element_type=\"widget\" data-e-type=\"widget\" data-widget_type=\"heading.default\">\n\t\t\t\t<div class=\"elementor-widget-container\">\n\t\t\t\t\t<h1 class=\"elementor-heading-title elementor-size-default\">API Capacitors ist der f\u00fchrende britische Designer und Hersteller von Hochleistungs-Leistungskondensatoren f\u00fcr Anwendungen in der Leistungselektronik.<\/h1>\t\t\t\t<\/div>\n\t\t\t\t<\/div>\n\t\t\t\t<div class=\"elementor-element elementor-element-facbdee elementor-mobile-align-center elementor-tablet-align-left elementor-widget elementor-widget-button\" data-id=\"facbdee\" data-element_type=\"widget\" data-e-type=\"widget\" data-widget_type=\"button.default\">\n\t\t\t\t<div class=\"elementor-widget-container\">\n\t\t\t\t\t\t\t\t\t<div class=\"elementor-button-wrapper\">\n\t\t\t\t\t<a class=\"elementor-button elementor-button-link elementor-size-sm\" href=\"\/de\/design\/\">\n\t\t\t\t\t\t<span class=\"elementor-button-content-wrapper\">\n\t\t\t\t\t\t\t\t\t<span class=\"elementor-button-text\">Erfahren Sie mehr<\/span>\n\t\t\t\t\t<\/span>\n\t\t\t\t\t<\/a>\n\t\t\t\t<\/div>\n\t\t\t\t\t\t\t\t<\/div>\n\t\t\t\t<\/div>\n\t\t\t\t\t<\/div>\n\t\t<\/div>\n\t\t\t\t<div class=\"elementor-column elementor-col-50 elementor-top-column elementor-element elementor-element-3bced13\" data-id=\"3bced13\" data-element_type=\"column\" data-e-type=\"column\">\n\t\t\t<div class=\"elementor-widget-wrap elementor-element-populated\">\n\t\t\t\t\t\t<div class=\"elementor-element elementor-element-0440781 elementor-widget elementor-widget-text-editor\" data-id=\"0440781\" data-element_type=\"widget\" data-e-type=\"widget\" data-widget_type=\"text-editor.default\">\n\t\t\t\t<div class=\"elementor-widget-container\">\n\t\t\t\t\t\t\t\t\t<p>Unsere umfangreiche Produktpalette von Filterkondensatoren, Snubberkondensatoren und Energiespeicherkondensatoren bedient die professionellen M\u00e4rkte f\u00fcr Schienenantriebe, industrielle Antriebe, Leistungsanpassung und Avionik, zusammen mit Entladungskondensatoren f\u00fcr medizinische, Plasma- und Impulsstromanwendungen. Die St\u00e4rke des Unternehmens liegt darin, eng mit seinen Kunden zusammenzuarbeiten und das Produkt genau auf die spezifische Anwendung zuzuschneiden, damit es genau wie erforderlich und mit vollst\u00e4ndiger Zuverl\u00e4ssigkeit funktioniert.<\/p>\t\t\t\t\t\t\t\t<\/div>\n\t\t\t\t<\/div>\n\t\t\t\t\t<\/div>\n\t\t<\/div>\n\t\t\t\t\t<\/div>\n\t\t<\/section>\n\t\t\t\t<section class=\"elementor-section elementor-top-section elementor-element elementor-element-79e142d elementor-section-boxed elementor-section-height-default elementor-section-height-default\" data-id=\"79e142d\" data-element_type=\"section\" data-e-type=\"section\">\n\t\t\t\t\t\t<div class=\"elementor-container elementor-column-gap-default\">\n\t\t\t\t\t<div class=\"elementor-column elementor-col-50 elementor-top-column elementor-element elementor-element-4424fd4\" data-id=\"4424fd4\" data-element_type=\"column\" data-e-type=\"column\">\n\t\t\t<div class=\"elementor-widget-wrap\">\n\t\t\t\t\t\t\t<\/div>\n\t\t<\/div>\n\t\t\t\t<div class=\"elementor-column elementor-col-50 elementor-top-column elementor-element elementor-element-306059f\" data-id=\"306059f\" data-element_type=\"column\" data-e-type=\"column\">\n\t\t\t<div class=\"elementor-widget-wrap\">\n\t\t\t\t\t\t\t<\/div>\n\t\t<\/div>\n\t\t\t\t\t<\/div>\n\t\t<\/section>\n\t\t\t\t<section class=\"elementor-section elementor-top-section elementor-element elementor-element-ec8d1b8 elementor-section-boxed elementor-section-height-default elementor-section-height-default\" data-id=\"ec8d1b8\" data-element_type=\"section\" data-e-type=\"section\">\n\t\t\t\t\t\t<div class=\"elementor-container elementor-column-gap-default\">\n\t\t\t\t\t<div class=\"elementor-column elementor-col-50 elementor-top-column elementor-element elementor-element-8538851\" data-id=\"8538851\" data-element_type=\"column\" data-e-type=\"column\">\n\t\t\t<div class=\"elementor-widget-wrap\">\n\t\t\t\t\t\t\t<\/div>\n\t\t<\/div>\n\t\t\t\t<div class=\"elementor-column elementor-col-50 elementor-top-column elementor-element elementor-element-03e81dc\" data-id=\"03e81dc\" data-element_type=\"column\" data-e-type=\"column\">\n\t\t\t<div class=\"elementor-widget-wrap\">\n\t\t\t\t\t\t\t<\/div>\n\t\t<\/div>\n\t\t\t\t\t<\/div>\n\t\t<\/section>\n\t\t\t\t<section class=\"elementor-section elementor-top-section elementor-element elementor-element-e0a8fab elementor-section-boxed elementor-section-height-default elementor-section-height-default\" data-id=\"e0a8fab\" data-element_type=\"section\" data-e-type=\"section\">\n\t\t\t\t\t\t<div class=\"elementor-container elementor-column-gap-default\">\n\t\t\t\t\t<div class=\"elementor-column elementor-col-50 elementor-top-column elementor-element elementor-element-fd187b9\" data-id=\"fd187b9\" data-element_type=\"column\" data-e-type=\"column\">\n\t\t\t<div class=\"elementor-widget-wrap\">\n\t\t\t\t\t\t\t<\/div>\n\t\t<\/div>\n\t\t\t\t<div class=\"elementor-column elementor-col-50 elementor-top-column elementor-element elementor-element-4826d8a\" data-id=\"4826d8a\" data-element_type=\"column\" data-e-type=\"column\">\n\t\t\t<div class=\"elementor-widget-wrap\">\n\t\t\t\t\t\t\t<\/div>\n\t\t<\/div>\n\t\t\t\t\t<\/div>\n\t\t<\/section>\n\t\t\t\t<section class=\"elementor-section elementor-top-section elementor-element elementor-element-eeac6ad elementor-section-boxed elementor-section-height-default elementor-section-height-default\" data-id=\"eeac6ad\" data-element_type=\"section\" data-e-type=\"section\" data-settings=\"{&quot;background_background&quot;:&quot;classic&quot;}\">\n\t\t\t\t\t\t\t<div class=\"elementor-background-overlay\"><\/div>\n\t\t\t\t\t\t\t<div class=\"elementor-container elementor-column-gap-no\">\n\t\t\t\t\t<div class=\"elementor-column elementor-col-100 elementor-top-column elementor-element elementor-element-1d23b9d\" data-id=\"1d23b9d\" data-element_type=\"column\" data-e-type=\"column\" data-settings=\"{&quot;background_background&quot;:&quot;classic&quot;}\">\n\t\t\t<div class=\"elementor-widget-wrap elementor-element-populated\">\n\t\t\t\t\t\t<div class=\"elementor-element elementor-element-44fc301 elementor-widget elementor-widget-heading\" data-id=\"44fc301\" data-element_type=\"widget\" data-e-type=\"widget\" data-widget_type=\"heading.default\">\n\t\t\t\t<div class=\"elementor-widget-container\">\n\t\t\t\t\t<h3 class=\"elementor-heading-title elementor-size-default\">Wir kennen uns mit Kondensatoren aus.<\/br>\nSollten Sie uns nicht kennenlernen? <\/br>Geben Sie unten Ihre Details ein, und wir werden uns bei Ihnen melden.\n<\/h3>\t\t\t\t<\/div>\n\t\t\t\t<\/div>\n\t\t\t\t<div class=\"elementor-element elementor-element-9f15fed elementor-widget-divider--view-line elementor-widget elementor-widget-divider\" data-id=\"9f15fed\" data-element_type=\"widget\" data-e-type=\"widget\" data-widget_type=\"divider.default\">\n\t\t\t\t<div class=\"elementor-widget-container\">\n\t\t\t\t\t\t\t<div class=\"elementor-divider\">\n\t\t\t<span class=\"elementor-divider-separator\">\n\t\t\t\t\t\t<\/span>\n\t\t<\/div>\n\t\t\t\t\t\t<\/div>\n\t\t\t\t<\/div>\n\t\t\t\t\t<\/div>\n\t\t<\/div>\n\t\t\t\t\t<\/div>\n\t\t<\/section>\n\t\t\t\t<\/div>\n\t\t","protected":false},"excerpt":{"rendered":"<p>API Capacitors ist der f\u00fchrende britische Designer und Hersteller von Hochleistungs-Leistungskondensatoren f\u00fcr Anwendungen in der Leistungselektronik. Erfahren Sie mehr Unsere umfangreiche Produktpalette von Filterkondensatoren, Snubberkondensatoren und Energiespeicherkondensatoren bedient die professionellen M\u00e4rkte f\u00fcr Schienenantriebe, industrielle Antriebe, Leistungsanpassung und Avionik, zusammen mit Entladungskondensatoren f\u00fcr medizinische, Plasma- und Impulsstromanwendungen. Die St\u00e4rke des Unternehmens liegt darin, eng mit seinen [&hellip;]<\/p>\n","protected":false},"author":1,"featured_media":0,"parent":0,"menu_order":0,"comment_status":"closed","ping_status":"closed","template":"","meta":{"site-sidebar-layout":"no-sidebar","site-content-layout":"page-builder","ast-site-content-layout":"default","site-content-style":"default","site-sidebar-style":"default","ast-global-header-display":"","ast-banner-title-visibility":"","ast-main-header-display":"","ast-hfb-above-header-display":"","ast-hfb-below-header-display":"","ast-hfb-mobile-header-display":"","site-post-title":"disabled","ast-breadcrumbs-content":"disabled","ast-featured-img":"disabled","footer-sml-layout":"","ast-disable-related-posts":"","theme-transparent-header-meta":"disabled","adv-header-id-meta":"","stick-header-meta":"","header-above-stick-meta":"","header-main-stick-meta":"","header-below-stick-meta":"","astra-migrate-meta-layouts":"default","ast-page-background-enabled":"default","ast-page-background-meta":{"desktop":{"background-color":"","background-image":"","background-repeat":"repeat","background-position":"center center","background-size":"auto","background-attachment":"scroll","background-type":"","background-media":"","overlay-type":"","overlay-color":"","overlay-opacity":"","overlay-gradient":""},"tablet":{"background-color":"","background-image":"","background-repeat":"repeat","background-position":"center center","background-size":"auto","background-attachment":"scroll","background-type":"","background-media":"","overlay-type":"","overlay-color":"","overlay-opacity":"","overlay-gradient":""},"mobile":{"background-color":"","background-image":"","background-repeat":"repeat","background-position":"center center","background-size":"auto","background-attachment":"scroll","background-type":"","background-media":"","overlay-type":"","overlay-color":"","overlay-opacity":"","overlay-gradient":""}},"ast-content-background-meta":{"desktop":{"background-color":"var(--ast-global-color-5)","background-image":"","background-repeat":"repeat","background-position":"center center","background-size":"auto","background-attachment":"scroll","background-type":"","background-media":"","overlay-type":"","overlay-color":"","overlay-opacity":"","overlay-gradient":""},"tablet":{"background-color":"var(--ast-global-color-5)","background-image":"","background-repeat":"repeat","background-position":"center center","background-size":"auto","background-attachment":"scroll","background-type":"","background-media":"","overlay-type":"","overlay-color":"","overlay-opacity":"","overlay-gradient":""},"mobile":{"background-color":"var(--ast-global-color-5)","background-image":"","background-repeat":"repeat","background-position":"center center","background-size":"auto","background-attachment":"scroll","background-type":"","background-media":"","overlay-type":"","overlay-color":"","overlay-opacity":"","overlay-gradient":""}},"footnotes":""},"class_list":["post-37","page","type-page","status-publish","hentry"],"yoast_head":"<!-- This site is optimized with the Yoast SEO plugin v27.4 - https:\/\/yoast.com\/product\/yoast-seo-wordpress\/ -->\n<title>API Capacitors | DC Capacitors | AC Capacitors Worldwide<\/title>\n<meta name=\"description\" content=\"Servicing the global rail traction, automotive &amp; avionics, power, marine and medical markets with high quality British capacitors made to design.\" \/>\n<meta name=\"robots\" content=\"index, follow, max-snippet:-1, max-image-preview:large, max-video-preview:-1\" \/>\n<link rel=\"canonical\" href=\"https:\/\/www.api-capacitors.com\/de\/\" \/>\n<meta property=\"og:locale\" content=\"en_GB\" \/>\n<meta property=\"og:type\" content=\"article\" \/>\n<meta property=\"og:title\" content=\"API Capacitors | DC Capacitors | AC Capacitors Worldwide\" \/>\n<meta property=\"og:description\" content=\"Servicing the global rail traction, automotive &amp; avionics, power, marine and medical markets with high quality British capacitors made to design.\" \/>\n<meta property=\"og:url\" content=\"https:\/\/www.api-capacitors.com\/de\/\" \/>\n<meta property=\"og:site_name\" content=\"API Engineering de\" \/>\n<meta property=\"article:publisher\" content=\"https:\/\/www.facebook.com\/apicapacitorsltd\/\" \/>\n<meta property=\"article:modified_time\" content=\"2024-01-22T09:58:44+00:00\" \/>\n<meta property=\"og:image\" content=\"https:\/\/www.api-capacitors.com\/de\/wp-content\/uploads\/sites\/6\/2022\/05\/cli1.png\" \/>\n<meta name=\"twitter:card\" content=\"summary_large_image\" \/>\n<meta name=\"twitter:site\" content=\"@API_Capacitors\" \/>\n<meta name=\"twitter:label1\" content=\"Estimated reading time\" \/>\n\t<meta name=\"twitter:data1\" content=\"4 minutes\" \/>\n<script type=\"application\/ld+json\" class=\"yoast-schema-graph\">{\"@context\":\"https:\\\/\\\/schema.org\",\"@graph\":[{\"@type\":\"WebPage\",\"@id\":\"https:\\\/\\\/www.api-capacitors.com\\\/de\\\/\",\"url\":\"https:\\\/\\\/www.api-capacitors.com\\\/de\\\/\",\"name\":\"API Capacitors | DC Capacitors | AC Capacitors Worldwide\",\"isPartOf\":{\"@id\":\"https:\\\/\\\/www.api-capacitors.com\\\/de\\\/#website\"},\"primaryImageOfPage\":{\"@id\":\"https:\\\/\\\/www.api-capacitors.com\\\/de\\\/#primaryimage\"},\"image\":{\"@id\":\"https:\\\/\\\/www.api-capacitors.com\\\/de\\\/#primaryimage\"},\"thumbnailUrl\":\"https:\\\/\\\/www.api-capacitors.com\\\/de\\\/wp-content\\\/uploads\\\/sites\\\/6\\\/2022\\\/05\\\/cli1.png\",\"datePublished\":\"2021-05-25T09:45:42+00:00\",\"dateModified\":\"2024-01-22T09:58:44+00:00\",\"description\":\"Servicing the global rail traction, automotive & avionics, power, marine and medical markets with high quality British capacitors made to design.\",\"breadcrumb\":{\"@id\":\"https:\\\/\\\/www.api-capacitors.com\\\/de\\\/#breadcrumb\"},\"inLanguage\":\"en-GB\",\"potentialAction\":[{\"@type\":\"ReadAction\",\"target\":[\"https:\\\/\\\/www.api-capacitors.com\\\/de\\\/\"]}]},{\"@type\":\"ImageObject\",\"inLanguage\":\"en-GB\",\"@id\":\"https:\\\/\\\/www.api-capacitors.com\\\/de\\\/#primaryimage\",\"url\":\"https:\\\/\\\/www.api-capacitors.com\\\/de\\\/wp-content\\\/uploads\\\/sites\\\/6\\\/2022\\\/05\\\/cli1.png\",\"contentUrl\":\"https:\\\/\\\/www.api-capacitors.com\\\/de\\\/wp-content\\\/uploads\\\/sites\\\/6\\\/2022\\\/05\\\/cli1.png\",\"width\":116,\"height\":67},{\"@type\":\"BreadcrumbList\",\"@id\":\"https:\\\/\\\/www.api-capacitors.com\\\/de\\\/#breadcrumb\",\"itemListElement\":[{\"@type\":\"ListItem\",\"position\":1,\"name\":\"Home\",\"item\":\"https:\\\/\\\/www.api-capacitors.com\\\/de\\\/\"},{\"@type\":\"ListItem\",\"position\":2,\"name\":\"Startseite\"}]},{\"@type\":\"WebSite\",\"@id\":\"https:\\\/\\\/www.api-capacitors.com\\\/de\\\/#website\",\"url\":\"https:\\\/\\\/www.api-capacitors.com\\\/de\\\/\",\"name\":\"API Engineering de\",\"description\":\"DC Capacitors, AC Capacitors, Snubber Capacitors , Track Circuit Capacitors, Pulse Power Capacitors and Custom Capacitors\",\"publisher\":{\"@id\":\"https:\\\/\\\/www.api-capacitors.com\\\/de\\\/#organization\"},\"potentialAction\":[{\"@type\":\"SearchAction\",\"target\":{\"@type\":\"EntryPoint\",\"urlTemplate\":\"https:\\\/\\\/www.api-capacitors.com\\\/de\\\/?s={search_term_string}\"},\"query-input\":{\"@type\":\"PropertyValueSpecification\",\"valueRequired\":true,\"valueName\":\"search_term_string\"}}],\"inLanguage\":\"en-GB\"},{\"@type\":\"Organization\",\"@id\":\"https:\\\/\\\/www.api-capacitors.com\\\/de\\\/#organization\",\"name\":\"API Engineering de\",\"url\":\"https:\\\/\\\/www.api-capacitors.com\\\/de\\\/\",\"logo\":{\"@type\":\"ImageObject\",\"inLanguage\":\"en-GB\",\"@id\":\"https:\\\/\\\/www.api-capacitors.com\\\/de\\\/#\\\/schema\\\/logo\\\/image\\\/\",\"url\":\"https:\\\/\\\/www.api-capacitors.com\\\/de\\\/wp-content\\\/uploads\\\/sites\\\/6\\\/2022\\\/05\\\/cropped-NewLogos-06-e1653513321928.png\",\"contentUrl\":\"https:\\\/\\\/www.api-capacitors.com\\\/de\\\/wp-content\\\/uploads\\\/sites\\\/6\\\/2022\\\/05\\\/cropped-NewLogos-06-e1653513321928.png\",\"width\":1404,\"height\":222,\"caption\":\"API Engineering de\"},\"image\":{\"@id\":\"https:\\\/\\\/www.api-capacitors.com\\\/de\\\/#\\\/schema\\\/logo\\\/image\\\/\"},\"sameAs\":[\"https:\\\/\\\/www.facebook.com\\\/apicapacitorsltd\\\/\",\"https:\\\/\\\/x.com\\\/API_Capacitors\",\"https:\\\/\\\/www.linkedin.com\\\/company\\\/apicapacitorsltd\\\/\"]}]}<\/script>\n<!-- \/ Yoast SEO plugin. -->","yoast_head_json":{"title":"API Capacitors | DC Capacitors | AC Capacitors Worldwide","description":"Servicing the global rail traction, automotive & avionics, power, marine and medical markets with high quality British capacitors made to design.","robots":{"index":"index","follow":"follow","max-snippet":"max-snippet:-1","max-image-preview":"max-image-preview:large","max-video-preview":"max-video-preview:-1"},"canonical":"https:\/\/www.api-capacitors.com\/de\/","og_locale":"en_GB","og_type":"article","og_title":"API Capacitors | DC Capacitors | AC Capacitors Worldwide","og_description":"Servicing the global rail traction, automotive & avionics, power, marine and medical markets with high quality British capacitors made to design.","og_url":"https:\/\/www.api-capacitors.com\/de\/","og_site_name":"API Engineering de","article_publisher":"https:\/\/www.facebook.com\/apicapacitorsltd\/","article_modified_time":"2024-01-22T09:58:44+00:00","og_image":[{"url":"https:\/\/www.api-capacitors.com\/de\/wp-content\/uploads\/sites\/6\/2022\/05\/cli1.png","type":"","width":"","height":""}],"twitter_card":"summary_large_image","twitter_site":"@API_Capacitors","twitter_misc":{"Estimated reading time":"4 minutes"},"schema":{"@context":"https:\/\/schema.org","@graph":[{"@type":"WebPage","@id":"https:\/\/www.api-capacitors.com\/de\/","url":"https:\/\/www.api-capacitors.com\/de\/","name":"API Capacitors | DC Capacitors | AC Capacitors Worldwide","isPartOf":{"@id":"https:\/\/www.api-capacitors.com\/de\/#website"},"primaryImageOfPage":{"@id":"https:\/\/www.api-capacitors.com\/de\/#primaryimage"},"image":{"@id":"https:\/\/www.api-capacitors.com\/de\/#primaryimage"},"thumbnailUrl":"https:\/\/www.api-capacitors.com\/de\/wp-content\/uploads\/sites\/6\/2022\/05\/cli1.png","datePublished":"2021-05-25T09:45:42+00:00","dateModified":"2024-01-22T09:58:44+00:00","description":"Servicing the global rail traction, automotive & avionics, power, marine and medical markets with high quality British capacitors made to design.","breadcrumb":{"@id":"https:\/\/www.api-capacitors.com\/de\/#breadcrumb"},"inLanguage":"en-GB","potentialAction":[{"@type":"ReadAction","target":["https:\/\/www.api-capacitors.com\/de\/"]}]},{"@type":"ImageObject","inLanguage":"en-GB","@id":"https:\/\/www.api-capacitors.com\/de\/#primaryimage","url":"https:\/\/www.api-capacitors.com\/de\/wp-content\/uploads\/sites\/6\/2022\/05\/cli1.png","contentUrl":"https:\/\/www.api-capacitors.com\/de\/wp-content\/uploads\/sites\/6\/2022\/05\/cli1.png","width":116,"height":67},{"@type":"BreadcrumbList","@id":"https:\/\/www.api-capacitors.com\/de\/#breadcrumb","itemListElement":[{"@type":"ListItem","position":1,"name":"Home","item":"https:\/\/www.api-capacitors.com\/de\/"},{"@type":"ListItem","position":2,"name":"Startseite"}]},{"@type":"WebSite","@id":"https:\/\/www.api-capacitors.com\/de\/#website","url":"https:\/\/www.api-capacitors.com\/de\/","name":"API Engineering de","description":"DC Capacitors, AC Capacitors, Snubber Capacitors , Track Circuit Capacitors, Pulse Power Capacitors and Custom Capacitors","publisher":{"@id":"https:\/\/www.api-capacitors.com\/de\/#organization"},"potentialAction":[{"@type":"SearchAction","target":{"@type":"EntryPoint","urlTemplate":"https:\/\/www.api-capacitors.com\/de\/?s={search_term_string}"},"query-input":{"@type":"PropertyValueSpecification","valueRequired":true,"valueName":"search_term_string"}}],"inLanguage":"en-GB"},{"@type":"Organization","@id":"https:\/\/www.api-capacitors.com\/de\/#organization","name":"API Engineering de","url":"https:\/\/www.api-capacitors.com\/de\/","logo":{"@type":"ImageObject","inLanguage":"en-GB","@id":"https:\/\/www.api-capacitors.com\/de\/#\/schema\/logo\/image\/","url":"https:\/\/www.api-capacitors.com\/de\/wp-content\/uploads\/sites\/6\/2022\/05\/cropped-NewLogos-06-e1653513321928.png","contentUrl":"https:\/\/www.api-capacitors.com\/de\/wp-content\/uploads\/sites\/6\/2022\/05\/cropped-NewLogos-06-e1653513321928.png","width":1404,"height":222,"caption":"API Engineering de"},"image":{"@id":"https:\/\/www.api-capacitors.com\/de\/#\/schema\/logo\/image\/"},"sameAs":["https:\/\/www.facebook.com\/apicapacitorsltd\/","https:\/\/x.com\/API_Capacitors","https:\/\/www.linkedin.com\/company\/apicapacitorsltd\/"]}]}},"_links":{"self":[{"href":"https:\/\/www.api-capacitors.com\/de\/wp-json\/wp\/v2\/pages\/37","targetHints":{"allow":["GET"]}}],"collection":[{"href":"https:\/\/www.api-capacitors.com\/de\/wp-json\/wp\/v2\/pages"}],"about":[{"href":"https:\/\/www.api-capacitors.com\/de\/wp-json\/wp\/v2\/types\/page"}],"author":[{"embeddable":true,"href":"https:\/\/www.api-capacitors.com\/de\/wp-json\/wp\/v2\/users\/1"}],"replies":[{"embeddable":true,"href":"https:\/\/www.api-capacitors.com\/de\/wp-json\/wp\/v2\/comments?post=37"}],"version-history":[{"count":198,"href":"https:\/\/www.api-capacitors.com\/de\/wp-json\/wp\/v2\/pages\/37\/revisions"}],"predecessor-version":[{"id":2762,"href":"https:\/\/www.api-capacitors.com\/de\/wp-json\/wp\/v2\/pages\/37\/revisions\/2762"}],"wp:attachment":[{"href":"https:\/\/www.api-capacitors.com\/de\/wp-json\/wp\/v2\/media?parent=37"}],"curies":[{"name":"wp","href":"https:\/\/api.w.org\/{rel}","templated":true}]}}