{"id":34,"date":"2021-05-25T09:11:38","date_gmt":"2021-05-25T09:11:38","guid":{"rendered":"https:\/\/www.api-capacitors.com\/de\/contact\/"},"modified":"2024-01-21T16:23:18","modified_gmt":"2024-01-21T16:23:18","slug":"contact-us","status":"publish","type":"page","link":"https:\/\/www.api-capacitors.com\/de\/contact-us\/","title":{"rendered":"Kontakt"},"content":{"rendered":"\t\t<div data-elementor-type=\"wp-page\" data-elementor-id=\"34\" class=\"elementor elementor-34\">\n\t\t\t\t\t\t<section class=\"elementor-section elementor-top-section elementor-element elementor-element-66196e0 elementor-section-boxed elementor-section-height-default elementor-section-height-default\" data-id=\"66196e0\" data-element_type=\"section\" data-e-type=\"section\">\n\t\t\t\t\t\t<div class=\"elementor-container elementor-column-gap-no\">\n\t\t\t\t\t<div class=\"elementor-column elementor-col-50 elementor-top-column elementor-element elementor-element-3132bcf\" data-id=\"3132bcf\" data-element_type=\"column\" data-e-type=\"column\">\n\t\t\t<div class=\"elementor-widget-wrap elementor-element-populated\">\n\t\t\t\t\t\t<div class=\"elementor-element elementor-element-ab70d0a elementor-widget elementor-widget-heading\" data-id=\"ab70d0a\" data-element_type=\"widget\" data-e-type=\"widget\" data-widget_type=\"heading.default\">\n\t\t\t\t<div class=\"elementor-widget-container\">\n\t\t\t\t\t<h2 class=\"elementor-heading-title elementor-size-default\">Hauptgesch\u00e4ftsstelle im Vereinigten K\u00f6nigreich<\/h2>\t\t\t\t<\/div>\n\t\t\t\t<\/div>\n\t\t\t\t<div class=\"elementor-element elementor-element-05ea953 elementor-widget elementor-widget-text-editor\" data-id=\"05ea953\" data-element_type=\"widget\" data-e-type=\"widget\" data-widget_type=\"text-editor.default\">\n\t\t\t\t<div class=\"elementor-widget-container\">\n\t\t\t\t\t\t\t\t\t<p>API Capacitors befindet sich auf einem Standort in Great Yarmouth, Gro\u00dfbritannien, sodass Design, Produktion, Vertrieb und After-Sales-Service eng zusammenarbeiten. Ein zus\u00e4tzliches Netzwerk von internationalen Partnern gew\u00e4hrleistet Service auf weltweiter Ebene.<\/p>\t\t\t\t\t\t\t\t<\/div>\n\t\t\t\t<\/div>\n\t\t\t\t<div class=\"elementor-element elementor-element-c20a5c9 elementor-view-framed elementor-position-inline-start elementor-shape-circle elementor-mobile-position-block-start elementor-widget elementor-widget-icon-box\" data-id=\"c20a5c9\" data-element_type=\"widget\" data-e-type=\"widget\" data-widget_type=\"icon-box.default\">\n\t\t\t\t<div class=\"elementor-widget-container\">\n\t\t\t\t\t\t\t<div class=\"elementor-icon-box-wrapper\">\n\n\t\t\t\t\t\t<div class=\"elementor-icon-box-icon\">\n\t\t\t\t<span  class=\"elementor-icon\">\n\t\t\t\t<i aria-hidden=\"true\" class=\"fas fa-phone-alt\"><\/i>\t\t\t\t<\/span>\n\t\t\t<\/div>\n\t\t\t\n\t\t\t\t\t\t<div class=\"elementor-icon-box-content\">\n\n\t\t\t\t\t\t\t\t\t<h4 class=\"elementor-icon-box-title\">\n\t\t\t\t\t\t<span  >\n\t\t\t\t\t\t\tPhone\t\t\t\t\t\t<\/span>\n\t\t\t\t\t<\/h4>\n\t\t\t\t\n\t\t\t\t\t\t\t\t\t<p class=\"elementor-icon-box-description\">\n\t\t\t\t\t\tTel: +44 (0)1493 652752 <br>\nFax: +44 (0)1493 655433\t\t\t\t\t<\/p>\n\t\t\t\t\n\t\t\t<\/div>\n\t\t\t\n\t\t<\/div>\n\t\t\t\t\t\t<\/div>\n\t\t\t\t<\/div>\n\t\t\t\t<div class=\"elementor-element elementor-element-6fc8555 elementor-view-framed elementor-position-inline-start elementor-shape-circle elementor-mobile-position-block-start elementor-widget elementor-widget-icon-box\" data-id=\"6fc8555\" data-element_type=\"widget\" data-e-type=\"widget\" data-widget_type=\"icon-box.default\">\n\t\t\t\t<div class=\"elementor-widget-container\">\n\t\t\t\t\t\t\t<div class=\"elementor-icon-box-wrapper\">\n\n\t\t\t\t\t\t<div class=\"elementor-icon-box-icon\">\n\t\t\t\t<span  class=\"elementor-icon\">\n\t\t\t\t<i aria-hidden=\"true\" class=\"fas fa-envelope\"><\/i>\t\t\t\t<\/span>\n\t\t\t<\/div>\n\t\t\t\n\t\t\t\t\t\t<div class=\"elementor-icon-box-content\">\n\n\t\t\t\t\t\t\t\t\t<h4 class=\"elementor-icon-box-title\">\n\t\t\t\t\t\t<span  >\n\t\t\t\t\t\t\tEmail\t\t\t\t\t\t<\/span>\n\t\t\t\t\t<\/h4>\n\t\t\t\t\n\t\t\t\t\t\t\t\t\t<p class=\"elementor-icon-box-description\">\n\t\t\t\t\t\t<b>Allgemeine Anfragen:<\/b> info@api-capacitors.com<\/br>\n<b>Vertrieb:<\/b> sales@api-capacitors.com<\/br>\n<b>Technischer Support:<\/b> techsupport@api-capacitors.com\t\t\t\t\t<\/p>\n\t\t\t\t\n\t\t\t<\/div>\n\t\t\t\n\t\t<\/div>\n\t\t\t\t\t\t<\/div>\n\t\t\t\t<\/div>\n\t\t\t\t<div class=\"elementor-element elementor-element-7fef229 elementor-view-framed elementor-position-inline-start elementor-shape-circle elementor-mobile-position-block-start elementor-widget elementor-widget-icon-box\" data-id=\"7fef229\" data-element_type=\"widget\" data-e-type=\"widget\" data-widget_type=\"icon-box.default\">\n\t\t\t\t<div class=\"elementor-widget-container\">\n\t\t\t\t\t\t\t<div class=\"elementor-icon-box-wrapper\">\n\n\t\t\t\t\t\t<div class=\"elementor-icon-box-icon\">\n\t\t\t\t<span  class=\"elementor-icon\">\n\t\t\t\t<i aria-hidden=\"true\" class=\"fas fa-map-marker-alt\"><\/i>\t\t\t\t<\/span>\n\t\t\t<\/div>\n\t\t\t\n\t\t\t\t\t\t<div class=\"elementor-icon-box-content\">\n\n\t\t\t\t\t\t\t\t\t<h4 class=\"elementor-icon-box-title\">\n\t\t\t\t\t\t<span  >\n\t\t\t\t\t\t\tAdresse\t\t\t\t\t\t<\/span>\n\t\t\t\t\t<\/h4>\n\t\t\t\t\n\t\t\t\t\t\t\t\t\t<p class=\"elementor-icon-box-description\">\n\t\t\t\t\t\tAPI Capacitors Ltd, <br>\nLeyden Works, Station Road,<br>\nGreat Yarmouth, NR31 0HB.<br>\nUnited Kingdom.\t\t\t\t\t<\/p>\n\t\t\t\t\n\t\t\t<\/div>\n\t\t\t\n\t\t<\/div>\n\t\t\t\t\t\t<\/div>\n\t\t\t\t<\/div>\n\t\t\t\t\t<\/div>\n\t\t<\/div>\n\t\t\t\t<div class=\"elementor-column elementor-col-50 elementor-top-column elementor-element elementor-element-7d368ae\" data-id=\"7d368ae\" data-element_type=\"column\" data-e-type=\"column\" data-settings=\"{&quot;background_background&quot;:&quot;classic&quot;}\">\n\t\t\t<div class=\"elementor-widget-wrap elementor-element-populated\">\n\t\t\t\t\t\t<div class=\"elementor-element elementor-element-4e48206 elementor-widget elementor-widget-shortcode\" data-id=\"4e48206\" data-element_type=\"widget\" data-e-type=\"widget\" data-widget_type=\"shortcode.default\">\n\t\t\t\t<div class=\"elementor-widget-container\">\n\t\t\t\t\t\t\t<div class=\"elementor-shortcode\">\n<div class=\"wpcf7 no-js\" id=\"wpcf7-f1600-o1\" lang=\"en-US\" dir=\"ltr\" data-wpcf7-id=\"1600\">\n<div class=\"screen-reader-response\"><p role=\"status\" aria-live=\"polite\" aria-atomic=\"true\"><\/p> <ul><\/ul><\/div>\n<form action=\"\/de\/wp-json\/wp\/v2\/pages\/34#wpcf7-f1600-o1\" method=\"post\" class=\"wpcf7-form init\" aria-label=\"Contact form\" novalidate=\"novalidate\" data-status=\"init\">\n<fieldset class=\"hidden-fields-container\"><input type=\"hidden\" name=\"_wpcf7\" value=\"1600\" \/><input type=\"hidden\" name=\"_wpcf7_version\" value=\"6.1.5\" \/><input type=\"hidden\" name=\"_wpcf7_locale\" value=\"en_US\" \/><input type=\"hidden\" name=\"_wpcf7_unit_tag\" value=\"wpcf7-f1600-o1\" \/><input type=\"hidden\" name=\"_wpcf7_container_post\" value=\"0\" \/><input type=\"hidden\" name=\"_wpcf7_posted_data_hash\" value=\"\" \/><input type=\"hidden\" name=\"_wpcf7_recaptcha_response\" value=\"\" \/>\n<\/fieldset>\n<label> Name\n    <span class=\"wpcf7-form-control-wrap\" data-name=\"your-name\"><input size=\"40\" maxlength=\"400\" class=\"wpcf7-form-control wpcf7-text wpcf7-validates-as-required\" autocomplete=\"name\" aria-required=\"true\" aria-invalid=\"false\" value=\"\" type=\"text\" name=\"your-name\" \/><\/span> <\/label>\n\n<label> Your email\n    <span class=\"wpcf7-form-control-wrap\" data-name=\"your-email\"><input size=\"40\" maxlength=\"400\" class=\"wpcf7-form-control wpcf7-email wpcf7-validates-as-required wpcf7-text wpcf7-validates-as-email\" autocomplete=\"email\" aria-required=\"true\" aria-invalid=\"false\" value=\"\" type=\"email\" name=\"your-email\" \/><\/span> <\/label>\n\n<label> Subject\n    <span class=\"wpcf7-form-control-wrap\" data-name=\"your-subject\"><input size=\"40\" maxlength=\"400\" class=\"wpcf7-form-control wpcf7-text\" aria-invalid=\"false\" value=\"\" type=\"text\" name=\"your-subject\" \/><\/span> <\/label>\n\n<label> Telephone number\n<span class=\"wpcf7-form-control-wrap\" data-name=\"tel-803\"><input size=\"40\" maxlength=\"400\" class=\"wpcf7-form-control wpcf7-tel wpcf7-text wpcf7-validates-as-tel\" aria-invalid=\"false\" value=\"\" type=\"tel\" name=\"tel-803\" \/><\/span> <\/label>\n\n<label> Your message \n    <span class=\"wpcf7-form-control-wrap\" data-name=\"your-message\"><textarea cols=\"40\" rows=\"10\" maxlength=\"2000\" class=\"wpcf7-form-control wpcf7-textarea\" aria-invalid=\"false\" name=\"your-message\"><\/textarea><\/span> <\/label>\n\n<input class=\"wpcf7-form-control wpcf7-submit has-spinner\" type=\"submit\" value=\"Submit\" \/><p style=\"display: none !important;\" class=\"akismet-fields-container\" data-prefix=\"_wpcf7_ak_\"><label>&#916;<textarea name=\"_wpcf7_ak_hp_textarea\" cols=\"45\" rows=\"8\" maxlength=\"100\"><\/textarea><\/label><input type=\"hidden\" id=\"ak_js_1\" name=\"_wpcf7_ak_js\" value=\"139\"\/><script>document.getElementById( \"ak_js_1\" ).setAttribute( \"value\", ( new Date() ).getTime() );<\/script><\/p><input type='hidden' class='wpcf7-pum' value='{\"closepopup\":false,\"closedelay\":0,\"openpopup\":false,\"openpopup_id\":0}' \/><div class=\"wpcf7-response-output\" aria-hidden=\"true\"><\/div>\n<\/form>\n<\/div>\n<\/div>\n\t\t\t\t\t\t<\/div>\n\t\t\t\t<\/div>\n\t\t\t\t\t<\/div>\n\t\t<\/div>\n\t\t\t\t\t<\/div>\n\t\t<\/section>\n\t\t\t\t<section class=\"elementor-section elementor-top-section elementor-element elementor-element-9454073 elementor-section-full_width elementor-section-height-default elementor-section-height-default\" data-id=\"9454073\" data-element_type=\"section\" data-e-type=\"section\">\n\t\t\t\t\t\t<div class=\"elementor-container elementor-column-gap-no\">\n\t\t\t\t\t<div class=\"elementor-column elementor-col-100 elementor-top-column elementor-element elementor-element-e3fc91b\" data-id=\"e3fc91b\" data-element_type=\"column\" data-e-type=\"column\">\n\t\t\t<div class=\"elementor-widget-wrap elementor-element-populated\">\n\t\t\t\t\t\t<div class=\"elementor-element elementor-element-c06ac31 elementor-widget elementor-widget-google_maps\" data-id=\"c06ac31\" data-element_type=\"widget\" data-e-type=\"widget\" data-widget_type=\"google_maps.default\">\n\t\t\t\t<div class=\"elementor-widget-container\">\n\t\t\t\t\t\t\t<div class=\"elementor-custom-embed\">\n\t\t\t<iframe loading=\"lazy\"\n\t\t\t\t\tsrc=\"https:\/\/maps.google.com\/maps?q=Leyden%20Works%2C%20Station%20Rd%2C%20Great%20Yarmouth%20NR31%200HB&#038;t=m&#038;z=14&#038;output=embed&#038;iwloc=near\"\n\t\t\t\t\ttitle=\"Leyden Works, Station Rd, Great Yarmouth NR31 0HB\"\n\t\t\t\t\taria-label=\"Leyden Works, Station Rd, Great Yarmouth NR31 0HB\"\n\t\t\t><\/iframe>\n\t\t<\/div>\n\t\t\t\t\t\t<\/div>\n\t\t\t\t<\/div>\n\t\t\t\t\t<\/div>\n\t\t<\/div>\n\t\t\t\t\t<\/div>\n\t\t<\/section>\n\t\t\t\t<\/div>\n\t\t","protected":false},"excerpt":{"rendered":"<p>Hauptgesch\u00e4ftsstelle im Vereinigten K\u00f6nigreich API Capacitors befindet sich auf einem Standort in Great Yarmouth, Gro\u00dfbritannien, sodass Design, Produktion, Vertrieb und After-Sales-Service eng zusammenarbeiten. Ein zus\u00e4tzliches Netzwerk von internationalen Partnern gew\u00e4hrleistet Service auf weltweiter Ebene. Phone Tel: +44 (0)1493 652752 Fax: +44 (0)1493 655433 Email Allgemeine Anfragen: info@api-capacitors.com Vertrieb: sales@api-capacitors.com Technischer Support: techsupport@api-capacitors.com Adresse API Capacitors [&hellip;]<\/p>\n","protected":false},"author":1,"featured_media":0,"parent":0,"menu_order":0,"comment_status":"closed","ping_status":"closed","template":"","meta":{"site-sidebar-layout":"no-sidebar","site-content-layout":"page-builder","ast-site-content-layout":"default","site-content-style":"default","site-sidebar-style":"default","ast-global-header-display":"","ast-banner-title-visibility":"","ast-main-header-display":"","ast-hfb-above-header-display":"","ast-hfb-below-header-display":"","ast-hfb-mobile-header-display":"","site-post-title":"disabled","ast-breadcrumbs-content":"disabled","ast-featured-img":"disabled","footer-sml-layout":"","ast-disable-related-posts":"","theme-transparent-header-meta":"disabled","adv-header-id-meta":"","stick-header-meta":"","header-above-stick-meta":"","header-main-stick-meta":"","header-below-stick-meta":"","astra-migrate-meta-layouts":"default","ast-page-background-enabled":"default","ast-page-background-meta":{"desktop":{"background-color":"","background-image":"","background-repeat":"repeat","background-position":"center center","background-size":"auto","background-attachment":"scroll","background-type":"","background-media":"","overlay-type":"","overlay-color":"","overlay-opacity":"","overlay-gradient":""},"tablet":{"background-color":"","background-image":"","background-repeat":"repeat","background-position":"center center","background-size":"auto","background-attachment":"scroll","background-type":"","background-media":"","overlay-type":"","overlay-color":"","overlay-opacity":"","overlay-gradient":""},"mobile":{"background-color":"","background-image":"","background-repeat":"repeat","background-position":"center center","background-size":"auto","background-attachment":"scroll","background-type":"","background-media":"","overlay-type":"","overlay-color":"","overlay-opacity":"","overlay-gradient":""}},"ast-content-background-meta":{"desktop":{"background-color":"var(--ast-global-color-5)","background-image":"","background-repeat":"repeat","background-position":"center center","background-size":"auto","background-attachment":"scroll","background-type":"","background-media":"","overlay-type":"","overlay-color":"","overlay-opacity":"","overlay-gradient":""},"tablet":{"background-color":"var(--ast-global-color-5)","background-image":"","background-repeat":"repeat","background-position":"center center","background-size":"auto","background-attachment":"scroll","background-type":"","background-media":"","overlay-type":"","overlay-color":"","overlay-opacity":"","overlay-gradient":""},"mobile":{"background-color":"var(--ast-global-color-5)","background-image":"","background-repeat":"repeat","background-position":"center center","background-size":"auto","background-attachment":"scroll","background-type":"","background-media":"","overlay-type":"","overlay-color":"","overlay-opacity":"","overlay-gradient":""}},"footnotes":""},"class_list":["post-34","page","type-page","status-publish","hentry"],"yoast_head":"<!-- This site is optimized with the Yoast SEO plugin v27.4 - https:\/\/yoast.com\/product\/yoast-seo-wordpress\/ -->\n<title>Contact API Capacitors Ltd - The UK&#039;s Leading Capacitor Manufacturer<\/title>\n<meta name=\"description\" content=\"API Capacitors is based on one site in Great Yarmouth UK. Our design, production, sales and after-sales departments work closely together. Contact us here.\" \/>\n<meta name=\"robots\" content=\"index, follow, max-snippet:-1, max-image-preview:large, max-video-preview:-1\" \/>\n<link rel=\"canonical\" href=\"https:\/\/www.api-capacitors.com\/de\/contact-us\/\" \/>\n<meta property=\"og:locale\" content=\"en_GB\" \/>\n<meta property=\"og:type\" content=\"article\" \/>\n<meta property=\"og:title\" content=\"Contact API Capacitors Ltd - The UK&#039;s Leading Capacitor Manufacturer\" \/>\n<meta property=\"og:description\" content=\"API Capacitors is based on one site in Great Yarmouth UK. Our design, production, sales and after-sales departments work closely together. Contact us here.\" \/>\n<meta property=\"og:url\" content=\"https:\/\/www.api-capacitors.com\/de\/contact-us\/\" \/>\n<meta property=\"og:site_name\" content=\"API Engineering de\" \/>\n<meta property=\"article:publisher\" content=\"https:\/\/www.facebook.com\/apicapacitorsltd\/\" \/>\n<meta property=\"article:modified_time\" content=\"2024-01-21T16:23:18+00:00\" \/>\n<meta name=\"twitter:card\" content=\"summary_large_image\" \/>\n<meta name=\"twitter:site\" content=\"@API_Capacitors\" \/>\n<meta name=\"twitter:label1\" content=\"Estimated reading time\" \/>\n\t<meta name=\"twitter:data1\" content=\"1 minute\" \/>\n<script type=\"application\/ld+json\" class=\"yoast-schema-graph\">{\"@context\":\"https:\\\/\\\/schema.org\",\"@graph\":[{\"@type\":\"WebPage\",\"@id\":\"https:\\\/\\\/www.api-capacitors.com\\\/de\\\/contact-us\\\/\",\"url\":\"https:\\\/\\\/www.api-capacitors.com\\\/de\\\/contact-us\\\/\",\"name\":\"Contact API Capacitors Ltd - The UK's Leading Capacitor Manufacturer\",\"isPartOf\":{\"@id\":\"https:\\\/\\\/www.api-capacitors.com\\\/de\\\/#website\"},\"datePublished\":\"2021-05-25T09:11:38+00:00\",\"dateModified\":\"2024-01-21T16:23:18+00:00\",\"description\":\"API Capacitors is based on one site in Great Yarmouth UK. Our design, production, sales and after-sales departments work closely together. Contact us here.\",\"breadcrumb\":{\"@id\":\"https:\\\/\\\/www.api-capacitors.com\\\/de\\\/contact-us\\\/#breadcrumb\"},\"inLanguage\":\"en-GB\",\"potentialAction\":[{\"@type\":\"ReadAction\",\"target\":[\"https:\\\/\\\/www.api-capacitors.com\\\/de\\\/contact-us\\\/\"]}]},{\"@type\":\"BreadcrumbList\",\"@id\":\"https:\\\/\\\/www.api-capacitors.com\\\/de\\\/contact-us\\\/#breadcrumb\",\"itemListElement\":[{\"@type\":\"ListItem\",\"position\":1,\"name\":\"Home\",\"item\":\"https:\\\/\\\/www.api-capacitors.com\\\/de\\\/\"},{\"@type\":\"ListItem\",\"position\":2,\"name\":\"Kontakt\"}]},{\"@type\":\"WebSite\",\"@id\":\"https:\\\/\\\/www.api-capacitors.com\\\/de\\\/#website\",\"url\":\"https:\\\/\\\/www.api-capacitors.com\\\/de\\\/\",\"name\":\"API Engineering de\",\"description\":\"DC Capacitors, AC Capacitors, Snubber Capacitors , Track Circuit Capacitors, Pulse Power Capacitors and Custom Capacitors\",\"publisher\":{\"@id\":\"https:\\\/\\\/www.api-capacitors.com\\\/de\\\/#organization\"},\"potentialAction\":[{\"@type\":\"SearchAction\",\"target\":{\"@type\":\"EntryPoint\",\"urlTemplate\":\"https:\\\/\\\/www.api-capacitors.com\\\/de\\\/?s={search_term_string}\"},\"query-input\":{\"@type\":\"PropertyValueSpecification\",\"valueRequired\":true,\"valueName\":\"search_term_string\"}}],\"inLanguage\":\"en-GB\"},{\"@type\":\"Organization\",\"@id\":\"https:\\\/\\\/www.api-capacitors.com\\\/de\\\/#organization\",\"name\":\"API Engineering de\",\"url\":\"https:\\\/\\\/www.api-capacitors.com\\\/de\\\/\",\"logo\":{\"@type\":\"ImageObject\",\"inLanguage\":\"en-GB\",\"@id\":\"https:\\\/\\\/www.api-capacitors.com\\\/de\\\/#\\\/schema\\\/logo\\\/image\\\/\",\"url\":\"https:\\\/\\\/www.api-capacitors.com\\\/de\\\/wp-content\\\/uploads\\\/sites\\\/6\\\/2022\\\/05\\\/cropped-NewLogos-06-e1653513321928.png\",\"contentUrl\":\"https:\\\/\\\/www.api-capacitors.com\\\/de\\\/wp-content\\\/uploads\\\/sites\\\/6\\\/2022\\\/05\\\/cropped-NewLogos-06-e1653513321928.png\",\"width\":1404,\"height\":222,\"caption\":\"API Engineering de\"},\"image\":{\"@id\":\"https:\\\/\\\/www.api-capacitors.com\\\/de\\\/#\\\/schema\\\/logo\\\/image\\\/\"},\"sameAs\":[\"https:\\\/\\\/www.facebook.com\\\/apicapacitorsltd\\\/\",\"https:\\\/\\\/x.com\\\/API_Capacitors\",\"https:\\\/\\\/www.linkedin.com\\\/company\\\/apicapacitorsltd\\\/\"]}]}<\/script>\n<!-- \/ Yoast SEO plugin. -->","yoast_head_json":{"title":"Contact API Capacitors Ltd - The UK's Leading Capacitor Manufacturer","description":"API Capacitors is based on one site in Great Yarmouth UK. Our design, production, sales and after-sales departments work closely together. Contact us here.","robots":{"index":"index","follow":"follow","max-snippet":"max-snippet:-1","max-image-preview":"max-image-preview:large","max-video-preview":"max-video-preview:-1"},"canonical":"https:\/\/www.api-capacitors.com\/de\/contact-us\/","og_locale":"en_GB","og_type":"article","og_title":"Contact API Capacitors Ltd - The UK's Leading Capacitor Manufacturer","og_description":"API Capacitors is based on one site in Great Yarmouth UK. Our design, production, sales and after-sales departments work closely together. Contact us here.","og_url":"https:\/\/www.api-capacitors.com\/de\/contact-us\/","og_site_name":"API Engineering de","article_publisher":"https:\/\/www.facebook.com\/apicapacitorsltd\/","article_modified_time":"2024-01-21T16:23:18+00:00","twitter_card":"summary_large_image","twitter_site":"@API_Capacitors","twitter_misc":{"Estimated reading time":"1 minute"},"schema":{"@context":"https:\/\/schema.org","@graph":[{"@type":"WebPage","@id":"https:\/\/www.api-capacitors.com\/de\/contact-us\/","url":"https:\/\/www.api-capacitors.com\/de\/contact-us\/","name":"Contact API Capacitors Ltd - The UK's Leading Capacitor Manufacturer","isPartOf":{"@id":"https:\/\/www.api-capacitors.com\/de\/#website"},"datePublished":"2021-05-25T09:11:38+00:00","dateModified":"2024-01-21T16:23:18+00:00","description":"API Capacitors is based on one site in Great Yarmouth UK. Our design, production, sales and after-sales departments work closely together. Contact us here.","breadcrumb":{"@id":"https:\/\/www.api-capacitors.com\/de\/contact-us\/#breadcrumb"},"inLanguage":"en-GB","potentialAction":[{"@type":"ReadAction","target":["https:\/\/www.api-capacitors.com\/de\/contact-us\/"]}]},{"@type":"BreadcrumbList","@id":"https:\/\/www.api-capacitors.com\/de\/contact-us\/#breadcrumb","itemListElement":[{"@type":"ListItem","position":1,"name":"Home","item":"https:\/\/www.api-capacitors.com\/de\/"},{"@type":"ListItem","position":2,"name":"Kontakt"}]},{"@type":"WebSite","@id":"https:\/\/www.api-capacitors.com\/de\/#website","url":"https:\/\/www.api-capacitors.com\/de\/","name":"API Engineering de","description":"DC Capacitors, AC Capacitors, Snubber Capacitors , Track Circuit Capacitors, Pulse Power Capacitors and Custom Capacitors","publisher":{"@id":"https:\/\/www.api-capacitors.com\/de\/#organization"},"potentialAction":[{"@type":"SearchAction","target":{"@type":"EntryPoint","urlTemplate":"https:\/\/www.api-capacitors.com\/de\/?s={search_term_string}"},"query-input":{"@type":"PropertyValueSpecification","valueRequired":true,"valueName":"search_term_string"}}],"inLanguage":"en-GB"},{"@type":"Organization","@id":"https:\/\/www.api-capacitors.com\/de\/#organization","name":"API Engineering de","url":"https:\/\/www.api-capacitors.com\/de\/","logo":{"@type":"ImageObject","inLanguage":"en-GB","@id":"https:\/\/www.api-capacitors.com\/de\/#\/schema\/logo\/image\/","url":"https:\/\/www.api-capacitors.com\/de\/wp-content\/uploads\/sites\/6\/2022\/05\/cropped-NewLogos-06-e1653513321928.png","contentUrl":"https:\/\/www.api-capacitors.com\/de\/wp-content\/uploads\/sites\/6\/2022\/05\/cropped-NewLogos-06-e1653513321928.png","width":1404,"height":222,"caption":"API Engineering de"},"image":{"@id":"https:\/\/www.api-capacitors.com\/de\/#\/schema\/logo\/image\/"},"sameAs":["https:\/\/www.facebook.com\/apicapacitorsltd\/","https:\/\/x.com\/API_Capacitors","https:\/\/www.linkedin.com\/company\/apicapacitorsltd\/"]}]}},"_links":{"self":[{"href":"https:\/\/www.api-capacitors.com\/de\/wp-json\/wp\/v2\/pages\/34","targetHints":{"allow":["GET"]}}],"collection":[{"href":"https:\/\/www.api-capacitors.com\/de\/wp-json\/wp\/v2\/pages"}],"about":[{"href":"https:\/\/www.api-capacitors.com\/de\/wp-json\/wp\/v2\/types\/page"}],"author":[{"embeddable":true,"href":"https:\/\/www.api-capacitors.com\/de\/wp-json\/wp\/v2\/users\/1"}],"replies":[{"embeddable":true,"href":"https:\/\/www.api-capacitors.com\/de\/wp-json\/wp\/v2\/comments?post=34"}],"version-history":[{"count":31,"href":"https:\/\/www.api-capacitors.com\/de\/wp-json\/wp\/v2\/pages\/34\/revisions"}],"predecessor-version":[{"id":2726,"href":"https:\/\/www.api-capacitors.com\/de\/wp-json\/wp\/v2\/pages\/34\/revisions\/2726"}],"wp:attachment":[{"href":"https:\/\/www.api-capacitors.com\/de\/wp-json\/wp\/v2\/media?parent=34"}],"curies":[{"name":"wp","href":"https:\/\/api.w.org\/{rel}","templated":true}]}}