{"id":2354,"date":"2023-04-04T10:46:49","date_gmt":"2023-04-04T10:46:49","guid":{"rendered":"https:\/\/www.api-capacitors.com\/de\/?page_id=2354"},"modified":"2024-01-18T13:49:13","modified_gmt":"2024-01-18T13:49:13","slug":"privacy-policy-2","status":"publish","type":"page","link":"https:\/\/www.api-capacitors.com\/de\/privacy-policy-2\/","title":{"rendered":"Privacy Policy"},"content":{"rendered":"\t\t<div data-elementor-type=\"wp-page\" data-elementor-id=\"2354\" class=\"elementor elementor-2354\">\n\t\t\t\t\t\t<section class=\"elementor-section elementor-top-section elementor-element elementor-element-cb8cd4a elementor-section-boxed elementor-section-height-default elementor-section-height-default\" data-id=\"cb8cd4a\" data-element_type=\"section\" data-e-type=\"section\">\n\t\t\t\t\t\t<div class=\"elementor-container elementor-column-gap-default\">\n\t\t\t\t\t<div class=\"elementor-column elementor-col-100 elementor-top-column elementor-element elementor-element-535d5a8\" data-id=\"535d5a8\" data-element_type=\"column\" data-e-type=\"column\">\n\t\t\t<div class=\"elementor-widget-wrap elementor-element-populated\">\n\t\t\t\t\t\t<div class=\"elementor-element elementor-element-a420b0e elementor-widget elementor-widget-text-editor\" data-id=\"a420b0e\" data-element_type=\"widget\" data-e-type=\"widget\" data-widget_type=\"text-editor.default\">\n\t\t\t\t<div class=\"elementor-widget-container\">\n\t\t\t\t\t\t\t\t\t<p>\u00a0<\/p><p><span style=\"font-size: 1.7em; font-weight: bold;\">Datenschutzrichtlinie<\/span><\/p><p><strong>Zuletzt aktualisiert am 04-Apr-2023<\/strong><\/p><p><strong>Wirksam ab 04-Apr-2023<\/strong><\/p><p>Diese Datenschutzrichtlinie beschreibt die Richtlinien von API Capacitors Ltd, API Capacitors Ltd, Leyden Works, Station Road, Great Yarmouth, Norfolk NR31 0HB, Vereinigtes K\u00f6nigreich von Gro\u00dfbritannien und Nordirland (die), E-Mail: sales@api-capacitors.com, Telefon: +4401493652752 zur Erhebung, Nutzung und Offenlegung Ihrer Informationen, die wir erfassen, wenn Sie unsere Website (<a href=\"https:\/\/www.api-capacitors.com\/de\/\">https:\/\/www.api-capacitors.com\/de\/<\/a>) nutzen (der &#8220;Service&#8221;). Durch den Zugriff auf den Dienst oder seine Nutzung stimmen Sie der Erhebung, Nutzung und Offenlegung Ihrer Informationen gem\u00e4\u00df dieser Datenschutzrichtlinie zu. Wenn Sie dem nicht zustimmen, nutzen Sie bitte nicht den Dienst.<\/p><p>Wir k\u00f6nnen diese Datenschutzrichtlinie jederzeit ohne vorherige Ank\u00fcndigung \u00e4ndern und die \u00fcberarbeitete Datenschutzrichtlinie auf dem Dienst ver\u00f6ffentlichen. Die \u00fcberarbeitete Richtlinie tritt 180 Tage nach Ver\u00f6ffentlichung in Kraft, und Ihre fortgesetzte Nutzung des Dienstes nach Ablauf dieser Frist gilt als Annahme der \u00fcberarbeiteten Datenschutzrichtlinie. Daher empfehlen wir Ihnen, diese Seite regelm\u00e4\u00dfig zu \u00fcberpr\u00fcfen.<\/p><h3>Wie wir Ihre Informationen verwenden:<\/h3><p>Wir werden die von Ihnen gesammelten Informationen zu folgenden Zwecken verwenden:<\/p><ul><li>Unterst\u00fctzung<\/li><li>Administrationsinformationen<\/li><\/ul><p>Wenn wir Ihre Informationen f\u00fcr einen anderen Zweck verwenden m\u00f6chten, werden wir Sie um Ihre Zustimmung bitten und Ihre Informationen nur nach Erhalt Ihrer Zustimmung und dann nur f\u00fcr die\/den von Ihnen gew\u00e4hrten Zweck(e) verwenden, es sei denn, wir sind gesetzlich dazu verpflichtet.<\/p><h3>Ihre Rechte:<\/h3><p>Je nach geltendem Recht haben Sie das Recht auf Zugang, Berichtigung oder L\u00f6schung Ihrer personenbezogenen Daten oder das Recht, eine Kopie Ihrer personenbezogenen Daten zu erhalten, die aktive Verarbeitung Ihrer Daten einzuschr\u00e4nken oder zu widersprechen, uns zu bitten, Ihre personenbezogenen Informationen an eine andere Einrichtung zu \u00fcbermitteln, Ihre erteilte Einwilligung zur Verarbeitung Ihrer Daten zu widerrufen, das Recht, eine Beschwerde bei einer Aufsichtsbeh\u00f6rde einzureichen, und andere Rechte, die gem\u00e4\u00df geltendem Recht relevant sein k\u00f6nnen. Um diese Rechte auszu\u00fcben, k\u00f6nnen Sie uns unter sales@api-capacitors.com schreiben. Wir werden auf Ihre Anfrage gem\u00e4\u00df geltendem Recht antworten.<\/p><p>Sie k\u00f6nnen sich von Direktmarketingkommunikationen oder dem Profiling, das wir zu Marketingzwecken durchf\u00fchren, abmelden, indem Sie uns unter sales@api-capacitors.com schreiben. Beachten Sie jedoch, dass Sie, wenn Sie uns nicht erlauben, die erforderlichen personenbezogenen Informationen zu erheben oder zu verarbeiten oder die Einwilligung zur Verarbeitung derselben f\u00fcr die erforderlichen Zwecke zur\u00fcckzuziehen, m\u00f6glicherweise nicht auf die Dienste zugreifen oder diese nutzen k\u00f6nnen, f\u00fcr die Ihre Informationen angefordert wurden.<\/p><h3>Cookies usw.:<\/h3><p>Weitere Informationen dazu, wie wir diese Tracking-Technologien verwenden und welche Auswahlm\u00f6glichkeiten Sie in Bezug auf diese Technologien haben, finden Sie in unserer Cookie-Richtlinie.<\/p><h3>Sicherheit:<\/h3><p>Die Sicherheit Ihrer Informationen ist uns wichtig, und wir werden angemessene Sicherheitsma\u00dfnahmen ergreifen, um den Verlust, Missbrauch oder unbefugte \u00c4nderung Ihrer Informationen unter unserer Kontrolle zu verhindern. Aufgrund der inh\u00e4renten Risiken k\u00f6nnen wir jedoch keine absolute Sicherheit garantieren, und folglich k\u00f6nnen wir die Sicherheit von Informationen, die Sie uns \u00fcbermitteln, nicht gew\u00e4hrleisten oder garantieren. Sie tun dies auf eigenes Risiko.<\/p><h3>Beschwerden \/ Datenschutzbeauftragter:<\/h3><p>Wenn Sie Bedenken oder Fragen zur Verarbeitung Ihrer bei uns verf\u00fcgbaren Informationen haben, k\u00f6nnen Sie unseren Datenschutzbeauftragten unter API Capacitors Ltd, API Capacitors Ltd, Leyden Works, Station Road, Great Yarmouth, E-Mail: sales@api-capacitors.com, kontaktieren. Wir werden Ihre Anliegen gem\u00e4\u00df geltendem Recht behandeln.<\/p><p>\u00a0<\/p>\t\t\t\t\t\t\t\t<\/div>\n\t\t\t\t<\/div>\n\t\t\t\t\t<\/div>\n\t\t<\/div>\n\t\t\t\t\t<\/div>\n\t\t<\/section>\n\t\t\t\t<\/div>\n\t\t","protected":false},"excerpt":{"rendered":"<p>\u00a0 Datenschutzrichtlinie Zuletzt aktualisiert am 04-Apr-2023 Wirksam ab 04-Apr-2023 Diese Datenschutzrichtlinie beschreibt die Richtlinien von API Capacitors Ltd, API Capacitors Ltd, Leyden Works, Station Road, Great Yarmouth, Norfolk NR31 0HB, Vereinigtes K\u00f6nigreich von Gro\u00dfbritannien und Nordirland (die), E-Mail: sales@api-capacitors.com, Telefon: +4401493652752 zur Erhebung, Nutzung und Offenlegung Ihrer Informationen, die wir erfassen, wenn Sie unsere Website [&hellip;]<\/p>\n","protected":false},"author":1,"featured_media":0,"parent":0,"menu_order":0,"comment_status":"closed","ping_status":"closed","template":"","meta":{"site-sidebar-layout":"default","site-content-layout":"","ast-site-content-layout":"default","site-content-style":"default","site-sidebar-style":"default","ast-global-header-display":"","ast-banner-title-visibility":"","ast-main-header-display":"","ast-hfb-above-header-display":"","ast-hfb-below-header-display":"","ast-hfb-mobile-header-display":"","site-post-title":"","ast-breadcrumbs-content":"","ast-featured-img":"","footer-sml-layout":"","ast-disable-related-posts":"","theme-transparent-header-meta":"","adv-header-id-meta":"","stick-header-meta":"","header-above-stick-meta":"","header-main-stick-meta":"","header-below-stick-meta":"","astra-migrate-meta-layouts":"default","ast-page-background-enabled":"default","ast-page-background-meta":{"desktop":{"background-color":"","background-image":"","background-repeat":"repeat","background-position":"center center","background-size":"auto","background-attachment":"scroll","background-type":"","background-media":"","overlay-type":"","overlay-color":"","overlay-opacity":"","overlay-gradient":""},"tablet":{"background-color":"","background-image":"","background-repeat":"repeat","background-position":"center center","background-size":"auto","background-attachment":"scroll","background-type":"","background-media":"","overlay-type":"","overlay-color":"","overlay-opacity":"","overlay-gradient":""},"mobile":{"background-color":"","background-image":"","background-repeat":"repeat","background-position":"center center","background-size":"auto","background-attachment":"scroll","background-type":"","background-media":"","overlay-type":"","overlay-color":"","overlay-opacity":"","overlay-gradient":""}},"ast-content-background-meta":{"desktop":{"background-color":"var(--ast-global-color-5)","background-image":"","background-repeat":"repeat","background-position":"center center","background-size":"auto","background-attachment":"scroll","background-type":"","background-media":"","overlay-type":"","overlay-color":"","overlay-opacity":"","overlay-gradient":""},"tablet":{"background-color":"var(--ast-global-color-5)","background-image":"","background-repeat":"repeat","background-position":"center center","background-size":"auto","background-attachment":"scroll","background-type":"","background-media":"","overlay-type":"","overlay-color":"","overlay-opacity":"","overlay-gradient":""},"mobile":{"background-color":"var(--ast-global-color-5)","background-image":"","background-repeat":"repeat","background-position":"center center","background-size":"auto","background-attachment":"scroll","background-type":"","background-media":"","overlay-type":"","overlay-color":"","overlay-opacity":"","overlay-gradient":""}},"footnotes":""},"class_list":["post-2354","page","type-page","status-publish","hentry"],"yoast_head":"<!-- This site is optimized with the Yoast SEO plugin v27.4 - https:\/\/yoast.com\/product\/yoast-seo-wordpress\/ -->\n<title>Privacy Policy - API Engineering de<\/title>\n<meta name=\"robots\" content=\"index, follow, max-snippet:-1, max-image-preview:large, max-video-preview:-1\" \/>\n<link rel=\"canonical\" href=\"https:\/\/www.api-capacitors.com\/de\/privacy-policy-2\/\" \/>\n<meta property=\"og:locale\" content=\"en_GB\" \/>\n<meta property=\"og:type\" content=\"article\" \/>\n<meta property=\"og:title\" content=\"Privacy Policy - API Engineering de\" \/>\n<meta property=\"og:description\" content=\"\u00a0 Datenschutzrichtlinie Zuletzt aktualisiert am 04-Apr-2023 Wirksam ab 04-Apr-2023 Diese Datenschutzrichtlinie beschreibt die Richtlinien von API Capacitors Ltd, API Capacitors Ltd, Leyden Works, Station Road, Great Yarmouth, Norfolk NR31 0HB, Vereinigtes K\u00f6nigreich von Gro\u00dfbritannien und Nordirland (die), E-Mail: sales@api-capacitors.com, Telefon: +4401493652752 zur Erhebung, Nutzung und Offenlegung Ihrer Informationen, die wir erfassen, wenn Sie unsere Website [&hellip;]\" \/>\n<meta property=\"og:url\" content=\"https:\/\/www.api-capacitors.com\/de\/privacy-policy-2\/\" \/>\n<meta property=\"og:site_name\" content=\"API Engineering de\" \/>\n<meta property=\"article:publisher\" content=\"https:\/\/www.facebook.com\/apicapacitorsltd\/\" \/>\n<meta property=\"article:modified_time\" content=\"2024-01-18T13:49:13+00:00\" \/>\n<meta name=\"twitter:card\" content=\"summary_large_image\" \/>\n<meta name=\"twitter:site\" content=\"@API_Capacitors\" \/>\n<meta name=\"twitter:label1\" content=\"Estimated reading time\" \/>\n\t<meta name=\"twitter:data1\" content=\"3 minutes\" \/>\n<script type=\"application\/ld+json\" class=\"yoast-schema-graph\">{\"@context\":\"https:\\\/\\\/schema.org\",\"@graph\":[{\"@type\":\"WebPage\",\"@id\":\"https:\\\/\\\/www.api-capacitors.com\\\/de\\\/privacy-policy-2\\\/\",\"url\":\"https:\\\/\\\/www.api-capacitors.com\\\/de\\\/privacy-policy-2\\\/\",\"name\":\"Privacy Policy - API Engineering de\",\"isPartOf\":{\"@id\":\"https:\\\/\\\/www.api-capacitors.com\\\/de\\\/#website\"},\"datePublished\":\"2023-04-04T10:46:49+00:00\",\"dateModified\":\"2024-01-18T13:49:13+00:00\",\"breadcrumb\":{\"@id\":\"https:\\\/\\\/www.api-capacitors.com\\\/de\\\/privacy-policy-2\\\/#breadcrumb\"},\"inLanguage\":\"en-GB\",\"potentialAction\":[{\"@type\":\"ReadAction\",\"target\":[\"https:\\\/\\\/www.api-capacitors.com\\\/de\\\/privacy-policy-2\\\/\"]}]},{\"@type\":\"BreadcrumbList\",\"@id\":\"https:\\\/\\\/www.api-capacitors.com\\\/de\\\/privacy-policy-2\\\/#breadcrumb\",\"itemListElement\":[{\"@type\":\"ListItem\",\"position\":1,\"name\":\"Home\",\"item\":\"https:\\\/\\\/www.api-capacitors.com\\\/de\\\/\"},{\"@type\":\"ListItem\",\"position\":2,\"name\":\"Privacy Policy\"}]},{\"@type\":\"WebSite\",\"@id\":\"https:\\\/\\\/www.api-capacitors.com\\\/de\\\/#website\",\"url\":\"https:\\\/\\\/www.api-capacitors.com\\\/de\\\/\",\"name\":\"API Engineering de\",\"description\":\"DC Capacitors, AC Capacitors, Snubber Capacitors , Track Circuit Capacitors, Pulse Power Capacitors and Custom Capacitors\",\"publisher\":{\"@id\":\"https:\\\/\\\/www.api-capacitors.com\\\/de\\\/#organization\"},\"potentialAction\":[{\"@type\":\"SearchAction\",\"target\":{\"@type\":\"EntryPoint\",\"urlTemplate\":\"https:\\\/\\\/www.api-capacitors.com\\\/de\\\/?s={search_term_string}\"},\"query-input\":{\"@type\":\"PropertyValueSpecification\",\"valueRequired\":true,\"valueName\":\"search_term_string\"}}],\"inLanguage\":\"en-GB\"},{\"@type\":\"Organization\",\"@id\":\"https:\\\/\\\/www.api-capacitors.com\\\/de\\\/#organization\",\"name\":\"API Engineering de\",\"url\":\"https:\\\/\\\/www.api-capacitors.com\\\/de\\\/\",\"logo\":{\"@type\":\"ImageObject\",\"inLanguage\":\"en-GB\",\"@id\":\"https:\\\/\\\/www.api-capacitors.com\\\/de\\\/#\\\/schema\\\/logo\\\/image\\\/\",\"url\":\"https:\\\/\\\/www.api-capacitors.com\\\/de\\\/wp-content\\\/uploads\\\/sites\\\/6\\\/2022\\\/05\\\/cropped-NewLogos-06-e1653513321928.png\",\"contentUrl\":\"https:\\\/\\\/www.api-capacitors.com\\\/de\\\/wp-content\\\/uploads\\\/sites\\\/6\\\/2022\\\/05\\\/cropped-NewLogos-06-e1653513321928.png\",\"width\":1404,\"height\":222,\"caption\":\"API Engineering de\"},\"image\":{\"@id\":\"https:\\\/\\\/www.api-capacitors.com\\\/de\\\/#\\\/schema\\\/logo\\\/image\\\/\"},\"sameAs\":[\"https:\\\/\\\/www.facebook.com\\\/apicapacitorsltd\\\/\",\"https:\\\/\\\/x.com\\\/API_Capacitors\",\"https:\\\/\\\/www.linkedin.com\\\/company\\\/apicapacitorsltd\\\/\"]}]}<\/script>\n<!-- \/ Yoast SEO plugin. -->","yoast_head_json":{"title":"Privacy Policy - API Engineering de","robots":{"index":"index","follow":"follow","max-snippet":"max-snippet:-1","max-image-preview":"max-image-preview:large","max-video-preview":"max-video-preview:-1"},"canonical":"https:\/\/www.api-capacitors.com\/de\/privacy-policy-2\/","og_locale":"en_GB","og_type":"article","og_title":"Privacy Policy - API Engineering de","og_description":"\u00a0 Datenschutzrichtlinie Zuletzt aktualisiert am 04-Apr-2023 Wirksam ab 04-Apr-2023 Diese Datenschutzrichtlinie beschreibt die Richtlinien von API Capacitors Ltd, API Capacitors Ltd, Leyden Works, Station Road, Great Yarmouth, Norfolk NR31 0HB, Vereinigtes K\u00f6nigreich von Gro\u00dfbritannien und Nordirland (die), E-Mail: sales@api-capacitors.com, Telefon: +4401493652752 zur Erhebung, Nutzung und Offenlegung Ihrer Informationen, die wir erfassen, wenn Sie unsere Website [&hellip;]","og_url":"https:\/\/www.api-capacitors.com\/de\/privacy-policy-2\/","og_site_name":"API Engineering de","article_publisher":"https:\/\/www.facebook.com\/apicapacitorsltd\/","article_modified_time":"2024-01-18T13:49:13+00:00","twitter_card":"summary_large_image","twitter_site":"@API_Capacitors","twitter_misc":{"Estimated reading time":"3 minutes"},"schema":{"@context":"https:\/\/schema.org","@graph":[{"@type":"WebPage","@id":"https:\/\/www.api-capacitors.com\/de\/privacy-policy-2\/","url":"https:\/\/www.api-capacitors.com\/de\/privacy-policy-2\/","name":"Privacy Policy - API Engineering de","isPartOf":{"@id":"https:\/\/www.api-capacitors.com\/de\/#website"},"datePublished":"2023-04-04T10:46:49+00:00","dateModified":"2024-01-18T13:49:13+00:00","breadcrumb":{"@id":"https:\/\/www.api-capacitors.com\/de\/privacy-policy-2\/#breadcrumb"},"inLanguage":"en-GB","potentialAction":[{"@type":"ReadAction","target":["https:\/\/www.api-capacitors.com\/de\/privacy-policy-2\/"]}]},{"@type":"BreadcrumbList","@id":"https:\/\/www.api-capacitors.com\/de\/privacy-policy-2\/#breadcrumb","itemListElement":[{"@type":"ListItem","position":1,"name":"Home","item":"https:\/\/www.api-capacitors.com\/de\/"},{"@type":"ListItem","position":2,"name":"Privacy Policy"}]},{"@type":"WebSite","@id":"https:\/\/www.api-capacitors.com\/de\/#website","url":"https:\/\/www.api-capacitors.com\/de\/","name":"API Engineering de","description":"DC Capacitors, AC Capacitors, Snubber Capacitors , Track Circuit Capacitors, Pulse Power Capacitors and Custom Capacitors","publisher":{"@id":"https:\/\/www.api-capacitors.com\/de\/#organization"},"potentialAction":[{"@type":"SearchAction","target":{"@type":"EntryPoint","urlTemplate":"https:\/\/www.api-capacitors.com\/de\/?s={search_term_string}"},"query-input":{"@type":"PropertyValueSpecification","valueRequired":true,"valueName":"search_term_string"}}],"inLanguage":"en-GB"},{"@type":"Organization","@id":"https:\/\/www.api-capacitors.com\/de\/#organization","name":"API Engineering de","url":"https:\/\/www.api-capacitors.com\/de\/","logo":{"@type":"ImageObject","inLanguage":"en-GB","@id":"https:\/\/www.api-capacitors.com\/de\/#\/schema\/logo\/image\/","url":"https:\/\/www.api-capacitors.com\/de\/wp-content\/uploads\/sites\/6\/2022\/05\/cropped-NewLogos-06-e1653513321928.png","contentUrl":"https:\/\/www.api-capacitors.com\/de\/wp-content\/uploads\/sites\/6\/2022\/05\/cropped-NewLogos-06-e1653513321928.png","width":1404,"height":222,"caption":"API Engineering de"},"image":{"@id":"https:\/\/www.api-capacitors.com\/de\/#\/schema\/logo\/image\/"},"sameAs":["https:\/\/www.facebook.com\/apicapacitorsltd\/","https:\/\/x.com\/API_Capacitors","https:\/\/www.linkedin.com\/company\/apicapacitorsltd\/"]}]}},"_links":{"self":[{"href":"https:\/\/www.api-capacitors.com\/de\/wp-json\/wp\/v2\/pages\/2354","targetHints":{"allow":["GET"]}}],"collection":[{"href":"https:\/\/www.api-capacitors.com\/de\/wp-json\/wp\/v2\/pages"}],"about":[{"href":"https:\/\/www.api-capacitors.com\/de\/wp-json\/wp\/v2\/types\/page"}],"author":[{"embeddable":true,"href":"https:\/\/www.api-capacitors.com\/de\/wp-json\/wp\/v2\/users\/1"}],"replies":[{"embeddable":true,"href":"https:\/\/www.api-capacitors.com\/de\/wp-json\/wp\/v2\/comments?post=2354"}],"version-history":[{"count":4,"href":"https:\/\/www.api-capacitors.com\/de\/wp-json\/wp\/v2\/pages\/2354\/revisions"}],"predecessor-version":[{"id":2658,"href":"https:\/\/www.api-capacitors.com\/de\/wp-json\/wp\/v2\/pages\/2354\/revisions\/2658"}],"wp:attachment":[{"href":"https:\/\/www.api-capacitors.com\/de\/wp-json\/wp\/v2\/media?parent=2354"}],"curies":[{"name":"wp","href":"https:\/\/api.w.org\/{rel}","templated":true}]}}