{"id":1079,"date":"2022-06-10T09:07:22","date_gmt":"2022-06-10T09:07:22","guid":{"rendered":"https:\/\/www.api-capacitors.com\/de\/?page_id=1079"},"modified":"2024-01-21T16:31:20","modified_gmt":"2024-01-21T16:31:20","slug":"track-circuit-capacitors","status":"publish","type":"page","link":"https:\/\/www.api-capacitors.com\/de\/track-circuit-capacitors\/","title":{"rendered":"Kondensatoren f\u00fcr Streckenschaltungen"},"content":{"rendered":"\t\t<div data-elementor-type=\"wp-page\" data-elementor-id=\"1079\" class=\"elementor elementor-1079\">\n\t\t\t\t\t\t<section class=\"elementor-section elementor-top-section elementor-element elementor-element-42c4833 elementor-section-boxed elementor-section-height-default elementor-section-height-default\" data-id=\"42c4833\" data-element_type=\"section\" data-e-type=\"section\">\n\t\t\t\t\t\t<div class=\"elementor-container elementor-column-gap-default\">\n\t\t\t\t\t<div class=\"elementor-column elementor-col-50 elementor-top-column elementor-element elementor-element-ef308a0\" data-id=\"ef308a0\" data-element_type=\"column\" data-e-type=\"column\">\n\t\t\t<div class=\"elementor-widget-wrap elementor-element-populated\">\n\t\t\t\t\t\t<div class=\"elementor-element elementor-element-a1bc8a1 elementor-widget elementor-widget-text-editor\" data-id=\"a1bc8a1\" data-element_type=\"widget\" data-e-type=\"widget\" data-widget_type=\"text-editor.default\">\n\t\t\t\t<div class=\"elementor-widget-container\">\n\t\t\t\t\t\t\t\t\t<p>API Capacitors bietet eine Auswahl an Niederfrequenz-Wechselstrom-Einstellgleisvorschaltrelais-Kondensatoren und Hochfrequenz-Gleichstrom-Festkondensatoren f\u00fcr gelenklose Gleiskreise, die in signaltechnischen Anlagen am Gleis verwendet werden.<\/p><p>F\u00fcr beide Varianten wird eine lange Lebensdauer und hohe Zuverl\u00e4ssigkeit durch eine extrem niedrige Defektdichte, hochisotaktische, metallisierte Polypropylen-Dielektrikumsfolie mit Selbstheilungsf\u00e4higkeit erreicht. Die Elemente werden auf den neuesten Pr\u00e4zisionskanten-gesteuerten automatischen Wickelmaschinen gewickelt. Die Niederfrequenz-Wechselstrom-Einstellgleisvorschaltrelais-Kondensatoren werden mit mehreren kapazitiven Abschnitten hergestellt, die mithilfe von verriegelbaren Metallschaltern geschaltet werden k\u00f6nnen, um den Bedingungen des Gleiskreises zu entsprechen.<\/p><p>Widerst\u00e4nde sind in das Design integriert, um vor transienten Spitzenstr\u00f6men zu sch\u00fctzen. Die kapazitiven Elemente sind hermetisch in Polyurethanharz versiegelt und in einem isolierten Geh\u00e4use mit IP67-Bewertung eingeschlossen. Hochfrequenz-Gleichstrom-Festkondensatoren f\u00fcr gelenklose Gleiskreise werden mit einer Toleranz von weniger als 1% hergestellt und verwenden ein Dielektrikumsystem, das eine stabile Kapazit\u00e4t \u00fcber einen weiten Temperaturbereich sicherstellt.<\/p><p>Die kapazitiven Elemente sind hermetisch in Polyurethanharz versiegelt und in einem Aluminiumgeh\u00e4use eingeschlossen.<\/p>\t\t\t\t\t\t\t\t<\/div>\n\t\t\t\t<\/div>\n\t\t\t\t\t<\/div>\n\t\t<\/div>\n\t\t\t\t<div class=\"elementor-column elementor-col-50 elementor-top-column elementor-element elementor-element-f2fcab7\" data-id=\"f2fcab7\" data-element_type=\"column\" data-e-type=\"column\" data-settings=\"{&quot;background_background&quot;:&quot;classic&quot;}\">\n\t\t\t<div class=\"elementor-widget-wrap elementor-element-populated\">\n\t\t\t\t\t\t<div class=\"elementor-element elementor-element-f2cbfb4 elementor-widget elementor-widget-image\" data-id=\"f2cbfb4\" data-element_type=\"widget\" data-e-type=\"widget\" data-widget_type=\"image.default\">\n\t\t\t\t<div class=\"elementor-widget-container\">\n\t\t\t\t\t\t\t\t\t\t\t\t\t\t\t<img fetchpriority=\"high\" decoding=\"async\" width=\"400\" height=\"390\" src=\"https:\/\/www.api-capacitors.com\/de\/wp-content\/uploads\/sites\/6\/2022\/06\/APIC_TrackCircuit-Capacitors.png\" class=\"attachment-full size-full wp-image-1081\" alt=\"Track Circuit Capacitors\" srcset=\"https:\/\/www.api-capacitors.com\/de\/wp-content\/uploads\/sites\/6\/2022\/06\/APIC_TrackCircuit-Capacitors.png 400w, https:\/\/www.api-capacitors.com\/de\/wp-content\/uploads\/sites\/6\/2022\/06\/APIC_TrackCircuit-Capacitors-300x293.png 300w\" sizes=\"(max-width: 400px) 100vw, 400px\" \/>\t\t\t\t\t\t\t\t\t\t\t\t\t\t\t<\/div>\n\t\t\t\t<\/div>\n\t\t\t\t\t<\/div>\n\t\t<\/div>\n\t\t\t\t\t<\/div>\n\t\t<\/section>\n\t\t\t\t<section class=\"elementor-section elementor-top-section elementor-element elementor-element-ec08104 elementor-section-boxed elementor-section-height-default elementor-section-height-default\" data-id=\"ec08104\" data-element_type=\"section\" data-e-type=\"section\">\n\t\t\t\t\t\t<div class=\"elementor-container elementor-column-gap-default\">\n\t\t\t\t\t<div class=\"elementor-column elementor-col-100 elementor-top-column elementor-element elementor-element-b820d99\" data-id=\"b820d99\" data-element_type=\"column\" data-e-type=\"column\">\n\t\t\t<div class=\"elementor-widget-wrap elementor-element-populated\">\n\t\t\t\t\t\t<div class=\"elementor-element elementor-element-3f02270 elementor-widget elementor-widget-text-editor\" data-id=\"3f02270\" data-element_type=\"widget\" data-e-type=\"widget\" data-widget_type=\"text-editor.default\">\n\t\t\t\t<div class=\"elementor-widget-container\">\n\t\t\t\t\t\t\t\t\t<h3>Typische Anwendungen<\/h3>\n<strong>Verwendet im Transportwesen<\/strong>\n<strong>Personen-\/G\u00fcterverkehrsbahn<\/strong>\u00a0(Traktion, Signalisierung)\n\n<h3>Merkmale<\/h3>\n<ul>\n  <li>Lange Lebensdauer und hohe Zuverl\u00e4ssigkeit<\/li>\n  <li>Technologie zur Selbstheilung<\/li>\n  <li>Trockene, leckfreie Designs<\/li>\n  <li>Isolierte Geh\u00e4use<\/li>\n  <li>UV-best\u00e4ndig, halogenfrei, niedriger Rauch und flammhemmende Materialien<\/li>\n<\/ul>\n\n<h3>Kundenspezifische Design-Kondensatoren<\/h3>\nEntwickelt, um detaillierte oder kurze Spezifikationen zu erf\u00fcllen. Unsere technischen Vertriebsmitarbeiter k\u00f6nnen eng mit Ihrem Designteam in der Konzeptphase oder in den sp\u00e4teren Phasen eines Projekts zusammenarbeiten, wenn ein zeitkritischer Entwurf erforderlich ist. Alternativ k\u00f6nnen Ersatzprodukte im gleichen Stil f\u00fcr \u00e4ltere Retrofit-Designs angeboten werden.\n\t\t\t\t\t\t\t\t<\/div>\n\t\t\t\t<\/div>\n\t\t\t\t\t<\/div>\n\t\t<\/div>\n\t\t\t\t\t<\/div>\n\t\t<\/section>\n\t\t\t\t<\/div>\n\t\t","protected":false},"excerpt":{"rendered":"<p>API Capacitors bietet eine Auswahl an Niederfrequenz-Wechselstrom-Einstellgleisvorschaltrelais-Kondensatoren und Hochfrequenz-Gleichstrom-Festkondensatoren f\u00fcr gelenklose Gleiskreise, die in signaltechnischen Anlagen am Gleis verwendet werden. F\u00fcr beide Varianten wird eine lange Lebensdauer und hohe Zuverl\u00e4ssigkeit durch eine extrem niedrige Defektdichte, hochisotaktische, metallisierte Polypropylen-Dielektrikumsfolie mit Selbstheilungsf\u00e4higkeit erreicht. Die Elemente werden auf den neuesten Pr\u00e4zisionskanten-gesteuerten automatischen Wickelmaschinen gewickelt. Die Niederfrequenz-Wechselstrom-Einstellgleisvorschaltrelais-Kondensatoren werden mit [&hellip;]<\/p>\n","protected":false},"author":1,"featured_media":0,"parent":0,"menu_order":0,"comment_status":"closed","ping_status":"closed","template":"","meta":{"site-sidebar-layout":"right-sidebar","site-content-layout":"default","ast-site-content-layout":"default","site-content-style":"default","site-sidebar-style":"default","ast-global-header-display":"","ast-banner-title-visibility":"","ast-main-header-display":"","ast-hfb-above-header-display":"","ast-hfb-below-header-display":"","ast-hfb-mobile-header-display":"","site-post-title":"disabled","ast-breadcrumbs-content":"","ast-featured-img":"disabled","footer-sml-layout":"","ast-disable-related-posts":"","theme-transparent-header-meta":"","adv-header-id-meta":"","stick-header-meta":"","header-above-stick-meta":"","header-main-stick-meta":"","header-below-stick-meta":"","astra-migrate-meta-layouts":"default","ast-page-background-enabled":"default","ast-page-background-meta":{"desktop":{"background-color":"","background-image":"","background-repeat":"repeat","background-position":"center center","background-size":"auto","background-attachment":"scroll","background-type":"","background-media":"","overlay-type":"","overlay-color":"","overlay-opacity":"","overlay-gradient":""},"tablet":{"background-color":"","background-image":"","background-repeat":"repeat","background-position":"center center","background-size":"auto","background-attachment":"scroll","background-type":"","background-media":"","overlay-type":"","overlay-color":"","overlay-opacity":"","overlay-gradient":""},"mobile":{"background-color":"","background-image":"","background-repeat":"repeat","background-position":"center center","background-size":"auto","background-attachment":"scroll","background-type":"","background-media":"","overlay-type":"","overlay-color":"","overlay-opacity":"","overlay-gradient":""}},"ast-content-background-meta":{"desktop":{"background-color":"var(--ast-global-color-5)","background-image":"","background-repeat":"repeat","background-position":"center center","background-size":"auto","background-attachment":"scroll","background-type":"","background-media":"","overlay-type":"","overlay-color":"","overlay-opacity":"","overlay-gradient":""},"tablet":{"background-color":"var(--ast-global-color-5)","background-image":"","background-repeat":"repeat","background-position":"center center","background-size":"auto","background-attachment":"scroll","background-type":"","background-media":"","overlay-type":"","overlay-color":"","overlay-opacity":"","overlay-gradient":""},"mobile":{"background-color":"var(--ast-global-color-5)","background-image":"","background-repeat":"repeat","background-position":"center center","background-size":"auto","background-attachment":"scroll","background-type":"","background-media":"","overlay-type":"","overlay-color":"","overlay-opacity":"","overlay-gradient":""}},"footnotes":""},"class_list":["post-1079","page","type-page","status-publish","hentry"],"yoast_head":"<!-- This site is optimized with the Yoast SEO plugin v27.4 - https:\/\/yoast.com\/product\/yoast-seo-wordpress\/ -->\n<title>Kondensatoren f\u00fcr Streckenschaltungen - API Engineering de<\/title>\n<meta name=\"description\" content=\"API Capacitors offers track circuit capacitors for railway signaling applications, designed to meet the requirements of various track circuit designs, ensuring safe and reliable railway operations.\" \/>\n<meta name=\"robots\" content=\"index, follow, max-snippet:-1, max-image-preview:large, max-video-preview:-1\" \/>\n<link rel=\"canonical\" href=\"https:\/\/www.api-capacitors.com\/de\/track-circuit-capacitors\/\" \/>\n<meta property=\"og:locale\" content=\"en_GB\" \/>\n<meta property=\"og:type\" content=\"article\" \/>\n<meta property=\"og:title\" content=\"Kondensatoren f\u00fcr Streckenschaltungen - API Engineering de\" \/>\n<meta property=\"og:description\" content=\"API Capacitors offers track circuit capacitors for railway signaling applications, designed to meet the requirements of various track circuit designs, ensuring safe and reliable railway operations.\" \/>\n<meta property=\"og:url\" content=\"https:\/\/www.api-capacitors.com\/de\/track-circuit-capacitors\/\" \/>\n<meta property=\"og:site_name\" content=\"API Engineering de\" \/>\n<meta property=\"article:publisher\" content=\"https:\/\/www.facebook.com\/apicapacitorsltd\/\" \/>\n<meta property=\"article:modified_time\" content=\"2024-01-21T16:31:20+00:00\" \/>\n<meta property=\"og:image\" content=\"https:\/\/www.api-capacitors.com\/de\/wp-content\/uploads\/sites\/6\/2022\/06\/APIC_TrackCircuit-Capacitors.png\" \/>\n<meta name=\"twitter:card\" content=\"summary_large_image\" \/>\n<meta name=\"twitter:site\" content=\"@API_Capacitors\" \/>\n<meta name=\"twitter:label1\" content=\"Estimated reading time\" \/>\n\t<meta name=\"twitter:data1\" content=\"2 minutes\" \/>\n<script type=\"application\/ld+json\" class=\"yoast-schema-graph\">{\"@context\":\"https:\\\/\\\/schema.org\",\"@graph\":[{\"@type\":\"WebPage\",\"@id\":\"https:\\\/\\\/www.api-capacitors.com\\\/de\\\/track-circuit-capacitors\\\/\",\"url\":\"https:\\\/\\\/www.api-capacitors.com\\\/de\\\/track-circuit-capacitors\\\/\",\"name\":\"Kondensatoren f\u00fcr Streckenschaltungen - API Engineering de\",\"isPartOf\":{\"@id\":\"https:\\\/\\\/www.api-capacitors.com\\\/de\\\/#website\"},\"primaryImageOfPage\":{\"@id\":\"https:\\\/\\\/www.api-capacitors.com\\\/de\\\/track-circuit-capacitors\\\/#primaryimage\"},\"image\":{\"@id\":\"https:\\\/\\\/www.api-capacitors.com\\\/de\\\/track-circuit-capacitors\\\/#primaryimage\"},\"thumbnailUrl\":\"https:\\\/\\\/www.api-capacitors.com\\\/de\\\/wp-content\\\/uploads\\\/sites\\\/6\\\/2022\\\/06\\\/APIC_TrackCircuit-Capacitors.png\",\"datePublished\":\"2022-06-10T09:07:22+00:00\",\"dateModified\":\"2024-01-21T16:31:20+00:00\",\"description\":\"API Capacitors offers track circuit capacitors for railway signaling applications, designed to meet the requirements of various track circuit designs, ensuring safe and reliable railway operations.\",\"breadcrumb\":{\"@id\":\"https:\\\/\\\/www.api-capacitors.com\\\/de\\\/track-circuit-capacitors\\\/#breadcrumb\"},\"inLanguage\":\"en-GB\",\"potentialAction\":[{\"@type\":\"ReadAction\",\"target\":[\"https:\\\/\\\/www.api-capacitors.com\\\/de\\\/track-circuit-capacitors\\\/\"]}]},{\"@type\":\"ImageObject\",\"inLanguage\":\"en-GB\",\"@id\":\"https:\\\/\\\/www.api-capacitors.com\\\/de\\\/track-circuit-capacitors\\\/#primaryimage\",\"url\":\"https:\\\/\\\/www.api-capacitors.com\\\/de\\\/wp-content\\\/uploads\\\/sites\\\/6\\\/2022\\\/06\\\/APIC_TrackCircuit-Capacitors.png\",\"contentUrl\":\"https:\\\/\\\/www.api-capacitors.com\\\/de\\\/wp-content\\\/uploads\\\/sites\\\/6\\\/2022\\\/06\\\/APIC_TrackCircuit-Capacitors.png\",\"width\":400,\"height\":390,\"caption\":\"Track Circuit Capacitors\"},{\"@type\":\"BreadcrumbList\",\"@id\":\"https:\\\/\\\/www.api-capacitors.com\\\/de\\\/track-circuit-capacitors\\\/#breadcrumb\",\"itemListElement\":[{\"@type\":\"ListItem\",\"position\":1,\"name\":\"Home\",\"item\":\"https:\\\/\\\/www.api-capacitors.com\\\/de\\\/\"},{\"@type\":\"ListItem\",\"position\":2,\"name\":\"Kondensatoren f\u00fcr Streckenschaltungen\"}]},{\"@type\":\"WebSite\",\"@id\":\"https:\\\/\\\/www.api-capacitors.com\\\/de\\\/#website\",\"url\":\"https:\\\/\\\/www.api-capacitors.com\\\/de\\\/\",\"name\":\"API Engineering de\",\"description\":\"DC Capacitors, AC Capacitors, Snubber Capacitors , Track Circuit Capacitors, Pulse Power Capacitors and Custom Capacitors\",\"publisher\":{\"@id\":\"https:\\\/\\\/www.api-capacitors.com\\\/de\\\/#organization\"},\"potentialAction\":[{\"@type\":\"SearchAction\",\"target\":{\"@type\":\"EntryPoint\",\"urlTemplate\":\"https:\\\/\\\/www.api-capacitors.com\\\/de\\\/?s={search_term_string}\"},\"query-input\":{\"@type\":\"PropertyValueSpecification\",\"valueRequired\":true,\"valueName\":\"search_term_string\"}}],\"inLanguage\":\"en-GB\"},{\"@type\":\"Organization\",\"@id\":\"https:\\\/\\\/www.api-capacitors.com\\\/de\\\/#organization\",\"name\":\"API Engineering de\",\"url\":\"https:\\\/\\\/www.api-capacitors.com\\\/de\\\/\",\"logo\":{\"@type\":\"ImageObject\",\"inLanguage\":\"en-GB\",\"@id\":\"https:\\\/\\\/www.api-capacitors.com\\\/de\\\/#\\\/schema\\\/logo\\\/image\\\/\",\"url\":\"https:\\\/\\\/www.api-capacitors.com\\\/de\\\/wp-content\\\/uploads\\\/sites\\\/6\\\/2022\\\/05\\\/cropped-NewLogos-06-e1653513321928.png\",\"contentUrl\":\"https:\\\/\\\/www.api-capacitors.com\\\/de\\\/wp-content\\\/uploads\\\/sites\\\/6\\\/2022\\\/05\\\/cropped-NewLogos-06-e1653513321928.png\",\"width\":1404,\"height\":222,\"caption\":\"API Engineering de\"},\"image\":{\"@id\":\"https:\\\/\\\/www.api-capacitors.com\\\/de\\\/#\\\/schema\\\/logo\\\/image\\\/\"},\"sameAs\":[\"https:\\\/\\\/www.facebook.com\\\/apicapacitorsltd\\\/\",\"https:\\\/\\\/x.com\\\/API_Capacitors\",\"https:\\\/\\\/www.linkedin.com\\\/company\\\/apicapacitorsltd\\\/\"]}]}<\/script>\n<!-- \/ Yoast SEO plugin. -->","yoast_head_json":{"title":"Kondensatoren f\u00fcr Streckenschaltungen - API Engineering de","description":"API Capacitors offers track circuit capacitors for railway signaling applications, designed to meet the requirements of various track circuit designs, ensuring safe and reliable railway operations.","robots":{"index":"index","follow":"follow","max-snippet":"max-snippet:-1","max-image-preview":"max-image-preview:large","max-video-preview":"max-video-preview:-1"},"canonical":"https:\/\/www.api-capacitors.com\/de\/track-circuit-capacitors\/","og_locale":"en_GB","og_type":"article","og_title":"Kondensatoren f\u00fcr Streckenschaltungen - API Engineering de","og_description":"API Capacitors offers track circuit capacitors for railway signaling applications, designed to meet the requirements of various track circuit designs, ensuring safe and reliable railway operations.","og_url":"https:\/\/www.api-capacitors.com\/de\/track-circuit-capacitors\/","og_site_name":"API Engineering de","article_publisher":"https:\/\/www.facebook.com\/apicapacitorsltd\/","article_modified_time":"2024-01-21T16:31:20+00:00","og_image":[{"url":"https:\/\/www.api-capacitors.com\/de\/wp-content\/uploads\/sites\/6\/2022\/06\/APIC_TrackCircuit-Capacitors.png","type":"","width":"","height":""}],"twitter_card":"summary_large_image","twitter_site":"@API_Capacitors","twitter_misc":{"Estimated reading time":"2 minutes"},"schema":{"@context":"https:\/\/schema.org","@graph":[{"@type":"WebPage","@id":"https:\/\/www.api-capacitors.com\/de\/track-circuit-capacitors\/","url":"https:\/\/www.api-capacitors.com\/de\/track-circuit-capacitors\/","name":"Kondensatoren f\u00fcr Streckenschaltungen - API Engineering de","isPartOf":{"@id":"https:\/\/www.api-capacitors.com\/de\/#website"},"primaryImageOfPage":{"@id":"https:\/\/www.api-capacitors.com\/de\/track-circuit-capacitors\/#primaryimage"},"image":{"@id":"https:\/\/www.api-capacitors.com\/de\/track-circuit-capacitors\/#primaryimage"},"thumbnailUrl":"https:\/\/www.api-capacitors.com\/de\/wp-content\/uploads\/sites\/6\/2022\/06\/APIC_TrackCircuit-Capacitors.png","datePublished":"2022-06-10T09:07:22+00:00","dateModified":"2024-01-21T16:31:20+00:00","description":"API Capacitors offers track circuit capacitors for railway signaling applications, designed to meet the requirements of various track circuit designs, ensuring safe and reliable railway operations.","breadcrumb":{"@id":"https:\/\/www.api-capacitors.com\/de\/track-circuit-capacitors\/#breadcrumb"},"inLanguage":"en-GB","potentialAction":[{"@type":"ReadAction","target":["https:\/\/www.api-capacitors.com\/de\/track-circuit-capacitors\/"]}]},{"@type":"ImageObject","inLanguage":"en-GB","@id":"https:\/\/www.api-capacitors.com\/de\/track-circuit-capacitors\/#primaryimage","url":"https:\/\/www.api-capacitors.com\/de\/wp-content\/uploads\/sites\/6\/2022\/06\/APIC_TrackCircuit-Capacitors.png","contentUrl":"https:\/\/www.api-capacitors.com\/de\/wp-content\/uploads\/sites\/6\/2022\/06\/APIC_TrackCircuit-Capacitors.png","width":400,"height":390,"caption":"Track Circuit Capacitors"},{"@type":"BreadcrumbList","@id":"https:\/\/www.api-capacitors.com\/de\/track-circuit-capacitors\/#breadcrumb","itemListElement":[{"@type":"ListItem","position":1,"name":"Home","item":"https:\/\/www.api-capacitors.com\/de\/"},{"@type":"ListItem","position":2,"name":"Kondensatoren f\u00fcr Streckenschaltungen"}]},{"@type":"WebSite","@id":"https:\/\/www.api-capacitors.com\/de\/#website","url":"https:\/\/www.api-capacitors.com\/de\/","name":"API Engineering de","description":"DC Capacitors, AC Capacitors, Snubber Capacitors , Track Circuit Capacitors, Pulse Power Capacitors and Custom Capacitors","publisher":{"@id":"https:\/\/www.api-capacitors.com\/de\/#organization"},"potentialAction":[{"@type":"SearchAction","target":{"@type":"EntryPoint","urlTemplate":"https:\/\/www.api-capacitors.com\/de\/?s={search_term_string}"},"query-input":{"@type":"PropertyValueSpecification","valueRequired":true,"valueName":"search_term_string"}}],"inLanguage":"en-GB"},{"@type":"Organization","@id":"https:\/\/www.api-capacitors.com\/de\/#organization","name":"API Engineering de","url":"https:\/\/www.api-capacitors.com\/de\/","logo":{"@type":"ImageObject","inLanguage":"en-GB","@id":"https:\/\/www.api-capacitors.com\/de\/#\/schema\/logo\/image\/","url":"https:\/\/www.api-capacitors.com\/de\/wp-content\/uploads\/sites\/6\/2022\/05\/cropped-NewLogos-06-e1653513321928.png","contentUrl":"https:\/\/www.api-capacitors.com\/de\/wp-content\/uploads\/sites\/6\/2022\/05\/cropped-NewLogos-06-e1653513321928.png","width":1404,"height":222,"caption":"API Engineering de"},"image":{"@id":"https:\/\/www.api-capacitors.com\/de\/#\/schema\/logo\/image\/"},"sameAs":["https:\/\/www.facebook.com\/apicapacitorsltd\/","https:\/\/x.com\/API_Capacitors","https:\/\/www.linkedin.com\/company\/apicapacitorsltd\/"]}]}},"_links":{"self":[{"href":"https:\/\/www.api-capacitors.com\/de\/wp-json\/wp\/v2\/pages\/1079","targetHints":{"allow":["GET"]}}],"collection":[{"href":"https:\/\/www.api-capacitors.com\/de\/wp-json\/wp\/v2\/pages"}],"about":[{"href":"https:\/\/www.api-capacitors.com\/de\/wp-json\/wp\/v2\/types\/page"}],"author":[{"embeddable":true,"href":"https:\/\/www.api-capacitors.com\/de\/wp-json\/wp\/v2\/users\/1"}],"replies":[{"embeddable":true,"href":"https:\/\/www.api-capacitors.com\/de\/wp-json\/wp\/v2\/comments?post=1079"}],"version-history":[{"count":35,"href":"https:\/\/www.api-capacitors.com\/de\/wp-json\/wp\/v2\/pages\/1079\/revisions"}],"predecessor-version":[{"id":2743,"href":"https:\/\/www.api-capacitors.com\/de\/wp-json\/wp\/v2\/pages\/1079\/revisions\/2743"}],"wp:attachment":[{"href":"https:\/\/www.api-capacitors.com\/de\/wp-json\/wp\/v2\/media?parent=1079"}],"curies":[{"name":"wp","href":"https:\/\/api.w.org\/{rel}","templated":true}]}}