{"id":1059,"date":"2022-06-10T09:04:03","date_gmt":"2022-06-10T09:04:03","guid":{"rendered":"https:\/\/www.api-capacitors.com\/de\/?page_id=1059"},"modified":"2024-01-21T16:22:32","modified_gmt":"2024-01-21T16:22:32","slug":"ac-capacitors","status":"publish","type":"page","link":"https:\/\/www.api-capacitors.com\/de\/ac-capacitors\/","title":{"rendered":"AC-Kondensatoren"},"content":{"rendered":"\t\t<div data-elementor-type=\"wp-page\" data-elementor-id=\"1059\" class=\"elementor elementor-1059\">\n\t\t\t\t\t\t<section class=\"elementor-section elementor-top-section elementor-element elementor-element-0724744 elementor-section-boxed elementor-section-height-default elementor-section-height-default\" data-id=\"0724744\" data-element_type=\"section\" data-e-type=\"section\">\n\t\t\t\t\t\t<div class=\"elementor-container elementor-column-gap-default\">\n\t\t\t\t\t<div class=\"elementor-column elementor-col-50 elementor-top-column elementor-element elementor-element-13c4e93\" data-id=\"13c4e93\" data-element_type=\"column\" data-e-type=\"column\">\n\t\t\t<div class=\"elementor-widget-wrap elementor-element-populated\">\n\t\t\t\t\t\t<div class=\"elementor-element elementor-element-c55919a elementor-widget elementor-widget-text-editor\" data-id=\"c55919a\" data-element_type=\"widget\" data-e-type=\"widget\" data-widget_type=\"text-editor.default\">\n\t\t\t\t<div class=\"elementor-widget-container\">\n\t\t\t\t\t\t\t\t\t<p>API Capacitors entwirft und fertigt AC-Kondensatoren, die nicht auf ein Katalogsortiment beschr\u00e4nkt sind. Strom, Spannung, Gr\u00f6\u00dfe, Masse und Anschl\u00fcsse werden an die Anforderungen und Anwendungen des Kunden angepasst, einige davon sind unten aufgef\u00fchrt.<\/p><p>Eine lange Lebensdauer und hohe Zuverl\u00e4ssigkeit werden durch einen extrem niedrigen Defektdichte, hochisotaktischen, metallisierten Polypropylen-Dielektrikumfilm erreicht, der einen erweiterten Arbeitsbereichstemperatur und kontrollierte Selbstheilungsf\u00e4higkeiten aufweist. Die Elemente werden auf den neuesten Pr\u00e4zisionskantenregelautomaten gewickelt. Hochleitf\u00e4higes Kupfer wird f\u00fcr niederohmige interne Verbindungen verwendet.<\/p><p>Die Kondensatoren werden in pulverbeschichteten, korrosionsfreien Metall- oder isolierten Geh\u00e4usen fertiggestellt und mit umweltfreundlichem \u00d6l oder leckfreiem trockenem Harz gef\u00fcllt.<\/p>\t\t\t\t\t\t\t\t<\/div>\n\t\t\t\t<\/div>\n\t\t\t\t\t<\/div>\n\t\t<\/div>\n\t\t\t\t<div class=\"elementor-column elementor-col-50 elementor-top-column elementor-element elementor-element-a38954e\" data-id=\"a38954e\" data-element_type=\"column\" data-e-type=\"column\" data-settings=\"{&quot;background_background&quot;:&quot;classic&quot;}\">\n\t\t\t<div class=\"elementor-widget-wrap elementor-element-populated\">\n\t\t\t\t\t\t<div class=\"elementor-element elementor-element-cae5175 elementor-widget elementor-widget-image\" data-id=\"cae5175\" data-element_type=\"widget\" data-e-type=\"widget\" data-widget_type=\"image.default\">\n\t\t\t\t<div class=\"elementor-widget-container\">\n\t\t\t\t\t\t\t\t\t\t\t\t\t\t\t<img fetchpriority=\"high\" decoding=\"async\" width=\"450\" height=\"274\" src=\"https:\/\/www.api-capacitors.com\/de\/wp-content\/uploads\/sites\/6\/2022\/06\/APIC_AC-Capacitors.png\" class=\"attachment-full size-full wp-image-1061\" alt=\"AC Capacitors\" srcset=\"https:\/\/www.api-capacitors.com\/de\/wp-content\/uploads\/sites\/6\/2022\/06\/APIC_AC-Capacitors.png 450w, https:\/\/www.api-capacitors.com\/de\/wp-content\/uploads\/sites\/6\/2022\/06\/APIC_AC-Capacitors-300x183.png 300w\" sizes=\"(max-width: 450px) 100vw, 450px\" \/>\t\t\t\t\t\t\t\t\t\t\t\t\t\t\t<\/div>\n\t\t\t\t<\/div>\n\t\t\t\t\t<\/div>\n\t\t<\/div>\n\t\t\t\t\t<\/div>\n\t\t<\/section>\n\t\t\t\t<section class=\"elementor-section elementor-top-section elementor-element elementor-element-7a4794c elementor-section-boxed elementor-section-height-default elementor-section-height-default\" data-id=\"7a4794c\" data-element_type=\"section\" data-e-type=\"section\">\n\t\t\t\t\t\t<div class=\"elementor-container elementor-column-gap-default\">\n\t\t\t\t\t<div class=\"elementor-column elementor-col-100 elementor-top-column elementor-element elementor-element-727fe33\" data-id=\"727fe33\" data-element_type=\"column\" data-e-type=\"column\">\n\t\t\t<div class=\"elementor-widget-wrap elementor-element-populated\">\n\t\t\t\t\t\t<div class=\"elementor-element elementor-element-1dd4ff3 elementor-widget elementor-widget-text-editor\" data-id=\"1dd4ff3\" data-element_type=\"widget\" data-e-type=\"widget\" data-widget_type=\"text-editor.default\">\n\t\t\t\t<div class=\"elementor-widget-container\">\n\t\t\t\t\t\t\t\t\t<h3>Typische Anwendungen<\/h3>\nVerwendet in den Bereichen Transport, Marine, Automobil, Luft- und Raumfahrt, Milit\u00e4r, Medizin, Erneuerbare Energien, Energieverteilung und anderen industriellen Anwendungen.\n\n<strong>Statische Antriebe<\/strong>\u00a0(Aufz\u00fcge, Rolltreppen, F\u00f6rderer, Seilbahnen)\n<strong>Nicht-statische Antriebe<\/strong>\u00a0(Antrieb, Traktion)\n<strong>Leistungselektronik<\/strong>\u00a0(Schwei\u00dfen, \u00d6fen, Induktionsheizung)\n<strong>Energie\u00fcbertragung<\/strong>\u00a0(Konditionierung, Entst\u00f6rt, FACTS, STATCOM, SVC, PFC)\n<strong>Personen-\/Frachtzug<\/strong>\u00a0(Leitungsfilter, Signalgebung, Hilfskreise) Filter (Gl\u00e4ttung, Unterdr\u00fcckung, Harmonisch)\n<strong>Wandler<\/strong>\u00a0(Wechselrichter, Gleichrichter, Chopper, Cyclokonverter)\n<h3>Merkmale<\/h3>\n<ul>\n \t<li>Lange Lebensdauer und hohe Zuverl\u00e4ssigkeit<\/li>\n \t<li>Kontrollierte Selbstheilungstechnologie<\/li>\n \t<li>Mit \u00d6l oder trockenem Harz gef\u00fcllt<\/li>\n \t<li>Metall- oder isolierte Geh\u00e4use<\/li>\n \t<li>UV-Best\u00e4ndigkeit, halogenfrei, geringe Rauch- und flammhemmende Materialien<\/li>\n<\/ul>\n<h3>Kondensatoren nach Ma\u00df<\/h3>\nEntwickelt, um detaillierte oder kurze Spezifikationen zu erf\u00fcllen. Unsere technischen Vertriebsmitarbeiter k\u00f6nnen eng mit Ihrem Designteam in der Konzeptphase oder in den sp\u00e4teren Phasen eines Projekts zusammenarbeiten, wenn ein zeitkritisches Design ben\u00f6tigt wird. <a href=\"\/obsolete-parts\/\">Alternativ k\u00f6nnen f\u00fcr \u00e4ltere Retrofit-Designs passende Ersatzl\u00f6sungen angeboten werden<\/a>.\n\t\t\t\t\t\t\t\t<\/div>\n\t\t\t\t<\/div>\n\t\t\t\t\t<\/div>\n\t\t<\/div>\n\t\t\t\t\t<\/div>\n\t\t<\/section>\n\t\t\t\t<\/div>\n\t\t","protected":false},"excerpt":{"rendered":"<p>API Capacitors entwirft und fertigt AC-Kondensatoren, die nicht auf ein Katalogsortiment beschr\u00e4nkt sind. Strom, Spannung, Gr\u00f6\u00dfe, Masse und Anschl\u00fcsse werden an die Anforderungen und Anwendungen des Kunden angepasst, einige davon sind unten aufgef\u00fchrt. Eine lange Lebensdauer und hohe Zuverl\u00e4ssigkeit werden durch einen extrem niedrigen Defektdichte, hochisotaktischen, metallisierten Polypropylen-Dielektrikumfilm erreicht, der einen erweiterten Arbeitsbereichstemperatur und kontrollierte [&hellip;]<\/p>\n","protected":false},"author":1,"featured_media":0,"parent":0,"menu_order":0,"comment_status":"closed","ping_status":"closed","template":"","meta":{"site-sidebar-layout":"right-sidebar","site-content-layout":"default","ast-site-content-layout":"default","site-content-style":"default","site-sidebar-style":"default","ast-global-header-display":"","ast-banner-title-visibility":"","ast-main-header-display":"","ast-hfb-above-header-display":"","ast-hfb-below-header-display":"","ast-hfb-mobile-header-display":"","site-post-title":"disabled","ast-breadcrumbs-content":"","ast-featured-img":"disabled","footer-sml-layout":"","ast-disable-related-posts":"","theme-transparent-header-meta":"","adv-header-id-meta":"","stick-header-meta":"","header-above-stick-meta":"","header-main-stick-meta":"","header-below-stick-meta":"","astra-migrate-meta-layouts":"default","ast-page-background-enabled":"default","ast-page-background-meta":{"desktop":{"background-color":"","background-image":"","background-repeat":"repeat","background-position":"center center","background-size":"auto","background-attachment":"scroll","background-type":"","background-media":"","overlay-type":"","overlay-color":"","overlay-opacity":"","overlay-gradient":""},"tablet":{"background-color":"","background-image":"","background-repeat":"repeat","background-position":"center center","background-size":"auto","background-attachment":"scroll","background-type":"","background-media":"","overlay-type":"","overlay-color":"","overlay-opacity":"","overlay-gradient":""},"mobile":{"background-color":"","background-image":"","background-repeat":"repeat","background-position":"center center","background-size":"auto","background-attachment":"scroll","background-type":"","background-media":"","overlay-type":"","overlay-color":"","overlay-opacity":"","overlay-gradient":""}},"ast-content-background-meta":{"desktop":{"background-color":"var(--ast-global-color-5)","background-image":"","background-repeat":"repeat","background-position":"center center","background-size":"auto","background-attachment":"scroll","background-type":"","background-media":"","overlay-type":"","overlay-color":"","overlay-opacity":"","overlay-gradient":""},"tablet":{"background-color":"var(--ast-global-color-5)","background-image":"","background-repeat":"repeat","background-position":"center center","background-size":"auto","background-attachment":"scroll","background-type":"","background-media":"","overlay-type":"","overlay-color":"","overlay-opacity":"","overlay-gradient":""},"mobile":{"background-color":"var(--ast-global-color-5)","background-image":"","background-repeat":"repeat","background-position":"center center","background-size":"auto","background-attachment":"scroll","background-type":"","background-media":"","overlay-type":"","overlay-color":"","overlay-opacity":"","overlay-gradient":""}},"footnotes":""},"class_list":["post-1059","page","type-page","status-publish","hentry"],"yoast_head":"<!-- This site is optimized with the Yoast SEO plugin v27.4 - https:\/\/yoast.com\/product\/yoast-seo-wordpress\/ -->\n<title>Design and Manufacture Long Life AC Capacitors - API Capacitors<\/title>\n<meta name=\"description\" content=\"API Capacitors design and manufacture high reliability, long life AC capacitors to customer\u2019s requirements and application.\" \/>\n<meta name=\"robots\" content=\"index, follow, max-snippet:-1, max-image-preview:large, max-video-preview:-1\" \/>\n<link rel=\"canonical\" href=\"https:\/\/www.api-capacitors.com\/de\/ac-capacitors\/\" \/>\n<meta property=\"og:locale\" content=\"en_GB\" \/>\n<meta property=\"og:type\" content=\"article\" \/>\n<meta property=\"og:title\" content=\"Design and Manufacture Long Life AC Capacitors - API Capacitors\" \/>\n<meta property=\"og:description\" content=\"API Capacitors design and manufacture high reliability, long life AC capacitors to customer\u2019s requirements and application.\" \/>\n<meta property=\"og:url\" content=\"https:\/\/www.api-capacitors.com\/de\/ac-capacitors\/\" \/>\n<meta property=\"og:site_name\" content=\"API Engineering de\" \/>\n<meta property=\"article:publisher\" content=\"https:\/\/www.facebook.com\/apicapacitorsltd\/\" \/>\n<meta property=\"article:modified_time\" content=\"2024-01-21T16:22:32+00:00\" \/>\n<meta property=\"og:image\" content=\"https:\/\/www.api-capacitors.com\/de\/wp-content\/uploads\/sites\/6\/2022\/06\/APIC_AC-Capacitors.png\" \/>\n<meta name=\"twitter:card\" content=\"summary_large_image\" \/>\n<meta name=\"twitter:site\" content=\"@API_Capacitors\" \/>\n<meta name=\"twitter:label1\" content=\"Estimated reading time\" \/>\n\t<meta name=\"twitter:data1\" content=\"2 minutes\" \/>\n<script type=\"application\/ld+json\" class=\"yoast-schema-graph\">{\"@context\":\"https:\\\/\\\/schema.org\",\"@graph\":[{\"@type\":\"WebPage\",\"@id\":\"https:\\\/\\\/www.api-capacitors.com\\\/de\\\/ac-capacitors\\\/\",\"url\":\"https:\\\/\\\/www.api-capacitors.com\\\/de\\\/ac-capacitors\\\/\",\"name\":\"Design and Manufacture Long Life AC Capacitors - API Capacitors\",\"isPartOf\":{\"@id\":\"https:\\\/\\\/www.api-capacitors.com\\\/de\\\/#website\"},\"primaryImageOfPage\":{\"@id\":\"https:\\\/\\\/www.api-capacitors.com\\\/de\\\/ac-capacitors\\\/#primaryimage\"},\"image\":{\"@id\":\"https:\\\/\\\/www.api-capacitors.com\\\/de\\\/ac-capacitors\\\/#primaryimage\"},\"thumbnailUrl\":\"https:\\\/\\\/www.api-capacitors.com\\\/de\\\/wp-content\\\/uploads\\\/sites\\\/6\\\/2022\\\/06\\\/APIC_AC-Capacitors.png\",\"datePublished\":\"2022-06-10T09:04:03+00:00\",\"dateModified\":\"2024-01-21T16:22:32+00:00\",\"description\":\"API Capacitors design and manufacture high reliability, long life AC capacitors to customer\u2019s requirements and application.\",\"breadcrumb\":{\"@id\":\"https:\\\/\\\/www.api-capacitors.com\\\/de\\\/ac-capacitors\\\/#breadcrumb\"},\"inLanguage\":\"en-GB\",\"potentialAction\":[{\"@type\":\"ReadAction\",\"target\":[\"https:\\\/\\\/www.api-capacitors.com\\\/de\\\/ac-capacitors\\\/\"]}]},{\"@type\":\"ImageObject\",\"inLanguage\":\"en-GB\",\"@id\":\"https:\\\/\\\/www.api-capacitors.com\\\/de\\\/ac-capacitors\\\/#primaryimage\",\"url\":\"https:\\\/\\\/www.api-capacitors.com\\\/de\\\/wp-content\\\/uploads\\\/sites\\\/6\\\/2022\\\/06\\\/APIC_AC-Capacitors.png\",\"contentUrl\":\"https:\\\/\\\/www.api-capacitors.com\\\/de\\\/wp-content\\\/uploads\\\/sites\\\/6\\\/2022\\\/06\\\/APIC_AC-Capacitors.png\",\"width\":450,\"height\":274,\"caption\":\"AC Capacitors\"},{\"@type\":\"BreadcrumbList\",\"@id\":\"https:\\\/\\\/www.api-capacitors.com\\\/de\\\/ac-capacitors\\\/#breadcrumb\",\"itemListElement\":[{\"@type\":\"ListItem\",\"position\":1,\"name\":\"Home\",\"item\":\"https:\\\/\\\/www.api-capacitors.com\\\/de\\\/\"},{\"@type\":\"ListItem\",\"position\":2,\"name\":\"AC-Kondensatoren\"}]},{\"@type\":\"WebSite\",\"@id\":\"https:\\\/\\\/www.api-capacitors.com\\\/de\\\/#website\",\"url\":\"https:\\\/\\\/www.api-capacitors.com\\\/de\\\/\",\"name\":\"API Engineering de\",\"description\":\"DC Capacitors, AC Capacitors, Snubber Capacitors , Track Circuit Capacitors, Pulse Power Capacitors and Custom Capacitors\",\"publisher\":{\"@id\":\"https:\\\/\\\/www.api-capacitors.com\\\/de\\\/#organization\"},\"potentialAction\":[{\"@type\":\"SearchAction\",\"target\":{\"@type\":\"EntryPoint\",\"urlTemplate\":\"https:\\\/\\\/www.api-capacitors.com\\\/de\\\/?s={search_term_string}\"},\"query-input\":{\"@type\":\"PropertyValueSpecification\",\"valueRequired\":true,\"valueName\":\"search_term_string\"}}],\"inLanguage\":\"en-GB\"},{\"@type\":\"Organization\",\"@id\":\"https:\\\/\\\/www.api-capacitors.com\\\/de\\\/#organization\",\"name\":\"API Engineering de\",\"url\":\"https:\\\/\\\/www.api-capacitors.com\\\/de\\\/\",\"logo\":{\"@type\":\"ImageObject\",\"inLanguage\":\"en-GB\",\"@id\":\"https:\\\/\\\/www.api-capacitors.com\\\/de\\\/#\\\/schema\\\/logo\\\/image\\\/\",\"url\":\"https:\\\/\\\/www.api-capacitors.com\\\/de\\\/wp-content\\\/uploads\\\/sites\\\/6\\\/2022\\\/05\\\/cropped-NewLogos-06-e1653513321928.png\",\"contentUrl\":\"https:\\\/\\\/www.api-capacitors.com\\\/de\\\/wp-content\\\/uploads\\\/sites\\\/6\\\/2022\\\/05\\\/cropped-NewLogos-06-e1653513321928.png\",\"width\":1404,\"height\":222,\"caption\":\"API Engineering de\"},\"image\":{\"@id\":\"https:\\\/\\\/www.api-capacitors.com\\\/de\\\/#\\\/schema\\\/logo\\\/image\\\/\"},\"sameAs\":[\"https:\\\/\\\/www.facebook.com\\\/apicapacitorsltd\\\/\",\"https:\\\/\\\/x.com\\\/API_Capacitors\",\"https:\\\/\\\/www.linkedin.com\\\/company\\\/apicapacitorsltd\\\/\"]}]}<\/script>\n<!-- \/ Yoast SEO plugin. -->","yoast_head_json":{"title":"Design and Manufacture Long Life AC Capacitors - API Capacitors","description":"API Capacitors design and manufacture high reliability, long life AC capacitors to customer\u2019s requirements and application.","robots":{"index":"index","follow":"follow","max-snippet":"max-snippet:-1","max-image-preview":"max-image-preview:large","max-video-preview":"max-video-preview:-1"},"canonical":"https:\/\/www.api-capacitors.com\/de\/ac-capacitors\/","og_locale":"en_GB","og_type":"article","og_title":"Design and Manufacture Long Life AC Capacitors - API Capacitors","og_description":"API Capacitors design and manufacture high reliability, long life AC capacitors to customer\u2019s requirements and application.","og_url":"https:\/\/www.api-capacitors.com\/de\/ac-capacitors\/","og_site_name":"API Engineering de","article_publisher":"https:\/\/www.facebook.com\/apicapacitorsltd\/","article_modified_time":"2024-01-21T16:22:32+00:00","og_image":[{"url":"https:\/\/www.api-capacitors.com\/de\/wp-content\/uploads\/sites\/6\/2022\/06\/APIC_AC-Capacitors.png","type":"","width":"","height":""}],"twitter_card":"summary_large_image","twitter_site":"@API_Capacitors","twitter_misc":{"Estimated reading time":"2 minutes"},"schema":{"@context":"https:\/\/schema.org","@graph":[{"@type":"WebPage","@id":"https:\/\/www.api-capacitors.com\/de\/ac-capacitors\/","url":"https:\/\/www.api-capacitors.com\/de\/ac-capacitors\/","name":"Design and Manufacture Long Life AC Capacitors - API Capacitors","isPartOf":{"@id":"https:\/\/www.api-capacitors.com\/de\/#website"},"primaryImageOfPage":{"@id":"https:\/\/www.api-capacitors.com\/de\/ac-capacitors\/#primaryimage"},"image":{"@id":"https:\/\/www.api-capacitors.com\/de\/ac-capacitors\/#primaryimage"},"thumbnailUrl":"https:\/\/www.api-capacitors.com\/de\/wp-content\/uploads\/sites\/6\/2022\/06\/APIC_AC-Capacitors.png","datePublished":"2022-06-10T09:04:03+00:00","dateModified":"2024-01-21T16:22:32+00:00","description":"API Capacitors design and manufacture high reliability, long life AC capacitors to customer\u2019s requirements and application.","breadcrumb":{"@id":"https:\/\/www.api-capacitors.com\/de\/ac-capacitors\/#breadcrumb"},"inLanguage":"en-GB","potentialAction":[{"@type":"ReadAction","target":["https:\/\/www.api-capacitors.com\/de\/ac-capacitors\/"]}]},{"@type":"ImageObject","inLanguage":"en-GB","@id":"https:\/\/www.api-capacitors.com\/de\/ac-capacitors\/#primaryimage","url":"https:\/\/www.api-capacitors.com\/de\/wp-content\/uploads\/sites\/6\/2022\/06\/APIC_AC-Capacitors.png","contentUrl":"https:\/\/www.api-capacitors.com\/de\/wp-content\/uploads\/sites\/6\/2022\/06\/APIC_AC-Capacitors.png","width":450,"height":274,"caption":"AC Capacitors"},{"@type":"BreadcrumbList","@id":"https:\/\/www.api-capacitors.com\/de\/ac-capacitors\/#breadcrumb","itemListElement":[{"@type":"ListItem","position":1,"name":"Home","item":"https:\/\/www.api-capacitors.com\/de\/"},{"@type":"ListItem","position":2,"name":"AC-Kondensatoren"}]},{"@type":"WebSite","@id":"https:\/\/www.api-capacitors.com\/de\/#website","url":"https:\/\/www.api-capacitors.com\/de\/","name":"API Engineering de","description":"DC Capacitors, AC Capacitors, Snubber Capacitors , Track Circuit Capacitors, Pulse Power Capacitors and Custom Capacitors","publisher":{"@id":"https:\/\/www.api-capacitors.com\/de\/#organization"},"potentialAction":[{"@type":"SearchAction","target":{"@type":"EntryPoint","urlTemplate":"https:\/\/www.api-capacitors.com\/de\/?s={search_term_string}"},"query-input":{"@type":"PropertyValueSpecification","valueRequired":true,"valueName":"search_term_string"}}],"inLanguage":"en-GB"},{"@type":"Organization","@id":"https:\/\/www.api-capacitors.com\/de\/#organization","name":"API Engineering de","url":"https:\/\/www.api-capacitors.com\/de\/","logo":{"@type":"ImageObject","inLanguage":"en-GB","@id":"https:\/\/www.api-capacitors.com\/de\/#\/schema\/logo\/image\/","url":"https:\/\/www.api-capacitors.com\/de\/wp-content\/uploads\/sites\/6\/2022\/05\/cropped-NewLogos-06-e1653513321928.png","contentUrl":"https:\/\/www.api-capacitors.com\/de\/wp-content\/uploads\/sites\/6\/2022\/05\/cropped-NewLogos-06-e1653513321928.png","width":1404,"height":222,"caption":"API Engineering de"},"image":{"@id":"https:\/\/www.api-capacitors.com\/de\/#\/schema\/logo\/image\/"},"sameAs":["https:\/\/www.facebook.com\/apicapacitorsltd\/","https:\/\/x.com\/API_Capacitors","https:\/\/www.linkedin.com\/company\/apicapacitorsltd\/"]}]}},"_links":{"self":[{"href":"https:\/\/www.api-capacitors.com\/de\/wp-json\/wp\/v2\/pages\/1059","targetHints":{"allow":["GET"]}}],"collection":[{"href":"https:\/\/www.api-capacitors.com\/de\/wp-json\/wp\/v2\/pages"}],"about":[{"href":"https:\/\/www.api-capacitors.com\/de\/wp-json\/wp\/v2\/types\/page"}],"author":[{"embeddable":true,"href":"https:\/\/www.api-capacitors.com\/de\/wp-json\/wp\/v2\/users\/1"}],"replies":[{"embeddable":true,"href":"https:\/\/www.api-capacitors.com\/de\/wp-json\/wp\/v2\/comments?post=1059"}],"version-history":[{"count":26,"href":"https:\/\/www.api-capacitors.com\/de\/wp-json\/wp\/v2\/pages\/1059\/revisions"}],"predecessor-version":[{"id":2723,"href":"https:\/\/www.api-capacitors.com\/de\/wp-json\/wp\/v2\/pages\/1059\/revisions\/2723"}],"wp:attachment":[{"href":"https:\/\/www.api-capacitors.com\/de\/wp-json\/wp\/v2\/media?parent=1059"}],"curies":[{"name":"wp","href":"https:\/\/api.w.org\/{rel}","templated":true}]}}