{"id":1040,"date":"2022-06-10T08:58:35","date_gmt":"2022-06-10T08:58:35","guid":{"rendered":"https:\/\/www.api-capacitors.com\/de\/?page_id=1040"},"modified":"2024-01-21T16:24:19","modified_gmt":"2024-01-21T16:24:19","slug":"dc-capacitors","status":"publish","type":"page","link":"https:\/\/www.api-capacitors.com\/de\/dc-capacitors\/","title":{"rendered":"DC-Kondensatoren"},"content":{"rendered":"\t\t<div data-elementor-type=\"wp-page\" data-elementor-id=\"1040\" class=\"elementor elementor-1040\">\n\t\t\t\t\t\t<section class=\"elementor-section elementor-top-section elementor-element elementor-element-072829e elementor-section-boxed elementor-section-height-default elementor-section-height-default\" data-id=\"072829e\" data-element_type=\"section\" data-e-type=\"section\">\n\t\t\t\t\t\t<div class=\"elementor-container elementor-column-gap-default\">\n\t\t\t\t\t<div class=\"elementor-column elementor-col-50 elementor-top-column elementor-element elementor-element-3f9e1dc\" data-id=\"3f9e1dc\" data-element_type=\"column\" data-e-type=\"column\">\n\t\t\t<div class=\"elementor-widget-wrap elementor-element-populated\">\n\t\t\t\t\t\t<div class=\"elementor-element elementor-element-d7b2e1d elementor-widget elementor-widget-text-editor\" data-id=\"d7b2e1d\" data-element_type=\"widget\" data-e-type=\"widget\" data-widget_type=\"text-editor.default\">\n\t\t\t\t<div class=\"elementor-widget-container\">\n\t\t\t\t\t\t\t\t\t<p>API Capacitors entwirft und produziert Gleichstromkondensatoren, die nicht auf ein Katalogsortiment beschr\u00e4nkt sind. Strom, Spannung, Gr\u00f6\u00dfe, Masse und Anschl\u00fcsse werden an die Anforderungen und Anwendungen des Kunden angepasst, von denen einige unten aufgef\u00fchrt sind.<\/p>\t\t\t\t\t\t\t\t<\/div>\n\t\t\t\t<\/div>\n\t\t\t\t\t<\/div>\n\t\t<\/div>\n\t\t\t\t<div class=\"elementor-column elementor-col-50 elementor-top-column elementor-element elementor-element-2a7d853\" data-id=\"2a7d853\" data-element_type=\"column\" data-e-type=\"column\">\n\t\t\t<div class=\"elementor-widget-wrap elementor-element-populated\">\n\t\t\t\t\t\t<div class=\"elementor-element elementor-element-a4626bd elementor-widget elementor-widget-image\" data-id=\"a4626bd\" data-element_type=\"widget\" data-e-type=\"widget\" data-widget_type=\"image.default\">\n\t\t\t\t<div class=\"elementor-widget-container\">\n\t\t\t\t\t\t\t\t\t\t\t\t\t\t\t<img decoding=\"async\" width=\"144\" height=\"148\" src=\"https:\/\/www.api-capacitors.com\/de\/wp-content\/uploads\/sites\/6\/2022\/06\/dc-cap-image.png\" class=\"attachment-thumbnail size-thumbnail wp-image-1046\" alt=\"DC Capacitors\" \/>\t\t\t\t\t\t\t\t\t\t\t\t\t\t\t<\/div>\n\t\t\t\t<\/div>\n\t\t\t\t\t<\/div>\n\t\t<\/div>\n\t\t\t\t\t<\/div>\n\t\t<\/section>\n\t\t\t\t<section class=\"elementor-section elementor-top-section elementor-element elementor-element-3cbe187 elementor-section-boxed elementor-section-height-default elementor-section-height-default\" data-id=\"3cbe187\" data-element_type=\"section\" data-e-type=\"section\">\n\t\t\t\t\t\t<div class=\"elementor-container elementor-column-gap-default\">\n\t\t\t\t\t<div class=\"elementor-column elementor-col-100 elementor-top-column elementor-element elementor-element-6218dc2\" data-id=\"6218dc2\" data-element_type=\"column\" data-e-type=\"column\">\n\t\t\t<div class=\"elementor-widget-wrap elementor-element-populated\">\n\t\t\t\t\t\t<div class=\"elementor-element elementor-element-c0b66c1 elementor-widget elementor-widget-text-editor\" data-id=\"c0b66c1\" data-element_type=\"widget\" data-e-type=\"widget\" data-widget_type=\"text-editor.default\">\n\t\t\t\t<div class=\"elementor-widget-container\">\n\t\t\t\t\t\t\t\t\t<p>Die lange Lebensdauer und hohe Zuverl\u00e4ssigkeit werden durch die Verwendung eines Dielektrikums aus ultra-niedriger Fehlerrate, hoch isotaktischem, metallisiertem Polypropylenfilm erreicht, der einen erweiterten Arbeitstemperaturbereich und kontrollierte Selbstheilungsf\u00e4higkeiten umfasst. Die Elemente werden auf den neuesten pr\u00e4zisionsgesteuerten automatischen Wickelmaschinen gewickelt. F\u00fcr die internen Verbindungen mit geringem Widerstand wird hochleitf\u00e4higes Kupfer verwendet.<\/p><p>Die Kondensatoren werden in pulverbeschichtetem, korrosionsfreiem Metall oder isolierten Geh\u00e4usen fertiggestellt und mit umweltfreundlichem \u00d6l oder harzfreiem, trockenem und leckfreiem Harz gef\u00fcllt.<\/p><h3>Anwendungen<\/h3><p>Verwendet in den Bereichen Transport, Marine, Automobil, Luft- und Raumfahrt, Milit\u00e4r, Medizin, erneuerbare Energien, Energieverteilung sowie anderen industriellen Anwendungen.<\/p><p>&#8211; Statische\/Nicht-statische Antriebe (Antrieb, Traktion, Aufz\u00fcge, Rolltreppen, F\u00f6rderer, Seilbahnen)<br \/>&#8211; Leistungselektronik (Schwei\u00dfen, \u00d6fen, Induktionsheizung, Laser, Scanner, Detektoren, DC-Link)<br \/>&#8211; Energie\u00fcbertragung (Konditionierung, Entst\u00f6rt, FACTS, STATCOM, SVC, HVDC)<br \/>&#8211; Personen-\/Frachtzug (Nebenkreise: Beleuchtung, Heizung, L\u00fcftung, Kommunikation) Elektro-\/Hybridfahrzeuge (KERS)<br \/>&#8211; Filter (Gl\u00e4ttung, Unterdr\u00fcckung, Harmonisch, Elektrolyt-Ersatz)<br \/>&#8211; Umrichter (Wechselrichter, Gleichrichter, Chopper, Zyklo\u00adumrichter)<\/p><h3>Merkmalen<\/h3><ul><li>Lange Lebensdauer und hohe Zuverl\u00e4ssigkeit<\/li><li>Kontrollierte Selbstheilungstechnologie<\/li><li>Mit \u00d6l gef\u00fcllt oder trocken mit Harz gef\u00fcllt<\/li><li>Metall- oder isolierte Geh\u00e4use<\/li><li>UV-Best\u00e4ndigkeit, halogenfrei, geringe Rauchentwicklung und flammenhemmende Materialien<\/li><\/ul><h3>Ma\u00dfgeschneiderte Kondensatoren<\/h3><p>Entworfen, um detaillierte oder kurze Spezifikationen zu erf\u00fcllen. Unsere technischen Vertriebsmitarbeiter k\u00f6nnen eng mit Ihrem Design-Team in der Konzeptphase oder in sp\u00e4teren Projektphasen zusammenarbeiten, wenn ein zeitkritischer Entwurf erforderlich ist. <a href=\"\/obsolete-parts\/\">Alternativ k\u00f6nnen f\u00fcr \u00e4ltere Retrofit-Designs Ersatzl\u00f6sungen angeboten werden.<\/a><\/p>\t\t\t\t\t\t\t\t<\/div>\n\t\t\t\t<\/div>\n\t\t\t\t\t<\/div>\n\t\t<\/div>\n\t\t\t\t\t<\/div>\n\t\t<\/section>\n\t\t\t\t<section class=\"elementor-section elementor-top-section elementor-element elementor-element-18c2eb7 elementor-section-boxed elementor-section-height-default elementor-section-height-default\" data-id=\"18c2eb7\" data-element_type=\"section\" data-e-type=\"section\">\n\t\t\t\t\t\t<div class=\"elementor-container elementor-column-gap-default\">\n\t\t\t\t\t<div class=\"elementor-column elementor-col-100 elementor-top-column elementor-element elementor-element-f4d442f\" data-id=\"f4d442f\" data-element_type=\"column\" data-e-type=\"column\">\n\t\t\t<div class=\"elementor-widget-wrap\">\n\t\t\t\t\t\t\t<\/div>\n\t\t<\/div>\n\t\t\t\t\t<\/div>\n\t\t<\/section>\n\t\t\t\t<\/div>\n\t\t","protected":false},"excerpt":{"rendered":"<p>API Capacitors entwirft und produziert Gleichstromkondensatoren, die nicht auf ein Katalogsortiment beschr\u00e4nkt sind. Strom, Spannung, Gr\u00f6\u00dfe, Masse und Anschl\u00fcsse werden an die Anforderungen und Anwendungen des Kunden angepasst, von denen einige unten aufgef\u00fchrt sind. Die lange Lebensdauer und hohe Zuverl\u00e4ssigkeit werden durch die Verwendung eines Dielektrikums aus ultra-niedriger Fehlerrate, hoch isotaktischem, metallisiertem Polypropylenfilm erreicht, der [&hellip;]<\/p>\n","protected":false},"author":1,"featured_media":1042,"parent":0,"menu_order":0,"comment_status":"closed","ping_status":"closed","template":"","meta":{"site-sidebar-layout":"right-sidebar","site-content-layout":"default","ast-site-content-layout":"default","site-content-style":"default","site-sidebar-style":"default","ast-global-header-display":"","ast-banner-title-visibility":"","ast-main-header-display":"","ast-hfb-above-header-display":"","ast-hfb-below-header-display":"","ast-hfb-mobile-header-display":"","site-post-title":"disabled","ast-breadcrumbs-content":"","ast-featured-img":"disabled","footer-sml-layout":"","ast-disable-related-posts":"","theme-transparent-header-meta":"","adv-header-id-meta":"","stick-header-meta":"","header-above-stick-meta":"","header-main-stick-meta":"","header-below-stick-meta":"","astra-migrate-meta-layouts":"default","ast-page-background-enabled":"default","ast-page-background-meta":{"desktop":{"background-color":"","background-image":"","background-repeat":"repeat","background-position":"center center","background-size":"auto","background-attachment":"scroll","background-type":"","background-media":"","overlay-type":"","overlay-color":"","overlay-opacity":"","overlay-gradient":""},"tablet":{"background-color":"","background-image":"","background-repeat":"repeat","background-position":"center center","background-size":"auto","background-attachment":"scroll","background-type":"","background-media":"","overlay-type":"","overlay-color":"","overlay-opacity":"","overlay-gradient":""},"mobile":{"background-color":"","background-image":"","background-repeat":"repeat","background-position":"center center","background-size":"auto","background-attachment":"scroll","background-type":"","background-media":"","overlay-type":"","overlay-color":"","overlay-opacity":"","overlay-gradient":""}},"ast-content-background-meta":{"desktop":{"background-color":"var(--ast-global-color-5)","background-image":"","background-repeat":"repeat","background-position":"center center","background-size":"auto","background-attachment":"scroll","background-type":"","background-media":"","overlay-type":"","overlay-color":"","overlay-opacity":"","overlay-gradient":""},"tablet":{"background-color":"var(--ast-global-color-5)","background-image":"","background-repeat":"repeat","background-position":"center center","background-size":"auto","background-attachment":"scroll","background-type":"","background-media":"","overlay-type":"","overlay-color":"","overlay-opacity":"","overlay-gradient":""},"mobile":{"background-color":"var(--ast-global-color-5)","background-image":"","background-repeat":"repeat","background-position":"center center","background-size":"auto","background-attachment":"scroll","background-type":"","background-media":"","overlay-type":"","overlay-color":"","overlay-opacity":"","overlay-gradient":""}},"footnotes":""},"class_list":["post-1040","page","type-page","status-publish","has-post-thumbnail","hentry"],"yoast_head":"<!-- This site is optimized with the Yoast SEO plugin v27.4 - https:\/\/yoast.com\/product\/yoast-seo-wordpress\/ -->\n<title>DC-Kondensatoren - API Engineering de<\/title>\n<meta name=\"description\" content=\"API Capacitors offers custom-designed DC capacitors for a wide range of industrial applications, including transportation, aerospace, military, and renewable energy. Our capacitors are built to meet your specific requirements for current, voltage, size, mass, and terminations. With ultra-low defect density and controlled self-healing capability, our high-quality capacitors deliver long life and high reliability.\" \/>\n<meta name=\"robots\" content=\"index, follow, max-snippet:-1, max-image-preview:large, max-video-preview:-1\" \/>\n<link rel=\"canonical\" href=\"https:\/\/www.api-capacitors.com\/de\/dc-capacitors\/\" \/>\n<meta property=\"og:locale\" content=\"en_GB\" \/>\n<meta property=\"og:type\" content=\"article\" \/>\n<meta property=\"og:title\" content=\"DC-Kondensatoren - API Engineering de\" \/>\n<meta property=\"og:description\" content=\"API Capacitors offers custom-designed DC capacitors for a wide range of industrial applications, including transportation, aerospace, military, and renewable energy. Our capacitors are built to meet your specific requirements for current, voltage, size, mass, and terminations. With ultra-low defect density and controlled self-healing capability, our high-quality capacitors deliver long life and high reliability.\" \/>\n<meta property=\"og:url\" content=\"https:\/\/www.api-capacitors.com\/de\/dc-capacitors\/\" \/>\n<meta property=\"og:site_name\" content=\"API Engineering de\" \/>\n<meta property=\"article:publisher\" content=\"https:\/\/www.facebook.com\/apicapacitorsltd\/\" \/>\n<meta property=\"article:modified_time\" content=\"2024-01-21T16:24:19+00:00\" \/>\n<meta property=\"og:image\" content=\"https:\/\/www.api-capacitors.com\/de\/wp-content\/uploads\/sites\/6\/2022\/06\/car2.jpg\" \/>\n\t<meta property=\"og:image:width\" content=\"1500\" \/>\n\t<meta property=\"og:image:height\" content=\"997\" \/>\n\t<meta property=\"og:image:type\" content=\"image\/jpeg\" \/>\n<meta name=\"twitter:card\" content=\"summary_large_image\" \/>\n<meta name=\"twitter:site\" content=\"@API_Capacitors\" \/>\n<meta name=\"twitter:label1\" content=\"Estimated reading time\" \/>\n\t<meta name=\"twitter:data1\" content=\"2 minutes\" \/>\n<script type=\"application\/ld+json\" class=\"yoast-schema-graph\">{\"@context\":\"https:\\\/\\\/schema.org\",\"@graph\":[{\"@type\":\"WebPage\",\"@id\":\"https:\\\/\\\/www.api-capacitors.com\\\/de\\\/dc-capacitors\\\/\",\"url\":\"https:\\\/\\\/www.api-capacitors.com\\\/de\\\/dc-capacitors\\\/\",\"name\":\"DC-Kondensatoren - API Engineering de\",\"isPartOf\":{\"@id\":\"https:\\\/\\\/www.api-capacitors.com\\\/de\\\/#website\"},\"primaryImageOfPage\":{\"@id\":\"https:\\\/\\\/www.api-capacitors.com\\\/de\\\/dc-capacitors\\\/#primaryimage\"},\"image\":{\"@id\":\"https:\\\/\\\/www.api-capacitors.com\\\/de\\\/dc-capacitors\\\/#primaryimage\"},\"thumbnailUrl\":\"https:\\\/\\\/www.api-capacitors.com\\\/de\\\/wp-content\\\/uploads\\\/sites\\\/6\\\/2022\\\/06\\\/car2.jpg\",\"datePublished\":\"2022-06-10T08:58:35+00:00\",\"dateModified\":\"2024-01-21T16:24:19+00:00\",\"description\":\"API Capacitors offers custom-designed DC capacitors for a wide range of industrial applications, including transportation, aerospace, military, and renewable energy. Our capacitors are built to meet your specific requirements for current, voltage, size, mass, and terminations. With ultra-low defect density and controlled self-healing capability, our high-quality capacitors deliver long life and high reliability.\",\"breadcrumb\":{\"@id\":\"https:\\\/\\\/www.api-capacitors.com\\\/de\\\/dc-capacitors\\\/#breadcrumb\"},\"inLanguage\":\"en-GB\",\"potentialAction\":[{\"@type\":\"ReadAction\",\"target\":[\"https:\\\/\\\/www.api-capacitors.com\\\/de\\\/dc-capacitors\\\/\"]}]},{\"@type\":\"ImageObject\",\"inLanguage\":\"en-GB\",\"@id\":\"https:\\\/\\\/www.api-capacitors.com\\\/de\\\/dc-capacitors\\\/#primaryimage\",\"url\":\"https:\\\/\\\/www.api-capacitors.com\\\/de\\\/wp-content\\\/uploads\\\/sites\\\/6\\\/2022\\\/06\\\/car2.jpg\",\"contentUrl\":\"https:\\\/\\\/www.api-capacitors.com\\\/de\\\/wp-content\\\/uploads\\\/sites\\\/6\\\/2022\\\/06\\\/car2.jpg\",\"width\":1500,\"height\":997,\"caption\":\"DC Capacitors\"},{\"@type\":\"BreadcrumbList\",\"@id\":\"https:\\\/\\\/www.api-capacitors.com\\\/de\\\/dc-capacitors\\\/#breadcrumb\",\"itemListElement\":[{\"@type\":\"ListItem\",\"position\":1,\"name\":\"Home\",\"item\":\"https:\\\/\\\/www.api-capacitors.com\\\/de\\\/\"},{\"@type\":\"ListItem\",\"position\":2,\"name\":\"DC-Kondensatoren\"}]},{\"@type\":\"WebSite\",\"@id\":\"https:\\\/\\\/www.api-capacitors.com\\\/de\\\/#website\",\"url\":\"https:\\\/\\\/www.api-capacitors.com\\\/de\\\/\",\"name\":\"API Engineering de\",\"description\":\"DC Capacitors, AC Capacitors, Snubber Capacitors , Track Circuit Capacitors, Pulse Power Capacitors and Custom Capacitors\",\"publisher\":{\"@id\":\"https:\\\/\\\/www.api-capacitors.com\\\/de\\\/#organization\"},\"potentialAction\":[{\"@type\":\"SearchAction\",\"target\":{\"@type\":\"EntryPoint\",\"urlTemplate\":\"https:\\\/\\\/www.api-capacitors.com\\\/de\\\/?s={search_term_string}\"},\"query-input\":{\"@type\":\"PropertyValueSpecification\",\"valueRequired\":true,\"valueName\":\"search_term_string\"}}],\"inLanguage\":\"en-GB\"},{\"@type\":\"Organization\",\"@id\":\"https:\\\/\\\/www.api-capacitors.com\\\/de\\\/#organization\",\"name\":\"API Engineering de\",\"url\":\"https:\\\/\\\/www.api-capacitors.com\\\/de\\\/\",\"logo\":{\"@type\":\"ImageObject\",\"inLanguage\":\"en-GB\",\"@id\":\"https:\\\/\\\/www.api-capacitors.com\\\/de\\\/#\\\/schema\\\/logo\\\/image\\\/\",\"url\":\"https:\\\/\\\/www.api-capacitors.com\\\/de\\\/wp-content\\\/uploads\\\/sites\\\/6\\\/2022\\\/05\\\/cropped-NewLogos-06-e1653513321928.png\",\"contentUrl\":\"https:\\\/\\\/www.api-capacitors.com\\\/de\\\/wp-content\\\/uploads\\\/sites\\\/6\\\/2022\\\/05\\\/cropped-NewLogos-06-e1653513321928.png\",\"width\":1404,\"height\":222,\"caption\":\"API Engineering de\"},\"image\":{\"@id\":\"https:\\\/\\\/www.api-capacitors.com\\\/de\\\/#\\\/schema\\\/logo\\\/image\\\/\"},\"sameAs\":[\"https:\\\/\\\/www.facebook.com\\\/apicapacitorsltd\\\/\",\"https:\\\/\\\/x.com\\\/API_Capacitors\",\"https:\\\/\\\/www.linkedin.com\\\/company\\\/apicapacitorsltd\\\/\"]}]}<\/script>\n<!-- \/ Yoast SEO plugin. -->","yoast_head_json":{"title":"DC-Kondensatoren - API Engineering de","description":"API Capacitors offers custom-designed DC capacitors for a wide range of industrial applications, including transportation, aerospace, military, and renewable energy. Our capacitors are built to meet your specific requirements for current, voltage, size, mass, and terminations. With ultra-low defect density and controlled self-healing capability, our high-quality capacitors deliver long life and high reliability.","robots":{"index":"index","follow":"follow","max-snippet":"max-snippet:-1","max-image-preview":"max-image-preview:large","max-video-preview":"max-video-preview:-1"},"canonical":"https:\/\/www.api-capacitors.com\/de\/dc-capacitors\/","og_locale":"en_GB","og_type":"article","og_title":"DC-Kondensatoren - API Engineering de","og_description":"API Capacitors offers custom-designed DC capacitors for a wide range of industrial applications, including transportation, aerospace, military, and renewable energy. Our capacitors are built to meet your specific requirements for current, voltage, size, mass, and terminations. With ultra-low defect density and controlled self-healing capability, our high-quality capacitors deliver long life and high reliability.","og_url":"https:\/\/www.api-capacitors.com\/de\/dc-capacitors\/","og_site_name":"API Engineering de","article_publisher":"https:\/\/www.facebook.com\/apicapacitorsltd\/","article_modified_time":"2024-01-21T16:24:19+00:00","og_image":[{"width":1500,"height":997,"url":"https:\/\/www.api-capacitors.com\/de\/wp-content\/uploads\/sites\/6\/2022\/06\/car2.jpg","type":"image\/jpeg"}],"twitter_card":"summary_large_image","twitter_site":"@API_Capacitors","twitter_misc":{"Estimated reading time":"2 minutes"},"schema":{"@context":"https:\/\/schema.org","@graph":[{"@type":"WebPage","@id":"https:\/\/www.api-capacitors.com\/de\/dc-capacitors\/","url":"https:\/\/www.api-capacitors.com\/de\/dc-capacitors\/","name":"DC-Kondensatoren - API Engineering de","isPartOf":{"@id":"https:\/\/www.api-capacitors.com\/de\/#website"},"primaryImageOfPage":{"@id":"https:\/\/www.api-capacitors.com\/de\/dc-capacitors\/#primaryimage"},"image":{"@id":"https:\/\/www.api-capacitors.com\/de\/dc-capacitors\/#primaryimage"},"thumbnailUrl":"https:\/\/www.api-capacitors.com\/de\/wp-content\/uploads\/sites\/6\/2022\/06\/car2.jpg","datePublished":"2022-06-10T08:58:35+00:00","dateModified":"2024-01-21T16:24:19+00:00","description":"API Capacitors offers custom-designed DC capacitors for a wide range of industrial applications, including transportation, aerospace, military, and renewable energy. Our capacitors are built to meet your specific requirements for current, voltage, size, mass, and terminations. With ultra-low defect density and controlled self-healing capability, our high-quality capacitors deliver long life and high reliability.","breadcrumb":{"@id":"https:\/\/www.api-capacitors.com\/de\/dc-capacitors\/#breadcrumb"},"inLanguage":"en-GB","potentialAction":[{"@type":"ReadAction","target":["https:\/\/www.api-capacitors.com\/de\/dc-capacitors\/"]}]},{"@type":"ImageObject","inLanguage":"en-GB","@id":"https:\/\/www.api-capacitors.com\/de\/dc-capacitors\/#primaryimage","url":"https:\/\/www.api-capacitors.com\/de\/wp-content\/uploads\/sites\/6\/2022\/06\/car2.jpg","contentUrl":"https:\/\/www.api-capacitors.com\/de\/wp-content\/uploads\/sites\/6\/2022\/06\/car2.jpg","width":1500,"height":997,"caption":"DC Capacitors"},{"@type":"BreadcrumbList","@id":"https:\/\/www.api-capacitors.com\/de\/dc-capacitors\/#breadcrumb","itemListElement":[{"@type":"ListItem","position":1,"name":"Home","item":"https:\/\/www.api-capacitors.com\/de\/"},{"@type":"ListItem","position":2,"name":"DC-Kondensatoren"}]},{"@type":"WebSite","@id":"https:\/\/www.api-capacitors.com\/de\/#website","url":"https:\/\/www.api-capacitors.com\/de\/","name":"API Engineering de","description":"DC Capacitors, AC Capacitors, Snubber Capacitors , Track Circuit Capacitors, Pulse Power Capacitors and Custom Capacitors","publisher":{"@id":"https:\/\/www.api-capacitors.com\/de\/#organization"},"potentialAction":[{"@type":"SearchAction","target":{"@type":"EntryPoint","urlTemplate":"https:\/\/www.api-capacitors.com\/de\/?s={search_term_string}"},"query-input":{"@type":"PropertyValueSpecification","valueRequired":true,"valueName":"search_term_string"}}],"inLanguage":"en-GB"},{"@type":"Organization","@id":"https:\/\/www.api-capacitors.com\/de\/#organization","name":"API Engineering de","url":"https:\/\/www.api-capacitors.com\/de\/","logo":{"@type":"ImageObject","inLanguage":"en-GB","@id":"https:\/\/www.api-capacitors.com\/de\/#\/schema\/logo\/image\/","url":"https:\/\/www.api-capacitors.com\/de\/wp-content\/uploads\/sites\/6\/2022\/05\/cropped-NewLogos-06-e1653513321928.png","contentUrl":"https:\/\/www.api-capacitors.com\/de\/wp-content\/uploads\/sites\/6\/2022\/05\/cropped-NewLogos-06-e1653513321928.png","width":1404,"height":222,"caption":"API Engineering de"},"image":{"@id":"https:\/\/www.api-capacitors.com\/de\/#\/schema\/logo\/image\/"},"sameAs":["https:\/\/www.facebook.com\/apicapacitorsltd\/","https:\/\/x.com\/API_Capacitors","https:\/\/www.linkedin.com\/company\/apicapacitorsltd\/"]}]}},"_links":{"self":[{"href":"https:\/\/www.api-capacitors.com\/de\/wp-json\/wp\/v2\/pages\/1040","targetHints":{"allow":["GET"]}}],"collection":[{"href":"https:\/\/www.api-capacitors.com\/de\/wp-json\/wp\/v2\/pages"}],"about":[{"href":"https:\/\/www.api-capacitors.com\/de\/wp-json\/wp\/v2\/types\/page"}],"author":[{"embeddable":true,"href":"https:\/\/www.api-capacitors.com\/de\/wp-json\/wp\/v2\/users\/1"}],"replies":[{"embeddable":true,"href":"https:\/\/www.api-capacitors.com\/de\/wp-json\/wp\/v2\/comments?post=1040"}],"version-history":[{"count":98,"href":"https:\/\/www.api-capacitors.com\/de\/wp-json\/wp\/v2\/pages\/1040\/revisions"}],"predecessor-version":[{"id":2729,"href":"https:\/\/www.api-capacitors.com\/de\/wp-json\/wp\/v2\/pages\/1040\/revisions\/2729"}],"wp:featuredmedia":[{"embeddable":true,"href":"https:\/\/www.api-capacitors.com\/de\/wp-json\/wp\/v2\/media\/1042"}],"wp:attachment":[{"href":"https:\/\/www.api-capacitors.com\/de\/wp-json\/wp\/v2\/media?parent=1040"}],"curies":[{"name":"wp","href":"https:\/\/api.w.org\/{rel}","templated":true}]}}