{"id":1008,"date":"2022-06-09T16:52:28","date_gmt":"2022-06-09T16:52:28","guid":{"rendered":"https:\/\/www.api-capacitors.com\/de\/?page_id=1008"},"modified":"2024-01-21T16:27:53","modified_gmt":"2024-01-21T16:27:53","slug":"grid-transmission-systems","status":"publish","type":"page","link":"https:\/\/www.api-capacitors.com\/de\/grid-transmission-systems\/","title":{"rendered":"Netz- und \u00dcbertragungssysteme"},"content":{"rendered":"\t\t<div data-elementor-type=\"wp-page\" data-elementor-id=\"1008\" class=\"elementor elementor-1008\">\n\t\t\t\t\t\t<section class=\"elementor-section elementor-top-section elementor-element elementor-element-92add08 elementor-section-boxed elementor-section-height-default elementor-section-height-default\" data-id=\"92add08\" data-element_type=\"section\" data-e-type=\"section\">\n\t\t\t\t\t\t<div class=\"elementor-container elementor-column-gap-default\">\n\t\t\t\t\t<div class=\"elementor-column elementor-col-50 elementor-top-column elementor-element elementor-element-58f7450\" data-id=\"58f7450\" data-element_type=\"column\" data-e-type=\"column\">\n\t\t\t<div class=\"elementor-widget-wrap elementor-element-populated\">\n\t\t\t\t\t\t<div class=\"elementor-element elementor-element-40bfe91 elementor-widget elementor-widget-text-editor\" data-id=\"40bfe91\" data-element_type=\"widget\" data-e-type=\"widget\" data-widget_type=\"text-editor.default\">\n\t\t\t\t<div class=\"elementor-widget-container\">\n\t\t\t\t\t\t\t\t\t<h3><strong>HVDC-\u00dcbertragungssysteme<\/strong><\/h3><div class=\"col-sm-7\"><p>HVDC-Verbindungen werden zunehmend f\u00fcr die \u00dcbertragung von Energie von Offshore-Erneuerbare-Energie-Anlagen sowie f\u00fcr Fern\u00fcbertragungsleitungen eingesetzt. Metallisierte Folienkondensatoren sind die bevorzugte Wahl f\u00fcr diese Anwendungen, bei denen eine lange Lebensdauer eine wichtige Rolle spielt. Dies passt gut zur Philosophie von API Capacitors &#8211; &#8220;Einbauen und Vergessen&#8221;.<\/p><p><span style=\"font-style: inherit; font-weight: inherit; color: var(--ast-global-color-3);\">Die Infrastruktur und Anlagen zur Stromerzeugung sind bedeutende finanzielle Investitionen. Daher macht es perfekten Sinn, einen qualitativ hochwertigen Kondensator zu installieren, der in Gro\u00dfbritannien entworfen und hergestellt wurde und zuverl\u00e4ssigen Service und hervorragende Leistung bietet. Unsere mit \u00d6l gef\u00fcllten Kondensatoren sind entladungsfrei, um eine lange Lebensdauer und Zuverl\u00e4ssigkeit zu gew\u00e4hrleisten.<\/span><\/p><\/div>\t\t\t\t\t\t\t\t<\/div>\n\t\t\t\t<\/div>\n\t\t\t\t\t<\/div>\n\t\t<\/div>\n\t\t\t\t<div class=\"elementor-column elementor-col-50 elementor-top-column elementor-element elementor-element-31f57c5\" data-id=\"31f57c5\" data-element_type=\"column\" data-e-type=\"column\" data-settings=\"{&quot;background_background&quot;:&quot;classic&quot;}\">\n\t\t\t<div class=\"elementor-widget-wrap elementor-element-populated\">\n\t\t\t\t\t\t<div class=\"elementor-element elementor-element-58437c5 elementor-widget elementor-widget-image\" data-id=\"58437c5\" data-element_type=\"widget\" data-e-type=\"widget\" data-widget_type=\"image.default\">\n\t\t\t\t<div class=\"elementor-widget-container\">\n\t\t\t\t\t\t\t\t\t\t\t\t\t\t\t<img fetchpriority=\"high\" decoding=\"async\" width=\"600\" height=\"400\" src=\"https:\/\/www.api-capacitors.com\/de\/wp-content\/uploads\/sites\/6\/2022\/06\/spin2.jpg\" class=\"attachment-full size-full wp-image-1026\" alt=\"HVDC Transmission Systems\" srcset=\"https:\/\/www.api-capacitors.com\/de\/wp-content\/uploads\/sites\/6\/2022\/06\/spin2.jpg 600w, https:\/\/www.api-capacitors.com\/de\/wp-content\/uploads\/sites\/6\/2022\/06\/spin2-300x200.jpg 300w\" sizes=\"(max-width: 600px) 100vw, 600px\" \/>\t\t\t\t\t\t\t\t\t\t\t\t\t\t\t<\/div>\n\t\t\t\t<\/div>\n\t\t\t\t\t<\/div>\n\t\t<\/div>\n\t\t\t\t\t<\/div>\n\t\t<\/section>\n\t\t\t\t<section class=\"elementor-section elementor-top-section elementor-element elementor-element-d242e04 elementor-section-boxed elementor-section-height-default elementor-section-height-default\" data-id=\"d242e04\" data-element_type=\"section\" data-e-type=\"section\">\n\t\t\t\t\t\t<div class=\"elementor-container elementor-column-gap-default\">\n\t\t\t\t\t<div class=\"elementor-column elementor-col-100 elementor-top-column elementor-element elementor-element-4f46491\" data-id=\"4f46491\" data-element_type=\"column\" data-e-type=\"column\">\n\t\t\t<div class=\"elementor-widget-wrap elementor-element-populated\">\n\t\t\t\t\t\t<div class=\"elementor-element elementor-element-88f0108 elementor-widget elementor-widget-text-editor\" data-id=\"88f0108\" data-element_type=\"widget\" data-e-type=\"widget\" data-widget_type=\"text-editor.default\">\n\t\t\t\t<div class=\"elementor-widget-container\">\n\t\t\t\t\t\t\t\t\t<p>API Capacitors kann eine Vielzahl von trockenen und \u00f6lgef\u00fcllten Kondensatorvarianten anbieten, um eine Vielzahl von verbundenen elektrischen Systemen zu unterst\u00fctzen. Unsere kundenspezifischen Designl\u00f6sungen erm\u00f6glichen es unserem Designteam auch, Ersatzkondensatoren herzustellen, die verwendet werden k\u00f6nnen, um Designs von anderen Herstellern zu ersetzen, die entweder eingestellt wurden oder in \u00e4lteren Anlagen und Infrastrukturen veraltet sind.<\/p><p><span style=\"font-style: inherit; font-weight: inherit; color: var(--ast-global-color-3);\">Unsere Kondensatoren k\u00f6nnen mit verschiedenen Anschl\u00fcssen geliefert werden, um die Integration in das Stromsystem zu erleichtern. Geh\u00e4usetypen k\u00f6nnen aus verschiedenen Materialien hergestellt und geformt werden, um der Anwendung gerecht zu werden. Wenn Sie eine bestimmte Topologie im Kopf haben, kann dies w\u00e4hrend der Designphase ber\u00fccksichtigt werden.<\/span><\/p><p><strong style=\"font-style: inherit; color: var(--ast-global-color-3);\">F\u00fcr weitere Informationen rufen Sie uns bitte an oder senden Sie unserem Team eine E-Mail. Wenn Sie ein bestimmtes Design im Kopf haben, k\u00f6nnen Sie Ihre Spezifikationsanforderungen in unser Online-Anfrageformular eingeben.<\/strong><\/p>\t\t\t\t\t\t\t\t<\/div>\n\t\t\t\t<\/div>\n\t\t\t\t\t<\/div>\n\t\t<\/div>\n\t\t\t\t\t<\/div>\n\t\t<\/section>\n\t\t\t\t<\/div>\n\t\t","protected":false},"excerpt":{"rendered":"<p>HVDC-\u00dcbertragungssysteme HVDC-Verbindungen werden zunehmend f\u00fcr die \u00dcbertragung von Energie von Offshore-Erneuerbare-Energie-Anlagen sowie f\u00fcr Fern\u00fcbertragungsleitungen eingesetzt. Metallisierte Folienkondensatoren sind die bevorzugte Wahl f\u00fcr diese Anwendungen, bei denen eine lange Lebensdauer eine wichtige Rolle spielt. Dies passt gut zur Philosophie von API Capacitors &#8211; &#8220;Einbauen und Vergessen&#8221;. Die Infrastruktur und Anlagen zur Stromerzeugung sind bedeutende finanzielle Investitionen. [&hellip;]<\/p>\n","protected":false},"author":1,"featured_media":1026,"parent":0,"menu_order":0,"comment_status":"closed","ping_status":"closed","template":"","meta":{"site-sidebar-layout":"right-sidebar","site-content-layout":"default","ast-site-content-layout":"default","site-content-style":"default","site-sidebar-style":"default","ast-global-header-display":"","ast-banner-title-visibility":"","ast-main-header-display":"","ast-hfb-above-header-display":"","ast-hfb-below-header-display":"","ast-hfb-mobile-header-display":"","site-post-title":"disabled","ast-breadcrumbs-content":"","ast-featured-img":"disabled","footer-sml-layout":"","ast-disable-related-posts":"","theme-transparent-header-meta":"","adv-header-id-meta":"","stick-header-meta":"","header-above-stick-meta":"","header-main-stick-meta":"","header-below-stick-meta":"","astra-migrate-meta-layouts":"default","ast-page-background-enabled":"default","ast-page-background-meta":{"desktop":{"background-color":"","background-image":"","background-repeat":"repeat","background-position":"center center","background-size":"auto","background-attachment":"scroll","background-type":"","background-media":"","overlay-type":"","overlay-color":"","overlay-opacity":"","overlay-gradient":""},"tablet":{"background-color":"","background-image":"","background-repeat":"repeat","background-position":"center center","background-size":"auto","background-attachment":"scroll","background-type":"","background-media":"","overlay-type":"","overlay-color":"","overlay-opacity":"","overlay-gradient":""},"mobile":{"background-color":"","background-image":"","background-repeat":"repeat","background-position":"center center","background-size":"auto","background-attachment":"scroll","background-type":"","background-media":"","overlay-type":"","overlay-color":"","overlay-opacity":"","overlay-gradient":""}},"ast-content-background-meta":{"desktop":{"background-color":"var(--ast-global-color-5)","background-image":"","background-repeat":"repeat","background-position":"center center","background-size":"auto","background-attachment":"scroll","background-type":"","background-media":"","overlay-type":"","overlay-color":"","overlay-opacity":"","overlay-gradient":""},"tablet":{"background-color":"var(--ast-global-color-5)","background-image":"","background-repeat":"repeat","background-position":"center center","background-size":"auto","background-attachment":"scroll","background-type":"","background-media":"","overlay-type":"","overlay-color":"","overlay-opacity":"","overlay-gradient":""},"mobile":{"background-color":"var(--ast-global-color-5)","background-image":"","background-repeat":"repeat","background-position":"center center","background-size":"auto","background-attachment":"scroll","background-type":"","background-media":"","overlay-type":"","overlay-color":"","overlay-opacity":"","overlay-gradient":""}},"footnotes":""},"class_list":["post-1008","page","type-page","status-publish","has-post-thumbnail","hentry"],"yoast_head":"<!-- This site is optimized with the Yoast SEO plugin v27.4 - https:\/\/yoast.com\/product\/yoast-seo-wordpress\/ -->\n<title>Netz- und \u00dcbertragungssysteme - API Engineering de<\/title>\n<meta name=\"description\" content=\"API Capacitors offers high-reliability metallized film capacitors designed for HVDC links and power generation infrastructure. Our UK-manufactured oil-filled capacitors ensure long-lasting performance and reliability. We offer custom-designed solutions, including replacement capacitors for obsolete designs, and a variety of terminations and enclosure types to suit your needs.\" \/>\n<meta name=\"robots\" content=\"index, follow, max-snippet:-1, max-image-preview:large, max-video-preview:-1\" \/>\n<link rel=\"canonical\" href=\"https:\/\/www.api-capacitors.com\/de\/grid-transmission-systems\/\" \/>\n<meta property=\"og:locale\" content=\"en_GB\" \/>\n<meta property=\"og:type\" content=\"article\" \/>\n<meta property=\"og:title\" content=\"Netz- und \u00dcbertragungssysteme - API Engineering de\" \/>\n<meta property=\"og:description\" content=\"API Capacitors offers high-reliability metallized film capacitors designed for HVDC links and power generation infrastructure. Our UK-manufactured oil-filled capacitors ensure long-lasting performance and reliability. We offer custom-designed solutions, including replacement capacitors for obsolete designs, and a variety of terminations and enclosure types to suit your needs.\" \/>\n<meta property=\"og:url\" content=\"https:\/\/www.api-capacitors.com\/de\/grid-transmission-systems\/\" \/>\n<meta property=\"og:site_name\" content=\"API Engineering de\" \/>\n<meta property=\"article:publisher\" content=\"https:\/\/www.facebook.com\/apicapacitorsltd\/\" \/>\n<meta property=\"article:modified_time\" content=\"2024-01-21T16:27:53+00:00\" \/>\n<meta property=\"og:image\" content=\"https:\/\/www.api-capacitors.com\/de\/wp-content\/uploads\/sites\/6\/2022\/06\/spin2.jpg\" \/>\n\t<meta property=\"og:image:width\" content=\"600\" \/>\n\t<meta property=\"og:image:height\" content=\"400\" \/>\n\t<meta property=\"og:image:type\" content=\"image\/jpeg\" \/>\n<meta name=\"twitter:card\" content=\"summary_large_image\" \/>\n<meta name=\"twitter:site\" content=\"@API_Capacitors\" \/>\n<meta name=\"twitter:label1\" content=\"Estimated reading time\" \/>\n\t<meta name=\"twitter:data1\" content=\"2 minutes\" \/>\n<script type=\"application\/ld+json\" class=\"yoast-schema-graph\">{\"@context\":\"https:\\\/\\\/schema.org\",\"@graph\":[{\"@type\":\"WebPage\",\"@id\":\"https:\\\/\\\/www.api-capacitors.com\\\/de\\\/grid-transmission-systems\\\/\",\"url\":\"https:\\\/\\\/www.api-capacitors.com\\\/de\\\/grid-transmission-systems\\\/\",\"name\":\"Netz- und \u00dcbertragungssysteme - API Engineering de\",\"isPartOf\":{\"@id\":\"https:\\\/\\\/www.api-capacitors.com\\\/de\\\/#website\"},\"primaryImageOfPage\":{\"@id\":\"https:\\\/\\\/www.api-capacitors.com\\\/de\\\/grid-transmission-systems\\\/#primaryimage\"},\"image\":{\"@id\":\"https:\\\/\\\/www.api-capacitors.com\\\/de\\\/grid-transmission-systems\\\/#primaryimage\"},\"thumbnailUrl\":\"https:\\\/\\\/www.api-capacitors.com\\\/de\\\/wp-content\\\/uploads\\\/sites\\\/6\\\/2022\\\/06\\\/spin2.jpg\",\"datePublished\":\"2022-06-09T16:52:28+00:00\",\"dateModified\":\"2024-01-21T16:27:53+00:00\",\"description\":\"API Capacitors offers high-reliability metallized film capacitors designed for HVDC links and power generation infrastructure. Our UK-manufactured oil-filled capacitors ensure long-lasting performance and reliability. We offer custom-designed solutions, including replacement capacitors for obsolete designs, and a variety of terminations and enclosure types to suit your needs.\",\"breadcrumb\":{\"@id\":\"https:\\\/\\\/www.api-capacitors.com\\\/de\\\/grid-transmission-systems\\\/#breadcrumb\"},\"inLanguage\":\"en-GB\",\"potentialAction\":[{\"@type\":\"ReadAction\",\"target\":[\"https:\\\/\\\/www.api-capacitors.com\\\/de\\\/grid-transmission-systems\\\/\"]}]},{\"@type\":\"ImageObject\",\"inLanguage\":\"en-GB\",\"@id\":\"https:\\\/\\\/www.api-capacitors.com\\\/de\\\/grid-transmission-systems\\\/#primaryimage\",\"url\":\"https:\\\/\\\/www.api-capacitors.com\\\/de\\\/wp-content\\\/uploads\\\/sites\\\/6\\\/2022\\\/06\\\/spin2.jpg\",\"contentUrl\":\"https:\\\/\\\/www.api-capacitors.com\\\/de\\\/wp-content\\\/uploads\\\/sites\\\/6\\\/2022\\\/06\\\/spin2.jpg\",\"width\":600,\"height\":400,\"caption\":\"HVDC Transmission Systems\"},{\"@type\":\"BreadcrumbList\",\"@id\":\"https:\\\/\\\/www.api-capacitors.com\\\/de\\\/grid-transmission-systems\\\/#breadcrumb\",\"itemListElement\":[{\"@type\":\"ListItem\",\"position\":1,\"name\":\"Home\",\"item\":\"https:\\\/\\\/www.api-capacitors.com\\\/de\\\/\"},{\"@type\":\"ListItem\",\"position\":2,\"name\":\"Netz- und \u00dcbertragungssysteme\"}]},{\"@type\":\"WebSite\",\"@id\":\"https:\\\/\\\/www.api-capacitors.com\\\/de\\\/#website\",\"url\":\"https:\\\/\\\/www.api-capacitors.com\\\/de\\\/\",\"name\":\"API Engineering de\",\"description\":\"DC Capacitors, AC Capacitors, Snubber Capacitors , Track Circuit Capacitors, Pulse Power Capacitors and Custom Capacitors\",\"publisher\":{\"@id\":\"https:\\\/\\\/www.api-capacitors.com\\\/de\\\/#organization\"},\"potentialAction\":[{\"@type\":\"SearchAction\",\"target\":{\"@type\":\"EntryPoint\",\"urlTemplate\":\"https:\\\/\\\/www.api-capacitors.com\\\/de\\\/?s={search_term_string}\"},\"query-input\":{\"@type\":\"PropertyValueSpecification\",\"valueRequired\":true,\"valueName\":\"search_term_string\"}}],\"inLanguage\":\"en-GB\"},{\"@type\":\"Organization\",\"@id\":\"https:\\\/\\\/www.api-capacitors.com\\\/de\\\/#organization\",\"name\":\"API Engineering de\",\"url\":\"https:\\\/\\\/www.api-capacitors.com\\\/de\\\/\",\"logo\":{\"@type\":\"ImageObject\",\"inLanguage\":\"en-GB\",\"@id\":\"https:\\\/\\\/www.api-capacitors.com\\\/de\\\/#\\\/schema\\\/logo\\\/image\\\/\",\"url\":\"https:\\\/\\\/www.api-capacitors.com\\\/de\\\/wp-content\\\/uploads\\\/sites\\\/6\\\/2022\\\/05\\\/cropped-NewLogos-06-e1653513321928.png\",\"contentUrl\":\"https:\\\/\\\/www.api-capacitors.com\\\/de\\\/wp-content\\\/uploads\\\/sites\\\/6\\\/2022\\\/05\\\/cropped-NewLogos-06-e1653513321928.png\",\"width\":1404,\"height\":222,\"caption\":\"API Engineering de\"},\"image\":{\"@id\":\"https:\\\/\\\/www.api-capacitors.com\\\/de\\\/#\\\/schema\\\/logo\\\/image\\\/\"},\"sameAs\":[\"https:\\\/\\\/www.facebook.com\\\/apicapacitorsltd\\\/\",\"https:\\\/\\\/x.com\\\/API_Capacitors\",\"https:\\\/\\\/www.linkedin.com\\\/company\\\/apicapacitorsltd\\\/\"]}]}<\/script>\n<!-- \/ Yoast SEO plugin. -->","yoast_head_json":{"title":"Netz- und \u00dcbertragungssysteme - API Engineering de","description":"API Capacitors offers high-reliability metallized film capacitors designed for HVDC links and power generation infrastructure. Our UK-manufactured oil-filled capacitors ensure long-lasting performance and reliability. We offer custom-designed solutions, including replacement capacitors for obsolete designs, and a variety of terminations and enclosure types to suit your needs.","robots":{"index":"index","follow":"follow","max-snippet":"max-snippet:-1","max-image-preview":"max-image-preview:large","max-video-preview":"max-video-preview:-1"},"canonical":"https:\/\/www.api-capacitors.com\/de\/grid-transmission-systems\/","og_locale":"en_GB","og_type":"article","og_title":"Netz- und \u00dcbertragungssysteme - API Engineering de","og_description":"API Capacitors offers high-reliability metallized film capacitors designed for HVDC links and power generation infrastructure. Our UK-manufactured oil-filled capacitors ensure long-lasting performance and reliability. We offer custom-designed solutions, including replacement capacitors for obsolete designs, and a variety of terminations and enclosure types to suit your needs.","og_url":"https:\/\/www.api-capacitors.com\/de\/grid-transmission-systems\/","og_site_name":"API Engineering de","article_publisher":"https:\/\/www.facebook.com\/apicapacitorsltd\/","article_modified_time":"2024-01-21T16:27:53+00:00","og_image":[{"width":600,"height":400,"url":"https:\/\/www.api-capacitors.com\/de\/wp-content\/uploads\/sites\/6\/2022\/06\/spin2.jpg","type":"image\/jpeg"}],"twitter_card":"summary_large_image","twitter_site":"@API_Capacitors","twitter_misc":{"Estimated reading time":"2 minutes"},"schema":{"@context":"https:\/\/schema.org","@graph":[{"@type":"WebPage","@id":"https:\/\/www.api-capacitors.com\/de\/grid-transmission-systems\/","url":"https:\/\/www.api-capacitors.com\/de\/grid-transmission-systems\/","name":"Netz- und \u00dcbertragungssysteme - API Engineering de","isPartOf":{"@id":"https:\/\/www.api-capacitors.com\/de\/#website"},"primaryImageOfPage":{"@id":"https:\/\/www.api-capacitors.com\/de\/grid-transmission-systems\/#primaryimage"},"image":{"@id":"https:\/\/www.api-capacitors.com\/de\/grid-transmission-systems\/#primaryimage"},"thumbnailUrl":"https:\/\/www.api-capacitors.com\/de\/wp-content\/uploads\/sites\/6\/2022\/06\/spin2.jpg","datePublished":"2022-06-09T16:52:28+00:00","dateModified":"2024-01-21T16:27:53+00:00","description":"API Capacitors offers high-reliability metallized film capacitors designed for HVDC links and power generation infrastructure. Our UK-manufactured oil-filled capacitors ensure long-lasting performance and reliability. We offer custom-designed solutions, including replacement capacitors for obsolete designs, and a variety of terminations and enclosure types to suit your needs.","breadcrumb":{"@id":"https:\/\/www.api-capacitors.com\/de\/grid-transmission-systems\/#breadcrumb"},"inLanguage":"en-GB","potentialAction":[{"@type":"ReadAction","target":["https:\/\/www.api-capacitors.com\/de\/grid-transmission-systems\/"]}]},{"@type":"ImageObject","inLanguage":"en-GB","@id":"https:\/\/www.api-capacitors.com\/de\/grid-transmission-systems\/#primaryimage","url":"https:\/\/www.api-capacitors.com\/de\/wp-content\/uploads\/sites\/6\/2022\/06\/spin2.jpg","contentUrl":"https:\/\/www.api-capacitors.com\/de\/wp-content\/uploads\/sites\/6\/2022\/06\/spin2.jpg","width":600,"height":400,"caption":"HVDC Transmission Systems"},{"@type":"BreadcrumbList","@id":"https:\/\/www.api-capacitors.com\/de\/grid-transmission-systems\/#breadcrumb","itemListElement":[{"@type":"ListItem","position":1,"name":"Home","item":"https:\/\/www.api-capacitors.com\/de\/"},{"@type":"ListItem","position":2,"name":"Netz- und \u00dcbertragungssysteme"}]},{"@type":"WebSite","@id":"https:\/\/www.api-capacitors.com\/de\/#website","url":"https:\/\/www.api-capacitors.com\/de\/","name":"API Engineering de","description":"DC Capacitors, AC Capacitors, Snubber Capacitors , Track Circuit Capacitors, Pulse Power Capacitors and Custom Capacitors","publisher":{"@id":"https:\/\/www.api-capacitors.com\/de\/#organization"},"potentialAction":[{"@type":"SearchAction","target":{"@type":"EntryPoint","urlTemplate":"https:\/\/www.api-capacitors.com\/de\/?s={search_term_string}"},"query-input":{"@type":"PropertyValueSpecification","valueRequired":true,"valueName":"search_term_string"}}],"inLanguage":"en-GB"},{"@type":"Organization","@id":"https:\/\/www.api-capacitors.com\/de\/#organization","name":"API Engineering de","url":"https:\/\/www.api-capacitors.com\/de\/","logo":{"@type":"ImageObject","inLanguage":"en-GB","@id":"https:\/\/www.api-capacitors.com\/de\/#\/schema\/logo\/image\/","url":"https:\/\/www.api-capacitors.com\/de\/wp-content\/uploads\/sites\/6\/2022\/05\/cropped-NewLogos-06-e1653513321928.png","contentUrl":"https:\/\/www.api-capacitors.com\/de\/wp-content\/uploads\/sites\/6\/2022\/05\/cropped-NewLogos-06-e1653513321928.png","width":1404,"height":222,"caption":"API Engineering de"},"image":{"@id":"https:\/\/www.api-capacitors.com\/de\/#\/schema\/logo\/image\/"},"sameAs":["https:\/\/www.facebook.com\/apicapacitorsltd\/","https:\/\/x.com\/API_Capacitors","https:\/\/www.linkedin.com\/company\/apicapacitorsltd\/"]}]}},"_links":{"self":[{"href":"https:\/\/www.api-capacitors.com\/de\/wp-json\/wp\/v2\/pages\/1008","targetHints":{"allow":["GET"]}}],"collection":[{"href":"https:\/\/www.api-capacitors.com\/de\/wp-json\/wp\/v2\/pages"}],"about":[{"href":"https:\/\/www.api-capacitors.com\/de\/wp-json\/wp\/v2\/types\/page"}],"author":[{"embeddable":true,"href":"https:\/\/www.api-capacitors.com\/de\/wp-json\/wp\/v2\/users\/1"}],"replies":[{"embeddable":true,"href":"https:\/\/www.api-capacitors.com\/de\/wp-json\/wp\/v2\/comments?post=1008"}],"version-history":[{"count":41,"href":"https:\/\/www.api-capacitors.com\/de\/wp-json\/wp\/v2\/pages\/1008\/revisions"}],"predecessor-version":[{"id":2735,"href":"https:\/\/www.api-capacitors.com\/de\/wp-json\/wp\/v2\/pages\/1008\/revisions\/2735"}],"wp:featuredmedia":[{"embeddable":true,"href":"https:\/\/www.api-capacitors.com\/de\/wp-json\/wp\/v2\/media\/1026"}],"wp:attachment":[{"href":"https:\/\/www.api-capacitors.com\/de\/wp-json\/wp\/v2\/media?parent=1008"}],"curies":[{"name":"wp","href":"https:\/\/api.w.org\/{rel}","templated":true}]}}